{"id":7611,"date":"2017-02-01T01:24:56","date_gmt":"2017-02-01T01:24:56","guid":{"rendered":"https:\/\/allenorthodontist.com\/nuestro-equipo\/"},"modified":"2025-03-26T19:52:32","modified_gmt":"2025-03-26T19:52:32","slug":"nuestro-equipo","status":"publish","type":"page","link":"https:\/\/allenorthodontist.com\/es\/nuestro-equipo\/","title":{"rendered":"Nuestro equipo"},"content":{"rendered":"\t\t<div data-elementor-type=\"wp-page\" data-elementor-id=\"7611\" class=\"elementor elementor-7611 elementor-16\" data-elementor-post-type=\"page\">\n\t\t\t\t<div data-particle_enable=\"false\" data-particle-mobile-disabled=\"false\" class=\"elementor-element elementor-element-698db56 e-flex e-con-boxed e-con e-parent\" data-id=\"698db56\" data-element_type=\"container\" data-e-type=\"container\">\n\t\t\t\t\t<div class=\"e-con-inner\">\n\t\t\t\t<div class=\"elementor-element elementor-element-c616277 elementor-widget elementor-widget-heading\" data-id=\"c616277\" data-element_type=\"widget\" data-e-type=\"widget\" data-widget_type=\"heading.default\">\n\t\t\t\t<div class=\"elementor-widget-container\">\n\t\t\t\t\t<h1 class=\"elementor-heading-title elementor-size-default\">Conoce a nuestros especialistas en ortodoncia en Allen, TX<\/h1>\t\t\t\t<\/div>\n\t\t\t\t<\/div>\n\t\t\t\t<div class=\"elementor-element elementor-element-7e9be87 elementor-widget elementor-widget-text-editor\" data-id=\"7e9be87\" data-element_type=\"widget\" data-e-type=\"widget\" data-widget_type=\"text-editor.default\">\n\t\t\t\t<div class=\"elementor-widget-container\">\n\t\t\t\t\t\t\t\t\t<p data-start=\"71\" data-end=\"327\">En Allen Orthodontist, <a href=\"https:\/\/allenorthodontist.com\/orthodontist-mojdehi-barnes\/\">la Dra. Maryam Mojdehi-Barnes<\/a> y nuestro dedicado equipo se comprometen a proporcionar una atenci\u00f3n ortod\u00f3ncica excepcional a pacientes de todas las edades. Nos enorgullece crear un entorno acogedor en el que cada paciente se sienta c\u00f3modo y valorado.<\/p><h2 data-start=\"329\" data-end=\"363\">Atenci\u00f3n especializada y compasiva<\/h2><p data-start=\"365\" data-end=\"618\">Nuestro personal altamente cualificado posee m\u00faltiples certificaciones y est\u00e1 registrado por el Estado de Texas. Para garantizar la mejor atenci\u00f3n posible, nuestro equipo participa regularmente en cursos de formaci\u00f3n continua, manteni\u00e9ndose al d\u00eda de los \u00faltimos avances en ortodoncia.<\/p><p data-start=\"620\" data-end=\"868\">Desde tu <a href=\"https:\/\/allenorthodontist.com\/es\/primera-visita\/\">primera visita<\/a> hasta la finalizaci\u00f3n de tu tratamiento de ortodoncia, nos centramos en ofrecer una atenci\u00f3n personalizada con profesionalidad y experiencia. Tanto si necesitas <a href=\"https:\/\/allenorthodontist.com\/es\/tipos-de-ortodoncia\/\">aparatos<\/a> como otras soluciones de ortodoncia, nuestro equipo est\u00e1 aqu\u00ed para apoyarte en cada paso del camino.<\/p><h2 data-start=\"1106\" data-end=\"1357\">Programa hoy tu consulta<\/h2><p data-start=\"1106\" data-end=\"1357\">Da el primer paso para conseguir la sonrisa de tus sue\u00f1os. \u00a1 <a href=\"https:\/\/allenorthodontist.com\/es\/solicitud-de-cita\/\">Programa una consulta<\/a> hoy para experimentar un cuidado ortod\u00f3ntico experto en Allen, TX! Estamos deseando conocerte y guiarte en tu viaje hacia la ortodoncia.<\/p>\t\t\t\t\t\t\t\t<\/div>\n\t\t\t\t<\/div>\n\t\t\t\t\t<\/div>\n\t\t\t\t<\/div>\n\t\t\t\t<\/div>\n\t\t","protected":false},"excerpt":{"rendered":"<p>Conoce a nuestros especialistas en ortodoncia en Allen, TX En Allen Orthodontist, la Dra. Maryam Mojdehi-Barnes y nuestro dedicado equipo se comprometen a proporcionar una atenci\u00f3n ortod\u00f3ncica excepcional a pacientes de todas las edades. Nos enorgullece crear un entorno acogedor en el que cada paciente se sienta c\u00f3modo y valorado. Atenci\u00f3n especializada y compasiva Nuestro personal altamente cualificado [&hellip;]<\/p>\n","protected":false},"author":2,"featured_media":0,"parent":0,"menu_order":11,"comment_status":"closed","ping_status":"closed","template":"","meta":{"_seopress_robots_primary_cat":"","_seopress_titles_title":"Nuestro equipo en Allen Ortodoncista en Allen TX","_seopress_titles_desc":"Conoce al equipo de expertos de Allen Orthodontist, dirigido por la Dra. Maryam Mojdehi-Barnes, que ofrece atenci\u00f3n ortod\u00f3ncica personalizada y de alta calidad para todas las edades en Allen, TX.","_seopress_robots_index":"","footnotes":""},"class_list":["post-7611","page","type-page","status-publish"],"_links":{"self":[{"href":"https:\/\/allenorthodontist.com\/es\/wp-json\/wp\/v2\/pages\/7611","targetHints":{"allow":["GET"]}}],"collection":[{"href":"https:\/\/allenorthodontist.com\/es\/wp-json\/wp\/v2\/pages"}],"about":[{"href":"https:\/\/allenorthodontist.com\/es\/wp-json\/wp\/v2\/types\/page"}],"author":[{"embeddable":true,"href":"https:\/\/allenorthodontist.com\/es\/wp-json\/wp\/v2\/users\/2"}],"replies":[{"embeddable":true,"href":"https:\/\/allenorthodontist.com\/es\/wp-json\/wp\/v2\/comments?post=7611"}],"version-history":[{"count":2,"href":"https:\/\/allenorthodontist.com\/es\/wp-json\/wp\/v2\/pages\/7611\/revisions"}],"predecessor-version":[{"id":8184,"href":"https:\/\/allenorthodontist.com\/es\/wp-json\/wp\/v2\/pages\/7611\/revisions\/8184"}],"wp:attachment":[{"href":"https:\/\/allenorthodontist.com\/es\/wp-json\/wp\/v2\/media?parent=7611"}],"curies":[{"name":"wp","href":"https:\/\/api.w.org\/{rel}","templated":true}]}}