{"id":7615,"date":"2017-02-06T01:29:19","date_gmt":"2017-02-06T01:29:19","guid":{"rendered":"https:\/\/allenorthodontist.com\/opciones-de-financiacion\/"},"modified":"2025-03-26T19:52:33","modified_gmt":"2025-03-26T19:52:33","slug":"opciones-de-financiacion","status":"publish","type":"page","link":"https:\/\/allenorthodontist.com\/es\/opciones-de-financiacion\/","title":{"rendered":"Opciones de financiaci\u00f3n"},"content":{"rendered":"\t\t<div data-elementor-type=\"wp-page\" data-elementor-id=\"7615\" class=\"elementor elementor-7615 elementor-26\" data-elementor-post-type=\"page\">\n\t\t\t\t\t\t<section data-particle_enable=\"false\" data-particle-mobile-disabled=\"false\" class=\"elementor-section elementor-top-section elementor-element elementor-element-40f81338 elementor-section-boxed elementor-section-height-default elementor-section-height-default\" data-id=\"40f81338\" data-element_type=\"section\" data-e-type=\"section\">\n\t\t\t\t\t\t<div class=\"elementor-container elementor-column-gap-default\">\n\t\t\t\t\t<div class=\"elementor-column elementor-col-100 elementor-top-column elementor-element elementor-element-309aeccf\" data-id=\"309aeccf\" data-element_type=\"column\" data-e-type=\"column\">\n\t\t\t<div class=\"elementor-widget-wrap elementor-element-populated\">\n\t\t\t\t\t\t<div class=\"elementor-element elementor-element-84806a8 elementor-widget elementor-widget-heading\" data-id=\"84806a8\" data-element_type=\"widget\" data-e-type=\"widget\" data-widget_type=\"heading.default\">\n\t\t\t\t<div class=\"elementor-widget-container\">\n\t\t\t\t\t<h1 class=\"elementor-heading-title elementor-size-default\">Tratamiento de ortodoncia asequible con opciones de financiaci\u00f3n<\/h1>\t\t\t\t<\/div>\n\t\t\t\t<\/div>\n\t\t\t\t<div class=\"elementor-element elementor-element-376fec3f elementor-widget elementor-widget-text-editor\" data-id=\"376fec3f\" data-element_type=\"widget\" data-e-type=\"widget\" data-widget_type=\"text-editor.default\">\n\t\t\t\t<div class=\"elementor-widget-container\">\n\t\t\t\t\t\t\t\t\t<p data-start=\"62\" data-end=\"472\">En Allen Orthodontist, creemos que todo el mundo merece una sonrisa bonita y sana. Nuestro compromiso con una ortodoncia asequible significa que <a href=\"https:\/\/allenorthodontist.com\/orthodontist-mojdehi-barnes\/\">la Dra. Maryam Mojdehi-Barnes<\/a> ofrece una amplia gama de opciones de pago flexibles adaptadas a las necesidades de tu familia, tanto si buscas tratamiento para tu hijo, adolescente o para ti mismo. Combinamos experiencia y atenci\u00f3n para garantizar que tu tratamiento de ortodoncia sea de alta calidad y sin estr\u00e9s.  <\/p><h2 data-start=\"474\" data-end=\"501\">Opciones de pago flexibles<\/h2><p data-start=\"503\" data-end=\"604\">Para ayudarte a invertir en tu sonrisa sin compromisos, te ofrecemos varias c\u00f3modas opciones de financiaci\u00f3n:<\/p><ul data-start=\"606\" data-end=\"1050\"><li data-start=\"606\" data-end=\"671\"><strong data-start=\"608\" data-end=\"634\">Descuento por pago completo:<\/strong> Ahorra cuando elijas pagar la totalidad.<\/li><li data-start=\"672\" data-end=\"784\"><strong data-start=\"674\" data-end=\"700\">Financiaci\u00f3n sin intereses:<\/strong> Disfruta de un bajo pago inicial con cuotas mensuales manejables, sin intereses.<\/li><li data-start=\"785\" data-end=\"887\"><strong data-start=\"787\" data-end=\"820\">Descuento para miembros de varias familias:<\/strong> Recibe un descuento cuando varios miembros de tu familia se sometan a tratamiento.<\/li><li data-start=\"888\" data-end=\"1050\"><strong data-start=\"890\" data-end=\"926\">Comodidad de pago sin complicaciones:<\/strong> La Dra. Mojdehi-Barnes tambi\u00e9n ofrece giros autom\u00e1ticos de tu cuenta corriente o tarjeta de cr\u00e9dito para mantener tus pagos al d\u00eda.<\/li><\/ul><h2 data-start=\"1052\" data-end=\"1093\">\u00bfQu\u00e9 incluye la tarifa de tu tratamiento?<\/h2><p data-start=\"1095\" data-end=\"1219\">Los honorarios de tu tratamiento cubren todo lo que necesitas para que tu viaje ortod\u00f3ncico sea un \u00e9xito, garantizando transparencia y tranquilidad:<\/p><ul data-start=\"1221\" data-end=\"1568\"><li data-start=\"1221\" data-end=\"1290\"><strong data-start=\"1223\" data-end=\"1247\">Historial de ortodoncia:<\/strong> Incluye todos los historiales y radiograf\u00edas necesarios.<\/li><li data-start=\"1291\" data-end=\"1370\"><strong data-start=\"1293\" data-end=\"1308\">Aparatos:<\/strong> Todos los aparatos necesarios para tu plan de tratamiento personalizado.<\/li><li data-start=\"1371\" data-end=\"1474\"><strong data-start=\"1373\" data-end=\"1400\">Visitas y urgencias:<\/strong> Todas las citas de ortodoncia est\u00e1n cubiertas, incluidas las visitas de urgencia.<\/li><li data-start=\"1475\" data-end=\"1568\"><strong data-start=\"1477\" data-end=\"1491\">Retenedores:<\/strong> Se proporcionan dos juegos de <a href=\"https:\/\/allenorthodontist.com\/es\/retenedores-de-ortodoncia\/\">retenedores<\/a> al finalizar el tratamiento integral.<\/li><\/ul><p data-start=\"1601\" data-end=\"1855\">Durante tu consulta de ortodoncia gratuita, revisamos todos los honorarios y discutimos las mejores opciones financieras para tu situaci\u00f3n particular. Nuestro objetivo es proporcionarte una ortodoncia de alta calidad, asequible y sin estr\u00e9s para ti y tu familia. <\/p><h2 data-start=\"1857\" data-end=\"1891\">Detalles de financiaci\u00f3n y seguro<\/h2><p data-start=\"1893\" data-end=\"2053\">Nos dedicamos a ofrecer un tratamiento asequible y de alta calidad que se ajuste a tu presupuesto. Para que esto sea posible, aceptamos diversos m\u00e9todos de pago, entre ellos: <\/p><ul data-start=\"2055\" data-end=\"2344\"><li data-start=\"2055\" data-end=\"2130\"><strong data-start=\"2057\" data-end=\"2080\">Principales tarjetas de cr\u00e9dito:<\/strong> Visa, MasterCard, American Express y Discover.<\/li><li data-start=\"2131\" data-end=\"2240\"><strong data-start=\"2133\" data-end=\"2158\">Descuentos adicionales:<\/strong> Ofrecemos descuentos por pago \u00edntegro, descuentos familiares y descuentos profesionales.<\/li><li data-start=\"2241\" data-end=\"2344\"><strong data-start=\"2243\" data-end=\"2268\">Procesamiento autom\u00e1tico:<\/strong> El procesamiento mensual opcional de tarjetas de cr\u00e9dito o d\u00e9bito est\u00e1 disponible previa solicitud.<\/li><\/ul><p data-start=\"2346\" data-end=\"2650\">Para facilitar a\u00fan m\u00e1s tu planificaci\u00f3n financiera, ofrecemos opciones de financiaci\u00f3n sin intereses a trav\u00e9s de nuestra oficina. Si tienes alguna duda sobre la financiaci\u00f3n o las opciones de pago, nuestro equipo est\u00e1 aqu\u00ed para explicarte a fondo tus opciones y trabajar duro para satisfacer tus necesidades. <\/p><h3 data-start=\"2652\" data-end=\"2677\">Informaci\u00f3n sobre el seguro<\/h3><p data-start=\"2679\" data-end=\"2834\">Nuestra consulta colabora con numerosas compa\u00f1\u00edas de seguros para maximizar tus prestaciones. Aceptamos la asignaci\u00f3n de prestaciones de la mayor\u00eda de las aseguradoras; sin embargo, ten en cuenta: <\/p><ul data-start=\"2836\" data-end=\"3341\"><li data-start=\"2836\" data-end=\"2978\">Las p\u00f3lizas de seguro var\u00edan, por lo que, aunque estimamos la cobertura de buena fe, no podemos garantizarla debido a la complejidad de los contratos de seguro.<\/li><li data-start=\"2979\" data-end=\"3217\">No tenemos un acuerdo contractual con tu proveedor de seguros, como s\u00ed lo tenemos contigo. Tu parte estimada como paciente nos ser\u00e1 abonada en virtud de un acuerdo financiero flexible, y facturaremos el resto a las compa\u00f1\u00edas de seguros. <\/li><li data-start=\"3218\" data-end=\"3341\">En caso de anulaci\u00f3n de las p\u00f3lizas o de finalizaci\u00f3n de las prestaciones, ser\u00e1s responsable de los importes impagados del seguro.<\/li><\/ul>\t\t\t\t\t\t\t\t<\/div>\n\t\t\t\t<\/div>\n\t\t\t\t\t<\/div>\n\t\t<\/div>\n\t\t\t\t\t<\/div>\n\t\t<\/section>\n\t\t\t\t<\/div>\n\t\t","protected":false},"excerpt":{"rendered":"<p>Tratamiento de ortodoncia asequible con opciones de financiaci\u00f3n En Allen Orthodontist, creemos que todo el mundo merece una sonrisa bonita y sana. Nuestro compromiso con una ortodoncia asequible significa que la Dra. Maryam Mojdehi-Barnes ofrece una amplia gama de opciones de pago flexibles adaptadas a las necesidades de tu familia, tanto si buscas tratamiento para tu hijo, adolescente [&hellip;]<\/p>\n","protected":false},"author":2,"featured_media":0,"parent":0,"menu_order":19,"comment_status":"closed","ping_status":"closed","template":"","meta":{"_seopress_robots_primary_cat":"","_seopress_titles_title":"Financiaci\u00f3n de los tratamientos Invisalign y Brackets en Allen TX","_seopress_titles_desc":"El Ortodoncista Allen ofrece un tratamiento de ortodoncia asequible con financiaci\u00f3n flexible y opciones de seguro para que tu experiencia hacia una sonrisa perfecta est\u00e9 libre de estr\u00e9s.","_seopress_robots_index":"","footnotes":""},"class_list":["post-7615","page","type-page","status-publish"],"_links":{"self":[{"href":"https:\/\/allenorthodontist.com\/es\/wp-json\/wp\/v2\/pages\/7615","targetHints":{"allow":["GET"]}}],"collection":[{"href":"https:\/\/allenorthodontist.com\/es\/wp-json\/wp\/v2\/pages"}],"about":[{"href":"https:\/\/allenorthodontist.com\/es\/wp-json\/wp\/v2\/types\/page"}],"author":[{"embeddable":true,"href":"https:\/\/allenorthodontist.com\/es\/wp-json\/wp\/v2\/users\/2"}],"replies":[{"embeddable":true,"href":"https:\/\/allenorthodontist.com\/es\/wp-json\/wp\/v2\/comments?post=7615"}],"version-history":[{"count":2,"href":"https:\/\/allenorthodontist.com\/es\/wp-json\/wp\/v2\/pages\/7615\/revisions"}],"predecessor-version":[{"id":8185,"href":"https:\/\/allenorthodontist.com\/es\/wp-json\/wp\/v2\/pages\/7615\/revisions\/8185"}],"wp:attachment":[{"href":"https:\/\/allenorthodontist.com\/es\/wp-json\/wp\/v2\/media?parent=7615"}],"curies":[{"name":"wp","href":"https:\/\/api.w.org\/{rel}","templated":true}]}}