{"id":7616,"date":"2017-02-06T01:30:55","date_gmt":"2017-02-06T01:30:55","guid":{"rendered":"https:\/\/allenorthodontist.com\/atencion-de-urgencias\/"},"modified":"2025-03-26T19:52:41","modified_gmt":"2025-03-26T19:52:41","slug":"atencion-de-urgencias","status":"publish","type":"page","link":"https:\/\/allenorthodontist.com\/es\/atencion-de-urgencias\/","title":{"rendered":"Atenci\u00f3n de urgencias"},"content":{"rendered":"\t\t<div data-elementor-type=\"wp-page\" data-elementor-id=\"7616\" class=\"elementor elementor-7616 elementor-30\" data-elementor-post-type=\"page\">\n\t\t\t\t\t\t<section data-particle_enable=\"false\" data-particle-mobile-disabled=\"false\" class=\"elementor-section elementor-top-section elementor-element elementor-element-39133a2d elementor-section-boxed elementor-section-height-default elementor-section-height-default\" data-id=\"39133a2d\" data-element_type=\"section\" data-e-type=\"section\">\n\t\t\t\t\t\t<div class=\"elementor-container elementor-column-gap-default\">\n\t\t\t\t\t<div class=\"elementor-column elementor-col-100 elementor-top-column elementor-element elementor-element-423a050a\" data-id=\"423a050a\" data-element_type=\"column\" data-e-type=\"column\">\n\t\t\t<div class=\"elementor-widget-wrap elementor-element-populated\">\n\t\t\t\t\t\t<div class=\"elementor-element elementor-element-89816b4 elementor-widget elementor-widget-heading\" data-id=\"89816b4\" data-element_type=\"widget\" data-e-type=\"widget\" data-widget_type=\"heading.default\">\n\t\t\t\t<div class=\"elementor-widget-container\">\n\t\t\t\t\t<h1 class=\"elementor-heading-title elementor-size-default\">Atenci\u00f3n ortod\u00f3ncica de urgencia inmediata<\/h1>\t\t\t\t<\/div>\n\t\t\t\t<\/div>\n\t\t\t\t<div class=\"elementor-element elementor-element-3c018611 elementor-widget elementor-widget-text-editor\" data-id=\"3c018611\" data-element_type=\"widget\" data-e-type=\"widget\" data-widget_type=\"text-editor.default\">\n\t\t\t\t<div class=\"elementor-widget-container\">\n\t\t\t\t\t\t\t\t\t<p data-start=\"34\" data-end=\"302\">Las urgencias ortod\u00f3ncicas pueden ocurrir, pero saber c\u00f3mo manejarlas puede ayudarte a estar c\u00f3modo hasta que puedas visitar nuestra consulta. Estas urgencias suelen clasificarse en dos categor\u00edas: problemas relacionados con los aparatos de ortodoncia y lesiones directas en la boca o los dientes. <\/p>\t\t\t\t\t\t\t\t<\/div>\n\t\t\t\t<\/div>\n\t\t\t\t\t<\/div>\n\t\t<\/div>\n\t\t\t\t\t<\/div>\n\t\t<\/section>\n\t\t<div data-particle_enable=\"false\" data-particle-mobile-disabled=\"false\" class=\"elementor-element elementor-element-be91545 e-flex e-con-boxed e-con e-parent\" data-id=\"be91545\" data-element_type=\"container\" data-e-type=\"container\">\n\t\t\t\t\t<div class=\"e-con-inner\">\n\t\t<div data-particle_enable=\"false\" data-particle-mobile-disabled=\"false\" class=\"elementor-element elementor-element-0fce221 e-con-full e-flex e-con e-child\" data-id=\"0fce221\" data-element_type=\"container\" data-e-type=\"container\">\n\t\t\t\t<div class=\"elementor-element elementor-element-caf3297 elementor-widget elementor-widget-text-editor\" data-id=\"caf3297\" data-element_type=\"widget\" data-e-type=\"widget\" data-widget_type=\"text-editor.default\">\n\t\t\t\t<div class=\"elementor-widget-container\">\n\t\t\t\t\t\t\t\t\t<h2 data-start=\"309\" data-end=\"348\">Urgencias por aparatos de ortodoncia<\/h2><p data-start=\"350\" data-end=\"735\">Los aparatos de ortodoncia pueden aflojarse o da\u00f1arse ocasionalmente. Si experimentas alguno de los problemas siguientes, llama a nuestra consulta en horario de atenci\u00f3n al paciente para <a href=\"https:\/\/allenorthodontist.com\/es\/solicitud-de-cita\/\">concertar una cita<\/a>. Para garantizar la mejor atenci\u00f3n a todos nuestros pacientes, no podemos atender visitas de urgencia sin cita previa. Mientras tanto, aqu\u00ed tienes algunas soluciones r\u00e1pidas para controlar las molestias hasta tu visita:   <\/p><ul data-start=\"737\" data-end=\"1323\"><li data-start=\"737\" data-end=\"901\"><strong data-start=\"739\" data-end=\"769\">Alambres irritantes o punzantes<\/strong> - Cubre el alambre con cera ortod\u00f3ncica o m\u00e9telo con cuidado bajo el arco de alambre utilizando un objeto romo, como la goma de borrar de un l\u00e1piz o un bastoncillo de algod\u00f3n.<\/li><li data-start=\"902\" data-end=\"1110\"><strong data-start=\"904\" data-end=\"931\">Bandas o brackets sueltos<\/strong> - Si la banda o el bracket siguen sujetos al alambre, d\u00e9jalos en su sitio y evita tocarlos. <a href=\"https:\/\/allenorthodontist.com\/es\/oficina-de-allen\/\">Ponte en contacto con nuestra consulta<\/a> en cuanto notes el problema para que podamos programar una reparaci\u00f3n.<\/li><li data-start=\"1111\" data-end=\"1323\"><strong data-start=\"1113\" data-end=\"1142\">Arcos de alambre rotos o afilados<\/strong> - Intenta doblar el alambre hacia atr\u00e1s con la goma de borrar de un l\u00e1piz o, si es necesario, utiliza un corta\u00fa\u00f1as limpio o un cortacut\u00edculas para recortar el exceso. Si las molestias contin\u00faan, ponte en contacto con nuestra consulta para recibir m\u00e1s ayuda. <\/li><\/ul>\t\t\t\t\t\t\t\t<\/div>\n\t\t\t\t<\/div>\n\t\t\t\t<\/div>\n\t\t<div data-particle_enable=\"false\" data-particle-mobile-disabled=\"false\" class=\"elementor-element elementor-element-0404326 e-con-full e-flex e-con e-child\" data-id=\"0404326\" data-element_type=\"container\" data-e-type=\"container\">\n\t\t\t\t<div class=\"elementor-element elementor-element-d0bb6da elementor-widget elementor-widget-video\" data-id=\"d0bb6da\" data-element_type=\"widget\" data-e-type=\"widget\" data-settings=\"{&quot;youtube_url&quot;:&quot;https:\\\/\\\/youtu.be\\\/XtoWJkqNAJ0&quot;,&quot;video_type&quot;:&quot;youtube&quot;,&quot;controls&quot;:&quot;yes&quot;}\" data-widget_type=\"video.default\">\n\t\t\t\t<div class=\"elementor-widget-container\">\n\t\t\t\t\t\t\t<div class=\"elementor-wrapper elementor-open-inline\">\n\t\t\t<div class=\"elementor-video\"><\/div>\t\t<\/div>\n\t\t\t\t\t\t<\/div>\n\t\t\t\t<\/div>\n\t\t\t\t<\/div>\n\t\t\t\t\t<\/div>\n\t\t\t\t<\/div>\n\t\t<div data-particle_enable=\"false\" data-particle-mobile-disabled=\"false\" class=\"elementor-element elementor-element-f66d7b5 e-flex e-con-boxed e-con e-parent\" data-id=\"f66d7b5\" data-element_type=\"container\" data-e-type=\"container\">\n\t\t\t\t\t<div class=\"e-con-inner\">\n\t\t\t\t<div class=\"elementor-element elementor-element-5b6ea36 elementor-widget elementor-widget-text-editor\" data-id=\"5b6ea36\" data-element_type=\"widget\" data-e-type=\"widget\" data-widget_type=\"text-editor.default\">\n\t\t\t\t<div class=\"elementor-widget-container\">\n\t\t\t\t\t\t\t\t\t<h2 data-start=\"1330\" data-end=\"1374\">Lesiones directas en la boca y los dientes<\/h2><p data-start=\"1376\" data-end=\"1488\">Si sufres una lesi\u00f3n en la boca o los dientes -lleves o no aparato-, sigue estos pasos:<\/p><ul data-start=\"1490\" data-end=\"1990\"><li data-start=\"1490\" data-end=\"1556\">Aplica hielo en la zona afectada inmediatamente para reducir la hinchaz\u00f3n.<\/li><li data-start=\"1557\" data-end=\"1667\">Ponte en contacto con tu dentista de cabecera lo antes posible. Pueden ser necesarias radiograf\u00edas para evaluar el alcance de la lesi\u00f3n. <\/li><li data-start=\"1668\" data-end=\"1856\">Si un diente se cae, se fractura o se desplaza, tu dentista de cabecera debe ser tu primer punto de contacto, ya que dispone de las herramientas y la anestesia necesarias para tratar estas lesiones.<\/li><li data-start=\"1857\" data-end=\"1990\">Si tus aparatos de ortodoncia est\u00e1n da\u00f1ados debido a la lesi\u00f3n, <a href=\"https:\/\/allenorthodontist.com\/es\/solicitud-de-cita\/\">concierta una cita<\/a> con nosotros despu\u00e9s de consultar con tu dentista.<\/li><\/ul><h2 data-start=\"0\" data-end=\"56\">Controlar las molestias del tratamiento de ortodoncia<\/h2><div class=\"flex max-w-full flex-col flex-grow\"><div class=\"min-h-8 text-message relative flex w-full flex-col items-end gap-2 whitespace-normal break-words text-start [.text-message+&amp;]:mt-5\" dir=\"auto\" data-message-author-role=\"assistant\" data-message-id=\"cc7c0b04-6484-4651-b2a0-056292539c38\" data-message-model-slug=\"gpt-4o\"><div class=\"flex w-full flex-col gap-1 empty:hidden first:pt-[3px]\"><div class=\"markdown prose w-full break-words dark:prose-invert light\"><p data-start=\"0\" data-end=\"191\" data-is-last-node=\"\" data-is-only-node=\"\">Es normal experimentar algunas molestias mientras tu boca se adapta al tratamiento de ortodoncia. Afortunadamente, cualquier dolor o irritaci\u00f3n es temporal y puede tratarse en casa. <\/p><\/div><\/div><\/div><\/div>\t\t\t\t\t\t\t\t<\/div>\n\t\t\t\t<\/div>\n\t\t\t\t\t<\/div>\n\t\t\t\t<\/div>\n\t\t<div data-particle_enable=\"false\" data-particle-mobile-disabled=\"false\" class=\"elementor-element elementor-element-377fedd e-flex e-con-boxed e-con e-parent\" data-id=\"377fedd\" data-element_type=\"container\" data-e-type=\"container\">\n\t\t\t\t\t<div class=\"e-con-inner\">\n\t\t<div data-particle_enable=\"false\" data-particle-mobile-disabled=\"false\" class=\"elementor-element elementor-element-0b1120a e-con-full e-flex e-con e-child\" data-id=\"0b1120a\" data-element_type=\"container\" data-e-type=\"container\">\n\t\t\t\t<div class=\"elementor-element elementor-element-123b502 elementor-widget elementor-widget-text-editor\" data-id=\"123b502\" data-element_type=\"widget\" data-e-type=\"widget\" data-widget_type=\"text-editor.default\">\n\t\t\t\t<div class=\"elementor-widget-container\">\n\t\t\t\t\t\t\t\t\t<h3 data-start=\"138\" data-end=\"154\">Dientes doloridos<\/h3><p data-start=\"155\" data-end=\"237\">Una vez que tus dientes empiecen a moverse, estar\u00e1n doloridos durante 3-5 d\u00edas. El dolor puede volver en 10-15 d\u00edas durante otros pocos d\u00edas y luego remitir. <\/p><p data-pm-slice=\"1 1 []\">Te aconsejamos que tomes un analg\u00e9sico sin receta para controlar las molestias:<\/p><ul data-start=\"263\" data-end=\"526\"><li data-start=\"263\" data-end=\"414\">Toma un medicamento como Tylenol\u00ae, Motrin\u00ae o Advil\u00ae (lee atentamente las etiquetas antes de tomar cualquier medicamento).<\/li><li data-start=\"415\" data-end=\"526\">Aseg\u00farate de tomar la medicaci\u00f3n las 24 horas del d\u00eda, tal como se indica en el envase, para controlar eficazmente el dolor.<\/li><\/ul>\t\t\t\t\t\t\t\t<\/div>\n\t\t\t\t<\/div>\n\t\t\t\t<\/div>\n\t\t<div data-particle_enable=\"false\" data-particle-mobile-disabled=\"false\" class=\"elementor-element elementor-element-a5b0632 e-con-full e-flex e-con e-child\" data-id=\"a5b0632\" data-element_type=\"container\" data-e-type=\"container\">\n\t\t\t\t<div class=\"elementor-element elementor-element-cd50aaf elementor-widget elementor-widget-text-editor\" data-id=\"cd50aaf\" data-element_type=\"widget\" data-e-type=\"widget\" data-widget_type=\"text-editor.default\">\n\t\t\t\t<div class=\"elementor-widget-container\">\n\t\t\t\t\t\t\t\t\t<h3 data-start=\"590\" data-end=\"608\">Tejidos doloridos<\/h3><p data-start=\"609\" data-end=\"759\">Tus mejillas, lengua y labios pueden sentirse doloridos y en carne viva por el nuevo herraje. Es bastante normal que te salgan \u00abllagas blancas\u00bb por esta irritaci\u00f3n. <\/p><p data-start=\"761\" data-end=\"877\" data-is-last-node=\"\" data-is-only-node=\"\">\u00bfLa buena noticia? En dos o tres semanas, los tejidos blandos se endurecer\u00e1n y la irritaci\u00f3n desaparecer\u00e1. <\/p>\t\t\t\t\t\t\t\t<\/div>\n\t\t\t\t<\/div>\n\t\t\t\t<\/div>\n\t\t\t\t\t<\/div>\n\t\t\t\t<\/div>\n\t\t<div data-particle_enable=\"false\" data-particle-mobile-disabled=\"false\" class=\"elementor-element elementor-element-6cc9c7b e-flex e-con-boxed e-con e-parent\" data-id=\"6cc9c7b\" data-element_type=\"container\" data-e-type=\"container\">\n\t\t\t\t\t<div class=\"e-con-inner\">\n\t\t<div data-particle_enable=\"false\" data-particle-mobile-disabled=\"false\" class=\"elementor-element elementor-element-7dd9558 e-con-full e-flex e-con e-child\" data-id=\"7dd9558\" data-element_type=\"container\" data-e-type=\"container\" data-settings=\"{&quot;background_background&quot;:&quot;classic&quot;}\">\n\t\t\t\t<div class=\"elementor-element elementor-element-d9a33a3 elementor-widget elementor-widget-text-editor\" data-id=\"d9a33a3\" data-element_type=\"widget\" data-e-type=\"widget\" data-widget_type=\"text-editor.default\">\n\t\t\t\t<div class=\"elementor-widget-container\">\n\t\t\t\t\t\t\t\t\t<p data-pm-slice=\"1 1 []\">Puedes utilizar la cera ortod\u00f3ncica (que te dan en el paquete de higiene) en las partes que te resulten irritantes. Tambi\u00e9n puedes utilizar agentes anest\u00e9sicos, como Orajel, Anbesol y Zilactin B, para adormecer los tejidos mientras cicatrizan y se produce la callosidad. Cualquier enjuague bucal de per\u00f3xido de venta libre (como Peroxyl) o un enjuague suave de agua salada (una cucharadita de sal en 8 onzas de agua tibia, 3-4 veces al d\u00eda) tambi\u00e9n ayudar\u00e1n a la cicatrizaci\u00f3n.  <\/p><p>Pasar\u00e1n 1-2 semanas antes de que tus labios, mejillas y lengua formen callos y se insensibilicen al nuevo hardware de tu boca. Por favor, ten paciencia; \u00a1te prometemos que ser\u00e1 m\u00e1s f\u00e1cil a medida que avancemos! <\/p>\t\t\t\t\t\t\t\t<\/div>\n\t\t\t\t<\/div>\n\t\t\t\t<\/div>\n\t\t<div data-particle_enable=\"false\" data-particle-mobile-disabled=\"false\" class=\"elementor-element elementor-element-9218310 e-con-full e-flex e-con e-child\" data-id=\"9218310\" data-element_type=\"container\" data-e-type=\"container\">\n\t\t\t\t<div class=\"elementor-element elementor-element-aab5130 elementor-widget elementor-widget-image\" data-id=\"aab5130\" data-element_type=\"widget\" data-e-type=\"widget\" data-widget_type=\"image.default\">\n\t\t\t\t<div class=\"elementor-widget-container\">\n\t\t\t\t\t\t\t\t\t\t\t\t\t\t\t<img fetchpriority=\"high\" decoding=\"async\" width=\"320\" height=\"225\" src=\"https:\/\/allenorthodontist.com\/wp-content\/uploads\/2025\/03\/teeth-soreness.jpg\" class=\"attachment-large size-large wp-image-7397\" alt=\"Teeth Soreness Relief Allen Orthodontist in Allen, TX\" srcset=\"https:\/\/allenorthodontist.com\/wp-content\/uploads\/2025\/03\/teeth-soreness.jpg 320w, https:\/\/allenorthodontist.com\/wp-content\/uploads\/2025\/03\/teeth-soreness-300x211.jpg 300w\" sizes=\"(max-width: 320px) 100vw, 320px\" \/>\t\t\t\t\t\t\t\t\t\t\t\t\t\t\t<\/div>\n\t\t\t\t<\/div>\n\t\t\t\t<\/div>\n\t\t\t\t\t<\/div>\n\t\t\t\t<\/div>\n\t\t\t\t<section data-particle_enable=\"false\" data-particle-mobile-disabled=\"false\" class=\"elementor-section elementor-top-section elementor-element elementor-element-b31274a elementor-section-boxed elementor-section-height-default elementor-section-height-default\" data-id=\"b31274a\" data-element_type=\"section\" data-e-type=\"section\">\n\t\t\t\t\t\t<div class=\"elementor-container elementor-column-gap-default\">\n\t\t\t\t\t<div class=\"elementor-column elementor-col-100 elementor-top-column elementor-element elementor-element-fb7423e\" data-id=\"fb7423e\" data-element_type=\"column\" data-e-type=\"column\">\n\t\t\t<div class=\"elementor-widget-wrap elementor-element-populated\">\n\t\t\t\t\t\t<div class=\"elementor-element elementor-element-432d9c1 elementor-widget elementor-widget-text-editor\" data-id=\"432d9c1\" data-element_type=\"widget\" data-e-type=\"widget\" data-widget_type=\"text-editor.default\">\n\t\t\t\t<div class=\"elementor-widget-container\">\n\t\t\t\t\t\t\t\t\t<h2 data-start=\"1997\" data-end=\"2038\">Urgencias de ortodoncia fuera del horario laboral<\/h2><p data-start=\"2040\" data-end=\"2274\" data-is-last-node=\"\" data-is-only-node=\"\">Si experimentas un dolor importante fuera de nuestro horario habitual de consulta, llama a nuestra oficina para que te indiquemos con qui\u00e9n ponerte en contacto para obtener m\u00e1s ayuda. Estamos aqu\u00ed para garantizar tu comodidad y cuidados a lo largo de tu viaje ortod\u00f3ncico. <\/p>\t\t\t\t\t\t\t\t<\/div>\n\t\t\t\t<\/div>\n\t\t\t\t\t<\/div>\n\t\t<\/div>\n\t\t\t\t\t<\/div>\n\t\t<\/section>\n\t\t\t\t<\/div>\n\t\t","protected":false},"excerpt":{"rendered":"<p>Atenci\u00f3n ortod\u00f3ncica de urgencia inmediata Las urgencias ortod\u00f3ncicas pueden ocurrir, pero saber c\u00f3mo manejarlas puede ayudarte a estar c\u00f3modo hasta que puedas visitar nuestra consulta. Estas urgencias suelen clasificarse en dos categor\u00edas: problemas relacionados con los aparatos de ortodoncia y lesiones directas en la boca o los dientes. Urgencias por aparatos de ortodoncia Los aparatos de ortodoncia pueden [&hellip;]<\/p>\n","protected":false},"author":2,"featured_media":0,"parent":0,"menu_order":65,"comment_status":"closed","ping_status":"closed","template":"","meta":{"_seopress_robots_primary_cat":"","_seopress_titles_title":"Atenci\u00f3n ortod\u00f3ncica de urgencia en el ortodoncista de Allen TX","_seopress_titles_desc":"El Ortodoncista de Allen ofrece atenci\u00f3n y orientaci\u00f3n de urgencia para aparatos rotos, alambres punzantes y lesiones bucales, garantizando un alivio r\u00e1pido y apoyo experto.","_seopress_robots_index":"","footnotes":""},"class_list":["post-7616","page","type-page","status-publish"],"_links":{"self":[{"href":"https:\/\/allenorthodontist.com\/es\/wp-json\/wp\/v2\/pages\/7616","targetHints":{"allow":["GET"]}}],"collection":[{"href":"https:\/\/allenorthodontist.com\/es\/wp-json\/wp\/v2\/pages"}],"about":[{"href":"https:\/\/allenorthodontist.com\/es\/wp-json\/wp\/v2\/types\/page"}],"author":[{"embeddable":true,"href":"https:\/\/allenorthodontist.com\/es\/wp-json\/wp\/v2\/users\/2"}],"replies":[{"embeddable":true,"href":"https:\/\/allenorthodontist.com\/es\/wp-json\/wp\/v2\/comments?post=7616"}],"version-history":[{"count":3,"href":"https:\/\/allenorthodontist.com\/es\/wp-json\/wp\/v2\/pages\/7616\/revisions"}],"predecessor-version":[{"id":8196,"href":"https:\/\/allenorthodontist.com\/es\/wp-json\/wp\/v2\/pages\/7616\/revisions\/8196"}],"wp:attachment":[{"href":"https:\/\/allenorthodontist.com\/es\/wp-json\/wp\/v2\/media?parent=7616"}],"curies":[{"name":"wp","href":"https:\/\/api.w.org\/{rel}","templated":true}]}}