{"id":7618,"date":"2017-02-13T10:54:53","date_gmt":"2017-02-13T10:54:53","guid":{"rendered":"https:\/\/allenorthodontist.com\/politica-antispam\/"},"modified":"2025-03-26T19:52:42","modified_gmt":"2025-03-26T19:52:42","slug":"politica-antispam","status":"publish","type":"page","link":"https:\/\/allenorthodontist.com\/es\/politica-antispam\/","title":{"rendered":"Pol\u00edtica antispam"},"content":{"rendered":"\t\t<div data-elementor-type=\"wp-page\" data-elementor-id=\"7618\" class=\"elementor elementor-7618 elementor-1475\" data-elementor-post-type=\"page\">\n\t\t\t\t\t\t<section data-particle_enable=\"false\" data-particle-mobile-disabled=\"false\" class=\"elementor-section elementor-top-section elementor-element elementor-element-639dcf57 elementor-section-boxed elementor-section-height-default elementor-section-height-default\" data-id=\"639dcf57\" data-element_type=\"section\" data-e-type=\"section\">\n\t\t\t\t\t\t<div class=\"elementor-container elementor-column-gap-default\">\n\t\t\t\t\t<div class=\"elementor-column elementor-col-100 elementor-top-column elementor-element elementor-element-682d3ca4\" data-id=\"682d3ca4\" data-element_type=\"column\" data-e-type=\"column\">\n\t\t\t<div class=\"elementor-widget-wrap elementor-element-populated\">\n\t\t\t\t\t\t<div class=\"elementor-element elementor-element-5d01f6be elementor-widget elementor-widget-text-editor\" data-id=\"5d01f6be\" data-element_type=\"widget\" data-e-type=\"widget\" data-widget_type=\"text-editor.default\">\n\t\t\t\t<div class=\"elementor-widget-container\">\n\t\t\t\t\t\t\t\t\t<h2>\u00bfQu\u00e9 es el spam?<\/h2><p>La mayor\u00eda de las veces se considera spam el correo electr\u00f3nico basura o las publicaciones basura en grupos de noticias. Algunas personas definen el spam de forma a\u00fan m\u00e1s general como cualquier correo electr\u00f3nico no solicitado. Sin embargo, si un hermano perdido hace tiempo encuentra tu direcci\u00f3n de correo electr\u00f3nico y te env\u00eda un mensaje, dif\u00edcilmente podr\u00eda llamarse spam, aunque sea no solicitado. El verdadero spam suele ser publicidad por correo electr\u00f3nico de alg\u00fan producto enviado a una lista de correo o a un grupo de noticias. Adem\u00e1s de hacer perder el tiempo a la gente con correo electr\u00f3nico no deseado, el spam tambi\u00e9n consume mucho ancho de banda de la red.    <\/p><p>En consecuencia, hay muchas organizaciones, as\u00ed como particulares, que se han propuesto luchar contra el spam con diversas t\u00e9cnicas. Pero como Internet es p\u00fablico, realmente es poco lo que se puede hacer para evitar el spam, del mismo modo que es imposible evitar el correo basura. Sin embargo, algunos servicios online han instituido pol\u00edticas para evitar que los spammers env\u00eden correo basura a sus abonados.  <\/p><p>Nuestra consulta tiene una pol\u00edtica de tolerancia cero contra el spam.<\/p><h2>Recepci\u00f3n de mensajes no deseados<\/h2><p>En el improbable caso de que recibas alg\u00fan mensaje de nuestra consulta que pueda considerarse spam, ponte en contacto con nosotros utilizando los datos que figuran a continuaci\u00f3n y se investigar\u00e1 el asunto.<\/p><h2>Cambios en esta pol\u00edtica anti-spam<\/h2><p>Nuestra pr\u00e1ctica puede cambiar esta pol\u00edtica anti-spam en cualquier momento publicando una nueva versi\u00f3n en este sitio web.<\/p><p>Recurso Spam de Al Iverson<\/p><p>T\u00e9cnicas antispam - Wikipedia<\/p><p>Si tienes alguna pregunta sobre esta pol\u00edtica anti-spam, ponte en contacto con nosotros utilizando los datos que se indican a continuaci\u00f3n:<\/p>\t\t\t\t\t\t\t\t<\/div>\n\t\t\t\t<\/div>\n\t\t\t\t\t<\/div>\n\t\t<\/div>\n\t\t\t\t\t<\/div>\n\t\t<\/section>\n\t\t<div data-particle_enable=\"false\" data-particle-mobile-disabled=\"false\" class=\"elementor-element elementor-element-cc8843b e-flex e-con-boxed e-con e-parent\" data-id=\"cc8843b\" data-element_type=\"container\" data-e-type=\"container\">\n\t\t\t\t\t<div class=\"e-con-inner\">\n\t\t\t\t<div class=\"elementor-element elementor-element-acc6bc6 elementor-widget-divider--view-line elementor-widget elementor-widget-divider\" data-id=\"acc6bc6\" data-element_type=\"widget\" data-e-type=\"widget\" data-widget_type=\"divider.default\">\n\t\t\t\t<div class=\"elementor-widget-container\">\n\t\t\t\t\t\t\t<div class=\"elementor-divider\">\n\t\t\t<span class=\"elementor-divider-separator\">\n\t\t\t\t\t\t<\/span>\n\t\t<\/div>\n\t\t\t\t\t\t<\/div>\n\t\t\t\t<\/div>\n\t\t\t\t<div class=\"elementor-element elementor-element-de59437 elementor-widget elementor-widget-text-editor\" data-id=\"de59437\" data-element_type=\"widget\" data-e-type=\"widget\" data-widget_type=\"text-editor.default\">\n\t\t\t\t<div class=\"elementor-widget-container\">\n\t\t\t\t\t\t\t\t\t<h3 class=\"elementor-heading-title elementor-size-default\">Ortodoncista Allen<\/h3><ul><li>Direcci\u00f3n: 604 S Watters Rd Suite 150, Allen, TX 75013, Estados Unidos<\/li><li>Tel\u00e9fono: (972) 390-1100<\/li><\/ul>\t\t\t\t\t\t\t\t<\/div>\n\t\t\t\t<\/div>\n\t\t\t\t\t<\/div>\n\t\t\t\t<\/div>\n\t\t\t\t<\/div>\n\t\t","protected":false},"excerpt":{"rendered":"<p>\u00bfQu\u00e9 es el spam? La mayor\u00eda de las veces se considera spam el correo electr\u00f3nico basura o las publicaciones basura en grupos de noticias. Algunas personas definen el spam de forma a\u00fan m\u00e1s general como cualquier correo electr\u00f3nico no solicitado. Sin embargo, si un hermano perdido hace tiempo encuentra tu direcci\u00f3n de correo electr\u00f3nico y te env\u00eda un [&hellip;]<\/p>\n","protected":false},"author":2,"featured_media":0,"parent":0,"menu_order":71,"comment_status":"closed","ping_status":"closed","template":"","meta":{"_seopress_robots_primary_cat":"","_seopress_titles_title":"Pol\u00edtica Anti Spam | Allen Ortodoncista en Allen TX","_seopress_titles_desc":"Allen Orthodontist tiene una pol\u00edtica de tolerancia cero con el spam y no env\u00eda correos electr\u00f3nicos no solicitados; cualquier duda ser\u00e1 investigada con prontitud.","_seopress_robots_index":"","footnotes":""},"class_list":["post-7618","page","type-page","status-publish"],"_links":{"self":[{"href":"https:\/\/allenorthodontist.com\/es\/wp-json\/wp\/v2\/pages\/7618","targetHints":{"allow":["GET"]}}],"collection":[{"href":"https:\/\/allenorthodontist.com\/es\/wp-json\/wp\/v2\/pages"}],"about":[{"href":"https:\/\/allenorthodontist.com\/es\/wp-json\/wp\/v2\/types\/page"}],"author":[{"embeddable":true,"href":"https:\/\/allenorthodontist.com\/es\/wp-json\/wp\/v2\/users\/2"}],"replies":[{"embeddable":true,"href":"https:\/\/allenorthodontist.com\/es\/wp-json\/wp\/v2\/comments?post=7618"}],"version-history":[{"count":1,"href":"https:\/\/allenorthodontist.com\/es\/wp-json\/wp\/v2\/pages\/7618\/revisions"}],"predecessor-version":[{"id":7632,"href":"https:\/\/allenorthodontist.com\/es\/wp-json\/wp\/v2\/pages\/7618\/revisions\/7632"}],"wp:attachment":[{"href":"https:\/\/allenorthodontist.com\/es\/wp-json\/wp\/v2\/media?parent=7618"}],"curies":[{"name":"wp","href":"https:\/\/api.w.org\/{rel}","templated":true}]}}