{"id":7619,"date":"2017-02-06T14:44:27","date_gmt":"2017-02-06T14:44:27","guid":{"rendered":"https:\/\/allenorthodontist.com\/incognito\/"},"modified":"2025-03-28T01:29:45","modified_gmt":"2025-03-28T01:29:45","slug":"incognito","status":"publish","type":"page","link":"https:\/\/allenorthodontist.com\/es\/incognito\/","title":{"rendered":"Inc\u00f3gnito"},"content":{"rendered":"\t\t<div data-elementor-type=\"wp-page\" data-elementor-id=\"7619\" class=\"elementor elementor-7619\" data-elementor-post-type=\"page\">\n\t\t\t\t<div data-particle_enable=\"false\" data-particle-mobile-disabled=\"false\" class=\"elementor-element elementor-element-2b36b30 e-grid e-con-boxed e-con e-parent\" data-id=\"2b36b30\" data-element_type=\"container\" data-e-type=\"container\">\n\t\t\t\t\t<div class=\"e-con-inner\">\n\t\t\t\t<div class=\"elementor-element elementor-element-5884a692 elementor-widget elementor-widget-text-editor\" data-id=\"5884a692\" data-element_type=\"widget\" data-e-type=\"widget\" data-widget_type=\"text-editor.default\">\n\t\t\t\t<div class=\"elementor-widget-container\">\n\t\t\t\t\t\t\t\t\t<h2>Invisible, Inteligente, Individualizado&#8230;<\/h2><h3>Los brackets de inc\u00f3gnito son tan \u00fanicos como las personas que los llevan<\/h3><p>Los brackets Incognito, tambi\u00e9n conocidos como \u00abiBraces\u00bb, son una nueva generaci\u00f3n de aparatos de ortodoncia para adolescentes y adultos. Como no hay dos personas iguales, no hay dos juegos de brackets Incognito iguales. <\/p>\t\t\t\t\t\t\t\t<\/div>\n\t\t\t\t<\/div>\n\t\t\t\t<div class=\"elementor-element elementor-element-f76cfaa elementor-widget elementor-widget-image\" data-id=\"f76cfaa\" data-element_type=\"widget\" data-e-type=\"widget\" data-widget_type=\"image.default\">\n\t\t\t\t<div class=\"elementor-widget-container\">\n\t\t\t\t\t\t\t\t\t\t\t\t\t\t\t<img decoding=\"async\" src=\"https:\/\/allenorthodontist.com\/wp-content\/uploads\/2024\/10\/Incognito-on-Typodont.jpg\" title=\"\" alt=\"\" loading=\"lazy\" \/>\t\t\t\t\t\t\t\t\t\t\t\t\t\t\t<\/div>\n\t\t\t\t<\/div>\n\t\t\t\t\t<\/div>\n\t\t\t\t<\/div>\n\t\t<div data-particle_enable=\"false\" data-particle-mobile-disabled=\"false\" class=\"elementor-element elementor-element-15d57ca e-flex e-con-boxed e-con e-parent\" data-id=\"15d57ca\" data-element_type=\"container\" data-e-type=\"container\">\n\t\t\t\t\t<div class=\"e-con-inner\">\n\t\t\t\t<div class=\"elementor-element elementor-element-c215231 elementor-widget elementor-widget-text-editor\" data-id=\"c215231\" data-element_type=\"widget\" data-e-type=\"widget\" data-widget_type=\"text-editor.default\">\n\t\t\t\t<div class=\"elementor-widget-container\">\n\t\t\t\t\t\t\t\t\t<div style=\"text-align: center;\"><h2 style=\"text-align: left;\">Los soportes Inc\u00f3gnito son 100% personalizados<\/h2><p style=\"text-align: left;\">Colocados detr\u00e1s de los dientes, nadie sabr\u00e1 que llevas ortodoncia a menos que t\u00fa se lo digas. Estos exclusivos aparatos se crean con tecnolog\u00eda de vanguardia y se adaptan al 100% a la forma de tus dientes y a tu situaci\u00f3n dental. Los iBraces de Incognito llevan incorporada la prescripci\u00f3n exclusiva que tu ortodoncista crea para ti, para garantizar que obtienes los resultados que deseas. Con los iBraces obtienes un movimiento dental eficaz y eficiente, adem\u00e1s de una gran est\u00e9tica.   <\/p><\/div>\t\t\t\t\t\t\t\t<\/div>\n\t\t\t\t<\/div>\n\t\t\t\t\t<\/div>\n\t\t\t\t<\/div>\n\t\t<div data-particle_enable=\"false\" data-particle-mobile-disabled=\"false\" class=\"elementor-element elementor-element-6483de0 e-grid e-con-boxed e-con e-parent\" data-id=\"6483de0\" data-element_type=\"container\" data-e-type=\"container\">\n\t\t\t\t\t<div class=\"e-con-inner\">\n\t\t\t\t<div class=\"elementor-element elementor-element-2e9b1c5 elementor-widget elementor-widget-image\" data-id=\"2e9b1c5\" data-element_type=\"widget\" data-e-type=\"widget\" data-widget_type=\"image.default\">\n\t\t\t\t<div class=\"elementor-widget-container\">\n\t\t\t\t\t\t\t\t\t\t\t\t\t\t\t<img decoding=\"async\" src=\"https:\/\/allenorthodontist.com\/wp-content\/uploads\/2024\/10\/Teen_Boy_with_Incognito.jpg\" title=\"\" alt=\"\" loading=\"lazy\" \/>\t\t\t\t\t\t\t\t\t\t\t\t\t\t\t<\/div>\n\t\t\t\t<\/div>\n\t\t\t\t<div class=\"elementor-element elementor-element-66e90a7 elementor-widget elementor-widget-text-editor\" data-id=\"66e90a7\" data-element_type=\"widget\" data-e-type=\"widget\" data-widget_type=\"text-editor.default\">\n\t\t\t\t<div class=\"elementor-widget-container\">\n\t\t\t\t\t\t\t\t\t<h2 style=\"text-align: left;\">Casi Cualquiera Puede Llevar el Soporte de Inc\u00f3gnito<\/h2><p style=\"text-align: left;\">Estos brackets que se colocan detr\u00e1s de los dientes se han utilizado para tratar a hombres y mujeres de edades comprendidas entre los 13 y los 60 a\u00f1os. La mayor\u00eda de las personas que pueden tratarse con brackets normales pueden tratarse con iBraces, pero s\u00f3lo tu ortodoncista puede decirte si los brackets de inc\u00f3gnito son la opci\u00f3n de tratamiento adecuada para ti. <\/p><h2 style=\"text-align: left;\">\u00bfQui\u00e9n viste de inc\u00f3gnito?<\/h2><ul style=\"text-align: left;\"><li>Personas que quieren evitar da\u00f1os en las superficies anteriores de los dientes<\/li><li>Las personas a las que les preocupa llevar aparatos que muestren<\/li><li>Profesionales adultos<\/li><li>M\u00fasicos que tocan instrumentos de viento<\/li><li style=\"text-align: left;\">Adultos y adolescentes que practican deportes de contacto<\/li><\/ul>\t\t\t\t\t\t\t\t<\/div>\n\t\t\t\t<\/div>\n\t\t\t\t\t<\/div>\n\t\t\t\t<\/div>\n\t\t<div data-particle_enable=\"false\" data-particle-mobile-disabled=\"false\" class=\"elementor-element elementor-element-8219c97 e-flex e-con-boxed e-con e-parent\" data-id=\"8219c97\" data-element_type=\"container\" data-e-type=\"container\">\n\t\t\t\t\t<div class=\"e-con-inner\">\n\t\t\t\t<div class=\"elementor-element elementor-element-0177424 elementor-widget elementor-widget-text-editor\" data-id=\"0177424\" data-element_type=\"widget\" data-e-type=\"widget\" data-widget_type=\"text-editor.default\">\n\t\t\t\t<div class=\"elementor-widget-container\">\n\t\t\t\t\t\t\t\t\t<div style=\"text-align: center;\"><h2 style=\"text-align: left;\">Ventajas del soporte inc\u00f3gnito (iBraces)<\/h2><p style=\"text-align: left;\">Incognito proporciona la mejor est\u00e9tica disponible hoy en d\u00eda, el bracket Incognito queda <span style=\"text-decoration: underline;\">completamente<\/span> oculto a la vista. Nadie sabr\u00e1 que llevas ortodoncia, a menos que t\u00fa quieras que lo sepan. <\/p><\/div>\t\t\t\t\t\t\t\t<\/div>\n\t\t\t\t<\/div>\n\t\t\t\t\t<\/div>\n\t\t\t\t<\/div>\n\t\t<div data-particle_enable=\"false\" data-particle-mobile-disabled=\"false\" class=\"elementor-element elementor-element-6739092 e-flex e-con-boxed e-con e-parent\" data-id=\"6739092\" data-element_type=\"container\" data-e-type=\"container\">\n\t\t\t\t\t<div class=\"e-con-inner\">\n\t\t\t\t<div class=\"elementor-element elementor-element-e5f8562 elementor-widget elementor-widget-image\" data-id=\"e5f8562\" data-element_type=\"widget\" data-e-type=\"widget\" data-widget_type=\"image.default\">\n\t\t\t\t<div class=\"elementor-widget-container\">\n\t\t\t\t\t\t\t\t\t\t\t\t\t\t\t<img decoding=\"async\" src=\"https:\/\/allenorthodontist.com\/wp-content\/uploads\/2024\/10\/Incognito-Chart.jpg\" title=\"\" alt=\"\" loading=\"lazy\" \/>\t\t\t\t\t\t\t\t\t\t\t\t\t\t\t<\/div>\n\t\t\t\t<\/div>\n\t\t\t\t\t<\/div>\n\t\t\t\t<\/div>\n\t\t<div data-particle_enable=\"false\" data-particle-mobile-disabled=\"false\" class=\"elementor-element elementor-element-b29a74a e-flex e-con-boxed e-con e-parent\" data-id=\"b29a74a\" data-element_type=\"container\" data-e-type=\"container\">\n\t\t\t\t\t<div class=\"e-con-inner\">\n\t\t\t\t<div class=\"elementor-element elementor-element-d4b014a elementor-widget elementor-widget-text-editor\" data-id=\"d4b014a\" data-element_type=\"widget\" data-e-type=\"widget\" data-widget_type=\"text-editor.default\">\n\t\t\t\t<div class=\"elementor-widget-container\">\n\t\t\t\t\t\t\t\t\t<h2 style=\"text-align: left;\">Personalizado Para Resultados Excelentes<\/h2>\n<p style=\"text-align: left;\">Los brackets Incognito est\u00e1n personalizados al 100% para adaptarse a tus dientes y ofrecer los resultados del tratamiento que prescriba tu m\u00e9dico de la forma m\u00e1s eficaz. Eso significa que obtendr\u00e1s los mejores resultados posibles en el menor tiempo posible. A diferencia de otros m\u00e9todos de tratamiento est\u00e9tico, los iBraces son lo suficientemente flexibles como para ser utilizados en casi cualquier paciente que pueda ser tratado con ortodoncia convencional.  <\/p>\n\n<h2 style=\"text-align: left;\">Ventajas adicionales de iBraces<\/h2>\n<ul style=\"text-align: left;\">\n \t<li>Interferencia m\u00ednima del habla<\/li>\n \t<li>Molestias m\u00ednimas<\/li>\n \t<li>Requieren pocos ajustes del alambre. Esto significa menos molestias a lo largo del tratamiento y menos visitas al ortodoncista <\/li>\n \t<li>Ofrecer resultados de alta calidad de la forma m\u00e1s eficaz posible<\/li>\n \t<li>Puedes terminar el tratamiento m\u00e1s r\u00e1pido<\/li>\n<\/ul>\n<\/div>\t\t\t\t\t\t\t\t<\/div>\n\t\t\t\t<\/div>\n\t\t\t\t\t<\/div>\n\t\t\t\t<\/div>\n\t\t\t\t<\/div>\n\t\t","protected":false},"excerpt":{"rendered":"<p>Invisible, Inteligente, Individualizado&#8230; Los brackets de inc\u00f3gnito son tan \u00fanicos como las personas que los llevan Los brackets Incognito, tambi\u00e9n conocidos como \u00abiBraces\u00bb, son una nueva generaci\u00f3n de aparatos de ortodoncia para adolescentes y adultos. Como no hay dos personas iguales, no hay dos juegos de brackets Incognito iguales. Los soportes Inc\u00f3gnito son 100% personalizados Colocados detr\u00e1s de [&hellip;]<\/p>\n","protected":false},"author":2,"featured_media":0,"parent":0,"menu_order":89,"comment_status":"closed","ping_status":"closed","template":"","meta":{"_seopress_robots_primary_cat":"","_seopress_titles_title":"","_seopress_titles_desc":"","_seopress_robots_index":"","footnotes":""},"class_list":["post-7619","page","type-page","status-publish"],"_links":{"self":[{"href":"https:\/\/allenorthodontist.com\/es\/wp-json\/wp\/v2\/pages\/7619","targetHints":{"allow":["GET"]}}],"collection":[{"href":"https:\/\/allenorthodontist.com\/es\/wp-json\/wp\/v2\/pages"}],"about":[{"href":"https:\/\/allenorthodontist.com\/es\/wp-json\/wp\/v2\/types\/page"}],"author":[{"embeddable":true,"href":"https:\/\/allenorthodontist.com\/es\/wp-json\/wp\/v2\/users\/2"}],"replies":[{"embeddable":true,"href":"https:\/\/allenorthodontist.com\/es\/wp-json\/wp\/v2\/comments?post=7619"}],"version-history":[{"count":1,"href":"https:\/\/allenorthodontist.com\/es\/wp-json\/wp\/v2\/pages\/7619\/revisions"}],"predecessor-version":[{"id":7629,"href":"https:\/\/allenorthodontist.com\/es\/wp-json\/wp\/v2\/pages\/7619\/revisions\/7629"}],"wp:attachment":[{"href":"https:\/\/allenorthodontist.com\/es\/wp-json\/wp\/v2\/media?parent=7619"}],"curies":[{"name":"wp","href":"https:\/\/api.w.org\/{rel}","templated":true}]}}