{"id":7620,"date":"2020-09-28T13:56:42","date_gmt":"2020-09-28T13:56:42","guid":{"rendered":"https:\/\/allenorthodontist.com\/coste-de-invisalign\/"},"modified":"2025-03-28T01:29:06","modified_gmt":"2025-03-28T01:29:06","slug":"coste-de-invisalign","status":"publish","type":"page","link":"https:\/\/allenorthodontist.com\/es\/coste-de-invisalign\/","title":{"rendered":"Coste de Invisalign"},"content":{"rendered":"\t\t<div data-elementor-type=\"wp-page\" data-elementor-id=\"7620\" class=\"elementor elementor-7620\" data-elementor-post-type=\"page\">\n\t\t\t\t\t\t<section data-particle_enable=\"false\" data-particle-mobile-disabled=\"false\" class=\"elementor-section elementor-top-section elementor-element elementor-element-4e027c66 elementor-section-boxed elementor-section-height-default elementor-section-height-default\" data-id=\"4e027c66\" data-element_type=\"section\" data-e-type=\"section\">\n\t\t\t\t\t\t<div class=\"elementor-container elementor-column-gap-default\">\n\t\t\t\t\t<div class=\"elementor-column elementor-col-100 elementor-top-column elementor-element elementor-element-20cbb523\" data-id=\"20cbb523\" data-element_type=\"column\" data-e-type=\"column\">\n\t\t\t<div class=\"elementor-widget-wrap elementor-element-populated\">\n\t\t\t\t\t\t<div class=\"elementor-element elementor-element-7faa0820 elementor-widget elementor-widget-text-editor\" data-id=\"7faa0820\" data-element_type=\"widget\" data-e-type=\"widget\" data-widget_type=\"text-editor.default\">\n\t\t\t\t<div class=\"elementor-widget-container\">\n\t\t\t\t\t\t\t\t\t<h2>\u00a1<b>T\u00fa<\/b> eres tu mejor inversi\u00f3n!<\/h2>\nEs verdad. Una sonrisa radiante y segura de s\u00ed misma puede estar a tu alcance, y cambia las reglas del juego. Una sonrisa recta no s\u00f3lo mejora tu salud bucodental, sino tambi\u00e9n tu confianza en ti mismo y tu salud mental. Y si lo piensas, mejorar tu sonrisa es una inversi\u00f3n importante y a largo plazo, porque lo haces por ti.\n<h2>\u00bfCu\u00e1nto cuesta Invisalign?<\/h2>\nHay muchos factores que determinan el coste de tu tratamiento Invisalign: la amplitud de los problemas que quieres corregir, la duraci\u00f3n de tu plan de tratamiento y los detalles espec\u00edficos del tratamiento prescritos por  <b>[drfullname]<\/b>. Nos esforzamos para que Invisalign sea asequible para todos.\n<h2>Opciones de pago Invisalign<\/h2>\n<ul>\n \t<li>Opciones de pago inicial bajo o nulo<\/li>\n \t<li>Financia gratis mensualidades ampliadas que se ajusten a tu presupuesto<\/li>\n \t<li>Varias modalidades de pago que coinciden con tus necesidades del Plan Flex<\/li>\n \t<li>Se aceptan la mayor\u00eda de las tarjetas de cr\u00e9dito<\/li>\n<\/ul>\n<h2>Seguros<\/h2>\nSi tu plan dental cubre el tratamiento de ortodoncia, tambi\u00e9n puedes optar a Invisalign. Habla con tu compa\u00f1\u00eda de seguros para determinar el alcance de la cobertura de tu tratamiento.\n\nPara programar una consulta gratuita y determinar si Invisalign es adecuado para ti, ponte en contacto con nosotros hoy mismo.\t\t\t\t\t\t\t\t<\/div>\n\t\t\t\t<\/div>\n\t\t\t\t\t<\/div>\n\t\t<\/div>\n\t\t\t\t\t<\/div>\n\t\t<\/section>\n\t\t\t\t<\/div>\n\t\t","protected":false},"excerpt":{"rendered":"<p>\u00a1T\u00fa eres tu mejor inversi\u00f3n! Es verdad. Una sonrisa radiante y segura de s\u00ed misma puede estar a tu alcance, y cambia las reglas del juego. Una sonrisa recta no s\u00f3lo mejora tu salud bucodental, sino tambi\u00e9n tu confianza en ti mismo y tu salud mental. Y si lo piensas, mejorar tu sonrisa es una inversi\u00f3n importante y [&hellip;]<\/p>\n","protected":false},"author":2,"featured_media":0,"parent":0,"menu_order":90,"comment_status":"closed","ping_status":"closed","template":"","meta":{"_seopress_robots_primary_cat":"","_seopress_titles_title":"","_seopress_titles_desc":"","_seopress_robots_index":"","footnotes":""},"class_list":["post-7620","page","type-page","status-publish"],"_links":{"self":[{"href":"https:\/\/allenorthodontist.com\/es\/wp-json\/wp\/v2\/pages\/7620","targetHints":{"allow":["GET"]}}],"collection":[{"href":"https:\/\/allenorthodontist.com\/es\/wp-json\/wp\/v2\/pages"}],"about":[{"href":"https:\/\/allenorthodontist.com\/es\/wp-json\/wp\/v2\/types\/page"}],"author":[{"embeddable":true,"href":"https:\/\/allenorthodontist.com\/es\/wp-json\/wp\/v2\/users\/2"}],"replies":[{"embeddable":true,"href":"https:\/\/allenorthodontist.com\/es\/wp-json\/wp\/v2\/comments?post=7620"}],"version-history":[{"count":1,"href":"https:\/\/allenorthodontist.com\/es\/wp-json\/wp\/v2\/pages\/7620\/revisions"}],"predecessor-version":[{"id":7631,"href":"https:\/\/allenorthodontist.com\/es\/wp-json\/wp\/v2\/pages\/7620\/revisions\/7631"}],"wp:attachment":[{"href":"https:\/\/allenorthodontist.com\/es\/wp-json\/wp\/v2\/media?parent=7620"}],"curies":[{"name":"wp","href":"https:\/\/api.w.org\/{rel}","templated":true}]}}