{"id":7621,"date":"2017-02-06T17:41:36","date_gmt":"2017-02-06T17:41:36","guid":{"rendered":"https:\/\/allenorthodontist.com\/brackets-damon\/"},"modified":"2025-03-28T01:31:15","modified_gmt":"2025-03-28T01:31:15","slug":"brackets-damon","status":"publish","type":"page","link":"https:\/\/allenorthodontist.com\/es\/brackets-damon\/","title":{"rendered":"Brackets Damon"},"content":{"rendered":"\t\t<div data-elementor-type=\"wp-page\" data-elementor-id=\"7621\" class=\"elementor elementor-7621\" data-elementor-post-type=\"page\">\n\t\t\t\t<div data-particle_enable=\"false\" data-particle-mobile-disabled=\"false\" class=\"elementor-element elementor-element-44750be0 e-flex e-con-boxed e-con e-parent\" data-id=\"44750be0\" data-element_type=\"container\" data-e-type=\"container\">\n\t\t\t\t\t<div class=\"e-con-inner\">\n\t\t\t\t<div class=\"elementor-element elementor-element-322b0705 elementor-widget elementor-widget-text-editor\" data-id=\"322b0705\" data-element_type=\"widget\" data-e-type=\"widget\" data-widget_type=\"text-editor.default\">\n\t\t\t\t<div class=\"elementor-widget-container\">\n\t\t\t\t\t\t\t\t\t<img decoding=\"async\" class=\"alignright size-full wp-image-1924\" title=\"Brackets Damon\" src=\"https:\/\/s3.amazonaws.com\/Website_content\/Damon-Animation.gif\" alt=\"Damon Braces San Antonio, TX\" width=\"140\" height=\"149\" \/>Nuestra consulta se complace en ofrecer a nuestros pacientes aparatos pasivos de autoligado Damon System. Los aparatos Damon utilizan un mecanismo deslizante para sujetar el arco de alambre, reduciendo la presi\u00f3n ejercida sobre los dientes y permitiendo que \u00e9stos se muevan con mayor libertad, rapidez y comodidad. Gracias a estos nuevos e innovadores aparatos, conseguir una sonrisa perfecta puede ser m\u00e1s r\u00e1pido y f\u00e1cil de lo que nunca imaginaste.\n<ol>\n \t<li><strong>Grandes resultados en menos tiempo<\/strong>. Seg\u00fan tu caso, esto puede suponer un ahorro de muchos meses. \u00a1Tras analizar tus necesidades espec\u00edficas, podremos ofrecerte un plan de tratamiento que te har\u00e1 sonre\u00edr pronto!<\/li>\n \t<li><strong>Los aparatos Damon permiten libertad de<\/strong><strong> movimiento<\/strong>, lo que se traduce en resultados m\u00e1s r\u00e1pidos con fuerzas m\u00e1s suaves.<\/li>\n \t<li><strong>Precisos y eficaces<\/strong> - Podemos reducir la necesidad de muchos de los procedimientos largos y complicados que se utilizan con los aparatos tradicionales.<\/li>\n \t<li><strong>Se requieren menos ajustes<\/strong> - Como resultado, tus citas ser\u00e1n m\u00e1s r\u00e1pidas y menos numerosas.<\/li>\n \t<li><strong>Menos molestias que los aparatos tradicionales<\/strong>. Adem\u00e1s, los aparatos Damon son peque\u00f1os, muy c\u00f3modos y f\u00e1ciles de mantener limpios.<\/li>\n<\/ol>\n<h3>Brackets autoligables &#8212; \u00a1Un mundo sin ligaduras el\u00e1sticas!<\/h3>\nLos aparatos de autoligado utilizan un clip especializado en lugar de el\u00e1sticos para ayudar al arco de alambre a guiar los dientes a su sitio. Estos clips ayudan a reducir la presi\u00f3n ejercida sobre el diente y requieren menos ajustes porque no hay el\u00e1sticos que sustituir.\n<p style=\"text-align: center;\"><img fetchpriority=\"high\" decoding=\"async\" class=\"aligncenter size-full wp-image-2741\" src=\"\/wp-content\/uploads\/2016\/08\/Choose-Compare-Braces.png\" alt=\"Elige-Compara-Esquemas\" width=\"550\" height=\"213\" \/><\/p>\n&nbsp;\n<h3>Tecnolog\u00eda<\/h3>\nLos brackets autoligables pasivos Damon eliminan la necesidad de \u00abligaduras\u00bb el\u00e1sticas o met\u00e1licas. Con la ortodoncia sin tirantes Damon puedes experimentar el tratamiento sin apretar.\n<h3 style=\"text-align: center;\"><img decoding=\"async\" class=\"size-full wp-image-1685 aligncenter\" title=\"Brackets Damon\" src=\"https:\/\/s3.amazonaws.com\/Website_content\/damon.png\" alt=\"Damon Braces San Antonio, TX\" width=\"170\" height=\"93\" \/><\/h3>\n<h3>Tiempo de tratamiento<\/h3>\nAunque el tiempo necesario en la ortodoncia var\u00eda de un caso a otro, el tiempo de tratamiento con el Sistema Damon suele ser mucho m\u00e1s r\u00e1pido que con la ortodoncia convencional. Adem\u00e1s, se necesitan muchas menos citas durante el tratamiento, lo que hace que tu experiencia en Damon sea c\u00f3moda y sin complicaciones.\n<h3>Confort<\/h3>\nAunque el Sistema Damon funciona tan r\u00e1pidamente, el uso de una fuerza suave y de baja fricci\u00f3n supone menos molestias para ti. Se utilizan alambres de titanio muy ligeros con \u00abmemoria de forma\u00bb, que gu\u00edan suavemente tus dientes hasta su posici\u00f3n ideal.\n\n<img loading=\"lazy\" decoding=\"async\" class=\"aligncenter size-full wp-image-2740\" src=\"\/wp-content\/uploads\/2016\/08\/Choose-Typodont-Teeth.jpg\" alt=\"Elige-Tipodonto-Dientes\" width=\"550\" height=\"213\" \/>\n<h3>Conveniencia<\/h3>\nLos aparatos Damon est\u00e1n dise\u00f1ados para ser discretos, c\u00f3modos y f\u00e1ciles de mantener limpios. Sin las ligaduras el\u00e1sticas, que atraen y acumulan placa, los aparatos Damon facilitan la higiene dental durante el tratamiento. Adem\u00e1s, el Sistema Damon est\u00e1 disponible en brackets transparentes para los pacientes que desean una gran sonrisa sin renunciar a la est\u00e9tica.\t\t\t\t\t\t\t\t<\/div>\n\t\t\t\t<\/div>\n\t\t\t\t\t<\/div>\n\t\t\t\t<\/div>\n\t\t\t\t<\/div>\n\t\t","protected":false},"excerpt":{"rendered":"<p>Nuestra consulta se complace en ofrecer a nuestros pacientes aparatos pasivos de autoligado Damon System. Los aparatos Damon utilizan un mecanismo deslizante para sujetar el arco de alambre, reduciendo la presi\u00f3n ejercida sobre los dientes y permitiendo que \u00e9stos se muevan con mayor libertad, rapidez y comodidad. Gracias a estos nuevos e innovadores aparatos, conseguir una sonrisa perfecta [&hellip;]<\/p>\n","protected":false},"author":2,"featured_media":0,"parent":0,"menu_order":93,"comment_status":"closed","ping_status":"closed","template":"","meta":{"_seopress_robots_primary_cat":"","_seopress_titles_title":"","_seopress_titles_desc":"","_seopress_robots_index":"","footnotes":""},"class_list":["post-7621","page","type-page","status-publish"],"_links":{"self":[{"href":"https:\/\/allenorthodontist.com\/es\/wp-json\/wp\/v2\/pages\/7621","targetHints":{"allow":["GET"]}}],"collection":[{"href":"https:\/\/allenorthodontist.com\/es\/wp-json\/wp\/v2\/pages"}],"about":[{"href":"https:\/\/allenorthodontist.com\/es\/wp-json\/wp\/v2\/types\/page"}],"author":[{"embeddable":true,"href":"https:\/\/allenorthodontist.com\/es\/wp-json\/wp\/v2\/users\/2"}],"replies":[{"embeddable":true,"href":"https:\/\/allenorthodontist.com\/es\/wp-json\/wp\/v2\/comments?post=7621"}],"version-history":[{"count":5,"href":"https:\/\/allenorthodontist.com\/es\/wp-json\/wp\/v2\/pages\/7621\/revisions"}],"predecessor-version":[{"id":8347,"href":"https:\/\/allenorthodontist.com\/es\/wp-json\/wp\/v2\/pages\/7621\/revisions\/8347"}],"wp:attachment":[{"href":"https:\/\/allenorthodontist.com\/es\/wp-json\/wp\/v2\/media?parent=7621"}],"curies":[{"name":"wp","href":"https:\/\/api.w.org\/{rel}","templated":true}]}}