{"id":7622,"date":"2017-02-06T17:55:52","date_gmt":"2017-02-06T17:55:52","guid":{"rendered":"https:\/\/allenorthodontist.com\/politica-de-privacidad\/"},"modified":"2026-03-06T20:39:00","modified_gmt":"2026-03-06T20:39:00","slug":"politica-de-privacidad","status":"publish","type":"page","link":"https:\/\/allenorthodontist.com\/es\/politica-de-privacidad\/","title":{"rendered":"Pol\u00edtica de privacidad"},"content":{"rendered":"\t\t<div data-elementor-type=\"wp-page\" data-elementor-id=\"7622\" class=\"elementor elementor-7622 elementor-1388\" data-elementor-post-type=\"page\">\n\t\t\t\t<div data-particle_enable=\"false\" data-particle-mobile-disabled=\"false\" class=\"elementor-element elementor-element-bd1afc2 e-flex e-con-boxed e-con e-parent\" data-id=\"bd1afc2\" data-element_type=\"container\" data-e-type=\"container\">\n\t\t\t\t\t<div class=\"e-con-inner\">\n\t\t\t\t<div class=\"elementor-element elementor-element-069393e elementor-widget elementor-widget-text-editor\" data-id=\"069393e\" data-element_type=\"widget\" data-e-type=\"widget\" data-widget_type=\"text-editor.default\">\n\t\t\t\t<div class=\"elementor-widget-container\">\n\t\t\t\t\t\t\t\t\t<div id=\"gform_wrapper_877\" class=\"gf_browser_chrome gform_wrapper gravity-theme gform-theme--no-framework\" data-form-theme=\"gravity-theme\" data-form-index=\"0\"><form id=\"gform_877\" action=\"https:\/\/secureonline.co\/gfembed\/?f=877#gf_877\" enctype=\"multipart\/form-data\" method=\"post\" novalidate=\"\" data-formid=\"877\"><div class=\"gform-body gform_body\"><div id=\"gform_fields_877\" class=\"gform_fields top_label form_sublabel_below description_below validation_below\"><div id=\"field_877_1\" class=\"gfield gfield--type-html gfield_html gfield_html_formatted gfield_no_follows_desc field_sublabel_below gfield--no-description field_description_below field_validation_below gfield_visibility_visible\" data-js-reload=\"field_877_1\"><div class=\"form-body\"><h2>Pol\u00edtica de privacidad para nuestros valiosos pacientes<\/h2><p>Tu confianza y privacidad son primordiales para nosotros, pues nos esforzamos por ofrecerte servicios dentales excepcionales. Esta pol\u00edtica de privacidad est\u00e1 dise\u00f1ada para informarte sobre c\u00f3mo tratamos la informaci\u00f3n personal recogida a trav\u00e9s de nuestro sitio web:<\/p><ul><li>Los tipos de informaci\u00f3n personal que recopilamos de ti a trav\u00e9s del sitio web, sus usos previstos y la posibilidad de compartirla<\/li><li>Pasos que puedes dar para verificar y actualizar tu informaci\u00f3n<\/li><li>Nuestro compromiso con la seguridad de tu informaci\u00f3n<\/li><li>C\u00f3mo puedes gestionar tus datos y preferencias de comunicaci\u00f3n con nosotros.<\/li><\/ul><h2>Recoger, utilizar y compartir tu informaci\u00f3n<\/h2><p>Recogemos la informaci\u00f3n que decides proporcionarnos a trav\u00e9s de correos electr\u00f3nicos o contacto directo. Esta informaci\u00f3n es de nuestra exclusiva propiedad y nunca se vende ni se distribuye.<\/p><p>Utilizamos tus datos principalmente para responder a tus preguntas y satisfacer tus peticiones, asegur\u00e1ndonos de que recibes una atenci\u00f3n dental de primera clase. S\u00f3lo compartimos tu informaci\u00f3n con entidades ajenas a nuestra organizaci\u00f3n cuando es necesario para prestar estos servicios o cuando lo exige la ley.<\/p><p>Con tu consentimiento, podemos informarte ocasionalmente sobre nuestras ofertas especiales, nuevos productos o servicios, o cambios en esta pol\u00edtica de privacidad.<\/p><h2>Tu informaci\u00f3n: Tus opciones<\/h2><p>Tienes libertad para controlar tu informaci\u00f3n y la forma en que interactuamos contigo:<\/p><ul><li>Solicitar detalles de la informaci\u00f3n que tenemos sobre ti<\/li><li>Actualiza cualquier informaci\u00f3n incorrecta<\/li><li>Pedirnos que eliminemos tus datos personales<\/li><li>Discutir cualquier duda sobre el uso que hacemos de tu informaci\u00f3n.<\/li><\/ul><h2>Nuestro enfoque de la seguridad de tus datos<\/h2><p>Aunque damos prioridad a la protecci\u00f3n de tu informaci\u00f3n, desaconsejamos el env\u00edo de datos sensibles a trav\u00e9s del formulario de contacto de nuestro sitio web debido a los riesgos potenciales de interceptaci\u00f3n. Nos comprometemos a proteger tus datos, pero recomendamos utilizar m\u00e9todos de comunicaci\u00f3n m\u00e1s seguros para la informaci\u00f3n sensible.<\/p><h2>Comprender las cookies de nuestro sitio web<\/h2><p>S\u00ed, nuestro sitio web puede utilizar cookies, pero \u00e9sta es la pura verdad: las cookies son peque\u00f1os archivos de datos que ayudan a mejorar tu experiencia en nuestro sitio. Recuerdan tus preferencias, haciendo que tus visitas posteriores sean m\u00e1s fluidas y personalizadas. Nuestras cookies no recogen informaci\u00f3n personal ni datos sanitarios; s\u00f3lo est\u00e1n aqu\u00ed para mejorar tu comodidad de navegaci\u00f3n. Recuerda que tienes control sobre las cookies y que puedes ajustar la configuraci\u00f3n de tu navegador para gestionarlas como mejor te parezca.<\/p><h2>Navegar por enlaces externos<\/h2><p>Nuestro sitio web puede enlazar con otros recursos \u00fatiles, pero ten en cuenta que no supervisamos sus pr\u00e1cticas de privacidad. Te animamos a que revises sus declaraciones de privacidad de forma independiente.<\/p><p>Valoramos tus comentarios y estamos abiertos a sugerencias para mejorar nuestras pr\u00e1cticas de privacidad.<\/p><\/div><\/div><\/div><\/div><\/form><\/div>\t\t\t\t\t\t\t\t<\/div>\n\t\t\t\t<\/div>\n\t\t\t\t\t<\/div>\n\t\t\t\t<\/div>\n\t\t<div data-particle_enable=\"false\" data-particle-mobile-disabled=\"false\" class=\"elementor-element elementor-element-bb33950 e-flex e-con-boxed e-con e-parent\" data-id=\"bb33950\" data-element_type=\"container\" data-e-type=\"container\">\n\t\t\t\t\t<div class=\"e-con-inner\">\n\t\t\t\t<div class=\"elementor-element elementor-element-2eec4c1 elementor-widget-divider--view-line elementor-widget elementor-widget-divider\" data-id=\"2eec4c1\" data-element_type=\"widget\" data-e-type=\"widget\" data-widget_type=\"divider.default\">\n\t\t\t\t<div class=\"elementor-widget-container\">\n\t\t\t\t\t\t\t<div class=\"elementor-divider\">\n\t\t\t<span class=\"elementor-divider-separator\">\n\t\t\t\t\t\t<\/span>\n\t\t<\/div>\n\t\t\t\t\t\t<\/div>\n\t\t\t\t<\/div>\n\t\t\t\t<div class=\"elementor-element elementor-element-8671f73 elementor-widget elementor-widget-heading\" data-id=\"8671f73\" data-element_type=\"widget\" data-e-type=\"widget\" data-widget_type=\"heading.default\">\n\t\t\t\t<div class=\"elementor-widget-container\">\n\t\t\t\t\t<h2 class=\"elementor-heading-title elementor-size-default\">Aviso de pr\u00e1cticas de privacidad HIPPA<\/h2>\t\t\t\t<\/div>\n\t\t\t\t<\/div>\n\t\t\t\t<div class=\"elementor-element elementor-element-015db84 elementor-widget elementor-widget-button\" data-id=\"015db84\" data-element_type=\"widget\" data-e-type=\"widget\" data-widget_type=\"button.default\">\n\t\t\t\t<div class=\"elementor-widget-container\">\n\t\t\t\t\t\t\t\t\t<div class=\"elementor-button-wrapper\">\n\t\t\t\t\t<a class=\"elementor-button elementor-button-link elementor-size-sm\" href=\"https:\/\/allenorthodontist.com\/wp-content\/uploads\/2026\/02\/notice-of-privacy-practices-updated-2026.pdf\" target=\"_blank\">\n\t\t\t\t\t\t<span class=\"elementor-button-content-wrapper\">\n\t\t\t\t\t\t\t\t\t<span class=\"elementor-button-text\">Descargar el Aviso de Pr\u00e1cticas de Privacidad HIPPA<\/span>\n\t\t\t\t\t<\/span>\n\t\t\t\t\t<\/a>\n\t\t\t\t<\/div>\n\t\t\t\t\t\t\t\t<\/div>\n\t\t\t\t<\/div>\n\t\t\t\t<div class=\"elementor-element elementor-element-b10979a elementor-widget-divider--view-line elementor-widget elementor-widget-divider\" data-id=\"b10979a\" data-element_type=\"widget\" data-e-type=\"widget\" data-widget_type=\"divider.default\">\n\t\t\t\t<div class=\"elementor-widget-container\">\n\t\t\t\t\t\t\t<div class=\"elementor-divider\">\n\t\t\t<span class=\"elementor-divider-separator\">\n\t\t\t\t\t\t<\/span>\n\t\t<\/div>\n\t\t\t\t\t\t<\/div>\n\t\t\t\t<\/div>\n\t\t\t\t<div class=\"elementor-element elementor-element-747bb1c elementor-widget elementor-widget-text-editor\" data-id=\"747bb1c\" data-element_type=\"widget\" data-e-type=\"widget\" data-widget_type=\"text-editor.default\">\n\t\t\t\t<div class=\"elementor-widget-container\">\n\t\t\t\t\t\t\t\t\t<h3 class=\"elementor-heading-title elementor-size-default\">Ortodoncista Allen<\/h3><ul><li>Direcci\u00f3n: 604 S Watters Rd Suite 150, Allen, TX 75013, Estados Unidos<\/li><li>Tel\u00e9fono: (972) 390-1100<\/li><\/ul>\t\t\t\t\t\t\t\t<\/div>\n\t\t\t\t<\/div>\n\t\t\t\t\t<\/div>\n\t\t\t\t<\/div>\n\t\t\t\t<\/div>\n\t\t","protected":false},"excerpt":{"rendered":"<p>Pol\u00edtica de privacidad para nuestros valiosos pacientes Tu confianza y privacidad son primordiales para nosotros, pues nos esforzamos por ofrecerte servicios dentales excepcionales. Esta pol\u00edtica de privacidad est\u00e1 dise\u00f1ada para informarte sobre c\u00f3mo tratamos la informaci\u00f3n personal recogida a trav\u00e9s de nuestro sitio web: Los tipos de informaci\u00f3n personal que recopilamos de ti a trav\u00e9s del sitio web, [&hellip;]<\/p>\n","protected":false},"author":2,"featured_media":0,"parent":0,"menu_order":74,"comment_status":"closed","ping_status":"closed","template":"","meta":{"_seopress_robots_primary_cat":"","_seopress_titles_title":"Pol\u00edtica de privacidad | Ortodoncista en Allen TX","_seopress_titles_desc":"Allen Orthodontist valora tu privacidad, y detalla c\u00f3mo recopilamos, utilizamos y protegemos tu informaci\u00f3n personal para proporcionarte una atenci\u00f3n de alta calidad y servicios seguros.","_seopress_robots_index":"","footnotes":""},"class_list":["post-7622","page","type-page","status-publish"],"_links":{"self":[{"href":"https:\/\/allenorthodontist.com\/es\/wp-json\/wp\/v2\/pages\/7622","targetHints":{"allow":["GET"]}}],"collection":[{"href":"https:\/\/allenorthodontist.com\/es\/wp-json\/wp\/v2\/pages"}],"about":[{"href":"https:\/\/allenorthodontist.com\/es\/wp-json\/wp\/v2\/types\/page"}],"author":[{"embeddable":true,"href":"https:\/\/allenorthodontist.com\/es\/wp-json\/wp\/v2\/users\/2"}],"replies":[{"embeddable":true,"href":"https:\/\/allenorthodontist.com\/es\/wp-json\/wp\/v2\/comments?post=7622"}],"version-history":[{"count":3,"href":"https:\/\/allenorthodontist.com\/es\/wp-json\/wp\/v2\/pages\/7622\/revisions"}],"predecessor-version":[{"id":9345,"href":"https:\/\/allenorthodontist.com\/es\/wp-json\/wp\/v2\/pages\/7622\/revisions\/9345"}],"wp:attachment":[{"href":"https:\/\/allenorthodontist.com\/es\/wp-json\/wp\/v2\/media?parent=7622"}],"curies":[{"name":"wp","href":"https:\/\/api.w.org\/{rel}","templated":true}]}}