{"id":7623,"date":"2017-02-06T01:30:01","date_gmt":"2017-02-06T01:30:01","guid":{"rendered":"https:\/\/allenorthodontist.com\/primera-visita\/"},"modified":"2025-03-26T19:52:33","modified_gmt":"2025-03-26T19:52:33","slug":"primera-visita","status":"publish","type":"page","link":"https:\/\/allenorthodontist.com\/es\/primera-visita\/","title":{"rendered":"Primera visita"},"content":{"rendered":"\t\t<div data-elementor-type=\"wp-page\" data-elementor-id=\"7623\" class=\"elementor elementor-7623 elementor-28\" data-elementor-post-type=\"page\">\n\t\t\t\t\t\t<section data-particle_enable=\"false\" data-particle-mobile-disabled=\"false\" class=\"elementor-section elementor-top-section elementor-element elementor-element-600a6db2 elementor-section-boxed elementor-section-height-default elementor-section-height-default\" data-id=\"600a6db2\" data-element_type=\"section\" data-e-type=\"section\">\n\t\t\t\t\t\t<div class=\"elementor-container elementor-column-gap-default\">\n\t\t\t\t\t<div class=\"elementor-column elementor-col-100 elementor-top-column elementor-element elementor-element-10d72020\" data-id=\"10d72020\" data-element_type=\"column\" data-e-type=\"column\">\n\t\t\t<div class=\"elementor-widget-wrap elementor-element-populated\">\n\t\t\t\t\t\t<div class=\"elementor-element elementor-element-ed0b868 elementor-widget elementor-widget-heading\" data-id=\"ed0b868\" data-element_type=\"widget\" data-e-type=\"widget\" data-widget_type=\"heading.default\">\n\t\t\t\t<div class=\"elementor-widget-container\">\n\t\t\t\t\t<h1 class=\"elementor-heading-title elementor-size-default\">Primera visita de ortodoncia en Allen Orthodontist<\/h1>\t\t\t\t<\/div>\n\t\t\t\t<\/div>\n\t\t\t\t<div class=\"elementor-element elementor-element-5472c7d1 elementor-widget elementor-widget-text-editor\" data-id=\"5472c7d1\" data-element_type=\"widget\" data-e-type=\"widget\" data-widget_type=\"text-editor.default\">\n\t\t\t\t<div class=\"elementor-widget-container\">\n\t\t\t\t\t\t\t\t\t<p data-start=\"55\" data-end=\"255\">\u00a1Estamos encantados de darte la bienvenida a Allen Orthodontist! Cuando llegues a nuestra consulta, por favor, reg\u00edstrate con nuestra amable recepcionista. Nuestro equipo est\u00e1 aqu\u00ed para asegurar que tu visita sea c\u00f3moda e informativa.  <\/p><p data-start=\"257\" data-end=\"785\">Siempre estamos encantados de conocer a nuevos pacientes. Ll\u00e1manos al <a href=\"tel:+1-972-390-1100\">(972) 390-1100<\/a> para programar tu consulta gratuita de una hora. Alternativamente, puedes <a href=\"https:\/\/allenorthodontist.com\/es\/solicitud-de-cita\/\">solicitar una cita<\/a> directamente a trav\u00e9s de nuestro sitio web y enviar o imprimir electr\u00f3nicamente un <a href=\"https:\/\/allenorthodontist.com\/es\/formularios-para-pacientes-nuevos\/\">Formulario de Paciente Nuevo<\/a>. Aseg\u00farate de traer la documentaci\u00f3n completada para agilizar tu cita. Si tienes seguro de ortodoncia, <a href=\"https:\/\/allenorthodontist.com\/es\/oficina-de-allen\/\">ponte en contacto con nuestra consulta<\/a> con antelaci\u00f3n y facil\u00edtanos tus datos para que podamos verificar tus prestaciones y ofrecerte una estimaci\u00f3n m\u00e1s precisa de tus costes.    <\/p><h2 data-start=\"337\" data-end=\"583\">Qu\u00e9 esperar el d\u00eda de la consulta con el ortodoncista<\/h2><p data-start=\"337\" data-end=\"583\">Nuestro Coordinador de Tratamiento te saludar\u00e1 y te preguntar\u00e1 por tus preocupaciones. Para ayudarnos a prestar la atenci\u00f3n m\u00e1s completa, tomaremos algunos datos diagn\u00f3sticos preliminares, incluidas fotos digitales y radiograf\u00edas, seg\u00fan sea necesario. <\/p><p data-start=\"585\" data-end=\"943\"><a href=\"https:\/\/allenorthodontist.com\/orthodontist-mojdehi-barnes\/\">La Dra. Maryam Mojdehi-Barnes<\/a> revisar\u00e1 tus preocupaciones e historial m\u00e9dico, seguido de un exhaustivo examen cl\u00ednico. Es posible que m\u00e1s adelante nos pongamos en contacto con tu dentista de cabecera para obtener informaci\u00f3n adicional, y as\u00ed asegurarnos de que tenemos todo lo necesario para proporcionarte la mejor atenci\u00f3n posible. Durante este tiempo, la Dra. Mojdehi-Barnes responder\u00e1 a las siguientes preguntas clave:  <\/p><ul data-start=\"944\" data-end=\"1321\"><li data-start=\"944\" data-end=\"997\">\u00bfExiste alguna afecci\u00f3n que la ortodoncia pueda tratar?<\/li><li data-start=\"998\" data-end=\"1129\">\u00bfEs necesario el tratamiento ahora, o debe retrasarse hasta que se haya producido el crecimiento adecuado, la erupci\u00f3n dentaria u otros factores?<\/li><li data-start=\"1130\" data-end=\"1201\">\u00bfQu\u00e9 planes de tratamiento son factibles y cu\u00e1l es el mejor para ti?<\/li><li data-start=\"1130\" data-end=\"1201\">\u00bfCu\u00e1nto costar\u00e1 el tratamiento y las opciones de pago disponibles?<\/li><li data-start=\"1202\" data-end=\"1233\">\u00bfCu\u00e1nto durar\u00e1 el tratamiento?<\/li><li data-start=\"1234\" data-end=\"1272\">\u00bfQu\u00e9 tipos de aparatos se necesitan?<\/li><li data-start=\"1273\" data-end=\"1321\">\u00bfEres candidato a la <a href=\"https:\/\/allenorthodontist.com\/es\/tipos-de-ortodoncia\/\">ortodoncia<\/a> o a <a href=\"https:\/\/allenorthodontist.com\/es\/invisalign\/\">Invisalign\u00ae<\/a>?<\/li><\/ul><p data-start=\"1323\" data-end=\"1629\">Tras responder a tus preguntas, nuestro Coordinador de Tratamiento te explicar\u00e1 el coste del tratamiento y revisar\u00e1 las opciones de pago disponibles. Ofrecemos planes de pago flexibles y nos aseguraremos de que se tengan en cuenta todas tus preocupaciones econ\u00f3micas. Te llevar\u00e1s un paquete de informaci\u00f3n que podr\u00e1s consultar cuando te convenga.  <\/p><h3 data-start=\"2009\" data-end=\"2218\">Pasos siguientes: Registros de diagn\u00f3stico<\/h3><p data-start=\"2009\" data-end=\"2218\">Si se recomienda un tratamiento tras tu examen inicial, concertaremos una cita para los registros diagn\u00f3sticos. En algunos casos, podemos tomar estos registros durante tu primera visita. <\/p><ul data-start=\"2262\" data-end=\"2418\"><li data-start=\"2262\" data-end=\"2290\">Escaneado digital de tus dientes<\/li><li data-start=\"2291\" data-end=\"2341\">Radiograf\u00edas panor\u00e1micas y cefalom\u00e9tricas con trazado diagn\u00f3stico<\/li><li data-start=\"2342\" data-end=\"2418\">An\u00e1lisis exhaustivo de los expedientes para determinar el mejor plan de tratamiento<\/li><\/ul><h2 data-start=\"2420\" data-end=\"2698\">\u00bfCu\u00e1nto costar\u00e1 mi tratamiento?<\/h2><p data-start=\"2420\" data-end=\"2698\"><a href=\"https:\/\/allenorthodontist.com\/es\/opciones-de-financiacion\/\">Los costes del tratamiento<\/a> var\u00edan en funci\u00f3n de tus necesidades espec\u00edficas de ortodoncia. Durante tu primera visita, nuestro coordinador de tratamiento revisar\u00e1 las tarifas y las opciones de pago. Aceptamos la mayor\u00eda de los planes de seguro y ofrecemos planes de pago flexibles para ajustarnos a tu presupuesto.  <\/p><h3 data-start=\"2700\" data-end=\"2787\">\u00bfQu\u00e9 incluye tu inversi\u00f3n en ortodoncia?<\/h3><p data-start=\"2700\" data-end=\"2787\">Tu inversi\u00f3n en tratamiento cubre:<\/p><ul data-start=\"2788\" data-end=\"3294\"><li data-start=\"2788\" data-end=\"2885\"><strong data-start=\"2790\" data-end=\"2813\">Registros ortod\u00f3ncicos<\/strong>: Radiograf\u00edas, esc\u00e1neres digitales y un an\u00e1lisis del crecimiento para perfilar los objetivos del tratamiento<\/li><li data-start=\"2886\" data-end=\"3145\"><strong data-start=\"2888\" data-end=\"2912\">Cuota por tratamiento activo<\/strong>: Tratamiento completo, que incluye ortodoncia o Invisalign, aparatos, visitas a la consulta y los ajustes necesarios. Los aparatos deben durar todo el periodo de tratamiento con los cuidados adecuados. En caso de p\u00e9rdida o rotura, pueden aplicarse tasas de reposici\u00f3n.  <\/li><li data-start=\"3146\" data-end=\"3294\"><strong data-start=\"3148\" data-end=\"3161\">Retenedores<\/strong>: Se incluyen dos juegos de <a href=\"https:\/\/allenorthodontist.com\/es\/retenedores-de-ortodoncia\/\">retenedores<\/a> para los casos de ortodoncia integral y completa tras la finalizaci\u00f3n del tratamiento. Los retenedores adicionales pueden conllevar una tarifa de sustituci\u00f3n <\/li><\/ul><h3 data-start=\"3296\" data-end=\"3322\">\u00bfQu\u00e9 no est\u00e1 incluido?<\/h3><ul data-start=\"3323\" data-end=\"3469\"><li data-start=\"3323\" data-end=\"3363\">Trabajo realizado en otras cl\u00ednicas dentales<\/li><li data-start=\"3364\" data-end=\"3469\">El tratamiento de complicaciones inesperadas, como lesiones de mand\u00edbula o problemas de ATM, puede requerir un ajuste de honorarios.<\/li><\/ul><h2 data-start=\"3471\" data-end=\"3820\">Seguro y cesi\u00f3n de prestaciones<\/h2><p data-start=\"3471\" data-end=\"3820\">Aceptamos la asignaci\u00f3n de prestaciones de la mayor\u00eda de los planes de seguro, lo que ayuda a reducir tus gastos de bolsillo. Si tu plan no permite la asignaci\u00f3n, estaremos encantados de presentar reclamaciones para que recibas el reembolso directamente. Si tu seguro cambia antes de realizar el pago completo, ponte en contacto con nosotros lo antes posible para realizar los ajustes pertinentes.  <\/p><h2 data-start=\"3822\" data-end=\"4219\">Opciones de financiaci\u00f3n<\/h2><p data-start=\"3822\" data-end=\"4219\">Nos esforzamos por ofrecer un tratamiento asequible y de alta calidad que se ajuste a tu presupuesto. Ofrecemos diversas opciones de pago para satisfacer tus necesidades, y aceptamos las principales tarjetas de cr\u00e9dito. Tambi\u00e9n ofrecemos opciones de financiaci\u00f3n sin intereses a trav\u00e9s de nuestra oficina. Si tienes alguna pregunta sobre financiaci\u00f3n u opciones de pago, \u00a1no dudes en preguntarnos!   <\/p><h2 data-start=\"4221\" data-end=\"4536\">Horario de oficina y puntualidad en las citas<\/h2><p data-start=\"4221\" data-end=\"4536\">Nos esforzamos por atender a todos los pacientes a tiempo. <a href=\"https:\/\/allenorthodontist.com\/es\/solicitud-de-cita\/\">Las citas<\/a> se programan para que haya tiempo suficiente para el tratamiento y para cualquier pregunta. Para ayudarnos a mantener la puntualidad, te pedimos que llegues puntualmente. Tu cooperaci\u00f3n nos ayuda a garantizar la mejor atenci\u00f3n a cada paciente.  <\/p>\t\t\t\t\t\t\t\t<\/div>\n\t\t\t\t<\/div>\n\t\t\t\t\t<\/div>\n\t\t<\/div>\n\t\t\t\t\t<\/div>\n\t\t<\/section>\n\t\t\t\t<\/div>\n\t\t","protected":false},"excerpt":{"rendered":"<p>Primera visita de ortodoncia en Allen Orthodontist \u00a1Estamos encantados de darte la bienvenida a Allen Orthodontist! Cuando llegues a nuestra consulta, por favor, reg\u00edstrate con nuestra amable recepcionista. Nuestro equipo est\u00e1 aqu\u00ed para asegurar que tu visita sea c\u00f3moda e informativa. Siempre estamos encantados de conocer a nuevos pacientes. Ll\u00e1manos al (972) 390-1100 para programar tu consulta gratuita [&hellip;]<\/p>\n","protected":false},"author":2,"featured_media":0,"parent":0,"menu_order":18,"comment_status":"closed","ping_status":"closed","template":"","meta":{"_seopress_robots_primary_cat":"","_seopress_titles_title":"Primera visita de ortodoncia en Allen Orthodontist","_seopress_titles_desc":"Tu primera visita de ortodoncia al Ortodoncista Allen incluye un examen completo, opciones de tratamiento y financiaci\u00f3n flexible para ayudarte a conseguir una sonrisa sana.","_seopress_robots_index":"","footnotes":""},"class_list":["post-7623","page","type-page","status-publish"],"_links":{"self":[{"href":"https:\/\/allenorthodontist.com\/es\/wp-json\/wp\/v2\/pages\/7623","targetHints":{"allow":["GET"]}}],"collection":[{"href":"https:\/\/allenorthodontist.com\/es\/wp-json\/wp\/v2\/pages"}],"about":[{"href":"https:\/\/allenorthodontist.com\/es\/wp-json\/wp\/v2\/types\/page"}],"author":[{"embeddable":true,"href":"https:\/\/allenorthodontist.com\/es\/wp-json\/wp\/v2\/users\/2"}],"replies":[{"embeddable":true,"href":"https:\/\/allenorthodontist.com\/es\/wp-json\/wp\/v2\/comments?post=7623"}],"version-history":[{"count":7,"href":"https:\/\/allenorthodontist.com\/es\/wp-json\/wp\/v2\/pages\/7623\/revisions"}],"predecessor-version":[{"id":7888,"href":"https:\/\/allenorthodontist.com\/es\/wp-json\/wp\/v2\/pages\/7623\/revisions\/7888"}],"wp:attachment":[{"href":"https:\/\/allenorthodontist.com\/es\/wp-json\/wp\/v2\/media?parent=7623"}],"curies":[{"name":"wp","href":"https:\/\/api.w.org\/{rel}","templated":true}]}}