{"id":7624,"date":"2017-02-06T01:35:10","date_gmt":"2017-02-06T01:35:10","guid":{"rendered":"https:\/\/allenorthodontist.com\/retenedores-de-ortodoncia\/"},"modified":"2025-03-26T19:52:39","modified_gmt":"2025-03-26T19:52:39","slug":"retenedores-de-ortodoncia","status":"publish","type":"page","link":"https:\/\/allenorthodontist.com\/es\/retenedores-de-ortodoncia\/","title":{"rendered":"Retenedores de ortodoncia"},"content":{"rendered":"\t\t<div data-elementor-type=\"wp-page\" data-elementor-id=\"7624\" class=\"elementor elementor-7624 elementor-42\" data-elementor-post-type=\"page\">\n\t\t\t\t<div data-particle_enable=\"false\" data-particle-mobile-disabled=\"false\" class=\"elementor-element elementor-element-0012f6f e-flex e-con-boxed e-con e-parent\" data-id=\"0012f6f\" data-element_type=\"container\" data-e-type=\"container\">\n\t\t\t\t\t<div class=\"e-con-inner\">\n\t\t\t\t<div class=\"elementor-element elementor-element-ebc36b1 elementor-widget elementor-widget-heading\" data-id=\"ebc36b1\" data-element_type=\"widget\" data-e-type=\"widget\" data-widget_type=\"heading.default\">\n\t\t\t\t<div class=\"elementor-widget-container\">\n\t\t\t\t\t<h1 class=\"elementor-heading-title elementor-size-default\">Retenedores de ortodoncia a medida<\/h1>\t\t\t\t<\/div>\n\t\t\t\t<\/div>\n\t\t\t\t\t<\/div>\n\t\t\t\t<\/div>\n\t\t<div data-particle_enable=\"false\" data-particle-mobile-disabled=\"false\" class=\"elementor-element elementor-element-516dbb0 e-flex e-con-boxed e-con e-parent\" data-id=\"516dbb0\" data-element_type=\"container\" data-e-type=\"container\">\n\t\t\t\t\t<div class=\"e-con-inner\">\n\t\t<div data-particle_enable=\"false\" data-particle-mobile-disabled=\"false\" class=\"elementor-element elementor-element-97c6e4e e-con-full e-flex e-con e-child\" data-id=\"97c6e4e\" data-element_type=\"container\" data-e-type=\"container\">\n\t\t\t\t<div class=\"elementor-element elementor-element-5e30e99 elementor-widget elementor-widget-text-editor\" data-id=\"5e30e99\" data-element_type=\"widget\" data-e-type=\"widget\" data-widget_type=\"text-editor.default\">\n\t\t\t\t<div class=\"elementor-widget-container\">\n\t\t\t\t\t\t\t\t\t<p data-start=\"132\" data-end=\"445\">Tu tratamiento de ortodoncia es una inversi\u00f3n en tu sonrisa, y los retenedores ayudan a proteger esa inversi\u00f3n. Llevar los retenedores siguiendo las instrucciones garantiza que tus dientes permanezcan perfectamente alineados durante a\u00f1os. Para mantener los resultados, es fundamental seguir las pautas de cuidado postratamiento que te indicamos a continuaci\u00f3n.  <\/p><h2 data-start=\"447\" data-end=\"472\">Por qu\u00e9 son importantes los retenedores<\/h2><p data-start=\"474\" data-end=\"828\">Una vez retirados los <a href=\"https:\/\/allenorthodontist.com\/es\/tipos-de-ortodoncia\/\">aparatos de ortodoncia<\/a> o los <a href=\"https:\/\/allenorthodontist.com\/es\/invisalign\/\">alineadores transparentes Invisalign<\/a>, tus dientes necesitan tiempo para estabilizarse en sus nuevas posiciones. Los retenedores ayudan a mantenerlos en su sitio mientras el hueso y los tejidos blandos circundantes se adaptan. Para obtener los mejores resultados, es esencial que lleves los retenedores seg\u00fan las indicaciones; no llevarlos puede provocar un movimiento indeseado de los dientes y requerir un nuevo tratamiento.  <\/p>\t\t\t\t\t\t\t\t<\/div>\n\t\t\t\t<\/div>\n\t\t\t\t<\/div>\n\t\t<div data-particle_enable=\"false\" data-particle-mobile-disabled=\"false\" class=\"elementor-element elementor-element-75f7e94 e-con-full e-flex e-con e-child\" data-id=\"75f7e94\" data-element_type=\"container\" data-e-type=\"container\">\n\t\t\t\t<div class=\"elementor-element elementor-element-4f27082 elementor-widget elementor-widget-video\" data-id=\"4f27082\" data-element_type=\"widget\" data-e-type=\"widget\" data-settings=\"{&quot;youtube_url&quot;:&quot;https:\\\/\\\/youtu.be\\\/5pl9vUFL6ZU&quot;,&quot;video_type&quot;:&quot;youtube&quot;,&quot;controls&quot;:&quot;yes&quot;}\" data-widget_type=\"video.default\">\n\t\t\t\t<div class=\"elementor-widget-container\">\n\t\t\t\t\t\t\t<div class=\"elementor-wrapper elementor-open-inline\">\n\t\t\t<div class=\"elementor-video\"><\/div>\t\t<\/div>\n\t\t\t\t\t\t<\/div>\n\t\t\t\t<\/div>\n\t\t\t\t<\/div>\n\t\t\t\t\t<\/div>\n\t\t\t\t<\/div>\n\t\t\t\t<section data-particle_enable=\"false\" data-particle-mobile-disabled=\"false\" class=\"elementor-section elementor-top-section elementor-element elementor-element-0f2000d elementor-section-boxed elementor-section-height-default elementor-section-height-default\" data-id=\"0f2000d\" data-element_type=\"section\" data-e-type=\"section\">\n\t\t\t\t\t\t<div class=\"elementor-container elementor-column-gap-default\">\n\t\t\t\t\t<div class=\"elementor-column elementor-col-100 elementor-top-column elementor-element elementor-element-adc445c\" data-id=\"adc445c\" data-element_type=\"column\" data-e-type=\"column\">\n\t\t\t<div class=\"elementor-widget-wrap elementor-element-populated\">\n\t\t\t\t\t\t<div class=\"elementor-element elementor-element-1e195da elementor-widget elementor-widget-text-editor\" data-id=\"1e195da\" data-element_type=\"widget\" data-e-type=\"widget\" data-widget_type=\"text-editor.default\">\n\t\t\t\t<div class=\"elementor-widget-container\">\n\t\t\t\t\t\t\t\t\t<h2 data-start=\"854\" data-end=\"893\">Tipos de retenedores de ortodoncia<\/h2><h3 data-start=\"895\" data-end=\"924\">Retenedores extra\u00edbles<\/h3><p data-start=\"926\" data-end=\"1068\">Como los dientes se desplazan naturalmente con el tiempo, recomendamos que las personas que se han sometido a un tratamiento de ortodoncia lleven retenedores indefinidamente.<\/p><ul data-start=\"1070\" data-end=\"1788\"><li data-start=\"1070\" data-end=\"1162\"><strong data-start=\"1072\" data-end=\"1092\">Primeros 2-3 meses<\/strong>: Lleva los retenedores <strong data-start=\"1114\" data-end=\"1122\">las 24 horas del d\u00eda<\/strong>, excepto cuando comas o los limpies.  <\/li><li data-start=\"1163\" data-end=\"1455\"><strong data-start=\"1165\" data-end=\"1197\">Despu\u00e9s de 2-3 meses<\/strong>: Puedes pasar a llevarlos <strong data-start=\"1230\" data-end=\"1247\">s\u00f3lo por la noche<\/strong>. Durante este tiempo, <a href=\"https:\/\/allenorthodontist.com\/orthodontist-mojdehi-barnes\/\">la Dra. Maryam Mojdehi-Barnes<\/a> supervisar\u00e1 tus progresos y te dar\u00e1 recomendaciones sobre el ajuste de las muelas del juicio y el retenedor. <\/li><li data-start=\"1456\" data-end=\"1788\"><strong data-start=\"1458\" data-end=\"1483\">Mantenimiento a largo plazo<\/strong>: Una vez evaluadas tus muelas del juicio y establecido un plan de tratamiento, debes seguir llevando los retenedores <strong data-start=\"1605\" data-end=\"1637\">al menos 3-4 noches por semana<\/strong>, a menos que se te indique lo contrario. Con el tiempo, el envejecimiento natural puede hacer que los dientes se desplacen, por lo que el uso constante del retenedor es esencial para mantener tu sonrisa. <\/li><\/ul>\t\t\t\t\t\t\t\t<\/div>\n\t\t\t\t<\/div>\n\t\t\t\t<section data-particle_enable=\"false\" data-particle-mobile-disabled=\"false\" class=\"elementor-section elementor-inner-section elementor-element elementor-element-2f437c8 elementor-section-boxed elementor-section-height-default elementor-section-height-default\" data-id=\"2f437c8\" data-element_type=\"section\" data-e-type=\"section\">\n\t\t\t\t\t\t<div class=\"elementor-container elementor-column-gap-default\">\n\t\t\t\t\t<div class=\"elementor-column elementor-col-50 elementor-inner-column elementor-element elementor-element-53a8473\" data-id=\"53a8473\" data-element_type=\"column\" data-e-type=\"column\">\n\t\t\t<div class=\"elementor-widget-wrap elementor-element-populated\">\n\t\t\t\t\t\t<div class=\"elementor-element elementor-element-18adb2c elementor-widget elementor-widget-heading\" data-id=\"18adb2c\" data-element_type=\"widget\" data-e-type=\"widget\" data-widget_type=\"heading.default\">\n\t\t\t\t<div class=\"elementor-widget-container\">\n\t\t\t\t\t<h4 class=\"elementor-heading-title elementor-size-default\">Retenedor Hawley<\/h4>\t\t\t\t<\/div>\n\t\t\t\t<\/div>\n\t\t\t\t<div class=\"elementor-element elementor-element-8215de6 elementor-widget elementor-widget-text-editor\" data-id=\"8215de6\" data-element_type=\"widget\" data-e-type=\"widget\" data-widget_type=\"text-editor.default\">\n\t\t\t\t<div class=\"elementor-widget-container\">\n\t\t\t\t\t\t\t\t\t<p data-start=\"1817\" data-end=\"1892\">Un retenedor tradicional hecho de acr\u00edlico duradero y alambres de acero inoxidable.<\/p><p data-pm-slice=\"1 1 []\"><picture class=\"aligncenter size-full wp-image-4568\"><source srcset=\"https:\/\/alexander.klsite.dev\/wp-content\/uploads\/2023\/02\/hawley-retainer-white-background-600px.jpg.webp 600w, https:\/\/alexander.klsite.dev\/wp-content\/uploads\/2023\/02\/hawley-retainer-white-background-600px-300x152.jpg.webp 300w\" type=\"image\/webp\" sizes=\"(max-width: 600px) 100vw, 600px\"><\/source><\/picture><\/p>\t\t\t\t\t\t\t\t<\/div>\n\t\t\t\t<\/div>\n\t\t\t\t<div class=\"elementor-element elementor-element-524f94a elementor-widget elementor-widget-image\" data-id=\"524f94a\" data-element_type=\"widget\" data-e-type=\"widget\" data-widget_type=\"image.default\">\n\t\t\t\t<div class=\"elementor-widget-container\">\n\t\t\t\t\t\t\t\t\t\t\t\t\t\t\t<img decoding=\"async\" src=\"https:\/\/allenorthodontist.com\/wp-content\/uploads\/2023\/03\/hawley-retainer-white-background-600px.jpg\" title=\"\" alt=\"\" loading=\"lazy\" \/>\t\t\t\t\t\t\t\t\t\t\t\t\t\t\t<\/div>\n\t\t\t\t<\/div>\n\t\t\t\t\t<\/div>\n\t\t<\/div>\n\t\t\t\t<div class=\"elementor-column elementor-col-50 elementor-inner-column elementor-element elementor-element-ffc3d05\" data-id=\"ffc3d05\" data-element_type=\"column\" data-e-type=\"column\">\n\t\t\t<div class=\"elementor-widget-wrap elementor-element-populated\">\n\t\t\t\t\t\t<div class=\"elementor-element elementor-element-ece7588 elementor-widget elementor-widget-heading\" data-id=\"ece7588\" data-element_type=\"widget\" data-e-type=\"widget\" data-widget_type=\"heading.default\">\n\t\t\t\t<div class=\"elementor-widget-container\">\n\t\t\t\t\t<h4 class=\"elementor-heading-title elementor-size-default\">Retenedor transparente<\/h4>\t\t\t\t<\/div>\n\t\t\t\t<\/div>\n\t\t\t\t<div class=\"elementor-element elementor-element-a1834f6 elementor-widget elementor-widget-text-editor\" data-id=\"a1834f6\" data-element_type=\"widget\" data-e-type=\"widget\" data-widget_type=\"text-editor.default\">\n\t\t\t\t<div class=\"elementor-widget-container\">\n\t\t\t\t\t\t\t\t\t<p data-start=\"1920\" data-end=\"1992\">Un discreto retenedor de pl\u00e1stico transparente parecido a los alineadores Invisalign.<\/p><p data-pm-slice=\"1 1 []\"><picture class=\"aligncenter size-full wp-image-4568\"><source srcset=\"https:\/\/alexander.klsite.dev\/wp-content\/uploads\/2023\/02\/hawley-retainer-white-background-600px.jpg.webp 600w, https:\/\/alexander.klsite.dev\/wp-content\/uploads\/2023\/02\/hawley-retainer-white-background-600px-300x152.jpg.webp 300w\" type=\"image\/webp\" sizes=\"(max-width: 600px) 100vw, 600px\"><\/source><\/picture><\/p>\t\t\t\t\t\t\t\t<\/div>\n\t\t\t\t<\/div>\n\t\t\t\t<div class=\"elementor-element elementor-element-54a5963 elementor-widget elementor-widget-image\" data-id=\"54a5963\" data-element_type=\"widget\" data-e-type=\"widget\" data-widget_type=\"image.default\">\n\t\t\t\t<div class=\"elementor-widget-container\">\n\t\t\t\t\t\t\t\t\t\t\t\t\t\t\t<img decoding=\"async\" src=\"https:\/\/allenorthodontist.com\/wp-content\/uploads\/2023\/03\/iStock-1210031986-clear-retainer-essix-vivera-600px.jpg\" title=\"\" alt=\"\" loading=\"lazy\" \/>\t\t\t\t\t\t\t\t\t\t\t\t\t\t\t<\/div>\n\t\t\t\t<\/div>\n\t\t\t\t\t<\/div>\n\t\t<\/div>\n\t\t\t\t\t<\/div>\n\t\t<\/section>\n\t\t\t\t<div class=\"elementor-element elementor-element-b2f95a2 elementor-widget elementor-widget-text-editor\" data-id=\"b2f95a2\" data-element_type=\"widget\" data-e-type=\"widget\" data-widget_type=\"text-editor.default\">\n\t\t\t\t<div class=\"elementor-widget-container\">\n\t\t\t\t\t\t\t\t\t<h2 data-start=\"1999\" data-end=\"2033\">Cuidado de los retenedores<\/h2><ul data-start=\"2035\" data-end=\"2617\"><li data-start=\"2035\" data-end=\"2162\"><strong data-start=\"2037\" data-end=\"2052\">Limpia a diario<\/strong>: Cep\u00edllate suavemente con un cepillo de dientes y jab\u00f3n suave; las pastillas limpiadoras de dentaduras postizas como Efferdent ayudan a eliminar la acumulaci\u00f3n.<\/li><li data-start=\"2163\" data-end=\"2275\"><strong data-start=\"2165\" data-end=\"2179\">Evita el calor<\/strong>: Mant\u00e9n los retenedores alejados de superficies calientes (lavavajillas, salpicaderos, calefactores) para evitar que se deformen.<\/li><li data-start=\"2276\" data-end=\"2368\"><strong data-start=\"2278\" data-end=\"2296\">Gu\u00e1rdalos adecuadamente<\/strong>: Guarda siempre tus retenedores en su estuche protector cuando no los utilices.<\/li><li data-start=\"2369\" data-end=\"2444\"><strong data-start=\"2371\" data-end=\"2394\">Mant\u00e9nlos alejados de las mascotas<\/strong>: A los perros les encanta masticar los retenedores: \u00a1gu\u00e1rdalos de forma segura!<\/li><li data-start=\"2445\" data-end=\"2617\"><strong data-start=\"2447\" data-end=\"2473\">Sustit\u00fayelos cuando sea necesario<\/strong>: Los retenedores se desgastan con el tiempo. Tu tratamiento incluye dos juegos, pero los retenedores perdidos o da\u00f1ados pueden requerir una sustituci\u00f3n con un coste adicional. <\/li><\/ul><p data-start=\"2619\" data-end=\"2767\">Si tus retenedores est\u00e1n sueltos o rotos, <a href=\"https:\/\/allenorthodontist.com\/es\/oficina-de-allen\/\">ponte en contacto con nuestra consulta<\/a> inmediatamente. Estamos aqu\u00ed para ayudarte a mantener tu sonrisa sana y bonita toda la vida. <\/p><h2 data-start=\"94\" data-end=\"141\">Mant\u00e9n tu sonrisa bonita de por vida<\/h2><p data-start=\"143\" data-end=\"508\">Nuestro objetivo es ayudar a que tu sonrisa se mantenga bella y sana durante toda la vida. Tu colaboraci\u00f3n es esencial para lograr este objetivo. Estamos aqu\u00ed para apoyarte en cada paso del camino, tanto si necesitas orientaci\u00f3n sobre el cuidado de los retenedores como si tienes preguntas sobre tu tratamiento. Si alguna vez necesitas un recambio o un ajuste, ponte en contacto con nosotros, \u00a1siempre estaremos encantados de ayudarte!   <\/p>\t\t\t\t\t\t\t\t<\/div>\n\t\t\t\t<\/div>\n\t\t\t\t\t<\/div>\n\t\t<\/div>\n\t\t\t\t\t<\/div>\n\t\t<\/section>\n\t\t\t\t<\/div>\n\t\t","protected":false},"excerpt":{"rendered":"<p>Retenedores de ortodoncia a medida Tu tratamiento de ortodoncia es una inversi\u00f3n en tu sonrisa, y los retenedores ayudan a proteger esa inversi\u00f3n. Llevar los retenedores siguiendo las instrucciones garantiza que tus dientes permanezcan perfectamente alineados durante a\u00f1os. Para mantener los resultados, es fundamental seguir las pautas de cuidado postratamiento que te indicamos a continuaci\u00f3n. Por qu\u00e9 son [&hellip;]<\/p>\n","protected":false},"author":2,"featured_media":0,"parent":0,"menu_order":53,"comment_status":"closed","ping_status":"closed","template":"","meta":{"_seopress_robots_primary_cat":"","_seopress_titles_title":"Retenedores de ortodoncia personalizados en Allen TX","_seopress_titles_desc":"Los retenedores de ortodoncia evitan que los dientes se desplacen despu\u00e9s del tratamiento, garantizando una alineaci\u00f3n duradera, una sonrisa sana y los mejores resultados con un uso constante.","_seopress_robots_index":"","footnotes":""},"class_list":["post-7624","page","type-page","status-publish"],"_links":{"self":[{"href":"https:\/\/allenorthodontist.com\/es\/wp-json\/wp\/v2\/pages\/7624","targetHints":{"allow":["GET"]}}],"collection":[{"href":"https:\/\/allenorthodontist.com\/es\/wp-json\/wp\/v2\/pages"}],"about":[{"href":"https:\/\/allenorthodontist.com\/es\/wp-json\/wp\/v2\/types\/page"}],"author":[{"embeddable":true,"href":"https:\/\/allenorthodontist.com\/es\/wp-json\/wp\/v2\/users\/2"}],"replies":[{"embeddable":true,"href":"https:\/\/allenorthodontist.com\/es\/wp-json\/wp\/v2\/comments?post=7624"}],"version-history":[{"count":7,"href":"https:\/\/allenorthodontist.com\/es\/wp-json\/wp\/v2\/pages\/7624\/revisions"}],"predecessor-version":[{"id":8090,"href":"https:\/\/allenorthodontist.com\/es\/wp-json\/wp\/v2\/pages\/7624\/revisions\/8090"}],"wp:attachment":[{"href":"https:\/\/allenorthodontist.com\/es\/wp-json\/wp\/v2\/media?parent=7624"}],"curies":[{"name":"wp","href":"https:\/\/api.w.org\/{rel}","templated":true}]}}