{"id":7626,"date":"2017-05-28T15:25:06","date_gmt":"2017-05-28T15:25:06","guid":{"rendered":"https:\/\/allenorthodontist.com\/invisalign\/"},"modified":"2025-03-26T19:52:39","modified_gmt":"2025-03-26T19:52:39","slug":"invisalign","status":"publish","type":"page","link":"https:\/\/allenorthodontist.com\/es\/invisalign\/","title":{"rendered":"Invisalign"},"content":{"rendered":"\t\t<div data-elementor-type=\"wp-page\" data-elementor-id=\"7626\" class=\"elementor elementor-7626 elementor-1133\" data-elementor-post-type=\"page\">\n\t\t\t\t\t\t<section data-particle_enable=\"false\" data-particle-mobile-disabled=\"false\" class=\"elementor-section elementor-top-section elementor-element elementor-element-cd959d9 elementor-section-boxed elementor-section-height-default elementor-section-height-default\" data-id=\"cd959d9\" data-element_type=\"section\" data-e-type=\"section\">\n\t\t\t\t\t\t<div class=\"elementor-container elementor-column-gap-default\">\n\t\t\t\t\t<div class=\"elementor-column elementor-col-100 elementor-top-column elementor-element elementor-element-7fcd531c\" data-id=\"7fcd531c\" data-element_type=\"column\" data-e-type=\"column\">\n\t\t\t<div class=\"elementor-widget-wrap elementor-element-populated\">\n\t\t\t\t\t\t<div class=\"elementor-element elementor-element-00aca0f elementor-widget elementor-widget-heading\" data-id=\"00aca0f\" data-element_type=\"widget\" data-e-type=\"widget\" data-widget_type=\"heading.default\">\n\t\t\t\t<div class=\"elementor-widget-container\">\n\t\t\t\t\t<h1 class=\"elementor-heading-title elementor-size-default\">Proveedor de alineadores transparentes Invisalign en Allen, TX<\/h1>\t\t\t\t<\/div>\n\t\t\t\t<\/div>\n\t\t\t\t<div class=\"elementor-element elementor-element-406dd3c6 elementor-widget elementor-widget-text-editor\" data-id=\"406dd3c6\" data-element_type=\"widget\" data-e-type=\"widget\" data-widget_type=\"text-editor.default\">\n\t\t\t\t<div class=\"elementor-widget-container\">\n\t\t\t\t\t\t\t\t\t<p data-start=\"74\" data-end=\"608\">En Allen Orthodontist, nos dedicamos a ayudarte a conseguir una sonrisa de la que te sientas orgulloso de presumir. Como proveedor certificado de Invisalign\u00ae, <a href=\"https:\/\/allenorthodontist.com\/orthodontist-mojdehi-barnes\/\">la Dra. Maryam Mojdehi-Barnes<\/a> ofrece este tratamiento avanzado y pr\u00e1cticamente invisible para enderezar tus dientes de forma discreta y c\u00f3moda. Con Invisalign, puedes mantener tu estilo de vida activo mientras consigues una sonrisa bellamente alineada. La Dra. Mojdehi-Barnes ha tratado con \u00e9xito a numerosos pacientes con este innovador sistema, adaptando cada plan de tratamiento a tus necesidades particulares.   <\/p>\t\t\t\t\t\t\t\t<\/div>\n\t\t\t\t<\/div>\n\t\t\t\t\t<\/div>\n\t\t<\/div>\n\t\t\t\t\t<\/div>\n\t\t<\/section>\n\t\t<div data-particle_enable=\"false\" data-particle-mobile-disabled=\"false\" class=\"elementor-element elementor-element-a7934e4 e-flex e-con-boxed e-con e-parent\" data-id=\"a7934e4\" data-element_type=\"container\" data-e-type=\"container\">\n\t\t\t\t\t<div class=\"e-con-inner\">\n\t\t<div data-particle_enable=\"false\" data-particle-mobile-disabled=\"false\" class=\"elementor-element elementor-element-3ceb207 e-con-full e-flex e-con e-child\" data-id=\"3ceb207\" data-element_type=\"container\" data-e-type=\"container\">\n\t\t\t\t<div class=\"elementor-element elementor-element-eeb314f elementor-widget elementor-widget-text-editor\" data-id=\"eeb314f\" data-element_type=\"widget\" data-e-type=\"widget\" data-widget_type=\"text-editor.default\">\n\t\t\t\t<div class=\"elementor-widget-container\">\n\t\t\t\t\t\t\t\t\t<h2 data-start=\"52\" data-end=\"663\">\u00bfQu\u00e9 son los alineadores transparentes Invisalign?<\/h2><p data-start=\"52\" data-end=\"663\">Invisalign utiliza una serie de alineadores transparentes hechos a medida para enderezar los dientes m\u00e1s r\u00e1pidamente y con menos visitas a la consulta que <a href=\"https:\/\/allenorthodontist.com\/es\/tipos-de-ortodoncia\/\">los aparatos tradicionales<\/a>. Estos alineadores pr\u00e1cticamente invisibles est\u00e1n fabricados con un pl\u00e1stico suave y c\u00f3modo que minimiza la irritaci\u00f3n de las enc\u00edas y la boca, ofreciendo una forma discreta de transformar tu sonrisa sin comprometer tu aspecto. <\/p><p data-start=\"52\" data-end=\"663\">Utilizando una avanzada tecnolog\u00eda de im\u00e1genes en 3D, cada alineador se adapta meticulosamente para garantizar un ajuste perfecto a cada paciente, proporcionando una opci\u00f3n de tratamiento eficaz y c\u00f3moda en la que conf\u00edan miles de ortodoncistas de todo el mundo.<\/p>\t\t\t\t\t\t\t\t<\/div>\n\t\t\t\t<\/div>\n\t\t\t\t<\/div>\n\t\t<div data-particle_enable=\"false\" data-particle-mobile-disabled=\"false\" class=\"elementor-element elementor-element-09447ac e-con-full e-flex e-con e-child\" data-id=\"09447ac\" data-element_type=\"container\" data-e-type=\"container\">\n\t\t\t\t<div class=\"elementor-element elementor-element-4314324 elementor-widget elementor-widget-video\" data-id=\"4314324\" data-element_type=\"widget\" data-e-type=\"widget\" data-settings=\"{&quot;youtube_url&quot;:&quot;https:\\\/\\\/youtu.be\\\/pOEk3Z0RbWE&quot;,&quot;video_type&quot;:&quot;youtube&quot;,&quot;controls&quot;:&quot;yes&quot;}\" data-widget_type=\"video.default\">\n\t\t\t\t<div class=\"elementor-widget-container\">\n\t\t\t\t\t\t\t<div class=\"elementor-wrapper elementor-open-inline\">\n\t\t\t<div class=\"elementor-video\"><\/div>\t\t<\/div>\n\t\t\t\t\t\t<\/div>\n\t\t\t\t<\/div>\n\t\t\t\t<\/div>\n\t\t\t\t\t<\/div>\n\t\t\t\t<\/div>\n\t\t\t\t<section data-particle_enable=\"false\" data-particle-mobile-disabled=\"false\" class=\"elementor-section elementor-top-section elementor-element elementor-element-28af0ce elementor-section-boxed elementor-section-height-default elementor-section-height-default\" data-id=\"28af0ce\" data-element_type=\"section\" data-e-type=\"section\">\n\t\t\t\t\t\t<div class=\"elementor-container elementor-column-gap-default\">\n\t\t\t\t\t<div class=\"elementor-column elementor-col-100 elementor-top-column elementor-element elementor-element-ca67e11\" data-id=\"ca67e11\" data-element_type=\"column\" data-e-type=\"column\">\n\t\t\t<div class=\"elementor-widget-wrap elementor-element-populated\">\n\t\t\t\t\t\t<div class=\"elementor-element elementor-element-4eae875 elementor-widget elementor-widget-text-editor\" data-id=\"4eae875\" data-element_type=\"widget\" data-e-type=\"widget\" data-widget_type=\"text-editor.default\">\n\t\t\t\t<div class=\"elementor-widget-container\">\n\t\t\t\t\t\t\t\t\t<h2 data-start=\"119\" data-end=\"145\">\u00bfPor qu\u00e9 elegir Invisalign en lugar de ortodoncia?<\/h2><p data-start=\"147\" data-end=\"305\">Invisalign ofrece una serie de ventajas que lo convierten en una opci\u00f3n popular para quienes buscan una soluci\u00f3n de ortodoncia discreta y eficaz. He aqu\u00ed las principales ventajas: <\/p><ul data-start=\"307\" data-end=\"1327\"><li data-start=\"307\" data-end=\"465\"><strong data-start=\"309\" data-end=\"329\">Casi invisibles<\/strong>: Los alineadores Invisalign son transparentes y pr\u00e1cticamente invisibles, lo que te permite enderezar tus dientes sin llamar la atenci\u00f3n sobre tus aparatos.<\/li><li data-start=\"466\" data-end=\"586\"><strong data-start=\"468\" data-end=\"483\">C\u00f3modos<\/strong>: Hechos de pl\u00e1stico liso, los alineadores Invisalign no te irritar\u00e1n las enc\u00edas ni la boca, a diferencia de los aparatos met\u00e1licos.<\/li><li data-start=\"587\" data-end=\"722\"><b>Ajuste personalizado<\/b>: Cada alineador se elabora con precisi\u00f3n mediante una avanzada tecnolog\u00eda de imagen en 3D, lo que garantiza un ajuste perfecto a tu sonrisa \u00fanica.<\/li><li data-start=\"723\" data-end=\"877\"><strong data-start=\"725\" data-end=\"738\">Extra\u00edbles<\/strong>: Qu\u00edtate f\u00e1cilmente los alineadores para comer, beber y cepillarte los dientes, lo que ayuda a mantener una higiene bucal \u00f3ptima y flexibilidad en tu estilo de vida.<\/li><li data-start=\"878\" data-end=\"1024\"><strong data-start=\"880\" data-end=\"893\">Eficaz<\/strong>: Consigue resultados notables en un plazo m\u00e1s breve, normalmente en torno a un a\u00f1o de tratamiento, dependiendo de tus necesidades espec\u00edficas.<\/li><li data-start=\"1025\" data-end=\"1177\"><strong data-start=\"1027\" data-end=\"1052\">Visitas m\u00ednimas a la consulta<\/strong>: Invisalign requiere menos visitas al consultorio que los aparatos tradicionales, lo que lo convierte en una opci\u00f3n c\u00f3moda para las personas ocupadas.<\/li><li data-start=\"1178\" data-end=\"1327\">Apto <strong data-start=\"1180\" data-end=\"1211\">para todos los estilos de vida<\/strong>: Tanto si eres profesional, deportista o estudiante, Invisalign se adapta perfectamente a tus horarios y actividades.<\/li><\/ul><h2 data-start=\"3280\" data-end=\"3312\">Invisalign Teen para adolescentes<\/h2><p data-start=\"3314\" data-end=\"3618\">Para <a href=\"https:\/\/allenorthodontist.com\/es\/ortodoncia-en-adolescentes\/\">los adolescentes<\/a>, Invisalign Teen es una opci\u00f3n. Viene con caracter\u00edsticas especiales, como leng\u00fcetas de erupci\u00f3n para dejar espacio a los molares en desarrollo e indicadores de cumplimiento que ayudan a garantizar que los alineadores se llevan seg\u00fan las indicaciones. Esto facilita a padres y adolescentes el seguimiento de los progresos, garantizando los mejores resultados.  <\/p><h2 data-start=\"3620\" data-end=\"3646\">El coste de Invisalign<\/h2><p data-start=\"3648\" data-end=\"3864\">Invertir en Invisalign es invertir en tu sonrisa y en tu confianza. Creemos en hacer accesible este tratamiento con <a href=\"https:\/\/allenorthodontist.com\/es\/opciones-de-financiacion\/\">planes de pago<\/a> flexibles que se ajusten a tu presupuesto. Estos incluyen:  <\/p><ul data-start=\"3866\" data-end=\"4293\"><li data-start=\"3866\" data-end=\"3948\"><strong data-start=\"3868\" data-end=\"3903\">Opciones de pago inicial<\/strong>: Comienza el tratamiento con unos costes iniciales m\u00e1s bajos.<\/li><li data-start=\"3949\" data-end=\"4016\"><strong data-start=\"3951\" data-end=\"3980\">Pagos mensuales ampliados<\/strong>: Paga en plazos sin intereses.<\/li><li data-start=\"4017\" data-end=\"4126\"><strong data-start=\"4019\" data-end=\"4043\">Asistencia del seguro<\/strong>: Muchos planes de seguro cubren Invisalign, y te ayudaremos a maximizar tus beneficios.<\/li><li data-start=\"4127\" data-end=\"4202\"><strong data-start=\"4129\" data-end=\"4166\">Cuentas de gastos flexibles (FSA<\/strong>): Utiliza tu FSA para pagar el tratamiento.<\/li><li data-start=\"4203\" data-end=\"4293\"><strong data-start=\"4205\" data-end=\"4236\">Aceptamos las principales tarjetas de cr\u00e9dito<\/strong>: Aceptamos la mayor\u00eda de las principales tarjetas de cr\u00e9dito para tu comodidad.<\/li><\/ul><p data-start=\"4295\" data-end=\"4392\">Trabajaremos contigo para verificar la cobertura de tu seguro y asegurarnos de que aprovechas al m\u00e1ximo tu plan.<\/p><h2 data-start=\"4295\" data-end=\"4392\">Proceso del tratamiento de ortodoncia Invisalign<\/h2><p data-start=\"59\" data-end=\"415\">Tu viaje hacia una sonrisa m\u00e1s recta comienza con una serie de alineadores transparentes hechos a medida que van alineando gradualmente tus dientes. Mediante una avanzada tecnolog\u00eda de imagen por ordenador en 3D, creamos un plan de tratamiento personalizado, trazando cada etapa de tu progreso y ofreciendo una representaci\u00f3n virtual del aspecto que tendr\u00e1n tus dientes al final del proceso. <\/p><p data-start=\"417\" data-end=\"907\">Cada juego de alineadores se lleva durante unas dos semanas, con revisiones peri\u00f3dicas para proporcionar nuevos alineadores a medida que tus dientes se mueven hacia su posici\u00f3n ideal. Es importante seguir las instrucciones prescritas para garantizar unos resultados \u00f3ptimos, y la Dra. Mojdehi-Barnes har\u00e1 un seguimiento de tu progreso para asegurarse de que todo va por buen camino. Invisalign puede resolver diversos problemas ortod\u00f3ncicos, pero es esencial que consultes para determinar si este tratamiento se ajusta a tus necesidades particulares.  <\/p><h2 data-start=\"2825\" data-end=\"2864\">Cuidado de los alineadores Invisalign<\/h2><p data-start=\"2866\" data-end=\"3278\">Una de las principales ventajas de Invisalign es su facilidad de limpieza. S\u00f3lo tienes que quitarte los alineadores para cepillarte los dientes y usar hilo dental, y limpiarlos con agua tibia y jab\u00f3n. Es importante que mantengas tu higiene bucal durante todo el tratamiento para evitar la acumulaci\u00f3n de placa, que podr\u00eda causar caries y enfermedades de las enc\u00edas. Al igual que con los aparatos tradicionales, los retenedores postratamiento son esenciales para conservar tu nueva sonrisa.   <\/p><h2 data-start=\"4394\" data-end=\"4428\">\u00bfListo para transformar tu sonrisa?<\/h2><p data-start=\"4430\" data-end=\"4792\">Si te interesa saber m\u00e1s sobre Invisalign y c\u00f3mo puede ayudarte a conseguir una sonrisa m\u00e1s recta y sana, <a href=\"https:\/\/allenorthodontist.com\/es\/solicitud-de-cita\/\">programa hoy mismo tu consulta gratuita<\/a>. Tanto si eres adulto como adolescente, te ofrecemos una atenci\u00f3n personalizada para ayudarte a alcanzar tus objetivos. \u00a1Comienza tu viaje hacia una sonrisa bonita!  <\/p>\t\t\t\t\t\t\t\t<\/div>\n\t\t\t\t<\/div>\n\t\t\t\t\t<\/div>\n\t\t<\/div>\n\t\t\t\t\t<\/div>\n\t\t<\/section>\n\t\t\t\t<\/div>\n\t\t","protected":false},"excerpt":{"rendered":"<p>Proveedor de alineadores transparentes Invisalign en Allen, TX En Allen Orthodontist, nos dedicamos a ayudarte a conseguir una sonrisa de la que te sientas orgulloso de presumir. Como proveedor certificado de Invisalign\u00ae, la Dra. Maryam Mojdehi-Barnes ofrece este tratamiento avanzado y pr\u00e1cticamente invisible para enderezar tus dientes de forma discreta y c\u00f3moda. Con Invisalign, puedes mantener tu estilo [&hellip;]<\/p>\n","protected":false},"author":2,"featured_media":0,"parent":0,"menu_order":55,"comment_status":"closed","ping_status":"closed","template":"","meta":{"_seopress_robots_primary_cat":"","_seopress_titles_title":"Invisalign Provider en Allen TX Alineadores transparentes","_seopress_titles_desc":"El Ortodoncista Allen ofrece alineadores transparentes Invisalign para un tratamiento de ortodoncia discreto y c\u00f3modo, con planes de pago y seguro para el coste de Invisalign.","_seopress_robots_index":"","footnotes":""},"class_list":["post-7626","page","type-page","status-publish"],"_links":{"self":[{"href":"https:\/\/allenorthodontist.com\/es\/wp-json\/wp\/v2\/pages\/7626","targetHints":{"allow":["GET"]}}],"collection":[{"href":"https:\/\/allenorthodontist.com\/es\/wp-json\/wp\/v2\/pages"}],"about":[{"href":"https:\/\/allenorthodontist.com\/es\/wp-json\/wp\/v2\/types\/page"}],"author":[{"embeddable":true,"href":"https:\/\/allenorthodontist.com\/es\/wp-json\/wp\/v2\/users\/2"}],"replies":[{"embeddable":true,"href":"https:\/\/allenorthodontist.com\/es\/wp-json\/wp\/v2\/comments?post=7626"}],"version-history":[{"count":7,"href":"https:\/\/allenorthodontist.com\/es\/wp-json\/wp\/v2\/pages\/7626\/revisions"}],"predecessor-version":[{"id":8105,"href":"https:\/\/allenorthodontist.com\/es\/wp-json\/wp\/v2\/pages\/7626\/revisions\/8105"}],"wp:attachment":[{"href":"https:\/\/allenorthodontist.com\/es\/wp-json\/wp\/v2\/media?parent=7626"}],"curies":[{"name":"wp","href":"https:\/\/api.w.org\/{rel}","templated":true}]}}