{"id":7627,"date":"2017-02-06T15:41:43","date_gmt":"2017-02-06T15:41:43","guid":{"rendered":"https:\/\/allenorthodontist.com\/invisalign-adolescentes\/"},"modified":"2025-03-28T01:28:59","modified_gmt":"2025-03-28T01:28:59","slug":"invisalign-adolescentes","status":"publish","type":"page","link":"https:\/\/allenorthodontist.com\/es\/invisalign-adolescentes\/","title":{"rendered":"Invisalign Adolescentes"},"content":{"rendered":"\t\t<div data-elementor-type=\"wp-page\" data-elementor-id=\"7627\" class=\"elementor elementor-7627\" data-elementor-post-type=\"page\">\n\t\t\t\t\t\t<section data-particle_enable=\"false\" data-particle-mobile-disabled=\"false\" class=\"elementor-section elementor-top-section elementor-element elementor-element-c4237ce elementor-section-boxed elementor-section-height-default elementor-section-height-default\" data-id=\"c4237ce\" data-element_type=\"section\" data-e-type=\"section\">\n\t\t\t\t\t\t<div class=\"elementor-container elementor-column-gap-default\">\n\t\t\t\t\t<div class=\"elementor-column elementor-col-100 elementor-top-column elementor-element elementor-element-55370d88\" data-id=\"55370d88\" data-element_type=\"column\" data-e-type=\"column\">\n\t\t\t<div class=\"elementor-widget-wrap elementor-element-populated\">\n\t\t\t\t\t\t<div class=\"elementor-element elementor-element-575eb43b elementor-widget elementor-widget-text-editor\" data-id=\"575eb43b\" data-element_type=\"widget\" data-e-type=\"widget\" data-widget_type=\"text-editor.default\">\n\t\t\t\t<div class=\"elementor-widget-container\">\n\t\t\t\t\t\t\t\t\t<h2>[drfullname]<\/strong>  es un proveedor certificado de Invisalign Teen en  [citynames]<\/strong><\/h2>\n\u00bfNo te gusta tener que llevar ortodoncia? Invisalign Teen te ofrece una forma totalmente nueva de perfeccionar tu sonrisa, \u00a1sin que nadie se d\u00e9 cuenta!\n\n<strong>Ya tengo bastante de qu\u00e9 preocuparme . . .\n. .<\/strong>\u00bfahora yo tambi\u00e9n necesito ortodoncia?\n\nEl equipo tiene un partido este viernes por la noche, la fiesta de bienvenida es dentro de un mes y \u00bfqu\u00e9 pasa con las fotos de mi anuario?\nTu vida es ajetreada, no te estreses por tus dientes; con Invisalign Teen no tendr\u00e1s que rechazar ninguna cita, llevar una bolsa de papel en la cabeza ni esconderte en tu habitaci\u00f3n durante dos a\u00f1os. Los alineadores Invisalign Teen se adaptan perfectamente a tu estilo de vida, porque los alineadores son:\n<ul>\n \t<li>Claro<\/li>\n \t<li>Extra\u00edble<\/li>\n \t<li>S\u00faper c\u00f3modo<\/li>\n \t<li>A tu medida<\/li>\n \t<li>\n<\/li><\/ul>\n<strong>Pizza, palomitas&#8230; \u00a1no hay problema!<\/strong>  Seguramente habr\u00e1s o\u00eddo decir a tus amigos que con los aparatos dentales no podr\u00e1s comer nada. \u00a1Con Invisalign Teen puedes comer lo que quieras! Invisalign es estupendo porque los alineadores extra\u00edbles no conllevan cambios en la dieta. Puedes  <span style=\"font-family: -apple-system, BlinkMacSystemFont, 'Segoe UI', Roboto, 'Helvetica Neue', Arial, 'Noto Sans', sans-serif, 'Apple Color Emoji', 'Segoe UI Emoji', 'Segoe UI Symbol', 'Noto Color Emoji'; font-size: 1rem;\">come todo lo que te gusta sin preocuparte de romper un soporte o perder una goma el\u00e1stica. Salud.  <\/span><strong style=\"font-family: -apple-system, BlinkMacSystemFont, 'Segoe UI', Roboto, 'Helvetica Neue', Arial, 'Noto Sans', sans-serif, 'Apple Color Emoji', 'Segoe UI Emoji', 'Segoe UI Symbol', 'Noto Color Emoji'; font-size: 1rem;\">Es tu vida, \u00a1mantenla as\u00ed!<\/strong>\t\t\t\t\t\t\t\t<\/div>\n\t\t\t\t<\/div>\n\t\t\t\t\t<\/div>\n\t\t<\/div>\n\t\t\t\t\t<\/div>\n\t\t<\/section>\n\t\t\t\t<section data-particle_enable=\"false\" data-particle-mobile-disabled=\"false\" class=\"elementor-section elementor-top-section elementor-element elementor-element-851d061 elementor-section-boxed elementor-section-height-default elementor-section-height-default\" data-id=\"851d061\" data-element_type=\"section\" data-e-type=\"section\">\n\t\t\t\t\t\t<div class=\"elementor-container elementor-column-gap-default\">\n\t\t\t\t\t<div class=\"elementor-column elementor-col-100 elementor-top-column elementor-element elementor-element-8823e42\" data-id=\"8823e42\" data-element_type=\"column\" data-e-type=\"column\">\n\t\t\t<div class=\"elementor-widget-wrap elementor-element-populated\">\n\t\t\t\t\t\t<div class=\"elementor-element elementor-element-aaf1d34 elementor-widget elementor-widget-video\" data-id=\"aaf1d34\" data-element_type=\"widget\" data-e-type=\"widget\" data-settings=\"{&quot;youtube_url&quot;:&quot;https:\\\/\\\/youtu.be\\\/CLVdzx29ihY&quot;,&quot;show_image_overlay&quot;:&quot;yes&quot;,&quot;image_overlay&quot;:{&quot;url&quot;:&quot;https:\\\/\\\/allenorthodontist.com\\\/wp-content\\\/uploads\\\/2016\\\/02\\\/Invisalign-Teen-Video-Cover-2018.jpg&quot;,&quot;id&quot;:2923,&quot;size&quot;:&quot;&quot;,&quot;alt&quot;:&quot;&quot;,&quot;source&quot;:&quot;library&quot;},&quot;video_type&quot;:&quot;youtube&quot;,&quot;controls&quot;:&quot;yes&quot;}\" data-widget_type=\"video.default\">\n\t\t\t\t<div class=\"elementor-widget-container\">\n\t\t\t\t\t\t\t<div class=\"elementor-wrapper elementor-open-inline\">\n\t\t\t<div class=\"elementor-video\"><\/div>\t\t\t\t<div class=\"elementor-custom-embed-image-overlay\" style=\"background-image: url();\">\n\t\t\t\t\t\t\t\t\t\t\t\t\t\t<\/div>\n\t\t\t\t\t<\/div>\n\t\t\t\t\t\t<\/div>\n\t\t\t\t<\/div>\n\t\t\t\t\t<\/div>\n\t\t<\/div>\n\t\t\t\t\t<\/div>\n\t\t<\/section>\n\t\t\t\t<section data-particle_enable=\"false\" data-particle-mobile-disabled=\"false\" class=\"elementor-section elementor-top-section elementor-element elementor-element-e5e619d elementor-section-boxed elementor-section-height-default elementor-section-height-default\" data-id=\"e5e619d\" data-element_type=\"section\" data-e-type=\"section\">\n\t\t\t\t\t\t<div class=\"elementor-container elementor-column-gap-default\">\n\t\t\t\t\t<div class=\"elementor-column elementor-col-100 elementor-top-column elementor-element elementor-element-1900d04\" data-id=\"1900d04\" data-element_type=\"column\" data-e-type=\"column\">\n\t\t\t<div class=\"elementor-widget-wrap elementor-element-populated\">\n\t\t\t\t\t\t<div class=\"elementor-element elementor-element-425be97 elementor-widget elementor-widget-text-editor\" data-id=\"425be97\" data-element_type=\"widget\" data-e-type=\"widget\" data-widget_type=\"text-editor.default\">\n\t\t\t\t<div class=\"elementor-widget-container\">\n\t\t\t\t\t\t\t\t\t<p>Los alineadores Invisalign son realmente c\u00f3modos y muy duraderos. Encajan con todas tus actividades extraescolares. As\u00ed que, tanto si vas a un partido, a un ensayo o a salir por la noche, no tienes que preocuparte de que los aparatos se interpongan en tu camino.<\/p><p>Llama hoy para una consulta GRATUITA \u00bfQu\u00e9 tienes que perder?<\/p>\t\t\t\t\t\t\t\t<\/div>\n\t\t\t\t<\/div>\n\t\t\t\t\t<\/div>\n\t\t<\/div>\n\t\t\t\t\t<\/div>\n\t\t<\/section>\n\t\t\t\t<\/div>\n\t\t","protected":false},"excerpt":{"rendered":"<p>[drfullname] es un proveedor certificado de Invisalign Teen en [citynames] \u00bfNo te gusta tener que llevar ortodoncia? Invisalign Teen te ofrece una forma totalmente nueva de perfeccionar tu sonrisa, \u00a1sin que nadie se d\u00e9 cuenta! Ya tengo bastante de qu\u00e9 preocuparme . . . . .\u00bfahora yo tambi\u00e9n necesito ortodoncia? El equipo tiene un partido este viernes por [&hellip;]<\/p>\n","protected":false},"author":2,"featured_media":0,"parent":0,"menu_order":89,"comment_status":"closed","ping_status":"closed","template":"","meta":{"_seopress_robots_primary_cat":"","_seopress_titles_title":"","_seopress_titles_desc":"","_seopress_robots_index":"","footnotes":""},"class_list":["post-7627","page","type-page","status-publish"],"_links":{"self":[{"href":"https:\/\/allenorthodontist.com\/es\/wp-json\/wp\/v2\/pages\/7627","targetHints":{"allow":["GET"]}}],"collection":[{"href":"https:\/\/allenorthodontist.com\/es\/wp-json\/wp\/v2\/pages"}],"about":[{"href":"https:\/\/allenorthodontist.com\/es\/wp-json\/wp\/v2\/types\/page"}],"author":[{"embeddable":true,"href":"https:\/\/allenorthodontist.com\/es\/wp-json\/wp\/v2\/users\/2"}],"replies":[{"embeddable":true,"href":"https:\/\/allenorthodontist.com\/es\/wp-json\/wp\/v2\/comments?post=7627"}],"version-history":[{"count":1,"href":"https:\/\/allenorthodontist.com\/es\/wp-json\/wp\/v2\/pages\/7627\/revisions"}],"predecessor-version":[{"id":7636,"href":"https:\/\/allenorthodontist.com\/es\/wp-json\/wp\/v2\/pages\/7627\/revisions\/7636"}],"wp:attachment":[{"href":"https:\/\/allenorthodontist.com\/es\/wp-json\/wp\/v2\/media?parent=7627"}],"curies":[{"name":"wp","href":"https:\/\/api.w.org\/{rel}","templated":true}]}}