{"id":7628,"date":"2017-02-06T11:24:42","date_gmt":"2017-02-06T11:24:42","guid":{"rendered":"https:\/\/allenorthodontist.com\/acerca-de-la-certificacion-de-la-junta\/"},"modified":"2025-03-26T19:52:32","modified_gmt":"2025-03-26T19:52:32","slug":"acerca-de-la-certificacion-de-la-junta","status":"publish","type":"page","link":"https:\/\/allenorthodontist.com\/es\/acerca-de-la-certificacion-de-la-junta\/","title":{"rendered":"Acerca de la certificaci\u00f3n de la Junta"},"content":{"rendered":"\t\t<div data-elementor-type=\"wp-page\" data-elementor-id=\"7628\" class=\"elementor elementor-7628 elementor-1639\" data-elementor-post-type=\"page\">\n\t\t\t\t\t\t<section data-particle_enable=\"false\" data-particle-mobile-disabled=\"false\" class=\"elementor-section elementor-top-section elementor-element elementor-element-5a486773 elementor-section-boxed elementor-section-height-default elementor-section-height-default\" data-id=\"5a486773\" data-element_type=\"section\" data-e-type=\"section\">\n\t\t\t\t\t\t<div class=\"elementor-container elementor-column-gap-default\">\n\t\t\t\t\t<div class=\"elementor-column elementor-col-100 elementor-top-column elementor-element elementor-element-f9d0571\" data-id=\"f9d0571\" data-element_type=\"column\" data-e-type=\"column\">\n\t\t\t<div class=\"elementor-widget-wrap elementor-element-populated\">\n\t\t\t\t\t\t<div class=\"elementor-element elementor-element-37f8c0f elementor-widget elementor-widget-heading\" data-id=\"37f8c0f\" data-element_type=\"widget\" data-e-type=\"widget\" data-widget_type=\"heading.default\">\n\t\t\t\t<div class=\"elementor-widget-container\">\n\t\t\t\t\t<h1 class=\"elementor-heading-title elementor-size-default\">Ortodoncista certificado<\/h1>\t\t\t\t<\/div>\n\t\t\t\t<\/div>\n\t\t\t\t<div class=\"elementor-element elementor-element-33e0cecf elementor-widget elementor-widget-text-editor\" data-id=\"33e0cecf\" data-element_type=\"widget\" data-e-type=\"widget\" data-widget_type=\"text-editor.default\">\n\t\t\t\t<div class=\"elementor-widget-container\">\n\t\t\t\t\t\t\t\t\t<h2 data-start=\"108\" data-end=\"151\">\u00bfTodos los ortodoncistas est\u00e1n colegiados?<\/h2><p data-start=\"153\" data-end=\"510\">No todos los ortodoncistas est\u00e1n colegiados. Aunque todos los ortodoncistas deben tener licencia para ejercer, menos de la mitad obtienen la certificaci\u00f3n de la junta. La certificaci\u00f3n de la Junta Americana de Ortodoncia (ABO) es un hito importante que va m\u00e1s all\u00e1 de los dos o tres a\u00f1os de formaci\u00f3n avanzada necesarios para convertirse en especialista en ortodoncia.  <\/p><p data-start=\"512\" data-end=\"920\">Para obtener esta certificaci\u00f3n, los ortodoncistas deben presentar informes de casos detallados que demuestren su experiencia en el tratamiento de una amplia gama de casos de pacientes. Adem\u00e1s, se someten a una exhaustiva entrevista con un panel de examinadores para evaluar sus habilidades cl\u00ednicas, conocimientos y criterio. La certificaci\u00f3n de la Junta es totalmente voluntaria, pero significa un alto nivel de dedicaci\u00f3n y logros en la atenci\u00f3n ortod\u00f3ncica.  <\/p><h2 data-start=\"927\" data-end=\"1001\">\u00bfCu\u00e1ntas juntas de certificaci\u00f3n reconoce la ADA en ortodoncia?<\/h2><p data-start=\"1003\" data-end=\"1150\">S\u00f3lo hay una junta certificadora en ortodoncia reconocida por la Asociaci\u00f3n Dental Americana (ADA): la Junta Americana de Ortodoncia (ABO).<\/p><p data-start=\"1152\" data-end=\"1394\">Fundada en 1929, la ABO es la junta especializada m\u00e1s antigua de la odontolog\u00eda. Su misi\u00f3n es elevar la calidad de la atenci\u00f3n ortod\u00f3ncica mediante la certificaci\u00f3n, la educaci\u00f3n y la colaboraci\u00f3n profesional, promoviendo la excelencia en toda la profesi\u00f3n. <\/p><h2 data-start=\"1401\" data-end=\"1454\">\u00bfPor qu\u00e9 los ortodoncistas buscan la certificaci\u00f3n de la Junta?<\/h2><p data-start=\"1456\" data-end=\"1661\">La certificaci\u00f3n de la Junta demuestra el compromiso de un ortodoncista con los m\u00e1s altos niveles de atenci\u00f3n al paciente. Al someterse voluntariamente al riguroso proceso de examen, los ortodoncistas demuestran su dedicaci\u00f3n a: <\/p><ul data-start=\"1663\" data-end=\"1826\"><li data-start=\"1663\" data-end=\"1723\">Estar al d\u00eda de los \u00faltimos avances en ortodoncia<\/li><li data-start=\"1724\" data-end=\"1768\">Prestar una asistencia de alta calidad a los pacientes<\/li><li data-start=\"1769\" data-end=\"1826\">Mantener los est\u00e1ndares de la profesi\u00f3n ortod\u00f3ncica<\/li><\/ul><p data-start=\"1828\" data-end=\"1981\">Muchos ortodoncistas consideran la certificaci\u00f3n de la junta como un logro personal y profesional que refleja su dedicaci\u00f3n a la excelencia en su especialidad.<\/p>\t\t\t\t\t\t\t\t<\/div>\n\t\t\t\t<\/div>\n\t\t\t\t<section data-particle_enable=\"false\" data-particle-mobile-disabled=\"false\" class=\"elementor-section elementor-inner-section elementor-element elementor-element-a045f1a elementor-reverse-tablet elementor-reverse-mobile elementor-section-boxed elementor-section-height-default elementor-section-height-default\" data-id=\"a045f1a\" data-element_type=\"section\" data-e-type=\"section\">\n\t\t\t\t\t\t<div class=\"elementor-container elementor-column-gap-default\">\n\t\t\t\t\t<div class=\"elementor-column elementor-col-50 elementor-inner-column elementor-element elementor-element-84c6575\" data-id=\"84c6575\" data-element_type=\"column\" data-e-type=\"column\">\n\t\t\t<div class=\"elementor-widget-wrap elementor-element-populated\">\n\t\t\t\t\t\t<div class=\"elementor-element elementor-element-d9af744 elementor-widget elementor-widget-text-editor\" data-id=\"d9af744\" data-element_type=\"widget\" data-e-type=\"widget\" data-widget_type=\"text-editor.default\">\n\t\t\t\t<div class=\"elementor-widget-container\">\n\t\t\t\t\t\t\t\t\t<h2 data-start=\"1988\" data-end=\"2041\">\u00bfEn qu\u00e9 consiste el proceso de certificaci\u00f3n ABO?<\/h2><p data-start=\"2043\" data-end=\"2202\">El proceso de certificaci\u00f3n de la ABO ha evolucionado desde su fundaci\u00f3n en 1929 para reflejar las crecientes demandas de la especialidad. En la actualidad, incluye los siguientes pasos: <\/p><ol data-start=\"2204\" data-end=\"2712\"><li data-start=\"2204\" data-end=\"2370\"><strong data-start=\"2207\" data-end=\"2231\">Examen escrito:<\/strong> Un examen exhaustivo de 240 preguntas que abarca todas las \u00e1reas de conocimiento de la ortodoncia. Aprobar este examen es el primer paso hacia la certificaci\u00f3n. <\/li><li data-start=\"2371\" data-end=\"2528\"><strong data-start=\"2374\" data-end=\"2399\">Examen cl\u00ednico:<\/strong> Los candidatos presentan informes detallados de casos de su consulta o residencia, que demuestran un historial de atenci\u00f3n excepcional a los pacientes.<\/li><li data-start=\"2529\" data-end=\"2712\"><strong data-start=\"2532\" data-end=\"2553\">Examen oral:<\/strong> Los informes de casos son revisados por un grupo de examinadores, seguido de un debate sobre diversos temas acad\u00e9micos y cl\u00ednicos para evaluar los conocimientos del candidato.<\/li><\/ol><p data-start=\"2714\" data-end=\"2946\">Una vez completados todos los pasos, el ortodoncista obtiene la certificaci\u00f3n de la junta durante un periodo de tiempo limitado. La certificaci\u00f3n debe renovarse cada 10 a\u00f1os mediante la demostraci\u00f3n continuada de una atenci\u00f3n al paciente de alta calidad para mantener este estatus. <\/p><p data-start=\"2953\" data-end=\"3191\">Esta certificaci\u00f3n refleja la dedicaci\u00f3n de un ortodoncista a su oficio y a proporcionar la mejor atenci\u00f3n posible a sus pacientes. M\u00e1s informaci\u00f3n sobre la <a href=\"https:\/\/www.americanboardortho.com\/\" target=\"_blank\" rel=\"noopener\">Junta Americana de Ortodoncia<\/a>. <\/p>\t\t\t\t\t\t\t\t<\/div>\n\t\t\t\t<\/div>\n\t\t\t\t\t<\/div>\n\t\t<\/div>\n\t\t\t\t<div class=\"elementor-column elementor-col-50 elementor-inner-column elementor-element elementor-element-10ef90b\" data-id=\"10ef90b\" data-element_type=\"column\" data-e-type=\"column\">\n\t\t\t<div class=\"elementor-widget-wrap elementor-element-populated\">\n\t\t\t\t\t\t<div class=\"elementor-element elementor-element-7ab9863 elementor-widget elementor-widget-image\" data-id=\"7ab9863\" data-element_type=\"widget\" data-e-type=\"widget\" data-widget_type=\"image.default\">\n\t\t\t\t<div class=\"elementor-widget-container\">\n\t\t\t\t\t\t\t\t\t\t\t\t\t\t\t\t<a href=\"https:\/\/allenorthodontist.com\/wp-content\/uploads\/2022\/12\/ABO.jpg\" data-elementor-open-lightbox=\"yes\" data-e-action-hash=\"#elementor-action%3Aaction%3Dlightbox%26settings%3DeyJpZCI6MzY0MSwidXJsIjpmYWxzZX0%3D\">\n\t\t\t\t\t\t\t<img decoding=\"async\" src=\"https:\/\/allenorthodontist.com\/wp-content\/uploads\/2022\/12\/ABO.jpg\" title=\"\" alt=\"\" loading=\"lazy\" \/>\t\t\t\t\t\t\t\t<\/a>\n\t\t\t\t\t\t\t\t\t\t\t\t\t\t\t<\/div>\n\t\t\t\t<\/div>\n\t\t\t\t\t<\/div>\n\t\t<\/div>\n\t\t\t\t\t<\/div>\n\t\t<\/section>\n\t\t\t\t\t<\/div>\n\t\t<\/div>\n\t\t\t\t\t<\/div>\n\t\t<\/section>\n\t\t\t\t<\/div>\n\t\t","protected":false},"excerpt":{"rendered":"<p>Ortodoncista certificado \u00bfTodos los ortodoncistas est\u00e1n colegiados? No todos los ortodoncistas est\u00e1n colegiados. Aunque todos los ortodoncistas deben tener licencia para ejercer, menos de la mitad obtienen la certificaci\u00f3n de la junta. La certificaci\u00f3n de la Junta Americana de Ortodoncia (ABO) es un hito importante que va m\u00e1s all\u00e1 de los dos o tres a\u00f1os de formaci\u00f3n avanzada [&hellip;]<\/p>\n","protected":false},"author":2,"featured_media":0,"parent":0,"menu_order":9,"comment_status":"closed","ping_status":"closed","template":"","meta":{"_seopress_robots_primary_cat":"","_seopress_titles_title":"Ortodoncista Certificado en Allen TX","_seopress_titles_desc":"Los ortodoncistas colegiados alcanzan el m\u00e1s alto nivel de atenci\u00f3n mediante pruebas rigurosas y formaci\u00f3n continua, lo que garantiza resultados de tratamiento expertos.","_seopress_robots_index":"","footnotes":""},"class_list":["post-7628","page","type-page","status-publish"],"_links":{"self":[{"href":"https:\/\/allenorthodontist.com\/es\/wp-json\/wp\/v2\/pages\/7628","targetHints":{"allow":["GET"]}}],"collection":[{"href":"https:\/\/allenorthodontist.com\/es\/wp-json\/wp\/v2\/pages"}],"about":[{"href":"https:\/\/allenorthodontist.com\/es\/wp-json\/wp\/v2\/types\/page"}],"author":[{"embeddable":true,"href":"https:\/\/allenorthodontist.com\/es\/wp-json\/wp\/v2\/users\/2"}],"replies":[{"embeddable":true,"href":"https:\/\/allenorthodontist.com\/es\/wp-json\/wp\/v2\/comments?post=7628"}],"version-history":[{"count":1,"href":"https:\/\/allenorthodontist.com\/es\/wp-json\/wp\/v2\/pages\/7628\/revisions"}],"predecessor-version":[{"id":7640,"href":"https:\/\/allenorthodontist.com\/es\/wp-json\/wp\/v2\/pages\/7628\/revisions\/7640"}],"wp:attachment":[{"href":"https:\/\/allenorthodontist.com\/es\/wp-json\/wp\/v2\/media?parent=7628"}],"curies":[{"name":"wp","href":"https:\/\/api.w.org\/{rel}","templated":true}]}}