{"id":7641,"date":"2022-06-14T18:51:40","date_gmt":"2022-06-14T18:51:40","guid":{"rendered":"https:\/\/allenorthodontist.com\/alineadores-transparentes-spark\/"},"modified":"2025-03-28T01:29:39","modified_gmt":"2025-03-28T01:29:39","slug":"alineadores-transparentes-spark","status":"publish","type":"page","link":"https:\/\/allenorthodontist.com\/es\/alineadores-transparentes-spark\/","title":{"rendered":"Alineadores transparentes Spark"},"content":{"rendered":"\t\t<div data-elementor-type=\"wp-page\" data-elementor-id=\"7641\" class=\"elementor elementor-7641\" data-elementor-post-type=\"page\">\n\t\t\t\t\t\t<section data-particle_enable=\"false\" data-particle-mobile-disabled=\"false\" class=\"elementor-section elementor-top-section elementor-element elementor-element-07a0675 elementor-section-boxed elementor-section-height-default elementor-section-height-default\" data-id=\"07a0675\" data-element_type=\"section\" data-e-type=\"section\">\n\t\t\t\t\t\t<div class=\"elementor-container elementor-column-gap-default\">\n\t\t\t\t\t<div class=\"elementor-column elementor-col-100 elementor-top-column elementor-element elementor-element-ea9f01a\" data-id=\"ea9f01a\" data-element_type=\"column\" data-e-type=\"column\">\n\t\t\t<div class=\"elementor-widget-wrap elementor-element-populated\">\n\t\t\t\t\t\t<div class=\"elementor-element elementor-element-0ef935c elementor-widget elementor-widget-text-editor\" data-id=\"0ef935c\" data-element_type=\"widget\" data-e-type=\"widget\" data-widget_type=\"text-editor.default\">\n\t\t\t\t<div class=\"elementor-widget-container\">\n\t\t\t\t\t\t\t\t\t<p><img fetchpriority=\"high\" decoding=\"async\" class=\"alignright size-medium wp-image-3415\" src=\"https:\/\/allenorthodontist.com\/wp-content\/uploads\/2022\/06\/orthodontics-spark-product2-300x251.webp\" alt=\"\" width=\"300\" height=\"251\">Pueden enderezar los dientes y crear sonrisas sanas y bonitas, sin las molestias de los alambres, bandas y aparatos met\u00e1licos. Los alineadores transparentes Spark son de los m\u00e1s discretos y c\u00f3modos que existen actualmente en el mercado. La comodidad del paciente es la prioridad n\u00famero uno, por lo que cada alineador se recorta a mano individualmente.  <\/p><p>Los alineadores transparentes Spark incorporan im\u00e1genes y dise\u00f1o 3D de alta tecnolog\u00eda para crear tratamientos personalizados adaptados a cada paciente. Podemos ayudarte a conseguir la sonrisa de tus sue\u00f1os de forma eficaz y eficiente utilizando los alineadores transparentes Spark. <\/p><p>En <strong>[PRACTICE NAME], estamos orgullosos de ofrecer los Alineadores transparentes Spark. Es el producto de nueva generaci\u00f3n en el campo de los alineadores transparentes. Los alineadores Spark elevan el tratamiento con alineadores transparentes y ofrecen muchas ventajas sobre Invisalign\u00ae.<\/strong>   <\/p>\t\t\t\t\t\t\t\t<\/div>\n\t\t\t\t<\/div>\n\t\t\t\t\t<\/div>\n\t\t<\/div>\n\t\t\t\t\t<\/div>\n\t\t<\/section>\n\t\t\t\t<section data-particle_enable=\"false\" data-particle-mobile-disabled=\"false\" class=\"elementor-section elementor-top-section elementor-element elementor-element-21d5b49 elementor-section-boxed elementor-section-height-default elementor-section-height-default\" data-id=\"21d5b49\" data-element_type=\"section\" data-e-type=\"section\">\n\t\t\t\t\t\t<div class=\"elementor-container elementor-column-gap-default\">\n\t\t\t\t\t<div class=\"elementor-column elementor-col-100 elementor-top-column elementor-element elementor-element-600f0be\" data-id=\"600f0be\" data-element_type=\"column\" data-e-type=\"column\">\n\t\t\t<div class=\"elementor-widget-wrap elementor-element-populated\">\n\t\t\t\t\t\t<div class=\"elementor-element elementor-element-361910e elementor-widget elementor-widget-text-editor\" data-id=\"361910e\" data-element_type=\"widget\" data-e-type=\"widget\" data-widget_type=\"text-editor.default\">\n\t\t\t\t<div class=\"elementor-widget-container\">\n\t\t\t\t\t\t\t\t\t<h2>Por qu\u00e9 elegir Spark<\/h2><ul><li>Los alineadores son casi invisibles y son esencialmente los alineadores m\u00e1s claros\/invisibles del mercado.<\/li><li>Bordes recortados y alisados a mano, festoneados alrededor de cada diente para proporcionar mayor comodidad.<\/li><li>Los alineadores muestran una mayor resistencia a las manchas en comparaci\u00f3n con la marca l\u00edder de alineadores.<\/li><li>Todos los alineadores Spark est\u00e1n libres de BPA, mercurio, l\u00e1tex y ftalatos, lo que los convierte en uno de los productos m\u00e1s hipoalerg\u00e9nicos que existen.<\/li><li>Al igual que Invisalign\u00ae, los alineadores Spark son extra\u00edbles, lo que te permite disfrutar de los alimentos que te gustan sin la molestia de romper los brackets. Su naturaleza extra\u00edble hace que cepillarse los dientes y usar hilo dental con regularidad sea pan comido. <\/li><li>Se necesitan menos citas en total a lo largo del tratamiento en comparaci\u00f3n con los aparatos de ortodoncia. Por no hablar de que las citas son f\u00e1ciles, r\u00e1pidas e indoloras. <\/li><\/ul>\t\t\t\t\t\t\t\t<\/div>\n\t\t\t\t<\/div>\n\t\t\t\t\t<\/div>\n\t\t<\/div>\n\t\t\t\t\t<\/div>\n\t\t<\/section>\n\t\t\t\t<section data-particle_enable=\"false\" data-particle-mobile-disabled=\"false\" class=\"elementor-section elementor-top-section elementor-element elementor-element-326c07b elementor-section-boxed elementor-section-height-default elementor-section-height-default\" data-id=\"326c07b\" data-element_type=\"section\" data-e-type=\"section\">\n\t\t\t\t\t\t<div class=\"elementor-container elementor-column-gap-default\">\n\t\t\t\t\t<div class=\"elementor-column elementor-col-100 elementor-top-column elementor-element elementor-element-7443f93\" data-id=\"7443f93\" data-element_type=\"column\" data-e-type=\"column\">\n\t\t\t<div class=\"elementor-widget-wrap elementor-element-populated\">\n\t\t\t\t\t\t<div class=\"elementor-element elementor-element-320beae elementor-widget elementor-widget-heading\" data-id=\"320beae\" data-element_type=\"widget\" data-e-type=\"widget\" data-widget_type=\"heading.default\">\n\t\t\t\t<div class=\"elementor-widget-container\">\n\t\t\t\t\t<h2 class=\"elementor-heading-title elementor-size-default\">M\u00e1s claro<\/h2>\t\t\t\t<\/div>\n\t\t\t\t<\/div>\n\t\t\t\t\t<\/div>\n\t\t<\/div>\n\t\t\t\t\t<\/div>\n\t\t<\/section>\n\t\t\t\t<section data-particle_enable=\"false\" data-particle-mobile-disabled=\"false\" class=\"elementor-section elementor-top-section elementor-element elementor-element-e529f94 elementor-section-boxed elementor-section-height-default elementor-section-height-default\" data-id=\"e529f94\" data-element_type=\"section\" data-e-type=\"section\">\n\t\t\t\t\t\t<div class=\"elementor-container elementor-column-gap-default\">\n\t\t\t\t\t<div class=\"elementor-column elementor-col-50 elementor-top-column elementor-element elementor-element-f1fb784\" data-id=\"f1fb784\" data-element_type=\"column\" data-e-type=\"column\">\n\t\t\t<div class=\"elementor-widget-wrap elementor-element-populated\">\n\t\t\t\t\t\t<div class=\"elementor-element elementor-element-e1e5817 elementor-widget elementor-widget-image\" data-id=\"e1e5817\" data-element_type=\"widget\" data-e-type=\"widget\" data-widget_type=\"image.default\">\n\t\t\t\t<div class=\"elementor-widget-container\">\n\t\t\t\t\t\t\t\t\t\t\t\t\t\t\t<img decoding=\"async\" src=\"https:\/\/allenorthodontist.com\/wp-content\/uploads\/2022\/06\/spark-clear-02.jpg\" title=\"\" alt=\"\" loading=\"lazy\" \/>\t\t\t\t\t\t\t\t\t\t\t\t\t\t\t<\/div>\n\t\t\t\t<\/div>\n\t\t\t\t\t<\/div>\n\t\t<\/div>\n\t\t\t\t<div class=\"elementor-column elementor-col-50 elementor-top-column elementor-element elementor-element-0ead7a3\" data-id=\"0ead7a3\" data-element_type=\"column\" data-e-type=\"column\">\n\t\t\t<div class=\"elementor-widget-wrap elementor-element-populated\">\n\t\t\t\t\t\t<div class=\"elementor-element elementor-element-e421795 elementor-widget elementor-widget-image\" data-id=\"e421795\" data-element_type=\"widget\" data-e-type=\"widget\" data-widget_type=\"image.default\">\n\t\t\t\t<div class=\"elementor-widget-container\">\n\t\t\t\t\t\t\t\t\t\t\t\t\t\t\t<img decoding=\"async\" src=\"https:\/\/allenorthodontist.com\/wp-content\/uploads\/2022\/06\/spark-clear-01.jpg\" title=\"\" alt=\"\" loading=\"lazy\" \/>\t\t\t\t\t\t\t\t\t\t\t\t\t\t\t<\/div>\n\t\t\t\t<\/div>\n\t\t\t\t\t<\/div>\n\t\t<\/div>\n\t\t\t\t\t<\/div>\n\t\t<\/section>\n\t\t\t\t<section data-particle_enable=\"false\" data-particle-mobile-disabled=\"false\" class=\"elementor-section elementor-top-section elementor-element elementor-element-c2f3fda elementor-section-boxed elementor-section-height-default elementor-section-height-default\" data-id=\"c2f3fda\" data-element_type=\"section\" data-e-type=\"section\">\n\t\t\t\t\t\t<div class=\"elementor-container elementor-column-gap-default\">\n\t\t\t\t\t<div class=\"elementor-column elementor-col-100 elementor-top-column elementor-element elementor-element-d0b2621\" data-id=\"d0b2621\" data-element_type=\"column\" data-e-type=\"column\">\n\t\t\t<div class=\"elementor-widget-wrap elementor-element-populated\">\n\t\t\t\t\t\t<div class=\"elementor-element elementor-element-67994ee elementor-widget elementor-widget-heading\" data-id=\"67994ee\" data-element_type=\"widget\" data-e-type=\"widget\" data-widget_type=\"heading.default\">\n\t\t\t\t<div class=\"elementor-widget-container\">\n\t\t\t\t\t<h2 class=\"elementor-heading-title elementor-size-default\">M\u00e1s c\u00f3modo<\/h2>\t\t\t\t<\/div>\n\t\t\t\t<\/div>\n\t\t\t\t\t<\/div>\n\t\t<\/div>\n\t\t\t\t\t<\/div>\n\t\t<\/section>\n\t\t\t\t<section data-particle_enable=\"false\" data-particle-mobile-disabled=\"false\" class=\"elementor-section elementor-top-section elementor-element elementor-element-3197bf0 elementor-section-boxed elementor-section-height-default elementor-section-height-default\" data-id=\"3197bf0\" data-element_type=\"section\" data-e-type=\"section\">\n\t\t\t\t\t\t<div class=\"elementor-container elementor-column-gap-default\">\n\t\t\t\t\t<div class=\"elementor-column elementor-col-50 elementor-top-column elementor-element elementor-element-7193064\" data-id=\"7193064\" data-element_type=\"column\" data-e-type=\"column\">\n\t\t\t<div class=\"elementor-widget-wrap elementor-element-populated\">\n\t\t\t\t\t\t<div class=\"elementor-element elementor-element-ea1c4cc elementor-widget elementor-widget-image\" data-id=\"ea1c4cc\" data-element_type=\"widget\" data-e-type=\"widget\" data-widget_type=\"image.default\">\n\t\t\t\t<div class=\"elementor-widget-container\">\n\t\t\t\t\t\t\t\t\t\t\t\t\t\t\t<img decoding=\"async\" src=\"https:\/\/allenorthodontist.com\/wp-content\/uploads\/2022\/06\/spark-difference-edge-02.jpg\" title=\"\" alt=\"\" loading=\"lazy\" \/>\t\t\t\t\t\t\t\t\t\t\t\t\t\t\t<\/div>\n\t\t\t\t<\/div>\n\t\t\t\t\t<\/div>\n\t\t<\/div>\n\t\t\t\t<div class=\"elementor-column elementor-col-50 elementor-top-column elementor-element elementor-element-6efe3a5\" data-id=\"6efe3a5\" data-element_type=\"column\" data-e-type=\"column\">\n\t\t\t<div class=\"elementor-widget-wrap elementor-element-populated\">\n\t\t\t\t\t\t<div class=\"elementor-element elementor-element-9ed3112 elementor-widget elementor-widget-image\" data-id=\"9ed3112\" data-element_type=\"widget\" data-e-type=\"widget\" data-widget_type=\"image.default\">\n\t\t\t\t<div class=\"elementor-widget-container\">\n\t\t\t\t\t\t\t\t\t\t\t\t\t\t\t<img decoding=\"async\" src=\"https:\/\/allenorthodontist.com\/wp-content\/uploads\/2022\/06\/spark-difference-edge-01.jpg\" title=\"\" alt=\"\" loading=\"lazy\" \/>\t\t\t\t\t\t\t\t\t\t\t\t\t\t\t<\/div>\n\t\t\t\t<\/div>\n\t\t\t\t\t<\/div>\n\t\t<\/div>\n\t\t\t\t\t<\/div>\n\t\t<\/section>\n\t\t\t\t<section data-particle_enable=\"false\" data-particle-mobile-disabled=\"false\" class=\"elementor-section elementor-top-section elementor-element elementor-element-95e3ba0 elementor-section-boxed elementor-section-height-default elementor-section-height-default\" data-id=\"95e3ba0\" data-element_type=\"section\" data-e-type=\"section\">\n\t\t\t\t\t\t<div class=\"elementor-container elementor-column-gap-default\">\n\t\t\t\t\t<div class=\"elementor-column elementor-col-50 elementor-top-column elementor-element elementor-element-371b5d0\" data-id=\"371b5d0\" data-element_type=\"column\" data-e-type=\"column\">\n\t\t\t<div class=\"elementor-widget-wrap elementor-element-populated\">\n\t\t\t\t\t\t<div class=\"elementor-element elementor-element-fd9674b elementor-widget elementor-widget-image\" data-id=\"fd9674b\" data-element_type=\"widget\" data-e-type=\"widget\" data-widget_type=\"image.default\">\n\t\t\t\t<div class=\"elementor-widget-container\">\n\t\t\t\t\t\t\t\t\t\t\t\t\t\t\t<img decoding=\"async\" src=\"https:\/\/allenorthodontist.com\/wp-content\/uploads\/2022\/06\/spark-difference-edge-02.jpg\" title=\"\" alt=\"\" loading=\"lazy\" \/>\t\t\t\t\t\t\t\t\t\t\t\t\t\t\t<\/div>\n\t\t\t\t<\/div>\n\t\t\t\t\t<\/div>\n\t\t<\/div>\n\t\t\t\t<div class=\"elementor-column elementor-col-50 elementor-top-column elementor-element elementor-element-3e4c3de\" data-id=\"3e4c3de\" data-element_type=\"column\" data-e-type=\"column\">\n\t\t\t<div class=\"elementor-widget-wrap elementor-element-populated\">\n\t\t\t\t\t\t<div class=\"elementor-element elementor-element-0f8c319 elementor-widget elementor-widget-image\" data-id=\"0f8c319\" data-element_type=\"widget\" data-e-type=\"widget\" data-widget_type=\"image.default\">\n\t\t\t\t<div class=\"elementor-widget-container\">\n\t\t\t\t\t\t\t\t\t\t\t\t\t\t\t<img decoding=\"async\" src=\"https:\/\/allenorthodontist.com\/wp-content\/uploads\/2022\/06\/spark-difference-edge-01.jpg\" title=\"\" alt=\"\" loading=\"lazy\" \/>\t\t\t\t\t\t\t\t\t\t\t\t\t\t\t<\/div>\n\t\t\t\t<\/div>\n\t\t\t\t\t<\/div>\n\t\t<\/div>\n\t\t\t\t\t<\/div>\n\t\t<\/section>\n\t\t\t\t<section data-particle_enable=\"false\" data-particle-mobile-disabled=\"false\" class=\"elementor-section elementor-top-section elementor-element elementor-element-7c849eb elementor-section-boxed elementor-section-height-default elementor-section-height-default\" data-id=\"7c849eb\" data-element_type=\"section\" data-e-type=\"section\">\n\t\t\t\t\t\t<div class=\"elementor-container elementor-column-gap-default\">\n\t\t\t\t\t<div class=\"elementor-column elementor-col-100 elementor-top-column elementor-element elementor-element-165d5a4\" data-id=\"165d5a4\" data-element_type=\"column\" data-e-type=\"column\">\n\t\t\t<div class=\"elementor-widget-wrap elementor-element-populated\">\n\t\t\t\t\t\t<div class=\"elementor-element elementor-element-924615f elementor-widget elementor-widget-heading\" data-id=\"924615f\" data-element_type=\"widget\" data-e-type=\"widget\" data-widget_type=\"heading.default\">\n\t\t\t\t<div class=\"elementor-widget-container\">\n\t\t\t\t\t<h2 class=\"elementor-heading-title elementor-size-default\">Menos manchas<\/h2>\t\t\t\t<\/div>\n\t\t\t\t<\/div>\n\t\t\t\t\t<\/div>\n\t\t<\/div>\n\t\t\t\t\t<\/div>\n\t\t<\/section>\n\t\t\t\t<section data-particle_enable=\"false\" data-particle-mobile-disabled=\"false\" class=\"elementor-section elementor-top-section elementor-element elementor-element-9356362 elementor-section-boxed elementor-section-height-default elementor-section-height-default\" data-id=\"9356362\" data-element_type=\"section\" data-e-type=\"section\">\n\t\t\t\t\t\t<div class=\"elementor-container elementor-column-gap-default\">\n\t\t\t\t\t<div class=\"elementor-column elementor-col-50 elementor-top-column elementor-element elementor-element-5a9226b\" data-id=\"5a9226b\" data-element_type=\"column\" data-e-type=\"column\">\n\t\t\t<div class=\"elementor-widget-wrap elementor-element-populated\">\n\t\t\t\t\t\t<div class=\"elementor-element elementor-element-3f838c5 elementor-widget elementor-widget-image\" data-id=\"3f838c5\" data-element_type=\"widget\" data-e-type=\"widget\" data-widget_type=\"image.default\">\n\t\t\t\t<div class=\"elementor-widget-container\">\n\t\t\t\t\t\t\t\t\t\t\t\t\t\t\t<img decoding=\"async\" src=\"https:\/\/allenorthodontist.com\/wp-content\/uploads\/2022\/06\/spark-difference-staining-02.jpg\" title=\"\" alt=\"\" loading=\"lazy\" \/>\t\t\t\t\t\t\t\t\t\t\t\t\t\t\t<\/div>\n\t\t\t\t<\/div>\n\t\t\t\t\t<\/div>\n\t\t<\/div>\n\t\t\t\t<div class=\"elementor-column elementor-col-50 elementor-top-column elementor-element elementor-element-0e7f958\" data-id=\"0e7f958\" data-element_type=\"column\" data-e-type=\"column\">\n\t\t\t<div class=\"elementor-widget-wrap elementor-element-populated\">\n\t\t\t\t\t\t<div class=\"elementor-element elementor-element-9e93b57 elementor-widget elementor-widget-image\" data-id=\"9e93b57\" data-element_type=\"widget\" data-e-type=\"widget\" data-widget_type=\"image.default\">\n\t\t\t\t<div class=\"elementor-widget-container\">\n\t\t\t\t\t\t\t\t\t\t\t\t\t\t\t<img decoding=\"async\" src=\"https:\/\/allenorthodontist.com\/wp-content\/uploads\/2022\/06\/spark-difference-staining-01.jpg\" title=\"\" alt=\"\" loading=\"lazy\" \/>\t\t\t\t\t\t\t\t\t\t\t\t\t\t\t<\/div>\n\t\t\t\t<\/div>\n\t\t\t\t\t<\/div>\n\t\t<\/div>\n\t\t\t\t\t<\/div>\n\t\t<\/section>\n\t\t\t\t<section data-particle_enable=\"false\" data-particle-mobile-disabled=\"false\" class=\"elementor-section elementor-top-section elementor-element elementor-element-ca459eb elementor-section-boxed elementor-section-height-default elementor-section-height-default\" data-id=\"ca459eb\" data-element_type=\"section\" data-e-type=\"section\">\n\t\t\t\t\t\t<div class=\"elementor-container elementor-column-gap-default\">\n\t\t\t\t\t<div class=\"elementor-column elementor-col-100 elementor-top-column elementor-element elementor-element-8735d00\" data-id=\"8735d00\" data-element_type=\"column\" data-e-type=\"column\">\n\t\t\t<div class=\"elementor-widget-wrap elementor-element-populated\">\n\t\t\t\t\t\t<div class=\"elementor-element elementor-element-410c3e1 elementor-widget elementor-widget-text-editor\" data-id=\"410c3e1\" data-element_type=\"widget\" data-e-type=\"widget\" data-widget_type=\"text-editor.default\">\n\t\t\t\t<div class=\"elementor-widget-container\">\n\t\t\t\t\t\t\t\t\t<h2>La ciencia detr\u00e1s de la chispa<\/h2><p>Los alineadores Spark utilizan lo \u00faltimo en material tecnol\u00f3gico para alineadores transparentes llamado TruGEN\u2122. Est\u00e1 cient\u00edficamente demostrado que TruGEN\u2122 proporciona un movimiento dental m\u00e1s eficaz en comparaci\u00f3n con otros alineadores. Esto se consigue gracias a los avances en la duraci\u00f3n\/aplicaci\u00f3n de la fuerza sostenida y a la mejora de la superficie de contacto con los dientes.  <\/p>\t\t\t\t\t\t\t\t<\/div>\n\t\t\t\t<\/div>\n\t\t\t\t\t<\/div>\n\t\t<\/div>\n\t\t\t\t\t<\/div>\n\t\t<\/section>\n\t\t\t\t<section data-particle_enable=\"false\" data-particle-mobile-disabled=\"false\" class=\"elementor-section elementor-top-section elementor-element elementor-element-cad8ebe elementor-section-boxed elementor-section-height-default elementor-section-height-default\" data-id=\"cad8ebe\" data-element_type=\"section\" data-e-type=\"section\">\n\t\t\t\t\t\t<div class=\"elementor-container elementor-column-gap-default\">\n\t\t\t\t\t<div class=\"elementor-column elementor-col-100 elementor-top-column elementor-element elementor-element-c5628ce\" data-id=\"c5628ce\" data-element_type=\"column\" data-e-type=\"column\">\n\t\t\t<div class=\"elementor-widget-wrap elementor-element-populated\">\n\t\t\t\t\t\t<div class=\"elementor-element elementor-element-bf327f6 elementor-widget elementor-widget-image\" data-id=\"bf327f6\" data-element_type=\"widget\" data-e-type=\"widget\" data-widget_type=\"image.default\">\n\t\t\t\t<div class=\"elementor-widget-container\">\n\t\t\t\t\t\t\t\t\t\t\t\t\t\t\t<img decoding=\"async\" src=\"https:\/\/allenorthodontist.com\/wp-content\/uploads\/2022\/06\/Spark-Tooth-Movement.png\" title=\"\" alt=\"\" loading=\"lazy\" \/>\t\t\t\t\t\t\t\t\t\t\t\t\t\t\t<\/div>\n\t\t\t\t<\/div>\n\t\t\t\t\t<\/div>\n\t\t<\/div>\n\t\t\t\t\t<\/div>\n\t\t<\/section>\n\t\t\t\t<section data-particle_enable=\"false\" data-particle-mobile-disabled=\"false\" class=\"elementor-section elementor-top-section elementor-element elementor-element-2425785 elementor-section-boxed elementor-section-height-default elementor-section-height-default\" data-id=\"2425785\" data-element_type=\"section\" data-e-type=\"section\">\n\t\t\t\t\t\t<div class=\"elementor-container elementor-column-gap-default\">\n\t\t\t\t\t<div class=\"elementor-column elementor-col-100 elementor-top-column elementor-element elementor-element-c527568\" data-id=\"c527568\" data-element_type=\"column\" data-e-type=\"column\">\n\t\t\t<div class=\"elementor-widget-wrap elementor-element-populated\">\n\t\t\t\t\t\t<div class=\"elementor-element elementor-element-6da5cd1 elementor-widget elementor-widget-text-editor\" data-id=\"6da5cd1\" data-element_type=\"widget\" data-e-type=\"widget\" data-widget_type=\"text-editor.default\">\n\t\t\t\t<div class=\"elementor-widget-container\">\n\t\t\t\t\t\t\t\t\t<h2>\u00bfC\u00f3mo funcionan los alineadores transparentes Spark?<\/h2><p>Recibir\u00e1s varios juegos de alineadores de ajuste personalizado cuando empieces el tratamiento Spark. Llevar\u00e1s cada juego de alineadores durante 1-2 semanas. Tras el tiempo de uso prescrito, puedes cambiar los alineadores por el siguiente juego y seguir enderezando tus dientes. Con el tiempo notar\u00e1s cambios en la alineaci\u00f3n de los dientes y en pocos meses tendr\u00e1s una sonrisa m\u00e1s recta y sana.   <\/p>\t\t\t\t\t\t\t\t<\/div>\n\t\t\t\t<\/div>\n\t\t\t\t\t<\/div>\n\t\t<\/div>\n\t\t\t\t\t<\/div>\n\t\t<\/section>\n\t\t\t\t<\/div>\n\t\t","protected":false},"excerpt":{"rendered":"<p>Pueden enderezar los dientes y crear sonrisas sanas y bonitas, sin las molestias de los alambres, bandas y aparatos met\u00e1licos. Los alineadores transparentes Spark son de los m\u00e1s discretos y c\u00f3modos que existen actualmente en el mercado. La comodidad del paciente es la prioridad n\u00famero uno, por lo que cada alineador se recorta a mano individualmente. Los alineadores [&hellip;]<\/p>\n","protected":false},"author":2,"featured_media":0,"parent":0,"menu_order":92,"comment_status":"closed","ping_status":"closed","template":"","meta":{"_seopress_robots_primary_cat":"","_seopress_titles_title":"","_seopress_titles_desc":"","_seopress_robots_index":"","footnotes":""},"class_list":["post-7641","page","type-page","status-publish"],"_links":{"self":[{"href":"https:\/\/allenorthodontist.com\/es\/wp-json\/wp\/v2\/pages\/7641","targetHints":{"allow":["GET"]}}],"collection":[{"href":"https:\/\/allenorthodontist.com\/es\/wp-json\/wp\/v2\/pages"}],"about":[{"href":"https:\/\/allenorthodontist.com\/es\/wp-json\/wp\/v2\/types\/page"}],"author":[{"embeddable":true,"href":"https:\/\/allenorthodontist.com\/es\/wp-json\/wp\/v2\/users\/2"}],"replies":[{"embeddable":true,"href":"https:\/\/allenorthodontist.com\/es\/wp-json\/wp\/v2\/comments?post=7641"}],"version-history":[{"count":3,"href":"https:\/\/allenorthodontist.com\/es\/wp-json\/wp\/v2\/pages\/7641\/revisions"}],"predecessor-version":[{"id":7706,"href":"https:\/\/allenorthodontist.com\/es\/wp-json\/wp\/v2\/pages\/7641\/revisions\/7706"}],"wp:attachment":[{"href":"https:\/\/allenorthodontist.com\/es\/wp-json\/wp\/v2\/media?parent=7641"}],"curies":[{"name":"wp","href":"https:\/\/api.w.org\/{rel}","templated":true}]}}