{"id":7644,"date":"2017-01-01T09:49:52","date_gmt":"2017-01-01T09:49:52","guid":{"rendered":"https:\/\/allenorthodontist.com\/itero\/"},"modified":"2025-03-28T01:29:42","modified_gmt":"2025-03-28T01:29:42","slug":"itero","status":"publish","type":"page","link":"https:\/\/allenorthodontist.com\/es\/itero\/","title":{"rendered":"iTero"},"content":{"rendered":"\t\t<div data-elementor-type=\"wp-page\" data-elementor-id=\"7644\" class=\"elementor elementor-7644\" data-elementor-post-type=\"page\">\n\t\t\t\t\t\t<section data-particle_enable=\"false\" data-particle-mobile-disabled=\"false\" class=\"elementor-section elementor-top-section elementor-element elementor-element-7645a6fc elementor-section-boxed elementor-section-height-default elementor-section-height-default\" data-id=\"7645a6fc\" data-element_type=\"section\" data-e-type=\"section\">\n\t\t\t\t\t\t<div class=\"elementor-container elementor-column-gap-default\">\n\t\t\t\t\t<div class=\"elementor-column elementor-col-100 elementor-top-column elementor-element elementor-element-5a959077\" data-id=\"5a959077\" data-element_type=\"column\" data-e-type=\"column\">\n\t\t\t<div class=\"elementor-widget-wrap elementor-element-populated\">\n\t\t\t\t\t\t<div class=\"elementor-element elementor-element-1716e395 elementor-widget elementor-widget-text-editor\" data-id=\"1716e395\" data-element_type=\"widget\" data-e-type=\"widget\" data-widget_type=\"text-editor.default\">\n\t\t\t\t<div class=\"elementor-widget-container\">\n\t\t\t\t\t\t\t\t\t<h2><img fetchpriority=\"high\" decoding=\"async\" class=\"alignright size-full wp-image-2872\" src=\"https:\/\/allenorthodontist.com\/wp-content\/uploads\/2018\/01\/iTero-Element-500px.jpg\" alt=\"\" width=\"257\" height=\"500\">Impresiones digitales iTero\u2122: rapidez, precisi\u00f3n y comodidad<\/h2><p><b>[practicename]<\/b>  se enorgullece de ofrecer a nuestros pacientes las impresiones digitales iTero Digital. \u00a1Las desagradables impresiones de masilla son cosa del pasado con el sistema iTero Digital! <\/p><p>Para los pacientes candidatos a los alineadores Invisalign, una impresi\u00f3n precisa es esencial para la planificaci\u00f3n y el cuidado eficaces del tratamiento. La precisi\u00f3n y el detalle del escaneado iTero frente a una impresi\u00f3n de masilla son comparables a la c\u00e1mara de un smartphone moderno frente a una versi\u00f3n granulada de hace una d\u00e9cada. <\/p><p>El Esc\u00e1ner iOC captura los contornos de las estructuras dentales y gingivales, produciendo un escaneado ortod\u00f3ncico digital preciso en cuesti\u00f3n de minutos. Se trata de un procedimiento no invasivo, ideal para pacientes en tratamiento con Invisalign y alineadores transparentes. Sin el desagradable material de masilla asociado tradicionalmente a la toma de impresiones.  <\/p><h2>C\u00f3mo funciona iTero<\/h2><p>La varita manual iTero toma una imagen digital en 3D de tus dientes preparados, deteni\u00e9ndose seg\u00fan sea necesario. La varita no es invasiva y puedes respirar y tragar lo que necesites durante el procedimiento. Si tienes que moverte o ajustarte, puedes hacerlo: la precisi\u00f3n del instrumento port\u00e1til es de primera clase. Rara vez es necesario \u00abrehacer\u00bb las impresiones. Adem\u00e1s, puedes ver la imagen en 3D de iTero en la pantalla en tiempo real mientras el ortodoncista mueve la varilla.    <\/p><p>En lugar de enviar las impresiones al laboratorio para escanearlas, la imagen digital de tus dientes se env\u00eda electr\u00f3nicamente al laboratorio y est\u00e1 disponible en el sistema Invisalign Clincheck al d\u00eda siguiente. Este modelo 3D de tu boca puede utilizarse con todos los servicios Invisalign, incluido el Simulador de Resultados Invisalign, que muestra el aspecto que podr\u00eda tener tu nueva sonrisa una vez finalizado el tratamiento. <\/p><h4>Mira el siguiente v\u00eddeo para saber m\u00e1s sobre el proceso de escaneado iTero:<\/h4>\t\t\t\t\t\t\t\t<\/div>\n\t\t\t\t<\/div>\n\t\t\t\t\t<\/div>\n\t\t<\/div>\n\t\t\t\t\t<\/div>\n\t\t<\/section>\n\t\t\t\t<section data-particle_enable=\"false\" data-particle-mobile-disabled=\"false\" class=\"elementor-section elementor-top-section elementor-element elementor-element-f697ccd elementor-section-boxed elementor-section-height-default elementor-section-height-default\" data-id=\"f697ccd\" data-element_type=\"section\" data-e-type=\"section\">\n\t\t\t\t\t\t<div class=\"elementor-container elementor-column-gap-default\">\n\t\t\t\t\t<div class=\"elementor-column elementor-col-100 elementor-top-column elementor-element elementor-element-41836ac\" data-id=\"41836ac\" data-element_type=\"column\" data-e-type=\"column\">\n\t\t\t<div class=\"elementor-widget-wrap elementor-element-populated\">\n\t\t\t\t\t\t<div class=\"elementor-element elementor-element-dfae3ed elementor-widget elementor-widget-video\" data-id=\"dfae3ed\" data-element_type=\"widget\" data-e-type=\"widget\" data-settings=\"{&quot;youtube_url&quot;:&quot;https:\\\/\\\/youtu.be\\\/Ca69CuWqHCw&quot;,&quot;show_image_overlay&quot;:&quot;yes&quot;,&quot;image_overlay&quot;:{&quot;url&quot;:&quot;https:\\\/\\\/allenorthodontist.com\\\/wp-content\\\/uploads\\\/2018\\\/01\\\/iTero-Digital-Impressions.jpg&quot;,&quot;id&quot;:2869,&quot;size&quot;:&quot;&quot;,&quot;alt&quot;:&quot;&quot;,&quot;source&quot;:&quot;library&quot;},&quot;video_type&quot;:&quot;youtube&quot;,&quot;controls&quot;:&quot;yes&quot;}\" data-widget_type=\"video.default\">\n\t\t\t\t<div class=\"elementor-widget-container\">\n\t\t\t\t\t\t\t<div class=\"elementor-wrapper elementor-open-inline\">\n\t\t\t<div class=\"elementor-video\"><\/div>\t\t\t\t<div class=\"elementor-custom-embed-image-overlay\" style=\"background-image: url();\">\n\t\t\t\t\t\t\t\t\t\t\t\t\t\t<\/div>\n\t\t\t\t\t<\/div>\n\t\t\t\t\t\t<\/div>\n\t\t\t\t<\/div>\n\t\t\t\t\t<\/div>\n\t\t<\/div>\n\t\t\t\t\t<\/div>\n\t\t<\/section>\n\t\t\t\t<section data-particle_enable=\"false\" data-particle-mobile-disabled=\"false\" class=\"elementor-section elementor-top-section elementor-element elementor-element-71514ba elementor-section-boxed elementor-section-height-default elementor-section-height-default\" data-id=\"71514ba\" data-element_type=\"section\" data-e-type=\"section\">\n\t\t\t\t\t\t<div class=\"elementor-container elementor-column-gap-default\">\n\t\t\t\t\t<div class=\"elementor-column elementor-col-100 elementor-top-column elementor-element elementor-element-2841924\" data-id=\"2841924\" data-element_type=\"column\" data-e-type=\"column\">\n\t\t\t<div class=\"elementor-widget-wrap elementor-element-populated\">\n\t\t\t\t\t\t<div class=\"elementor-element elementor-element-8bdde7a elementor-widget elementor-widget-text-editor\" data-id=\"8bdde7a\" data-element_type=\"widget\" data-e-type=\"widget\" data-widget_type=\"text-editor.default\">\n\t\t\t\t<div class=\"elementor-widget-container\">\n\t\t\t\t\t\t\t\t\t<h2>Ventajas del escaneado dental<\/h2><p>*Elimina las impresiones de masilla<strong>-<\/strong> Las impresiones de masilla sol\u00edan ser el procedimiento m\u00e1s invasivo en el cuidado ortod\u00f3ncico diario. El sistema iTero elimina la sustancia viscosa y el regusto desagradable de las impresiones tradicionales. <br>*<strong>Precisi\u00f3n <\/strong> superior: las impresiones son mucho m\u00e1s precisas, sin distorsi\u00f3n por el movimiento del paciente durante la colocaci\u00f3n, extracci\u00f3n o desinfecci\u00f3n.<br><strong>*Visualizaci\u00f3n<\/strong> en pantalla: las funciones de visualizaci\u00f3n digital en tiempo real permiten realizar ajustes inmediatos para crear el escaneado ortod\u00f3ncico ideal a la primera. <br><strong>*Escudo de imagen de<\/strong> un solo uso - El proceso est\u00e1 construido para garantizar la m\u00e1xima limpieza. <\/p>\t\t\t\t\t\t\t\t<\/div>\n\t\t\t\t<\/div>\n\t\t\t\t\t<\/div>\n\t\t<\/div>\n\t\t\t\t\t<\/div>\n\t\t<\/section>\n\t\t\t\t<\/div>\n\t\t","protected":false},"excerpt":{"rendered":"<p>Impresiones digitales iTero\u2122: rapidez, precisi\u00f3n y comodidad [practicename] se enorgullece de ofrecer a nuestros pacientes las impresiones digitales iTero Digital. \u00a1Las desagradables impresiones de masilla son cosa del pasado con el sistema iTero Digital! Para los pacientes candidatos a los alineadores Invisalign, una impresi\u00f3n precisa es esencial para la planificaci\u00f3n y el cuidado eficaces del tratamiento. La precisi\u00f3n [&hellip;]<\/p>\n","protected":false},"author":2,"featured_media":0,"parent":0,"menu_order":94,"comment_status":"closed","ping_status":"closed","template":"","meta":{"_seopress_robots_primary_cat":"","_seopress_titles_title":"","_seopress_titles_desc":"","_seopress_robots_index":"","footnotes":""},"class_list":["post-7644","page","type-page","status-publish"],"_links":{"self":[{"href":"https:\/\/allenorthodontist.com\/es\/wp-json\/wp\/v2\/pages\/7644","targetHints":{"allow":["GET"]}}],"collection":[{"href":"https:\/\/allenorthodontist.com\/es\/wp-json\/wp\/v2\/pages"}],"about":[{"href":"https:\/\/allenorthodontist.com\/es\/wp-json\/wp\/v2\/types\/page"}],"author":[{"embeddable":true,"href":"https:\/\/allenorthodontist.com\/es\/wp-json\/wp\/v2\/users\/2"}],"replies":[{"embeddable":true,"href":"https:\/\/allenorthodontist.com\/es\/wp-json\/wp\/v2\/comments?post=7644"}],"version-history":[{"count":1,"href":"https:\/\/allenorthodontist.com\/es\/wp-json\/wp\/v2\/pages\/7644\/revisions"}],"predecessor-version":[{"id":7648,"href":"https:\/\/allenorthodontist.com\/es\/wp-json\/wp\/v2\/pages\/7644\/revisions\/7648"}],"wp:attachment":[{"href":"https:\/\/allenorthodontist.com\/es\/wp-json\/wp\/v2\/media?parent=7644"}],"curies":[{"name":"wp","href":"https:\/\/api.w.org\/{rel}","templated":true}]}}