{"id":7645,"date":"2017-02-06T01:33:06","date_gmt":"2017-02-06T01:33:06","guid":{"rendered":"https:\/\/allenorthodontist.com\/ortodoncia-temprana\/"},"modified":"2025-03-26T22:19:04","modified_gmt":"2025-03-26T22:19:04","slug":"ortodoncia-temprana","status":"publish","type":"page","link":"https:\/\/allenorthodontist.com\/es\/ortodoncia-temprana\/","title":{"rendered":"Ortodoncia temprana"},"content":{"rendered":"\t\t<div data-elementor-type=\"wp-page\" data-elementor-id=\"7645\" class=\"elementor elementor-7645 elementor-36\" data-elementor-post-type=\"page\">\n\t\t\t\t\t\t<section data-particle_enable=\"false\" data-particle-mobile-disabled=\"false\" class=\"elementor-section elementor-top-section elementor-element elementor-element-444ee7ad elementor-section-boxed elementor-section-height-default elementor-section-height-default\" data-id=\"444ee7ad\" data-element_type=\"section\" data-e-type=\"section\">\n\t\t\t\t\t\t<div class=\"elementor-container elementor-column-gap-default\">\n\t\t\t\t\t<div class=\"elementor-column elementor-col-100 elementor-top-column elementor-element elementor-element-dc59cc\" data-id=\"dc59cc\" data-element_type=\"column\" data-e-type=\"column\">\n\t\t\t<div class=\"elementor-widget-wrap elementor-element-populated\">\n\t\t\t\t\t\t<div class=\"elementor-element elementor-element-f748fa2 elementor-widget elementor-widget-heading\" data-id=\"f748fa2\" data-element_type=\"widget\" data-e-type=\"widget\" data-widget_type=\"heading.default\">\n\t\t\t\t<div class=\"elementor-widget-container\">\n\t\t\t\t\t<h1 class=\"elementor-heading-title elementor-size-default\">Tratamiento temprano de ortodoncia en Allen, TX<\/h1>\t\t\t\t<\/div>\n\t\t\t\t<\/div>\n\t\t\t\t<div class=\"elementor-element elementor-element-788fbfeb elementor-widget elementor-widget-text-editor\" data-id=\"788fbfeb\" data-element_type=\"widget\" data-e-type=\"widget\" data-widget_type=\"text-editor.default\">\n\t\t\t\t<div class=\"elementor-widget-container\">\n\t\t\t\t\t\t\t\t\t<p data-start=\"302\" data-end=\"721\">Garantizar que la sonrisa de tu hijo sea sana empieza con una evaluaci\u00f3n ortod\u00f3ncica temprana. En Allen Orthodontist, seguimos la recomendaci\u00f3n de la Asociaci\u00f3n Americana de Ortodoncistas de que los ni\u00f1os reciban su primera revisi\u00f3n ortod\u00f3ncica a los 7 a\u00f1os. Esta visita permite a <a href=\"https:\/\/allenorthodontist.com\/orthodontist-mojdehi-barnes\/\">la Dra. Maryam Mojdehi-Barnes<\/a> evaluar si es necesario un tratamiento y determinar el mejor momento para la atenci\u00f3n. Tu dentista de familia puede remitir a tu hijo antes si se detecta alg\u00fan problema.   <\/p>\t\t\t\t\t\t\t\t<\/div>\n\t\t\t\t<\/div>\n\t\t\t\t\t<\/div>\n\t\t<\/div>\n\t\t\t\t\t<\/div>\n\t\t<\/section>\n\t\t<div data-particle_enable=\"false\" data-particle-mobile-disabled=\"false\" class=\"elementor-element elementor-element-3022ac9 e-flex e-con-boxed e-con e-parent\" data-id=\"3022ac9\" data-element_type=\"container\" data-e-type=\"container\">\n\t\t\t\t\t<div class=\"e-con-inner\">\n\t\t<div data-particle_enable=\"false\" data-particle-mobile-disabled=\"false\" class=\"elementor-element elementor-element-b4396c0 e-con-full e-flex e-con e-child\" data-id=\"b4396c0\" data-element_type=\"container\" data-e-type=\"container\">\n\t\t\t\t<div class=\"elementor-element elementor-element-3753df9 elementor-widget elementor-widget-text-editor\" data-id=\"3753df9\" data-element_type=\"widget\" data-e-type=\"widget\" data-widget_type=\"text-editor.default\">\n\t\t\t\t<div class=\"elementor-widget-container\">\n\t\t\t\t\t\t\t\t\t<h2 data-start=\"723\" data-end=\"758\">\u00bfPor qu\u00e9 evaluar a una edad temprana?<\/h2><p data-start=\"760\" data-end=\"853\">El diagn\u00f3stico y el tratamiento temprano ofrecen varias ventajas para el desarrollo dental de tu hijo:<\/p><ul data-start=\"855\" data-end=\"1535\"><li data-start=\"855\" data-end=\"941\"><strong data-start=\"857\" data-end=\"886\">Gu\u00eda el posicionamiento de los dientes:<\/strong> Ayuda a los dientes en erupci\u00f3n a colocarse en la posici\u00f3n correcta.<\/li><li data-start=\"942\" data-end=\"1013\"><strong data-start=\"944\" data-end=\"964\">Preserva el espacio:<\/strong> Mantiene el espacio para que crezcan los dientes permanentes.<\/li><li data-start=\"1014\" data-end=\"1101\"><strong data-start=\"1016\" data-end=\"1046\">Protege los dientes salientes:<\/strong> Reduce el riesgo de lesiones en los dientes frontales prominentes.<\/li><li data-start=\"1102\" data-end=\"1193\"><strong data-start=\"1104\" data-end=\"1137\">Favorece el crecimiento adecuado de la mand\u00edbula:<\/strong> Gu\u00eda el desarrollo de la mand\u00edbula y la alineaci\u00f3n de los dientes permanentes.<\/li><li data-start=\"1194\" data-end=\"1340\"><strong data-start=\"1196\" data-end=\"1216\">Corrige h\u00e1bitos:<\/strong> Esto puede ayudar a abordar la succi\u00f3n del pulgar, la interposici\u00f3n lingual y la respiraci\u00f3n bucal, que pueden afectar al crecimiento de la mand\u00edbula y a la posici\u00f3n de los dientes.<\/li><li data-start=\"1341\" data-end=\"1535\"><strong data-start=\"1343\" data-end=\"1371\">Previene problemas complejos:<\/strong> Las afecciones como las mordidas cruzadas graves o el api\u00f1amiento suelen ser m\u00e1s f\u00e1ciles de tratar mientras el ni\u00f1o a\u00fan est\u00e1 creciendo, lo que reduce la necesidad de tratamientos m\u00e1s complejos m\u00e1s adelante.<\/li><\/ul>\t\t\t\t\t\t\t\t<\/div>\n\t\t\t\t<\/div>\n\t\t\t\t<\/div>\n\t\t<div data-particle_enable=\"false\" data-particle-mobile-disabled=\"false\" class=\"elementor-element elementor-element-17aa71b e-con-full e-flex e-con e-child\" data-id=\"17aa71b\" data-element_type=\"container\" data-e-type=\"container\">\n\t\t\t\t<div class=\"elementor-element elementor-element-31a1c30 elementor-widget elementor-widget-image\" data-id=\"31a1c30\" data-element_type=\"widget\" data-e-type=\"widget\" data-widget_type=\"image.default\">\n\t\t\t\t<div class=\"elementor-widget-container\">\n\t\t\t\t\t\t\t\t\t\t\t\t\t\t\t<img fetchpriority=\"high\" decoding=\"async\" width=\"800\" height=\"819\" src=\"https:\/\/allenorthodontist.com\/wp-content\/uploads\/2025\/03\/orthodontic-problems.jpg\" class=\"attachment-large size-large wp-image-7399\" alt=\"Orthodontic Problems Allen Orthodontist in Allen, TX\" srcset=\"https:\/\/allenorthodontist.com\/wp-content\/uploads\/2025\/03\/orthodontic-problems.jpg 900w, https:\/\/allenorthodontist.com\/wp-content\/uploads\/2025\/03\/orthodontic-problems-293x300.jpg 293w, https:\/\/allenorthodontist.com\/wp-content\/uploads\/2025\/03\/orthodontic-problems-768x786.jpg 768w\" sizes=\"(max-width: 800px) 100vw, 800px\" \/>\t\t\t\t\t\t\t\t\t\t\t\t\t\t\t<\/div>\n\t\t\t\t<\/div>\n\t\t\t\t<\/div>\n\t\t\t\t\t<\/div>\n\t\t\t\t<\/div>\n\t\t<div data-particle_enable=\"false\" data-particle-mobile-disabled=\"false\" class=\"elementor-element elementor-element-8edafc4 e-flex e-con-boxed e-con e-parent\" data-id=\"8edafc4\" data-element_type=\"container\" data-e-type=\"container\">\n\t\t\t\t\t<div class=\"e-con-inner\">\n\t\t\t\t<div class=\"elementor-element elementor-element-0d3ec84 elementor-widget elementor-widget-text-editor\" data-id=\"0d3ec84\" data-element_type=\"widget\" data-e-type=\"widget\" data-widget_type=\"text-editor.default\">\n\t\t\t\t<div class=\"elementor-widget-container\">\n\t\t\t\t\t\t\t\t\t<h2 data-start=\"1537\" data-end=\"1581\">\u00bfEl tratamiento temprano beneficia a todos los ni\u00f1os?<\/h2><p data-start=\"1583\" data-end=\"1938\">No todos los ni\u00f1os necesitan tratamiento ortod\u00f3ncico tempranp. Algunos problemas de ortodoncia se tratan mejor durante la adolescencia, cuando los dientes permanentes han erupcionado por completo. Si el Dr. Mojdehi-Barnes considera que tu hijo no est\u00e1 preparado para el tratamiento, lo inscribir\u00e1 en nuestro Programa de Supervisi\u00f3n Ortod\u00f3ncica para controlar su desarrollo dental hasta que llegue el momento adecuado para el tratamiento.<\/p><h2 data-start=\"1940\" data-end=\"1990\">\u00bfQu\u00e9 es el Programa de Supervisi\u00f3n en Ortodoncia?<\/h2><p data-start=\"1992\" data-end=\"2355\">Este programa gratuito nos permite seguir el crecimiento dental de tu hijo cada 6-12 meses, controlando los dientes permanentes a medida que van saliendo. La intervenci\u00f3n temprana, como la extracci\u00f3n de los dientes de leche o la expansi\u00f3n palatina, puede mejorar los resultados futuros del tratamiento y reducir el tiempo necesario para <a href=\"https:\/\/allenorthodontist.com\/es\/tipos-de-ortodoncia\/\">los aparatos<\/a>. Tambi\u00e9n pondremos al d\u00eda a tu dentista de cabecera sobre cualquier recomendaci\u00f3n de cada visita.<\/p><h2 data-start=\"2357\" data-end=\"2393\">Problemas comunes en el tratamiento temprano.<\/h2><p data-start=\"2395\" data-end=\"2519\">Algunas afecciones ortod\u00f3ncicas, como los <a href=\"https:\/\/allenorthodontist.com\/es\/problemas-comunes-de-mordida\/\">problemas comunes de mordida<\/a>, requieren una intervenci\u00f3n antes de la adolescencia para evitar complicaciones a largo plazo. Pueden ser:<\/p><ul data-start=\"2521\" data-end=\"3253\"><li data-start=\"2521\" data-end=\"2665\"><strong data-start=\"2523\" data-end=\"2544\">Mordida cruzada grave:<\/strong> Cuando los dientes superiores se cierran dentro de los inferiores, puede recomendarse un expansor palatino para ensanchar gradualmente el maxilar superior.<\/li><li data-start=\"2666\" data-end=\"2825\"><strong data-start=\"2668\" data-end=\"2688\">Api\u00f1amiento grave:<\/strong> Si los maxilares son demasiado peque\u00f1os para alojar dientes permanentes, la expansi\u00f3n palatina o la extracci\u00f3n selectiva de dientes pueden ayudar a guiar una erupci\u00f3n adecuada.<\/li><li data-start=\"2826\" data-end=\"2969\"><strong data-start=\"2828\" data-end=\"2842\">Prognatismo:<\/strong> Un sobrecrecimiento importante del maxilar inferior puede causar problemas de mordida, que a menudo requieren aparatos de ortodoncia tempranos para guiar el desarrollo.<\/li><li data-start=\"2970\" data-end=\"3108\"><strong data-start=\"2972\" data-end=\"2986\">Mordida abierta:<\/strong> chuparse el dedo o empujar con la lengua puede crear espacios entre los dientes superiores e inferiores, lo que afecta al habla y a la funci\u00f3n de la mordida.<\/li><li data-start=\"3109\" data-end=\"3253\"><strong data-start=\"3111\" data-end=\"3131\">Respiraci\u00f3n bucal:<\/strong> La respiraci\u00f3n bucal cr\u00f3nica puede afectar al crecimiento facial y a la alineaci\u00f3n de la mand\u00edbula, y a veces requiere una intervenci\u00f3n ortod\u00f3ncica temprana.<\/li><\/ul><h2 data-start=\"3255\" data-end=\"3305\">Beneficios adicionales del tratamiento de ortodoncia<\/h2><p data-start=\"3307\" data-end=\"3365\">El cuidado ortod\u00f3ncico va m\u00e1s all\u00e1 de una bonita sonrisa. Tambi\u00e9n:<\/p><ul data-start=\"3367\" data-end=\"3537\"><li data-start=\"3367\" data-end=\"3394\">Mejora la funci\u00f3n de la mordida.<\/li><li data-start=\"3395\" data-end=\"3439\">Facilita la limpieza de dientes y enc\u00edas.<\/li><li data-start=\"3440\" data-end=\"3479\">Ayuda a prevenir el desgaste prematuro de los dientes.<\/li><li data-start=\"3480\" data-end=\"3537\">Favorece la salud dental a largo plazo y la longevidad de los dientes.<\/li><\/ul><h2 data-start=\"3539\" data-end=\"3587\">\u00bfEl tratamiento temprano evitar\u00e1 los aparatos m\u00e1s adelante?<\/h2><p data-start=\"3589\" data-end=\"3891\">El tratamiento temprano puede resolver problemas importantes y simplificar los cuidados futuros. Sin embargo, como los dientes permanentes pueden no estar totalmente alineados durante el tratamiento temprano, a menudo se recomienda un tratamiento de Fase II m\u00e1s corto (ortodoncia completa) durante la adolescencia. En algunos casos, no es necesario ning\u00fan otro tratamiento tras la atenci\u00f3n temprana.<\/p><h2 data-start=\"3893\" data-end=\"3937\">Visitas peri\u00f3dicas al dentista durante el tratamiento<\/h2><p data-start=\"3939\" data-end=\"4190\">Los aparatos de ortodoncia requieren un cuidado extra para mantener la salud bucal. Te recomendamos que visites a tu dentista de cabecera con m\u00e1s frecuencia para revisiones y limpiezas regulares durante el tratamiento de ortodoncia. Esto ayuda a garantizar una sonrisa sana y duradera.<\/p>\t\t\t\t\t\t\t\t<\/div>\n\t\t\t\t<\/div>\n\t\t\t\t\t<\/div>\n\t\t\t\t<\/div>\n\t\t\t\t<\/div>\n\t\t","protected":false},"excerpt":{"rendered":"<p>Tratamiento temprano de ortodoncia en Allen, TX Garantizar que la sonrisa de tu hijo sea sana empieza con una evaluaci\u00f3n ortod\u00f3ncica temprana. En Allen Orthodontist, seguimos la recomendaci\u00f3n de la Asociaci\u00f3n Americana de Ortodoncistas de que los ni\u00f1os reciban su primera revisi\u00f3n ortod\u00f3ncica a los 7 a\u00f1os. Esta visita permite a la Dra. Maryam Mojdehi-Barnes evaluar si es [&hellip;]<\/p>\n","protected":false},"author":2,"featured_media":0,"parent":0,"menu_order":44,"comment_status":"closed","ping_status":"closed","template":"","meta":{"_seopress_robots_primary_cat":"","_seopress_titles_title":"Tratamiento precoz de ortodoncia en Allen TX","_seopress_titles_desc":"El tratamiento ortod\u00f3ncico precoz a partir de los 7 a\u00f1os ofrece ventajas como la orientaci\u00f3n sobre la posici\u00f3n de los dientes y la prevenci\u00f3n de futuros problemas dentales para tu hijo.","_seopress_robots_index":"","footnotes":""},"class_list":["post-7645","page","type-page","status-publish"],"_links":{"self":[{"href":"https:\/\/allenorthodontist.com\/es\/wp-json\/wp\/v2\/pages\/7645","targetHints":{"allow":["GET"]}}],"collection":[{"href":"https:\/\/allenorthodontist.com\/es\/wp-json\/wp\/v2\/pages"}],"about":[{"href":"https:\/\/allenorthodontist.com\/es\/wp-json\/wp\/v2\/types\/page"}],"author":[{"embeddable":true,"href":"https:\/\/allenorthodontist.com\/es\/wp-json\/wp\/v2\/users\/2"}],"replies":[{"embeddable":true,"href":"https:\/\/allenorthodontist.com\/es\/wp-json\/wp\/v2\/comments?post=7645"}],"version-history":[{"count":5,"href":"https:\/\/allenorthodontist.com\/es\/wp-json\/wp\/v2\/pages\/7645\/revisions"}],"predecessor-version":[{"id":8248,"href":"https:\/\/allenorthodontist.com\/es\/wp-json\/wp\/v2\/pages\/7645\/revisions\/8248"}],"wp:attachment":[{"href":"https:\/\/allenorthodontist.com\/es\/wp-json\/wp\/v2\/media?parent=7645"}],"curies":[{"name":"wp","href":"https:\/\/api.w.org\/{rel}","templated":true}]}}