{"id":7646,"date":"2017-02-06T22:42:47","date_gmt":"2017-02-06T22:42:47","guid":{"rendered":"https:\/\/allenorthodontist.com\/todo-sobre-la-ortodoncia\/"},"modified":"2025-03-28T01:29:08","modified_gmt":"2025-03-28T01:29:08","slug":"todo-sobre-la-ortodoncia","status":"publish","type":"page","link":"https:\/\/allenorthodontist.com\/es\/todo-sobre-la-ortodoncia\/","title":{"rendered":"Todo sobre la ortodoncia"},"content":{"rendered":"\t\t<div data-elementor-type=\"wp-page\" data-elementor-id=\"7646\" class=\"elementor elementor-7646\" data-elementor-post-type=\"page\">\n\t\t\t\t\t\t<section data-particle_enable=\"false\" data-particle-mobile-disabled=\"false\" class=\"elementor-section elementor-top-section elementor-element elementor-element-58d4ae23 elementor-section-boxed elementor-section-height-default elementor-section-height-default\" data-id=\"58d4ae23\" data-element_type=\"section\" data-e-type=\"section\">\n\t\t\t\t\t\t<div class=\"elementor-container elementor-column-gap-default\">\n\t\t\t\t\t<div class=\"elementor-column elementor-col-100 elementor-top-column elementor-element elementor-element-18023870\" data-id=\"18023870\" data-element_type=\"column\" data-e-type=\"column\">\n\t\t\t<div class=\"elementor-widget-wrap elementor-element-populated\">\n\t\t\t\t\t\t<div class=\"elementor-element elementor-element-4cb72c6b elementor-widget elementor-widget-text-editor\" data-id=\"4cb72c6b\" data-element_type=\"widget\" data-e-type=\"widget\" data-widget_type=\"text-editor.default\">\n\t\t\t\t<div class=\"elementor-widget-container\">\n\t\t\t\t\t\t\t\t\t<h2>Cepillado e hilo dental<\/h2><p>Es m\u00e1s importante que nunca cepillarse los dientes y usar hilo dental con regularidad cuando llevas aparatos, para que tus dientes y enc\u00edas se mantengan sanos durante el tratamiento de ortodoncia. Dado que los aparatos dificultan el cepillado y el uso del hilo dental y exigen ajustar tus h\u00e1bitos para mantener una sonrisa sana, los pacientes que no mantienen limpios sus dientes pueden necesitar visitas m\u00e1s frecuentes al dentista para una limpieza profesional. Los adultos con antecedentes de enfermedad de las enc\u00edas tambi\u00e9n deben consultar a un periodoncista durante el tratamiento de ortodoncia. Mira los dos v\u00eddeos siguientes sobre el cuidado adecuado de los aparatos durante el tratamiento de ortodoncia.   <\/p>\t\t\t\t\t\t\t\t<\/div>\n\t\t\t\t<\/div>\n\t\t\t\t\t<\/div>\n\t\t<\/div>\n\t\t\t\t\t<\/div>\n\t\t<\/section>\n\t\t\t\t<section data-particle_enable=\"false\" data-particle-mobile-disabled=\"false\" class=\"elementor-section elementor-top-section elementor-element elementor-element-d07070f elementor-section-boxed elementor-section-height-default elementor-section-height-default\" data-id=\"d07070f\" data-element_type=\"section\" data-e-type=\"section\">\n\t\t\t\t\t\t<div class=\"elementor-container elementor-column-gap-default\">\n\t\t\t\t\t<div class=\"elementor-column elementor-col-100 elementor-top-column elementor-element elementor-element-ccb7441\" data-id=\"ccb7441\" data-element_type=\"column\" data-e-type=\"column\">\n\t\t\t<div class=\"elementor-widget-wrap elementor-element-populated\">\n\t\t\t\t\t\t<div class=\"elementor-element elementor-element-faafb4f elementor-widget elementor-widget-video\" data-id=\"faafb4f\" data-element_type=\"widget\" data-e-type=\"widget\" data-settings=\"{&quot;youtube_url&quot;:&quot;https:\\\/\\\/youtu.be\\\/obuCKwrlfbM&quot;,&quot;show_image_overlay&quot;:&quot;yes&quot;,&quot;image_overlay&quot;:{&quot;url&quot;:&quot;https:\\\/\\\/allenorthodontist.com\\\/wp-content\\\/uploads\\\/2016\\\/02\\\/AAO-Brushing-and-Flossing-While-Wearing-Braces.jpg&quot;,&quot;id&quot;:2825,&quot;size&quot;:&quot;&quot;,&quot;alt&quot;:&quot;&quot;,&quot;source&quot;:&quot;library&quot;},&quot;video_type&quot;:&quot;youtube&quot;,&quot;controls&quot;:&quot;yes&quot;}\" data-widget_type=\"video.default\">\n\t\t\t\t<div class=\"elementor-widget-container\">\n\t\t\t\t\t\t\t<div class=\"elementor-wrapper elementor-open-inline\">\n\t\t\t<div class=\"elementor-video\"><\/div>\t\t\t\t<div class=\"elementor-custom-embed-image-overlay\" style=\"background-image: url();\">\n\t\t\t\t\t\t\t\t\t\t\t\t\t\t<\/div>\n\t\t\t\t\t<\/div>\n\t\t\t\t\t\t<\/div>\n\t\t\t\t<\/div>\n\t\t\t\t\t<\/div>\n\t\t<\/div>\n\t\t\t\t\t<\/div>\n\t\t<\/section>\n\t\t\t\t<section data-particle_enable=\"false\" data-particle-mobile-disabled=\"false\" class=\"elementor-section elementor-top-section elementor-element elementor-element-b100857 elementor-section-boxed elementor-section-height-default elementor-section-height-default\" data-id=\"b100857\" data-element_type=\"section\" data-e-type=\"section\">\n\t\t\t\t\t\t<div class=\"elementor-container elementor-column-gap-default\">\n\t\t\t\t\t<div class=\"elementor-column elementor-col-100 elementor-top-column elementor-element elementor-element-42007f8\" data-id=\"42007f8\" data-element_type=\"column\" data-e-type=\"column\">\n\t\t\t<div class=\"elementor-widget-wrap elementor-element-populated\">\n\t\t\t\t\t\t<div class=\"elementor-element elementor-element-9180ccc elementor-widget elementor-widget-text-editor\" data-id=\"9180ccc\" data-element_type=\"widget\" data-e-type=\"widget\" data-widget_type=\"text-editor.default\">\n\t\t\t\t<div class=\"elementor-widget-container\">\n\t\t\t\t\t\t\t\t\t<h2 style=\"font-family: -apple-system, BlinkMacSystemFont, 'Segoe UI', Roboto, 'Helvetica Neue', Arial, 'Noto Sans', sans-serif; color: #333333;\">Comer con ortodoncia<\/h2><p>Quiz\u00e1 una de las preguntas que m\u00e1s nos hacen sobre la vida con ortodoncia es: \u00ab\u00bfQu\u00e9 puedo comer?\u00bb. Hablemos de ello. M\u00e1s o menos el primer d\u00eda despu\u00e9s de un ajuste, lim\u00edtate a los alimentos blandos. Evita las carnes duras, los panes duros y las verduras crudas. En poco tiempo, podr\u00e1s volver a morder un pepino. Pero tendr\u00e1s que proteger tus aparatos de ortodoncia cuando comas durante todo el tiempo que lleves aparato.     <\/p>\t\t\t\t\t\t\t\t<\/div>\n\t\t\t\t<\/div>\n\t\t\t\t<div class=\"elementor-element elementor-element-3f25624 elementor-widget elementor-widget-video\" data-id=\"3f25624\" data-element_type=\"widget\" data-e-type=\"widget\" data-settings=\"{&quot;youtube_url&quot;:&quot;https:\\\/\\\/youtu.be\\\/AJQOjr6s6pM&quot;,&quot;show_image_overlay&quot;:&quot;yes&quot;,&quot;image_overlay&quot;:{&quot;url&quot;:&quot;https:\\\/\\\/allenorthodontist.com\\\/wp-content\\\/uploads\\\/2022\\\/02\\\/AAO-Eating-With-Braces.jpg&quot;,&quot;id&quot;:3201,&quot;size&quot;:&quot;&quot;,&quot;alt&quot;:&quot;&quot;,&quot;source&quot;:&quot;library&quot;},&quot;video_type&quot;:&quot;youtube&quot;,&quot;controls&quot;:&quot;yes&quot;}\" data-widget_type=\"video.default\">\n\t\t\t\t<div class=\"elementor-widget-container\">\n\t\t\t\t\t\t\t<div class=\"elementor-wrapper elementor-open-inline\">\n\t\t\t<div class=\"elementor-video\"><\/div>\t\t\t\t<div class=\"elementor-custom-embed-image-overlay\" style=\"background-image: url();\">\n\t\t\t\t\t\t\t\t\t\t\t\t\t\t<\/div>\n\t\t\t\t\t<\/div>\n\t\t\t\t\t\t<\/div>\n\t\t\t\t<\/div>\n\t\t\t\t\t<\/div>\n\t\t<\/div>\n\t\t\t\t\t<\/div>\n\t\t<\/section>\n\t\t\t\t<section data-particle_enable=\"false\" data-particle-mobile-disabled=\"false\" class=\"elementor-section elementor-top-section elementor-element elementor-element-e42b53e elementor-section-boxed elementor-section-height-default elementor-section-height-default\" data-id=\"e42b53e\" data-element_type=\"section\" data-e-type=\"section\">\n\t\t\t\t\t\t<div class=\"elementor-container elementor-column-gap-default\">\n\t\t\t\t\t<div class=\"elementor-column elementor-col-100 elementor-top-column elementor-element elementor-element-79dace7\" data-id=\"79dace7\" data-element_type=\"column\" data-e-type=\"column\">\n\t\t\t<div class=\"elementor-widget-wrap elementor-element-populated\">\n\t\t\t\t\t\t<div class=\"elementor-element elementor-element-941f321 elementor-widget elementor-widget-text-editor\" data-id=\"941f321\" data-element_type=\"widget\" data-e-type=\"widget\" data-widget_type=\"text-editor.default\">\n\t\t\t\t<div class=\"elementor-widget-container\">\n\t\t\t\t\t\t\t\t\t<h2>Alimentos que debes evitar<\/h2>\n<ul>\n<li>Alimentos masticables: panecillos, panecillos duros, regaliz<\/li>\n<li>Alimentos crujientes: palomitas, hielo<\/li>\n<li>Alimentos pegajosos: caramelos, chicles<\/li>\n<li>Alimentos duros: frutos secos, caramelos<\/li>\n<li>Alimentos que tienes que morder: mazorca de ma\u00edz, manzanas, zanahorias<\/li>\n<\/ul>\n<p>Masticar cosas duras (por ejemplo, bol\u00edgrafos, l\u00e1pices o u\u00f1as) tambi\u00e9n puede da\u00f1ar los aparatos. Los aparatos da\u00f1ados prolongar\u00e1n el tratamiento y pueden requerir m\u00e1s tiempo de consulta.  <\/p>\n<h2>Dolor general<\/h2>\n<p>Cuando te pongan los aparatos, puedes sentir un dolor general en la boca y los dientes pueden estar sensibles a la presi\u00f3n de morder durante 3 - 5 d\u00edas. Toma Tylenol o lo que tomes normalmente para el dolor de cabeza o las molestias. Los labios, las mejillas y la lengua tambi\u00e9n pueden irritarse durante una o dos semanas mientras se endurecen y se acostumbran a los aparatos. La cera de ortodoncia es una forma f\u00e1cil de solucionarlo, te suministraremos cera para que la pongas sobre los aparatos en las zonas irritadas para disminuir las molestias.   <\/p>\n<h2>Aflojamiento de los dientes<\/h2>\n<p>S\u00ed, tus dientes pueden aflojarse un poco durante el tratamiento. Aunque esto asusta, \u00a1es totalmente normal! Es de esperar a lo largo del tratamiento. Los dientes deben aflojarse primero para poder moverse. Una vez finalizado el tratamiento, los dientes se reafirmar\u00e1n en su nueva posici\u00f3n corregida.    <\/p>\n<h2>Alambre o banda sueltos<\/h2>\n<p>No te alarmes si se suelta un alambre o una banda, esto ocurre ocasionalmente. Si un alambre sobresale y te irrita, utiliza con cuidado un instrumento romo (como el extremo de la goma de borrar de un l\u00e1piz) y empuja con cuidado y suavidad el alambre que te irrita hacia atr\u00e1s, por debajo del arco de alambre. S\u00f3lo debes intentar esto si tus molestias se vuelven inmanejables s\u00f3lo con cera ortod\u00f3ncica. Simplemente qu\u00edtalo de en medio. Si contin\u00faa la irritaci\u00f3n en los labios o la boca, coloca m\u00e1s cera o algod\u00f3n h\u00famedo sobre el alambre para reducir las molestias. Llama a nuestra consulta lo antes posible para concertar una cita y revisar y reparar el problema.     <\/p>\n<h2>Desgaste de la goma el\u00e1stica<\/h2>\n<p>Para completar con \u00e9xito el tratamiento de ortodoncia, el paciente debe colaborar con el ortodoncista. Los dientes y los maxilares s\u00f3lo pueden moverse hacia sus posiciones corregidas si el paciente lleva sistem\u00e1ticamente las gomas u otros aparatos seg\u00fan lo prescrito. La falta de cooperaci\u00f3n siguiendo las instrucciones y los aparatos da\u00f1ados alargan el tiempo de tratamiento&#8230; as\u00ed que, por favor&#8230; sigue las instrucciones.  <\/p>\n<h2>Atletismo<\/h2>\n<p>Si haces deporte, es importante que nos lo comuniques. Se proporciona un protector bucal para la pr\u00e1ctica de deportes de contacto. <\/p>\t\t\t\t\t\t\t\t<\/div>\n\t\t\t\t<\/div>\n\t\t\t\t\t<\/div>\n\t\t<\/div>\n\t\t\t\t\t<\/div>\n\t\t<\/section>\n\t\t\t\t<\/div>\n\t\t","protected":false},"excerpt":{"rendered":"<p>Cepillado e hilo dental Es m\u00e1s importante que nunca cepillarse los dientes y usar hilo dental con regularidad cuando llevas aparatos, para que tus dientes y enc\u00edas se mantengan sanos durante el tratamiento de ortodoncia. Dado que los aparatos dificultan el cepillado y el uso del hilo dental y exigen ajustar tus h\u00e1bitos para mantener una sonrisa sana, [&hellip;]<\/p>\n","protected":false},"author":2,"featured_media":0,"parent":0,"menu_order":91,"comment_status":"closed","ping_status":"closed","template":"","meta":{"_seopress_robots_primary_cat":"","_seopress_titles_title":"","_seopress_titles_desc":"","_seopress_robots_index":"","footnotes":""},"class_list":["post-7646","page","type-page","status-publish"],"_links":{"self":[{"href":"https:\/\/allenorthodontist.com\/es\/wp-json\/wp\/v2\/pages\/7646","targetHints":{"allow":["GET"]}}],"collection":[{"href":"https:\/\/allenorthodontist.com\/es\/wp-json\/wp\/v2\/pages"}],"about":[{"href":"https:\/\/allenorthodontist.com\/es\/wp-json\/wp\/v2\/types\/page"}],"author":[{"embeddable":true,"href":"https:\/\/allenorthodontist.com\/es\/wp-json\/wp\/v2\/users\/2"}],"replies":[{"embeddable":true,"href":"https:\/\/allenorthodontist.com\/es\/wp-json\/wp\/v2\/comments?post=7646"}],"version-history":[{"count":1,"href":"https:\/\/allenorthodontist.com\/es\/wp-json\/wp\/v2\/pages\/7646\/revisions"}],"predecessor-version":[{"id":7653,"href":"https:\/\/allenorthodontist.com\/es\/wp-json\/wp\/v2\/pages\/7646\/revisions\/7653"}],"wp:attachment":[{"href":"https:\/\/allenorthodontist.com\/es\/wp-json\/wp\/v2\/media?parent=7646"}],"curies":[{"name":"wp","href":"https:\/\/api.w.org\/{rel}","templated":true}]}}