{"id":7652,"date":"2017-03-22T10:19:02","date_gmt":"2017-03-22T10:19:02","guid":{"rendered":"https:\/\/allenorthodontist.com\/declaracion-de-accesibilidad\/"},"modified":"2025-03-26T19:52:42","modified_gmt":"2025-03-26T19:52:42","slug":"declaracion-de-accesibilidad","status":"publish","type":"page","link":"https:\/\/allenorthodontist.com\/es\/declaracion-de-accesibilidad\/","title":{"rendered":"Declaraci\u00f3n de accesibilidad"},"content":{"rendered":"\t\t<div data-elementor-type=\"wp-page\" data-elementor-id=\"7652\" class=\"elementor elementor-7652 elementor-2809\" data-elementor-post-type=\"page\">\n\t\t\t\t\t\t<section data-particle_enable=\"false\" data-particle-mobile-disabled=\"false\" class=\"elementor-section elementor-top-section elementor-element elementor-element-5f3c5e88 elementor-section-boxed elementor-section-height-default elementor-section-height-default\" data-id=\"5f3c5e88\" data-element_type=\"section\" data-e-type=\"section\">\n\t\t\t\t\t\t<div class=\"elementor-container elementor-column-gap-default\">\n\t\t\t\t\t<div class=\"elementor-column elementor-col-100 elementor-top-column elementor-element elementor-element-5878f26a\" data-id=\"5878f26a\" data-element_type=\"column\" data-e-type=\"column\">\n\t\t\t<div class=\"elementor-widget-wrap elementor-element-populated\">\n\t\t\t\t\t\t<div class=\"elementor-element elementor-element-691ad1c elementor-widget elementor-widget-text-editor\" data-id=\"691ad1c\" data-element_type=\"widget\" data-e-type=\"widget\" data-widget_type=\"text-editor.default\">\n\t\t\t\t<div class=\"elementor-widget-container\">\n\t\t\t\t\t\t\t\t\t<p>Trabajamos continuamente para mejorar la accesibilidad de los contenidos de nuestro sitio web. A continuaci\u00f3n encontrar\u00e1s algunas recomendaciones para que tu experiencia de navegaci\u00f3n sea m\u00e1s accesible: <\/p><p><strong>Si tienes problemas para ver las p\u00e1ginas web<\/strong>, la Administraci\u00f3n de la Seguridad Social de EE.UU. te ofrece estos consejos para optimizar tu ordenador y tu navegador con el fin de mejorar tu experiencia en l\u00ednea.<\/p><ul><li>Utiliza tu ordenador para leer p\u00e1ginas web en voz alta<\/li><li>Utiliza el teclado para navegar por las pantallas<\/li><li>Aumentar el tama\u00f1o del texto<\/li><li>Ampl\u00eda tu pantalla<\/li><li>Cambia los colores del fondo y del texto<\/li><li>Hacer m\u00e1s visible el puntero del rat\u00f3n (s\u00f3lo Windows)<\/li><\/ul><p>Si buscas <strong>alternativas al rat\u00f3n y al teclado<\/strong>, un software de reconocimiento de voz como Dragon Naturally Speaking puede ayudarte a navegar por p\u00e1ginas web y servicios en l\u00ednea. Este software permite al usuario desplazarse por una p\u00e1gina web o por la pantalla de una aplicaci\u00f3n mediante controles de voz. <\/p><p>Si eres sordo o tienes dificultades auditivas, tienes a tu disposici\u00f3n varias funciones de accesibilidad.<\/p><h2>Subt\u00edtulos<\/h2><p>Los subt\u00edtulos proporcionan una transcripci\u00f3n de la pista de audio de una presentaci\u00f3n de v\u00eddeo que est\u00e1 sincronizada con las pistas de v\u00eddeo y audio. Los subt\u00edtulos suelen aparecer visualmente sobre el v\u00eddeo, lo que beneficia a las personas sordas o con dificultades auditivas, y a cualquiera que no pueda o\u00edr el audio debido a entornos ruidosos. La mayor\u00eda de nuestros contenidos de v\u00eddeo incluyen subt\u00edtulos. Aprende a activar y desactivar los subt\u00edtulos en YouTube<a href=\"https:\/\/support.google.com\/youtube\/answer\/100078?hl=en\">.<\/a>   <\/p><h2>Controles de volumen<\/h2><p>Tu ordenador, tableta o dispositivo m\u00f3vil tiene funciones de control de volumen. Cada servicio de v\u00eddeo y audio tiene sus propios controles de volumen adicionales. Intenta ajustar tanto los controles de volumen de tu dispositivo como los de tus reproductores multimedia para optimizar tu experiencia auditiva.  <\/p><p>Si las recomendaciones anteriores no satisfacen tus necesidades, te invitamos a ponerte en contacto con nosotros para que te ayudemos a trav\u00e9s de la informaci\u00f3n que figura a continuaci\u00f3n.<\/p>\t\t\t\t\t\t\t\t<\/div>\n\t\t\t\t<\/div>\n\t\t\t\t\t<\/div>\n\t\t<\/div>\n\t\t\t\t\t<\/div>\n\t\t<\/section>\n\t\t<div data-particle_enable=\"false\" data-particle-mobile-disabled=\"false\" class=\"elementor-element elementor-element-9aa5f9d e-flex e-con-boxed e-con e-parent\" data-id=\"9aa5f9d\" data-element_type=\"container\" data-e-type=\"container\">\n\t\t\t\t\t<div class=\"e-con-inner\">\n\t\t\t\t<div class=\"elementor-element elementor-element-5390a49 elementor-widget-divider--view-line elementor-widget elementor-widget-divider\" data-id=\"5390a49\" data-element_type=\"widget\" data-e-type=\"widget\" data-widget_type=\"divider.default\">\n\t\t\t\t<div class=\"elementor-widget-container\">\n\t\t\t\t\t\t\t<div class=\"elementor-divider\">\n\t\t\t<span class=\"elementor-divider-separator\">\n\t\t\t\t\t\t<\/span>\n\t\t<\/div>\n\t\t\t\t\t\t<\/div>\n\t\t\t\t<\/div>\n\t\t\t\t<div class=\"elementor-element elementor-element-3d8c35e elementor-widget elementor-widget-text-editor\" data-id=\"3d8c35e\" data-element_type=\"widget\" data-e-type=\"widget\" data-widget_type=\"text-editor.default\">\n\t\t\t\t<div class=\"elementor-widget-container\">\n\t\t\t\t\t\t\t\t\t<h3 class=\"elementor-heading-title elementor-size-default\">Ortodoncista Allen<\/h3><ul><li>Direcci\u00f3n: 604 S Watters Rd Suite 150, Allen, TX 75013, Estados Unidos<\/li><li>Tel\u00e9fono: (972) 390-1100<\/li><\/ul>\t\t\t\t\t\t\t\t<\/div>\n\t\t\t\t<\/div>\n\t\t\t\t\t<\/div>\n\t\t\t\t<\/div>\n\t\t\t\t<\/div>\n\t\t","protected":false},"excerpt":{"rendered":"<p>Trabajamos continuamente para mejorar la accesibilidad de los contenidos de nuestro sitio web. A continuaci\u00f3n encontrar\u00e1s algunas recomendaciones para que tu experiencia de navegaci\u00f3n sea m\u00e1s accesible: Si tienes problemas para ver las p\u00e1ginas web, la Administraci\u00f3n de la Seguridad Social de EE.UU. te ofrece estos consejos para optimizar tu ordenador y tu navegador con el fin de [&hellip;]<\/p>\n","protected":false},"author":2,"featured_media":0,"parent":0,"menu_order":75,"comment_status":"closed","ping_status":"closed","template":"","meta":{"_seopress_robots_primary_cat":"","_seopress_titles_title":"Declaraci\u00f3n de Accesibilidad | Ortodoncista en Allen TX","_seopress_titles_desc":"Allen Orthodontist se compromete a mejorar la accesibilidad del sitio web, con consejos de ayuda visual, auditiva y de navegaci\u00f3n para una mejor experiencia de navegaci\u00f3n.","_seopress_robots_index":"","footnotes":""},"class_list":["post-7652","page","type-page","status-publish"],"_links":{"self":[{"href":"https:\/\/allenorthodontist.com\/es\/wp-json\/wp\/v2\/pages\/7652","targetHints":{"allow":["GET"]}}],"collection":[{"href":"https:\/\/allenorthodontist.com\/es\/wp-json\/wp\/v2\/pages"}],"about":[{"href":"https:\/\/allenorthodontist.com\/es\/wp-json\/wp\/v2\/types\/page"}],"author":[{"embeddable":true,"href":"https:\/\/allenorthodontist.com\/es\/wp-json\/wp\/v2\/users\/2"}],"replies":[{"embeddable":true,"href":"https:\/\/allenorthodontist.com\/es\/wp-json\/wp\/v2\/comments?post=7652"}],"version-history":[{"count":1,"href":"https:\/\/allenorthodontist.com\/es\/wp-json\/wp\/v2\/pages\/7652\/revisions"}],"predecessor-version":[{"id":7659,"href":"https:\/\/allenorthodontist.com\/es\/wp-json\/wp\/v2\/pages\/7652\/revisions\/7659"}],"wp:attachment":[{"href":"https:\/\/allenorthodontist.com\/es\/wp-json\/wp\/v2\/media?parent=7652"}],"curies":[{"name":"wp","href":"https:\/\/api.w.org\/{rel}","templated":true}]}}