{"id":7655,"date":"2022-06-22T14:41:14","date_gmt":"2022-06-22T14:41:14","guid":{"rendered":"https:\/\/allenorthodontist.com\/seguimiento-dental\/"},"modified":"2025-03-28T01:29:45","modified_gmt":"2025-03-28T01:29:45","slug":"seguimiento-dental","status":"publish","type":"page","link":"https:\/\/allenorthodontist.com\/es\/seguimiento-dental\/","title":{"rendered":"Seguimiento dental"},"content":{"rendered":"\t\t<div data-elementor-type=\"wp-page\" data-elementor-id=\"7655\" class=\"elementor elementor-7655\" data-elementor-post-type=\"page\">\n\t\t\t\t\t\t<section data-particle_enable=\"false\" data-particle-mobile-disabled=\"false\" class=\"elementor-section elementor-top-section elementor-element elementor-element-8f2dcce elementor-section-boxed elementor-section-height-default elementor-section-height-default\" data-id=\"8f2dcce\" data-element_type=\"section\" data-e-type=\"section\">\n\t\t\t\t\t\t<div class=\"elementor-container elementor-column-gap-default\">\n\t\t\t\t\t<div class=\"elementor-column elementor-col-100 elementor-top-column elementor-element elementor-element-d6cbd0e\" data-id=\"d6cbd0e\" data-element_type=\"column\" data-e-type=\"column\">\n\t\t\t<div class=\"elementor-widget-wrap elementor-element-populated\">\n\t\t\t\t\t\t<div class=\"elementor-element elementor-element-bb95d9c elementor-widget elementor-widget-text-editor\" data-id=\"bb95d9c\" data-element_type=\"widget\" data-e-type=\"widget\" data-widget_type=\"text-editor.default\">\n\t\t\t\t<div class=\"elementor-widget-container\">\n\t\t\t\t\t\t\t\t\t<h2>La Inteligencia Artificial ya est\u00e1 aqu\u00ed - Ahora ofrecemos citas virtuales de ortodoncia<\/h2><p>En  <strong>[PRACTICE NAME]<\/strong>Sabemos que el tiempo de nuestros pacientes es valioso. Por eso ofrecemos servicios que ahorran tiempo, como correspondencia por mensajes de texto, formularios online para pacientes, impresiones digitales iTero y, ahora, <strong>citas virtuales de ortodoncia a trav\u00e9s de la aplicaci\u00f3n Dental Monitoring<\/strong>. Con esta aplicaci\u00f3n   <strong>[Dr Last Name]<\/strong>  para controlar tu tratamiento de forma m\u00e1s estrecha, eficaz y puntual que en el pasado. Esto te permite pasar menos tiempo en nuestra consulta, \u00a1y m\u00e1s tiempo disfrutando de la vida! Y lo que es mejor&#8230; <strong>este avanzado servicio de tratamiento digital no tiene coste adicional.<\/strong>  <\/p><h3>\u00bfQu\u00e9 es la aplicaci\u00f3n Dental Monitoring?<\/h3><p>Dental Monitoring es una aplicaci\u00f3n f\u00e1cil de usar que te permite enviar im\u00e1genes y v\u00eddeos de tus dientes a nuestra consulta durante todo el tratamiento. Tu tratamiento Invisalign o de ortodoncia comenzar\u00e1 con una consulta en la consulta con <strong>[Dr Last Name]. Esta consulta te proporcionar\u00e1 la informaci\u00f3n necesaria para planificar tu tratamiento. Tras la consulta inicial, te veremos en la consulta cuando sea necesario, en funci\u00f3n de lo que muestren tus esc\u00e1neres. La aplicaci\u00f3n Dental Monitoring reducir\u00e1 en gran medida el n\u00famero de visitas necesarias a la consulta.<\/strong>    <\/p>\t\t\t\t\t\t\t\t<\/div>\n\t\t\t\t<\/div>\n\t\t\t\t\t<\/div>\n\t\t<\/div>\n\t\t\t\t\t<\/div>\n\t\t<\/section>\n\t\t\t\t<section data-particle_enable=\"false\" data-particle-mobile-disabled=\"false\" class=\"elementor-section elementor-top-section elementor-element elementor-element-577134b elementor-section-boxed elementor-section-height-default elementor-section-height-default\" data-id=\"577134b\" data-element_type=\"section\" data-e-type=\"section\">\n\t\t\t\t\t\t<div class=\"elementor-container elementor-column-gap-default\">\n\t\t\t\t\t<div class=\"elementor-column elementor-col-100 elementor-top-column elementor-element elementor-element-c18b3c4\" data-id=\"c18b3c4\" data-element_type=\"column\" data-e-type=\"column\">\n\t\t\t<div class=\"elementor-widget-wrap\">\n\t\t\t\t\t\t\t<\/div>\n\t\t<\/div>\n\t\t\t\t\t<\/div>\n\t\t<\/section>\n\t\t\t\t<section data-particle_enable=\"false\" data-particle-mobile-disabled=\"false\" class=\"elementor-section elementor-top-section elementor-element elementor-element-ea5e449 elementor-section-boxed elementor-section-height-default elementor-section-height-default\" data-id=\"ea5e449\" data-element_type=\"section\" data-e-type=\"section\">\n\t\t\t\t\t\t<div class=\"elementor-container elementor-column-gap-default\">\n\t\t\t\t\t<div class=\"elementor-column elementor-col-100 elementor-top-column elementor-element elementor-element-5a49d8a\" data-id=\"5a49d8a\" data-element_type=\"column\" data-e-type=\"column\">\n\t\t\t<div class=\"elementor-widget-wrap elementor-element-populated\">\n\t\t\t\t\t\t<div class=\"elementor-element elementor-element-42ab99a elementor-widget elementor-widget-video\" data-id=\"42ab99a\" data-element_type=\"widget\" data-e-type=\"widget\" data-settings=\"{&quot;youtube_url&quot;:&quot;https:\\\/\\\/youtu.be\\\/ooVLjbPjUfc&quot;,&quot;show_image_overlay&quot;:&quot;yes&quot;,&quot;image_overlay&quot;:{&quot;url&quot;:&quot;https:\\\/\\\/allenorthodontist.com\\\/wp-content\\\/uploads\\\/2022\\\/06\\\/Dental-Monitoring-Video-Cover-Image-300x192-1.jpg&quot;,&quot;id&quot;:3432,&quot;size&quot;:&quot;&quot;,&quot;alt&quot;:&quot;&quot;,&quot;source&quot;:&quot;library&quot;},&quot;video_type&quot;:&quot;youtube&quot;,&quot;controls&quot;:&quot;yes&quot;}\" data-widget_type=\"video.default\">\n\t\t\t\t<div class=\"elementor-widget-container\">\n\t\t\t\t\t\t\t<div class=\"elementor-wrapper elementor-open-inline\">\n\t\t\t<div class=\"elementor-video\"><\/div>\t\t\t\t<div class=\"elementor-custom-embed-image-overlay\" style=\"background-image: url();\">\n\t\t\t\t\t\t\t\t\t\t\t\t\t\t<\/div>\n\t\t\t\t\t<\/div>\n\t\t\t\t\t\t<\/div>\n\t\t\t\t<\/div>\n\t\t\t\t<div class=\"elementor-element elementor-element-0127a16 elementor-widget elementor-widget-text-editor\" data-id=\"0127a16\" data-element_type=\"widget\" data-e-type=\"widget\" data-widget_type=\"text-editor.default\">\n\t\t\t\t<div class=\"elementor-widget-container\">\n\t\t\t\t\t\t\t\t\t<h3>\u00bfC\u00f3mo funciona?<\/h3><p>Al inicio de tu tratamiento, te ayudaremos a crear una cuenta en la aplicaci\u00f3n Dental Monitoring de tu tel\u00e9fono. Recibir\u00e1s tus propios retractores de mejillas y te guiaremos en el proceso de hacer un escaneado fotogr\u00e1fico o de v\u00eddeo. Para el tratamiento Invisalign, enviar\u00e1s un escaneado r\u00e1pido a nuestra consulta cada semana. Seg\u00fan el resultado del escaneado, podremos decirte si debes pasar al siguiente juego de alineadores o continuar con el actual. Tambi\u00e9n puedes enviarnos un esc\u00e1ner si tienes alguna duda o problema con tu tratamiento.    <\/p><h3>\u00bfPor qu\u00e9 utilizar el seguimiento dental?<\/h3><p>Lo mejor de la aplicaci\u00f3n Dental Monitoring es que puedes utilizarla literalmente en cualquier lugar con cobertura de telefon\u00eda m\u00f3vil. Las citas virtuales de Ortodoncia son estupendas para todos los pacientes a los que les resulta dif\u00edcil acudir a la consulta, incluidos: <\/p><ul><li>Estudiantes universitarios<\/li><li>Adultos que viajan por trabajo<\/li><li>Ni\u00f1os que participan en actividades extraescolares despu\u00e9s del colegio (y sus padres)<\/li><li>Personas con transporte limitado<\/li><li>Padres con varios hijos<\/li><li>\u00a1Cualquier persona que quiera facilitar su proceso de tratamiento!<\/li><\/ul><p><strong>[Practice Name]<\/strong>  ofrece actualmente el Seguimiento Dental a los pacientes en tratamiento con alineadores Invisalign. \u00a1Ponte en contacto con nosotros hoy mismo para revolucionar tu tratamiento de ortodoncia! <\/p>\t\t\t\t\t\t\t\t<\/div>\n\t\t\t\t<\/div>\n\t\t\t\t\t<\/div>\n\t\t<\/div>\n\t\t\t\t\t<\/div>\n\t\t<\/section>\n\t\t\t\t<\/div>\n\t\t","protected":false},"excerpt":{"rendered":"<p>La Inteligencia Artificial ya est\u00e1 aqu\u00ed - Ahora ofrecemos citas virtuales de ortodoncia En [PRACTICE NAME]Sabemos que el tiempo de nuestros pacientes es valioso. Por eso ofrecemos servicios que ahorran tiempo, como correspondencia por mensajes de texto, formularios online para pacientes, impresiones digitales iTero y, ahora, citas virtuales de ortodoncia a trav\u00e9s de la aplicaci\u00f3n Dental Monitoring. Con [&hellip;]<\/p>\n","protected":false},"author":2,"featured_media":0,"parent":0,"menu_order":95,"comment_status":"closed","ping_status":"closed","template":"","meta":{"_seopress_robots_primary_cat":"","_seopress_titles_title":"","_seopress_titles_desc":"","_seopress_robots_index":"","footnotes":""},"class_list":["post-7655","page","type-page","status-publish"],"_links":{"self":[{"href":"https:\/\/allenorthodontist.com\/es\/wp-json\/wp\/v2\/pages\/7655","targetHints":{"allow":["GET"]}}],"collection":[{"href":"https:\/\/allenorthodontist.com\/es\/wp-json\/wp\/v2\/pages"}],"about":[{"href":"https:\/\/allenorthodontist.com\/es\/wp-json\/wp\/v2\/types\/page"}],"author":[{"embeddable":true,"href":"https:\/\/allenorthodontist.com\/es\/wp-json\/wp\/v2\/users\/2"}],"replies":[{"embeddable":true,"href":"https:\/\/allenorthodontist.com\/es\/wp-json\/wp\/v2\/comments?post=7655"}],"version-history":[{"count":1,"href":"https:\/\/allenorthodontist.com\/es\/wp-json\/wp\/v2\/pages\/7655\/revisions"}],"predecessor-version":[{"id":7662,"href":"https:\/\/allenorthodontist.com\/es\/wp-json\/wp\/v2\/pages\/7655\/revisions\/7662"}],"wp:attachment":[{"href":"https:\/\/allenorthodontist.com\/es\/wp-json\/wp\/v2\/media?parent=7655"}],"curies":[{"name":"wp","href":"https:\/\/api.w.org\/{rel}","templated":true}]}}