{"id":7656,"date":"2022-06-24T16:40:59","date_gmt":"2022-06-24T16:40:59","guid":{"rendered":"https:\/\/allenorthodontist.com\/se-habla-espanol\/"},"modified":"2025-03-26T19:52:41","modified_gmt":"2025-03-26T19:52:41","slug":"se-habla-espanol","status":"publish","type":"page","link":"https:\/\/allenorthodontist.com\/es\/se-habla-espanol\/","title":{"rendered":"Se Habla Espa\u00f1ol"},"content":{"rendered":"\t\t<div data-elementor-type=\"wp-page\" data-elementor-id=\"7656\" class=\"elementor elementor-7656 elementor-3444\" data-elementor-post-type=\"page\">\n\t\t\t\t\t\t<section data-particle_enable=\"false\" data-particle-mobile-disabled=\"false\" class=\"elementor-section elementor-top-section elementor-element elementor-element-d699fd2 elementor-section-boxed elementor-section-height-default elementor-section-height-default\" data-id=\"d699fd2\" data-element_type=\"section\" data-e-type=\"section\">\n\t\t\t\t\t\t<div class=\"elementor-container elementor-column-gap-default\">\n\t\t\t\t\t<div class=\"elementor-column elementor-col-100 elementor-top-column elementor-element elementor-element-2cbae09\" data-id=\"2cbae09\" data-element_type=\"column\" data-e-type=\"column\">\n\t\t\t<div class=\"elementor-widget-wrap elementor-element-populated\">\n\t\t\t\t\t\t<div class=\"elementor-element elementor-element-8a0fbbf elementor-widget elementor-widget-heading\" data-id=\"8a0fbbf\" data-element_type=\"widget\" data-e-type=\"widget\" data-widget_type=\"heading.default\">\n\t\t\t\t<div class=\"elementor-widget-container\">\n\t\t\t\t\t<h1 class=\"elementor-heading-title elementor-size-default\">Bienvenidos a Allen Orthodontist en Allen, TX<\/h1>\t\t\t\t<\/div>\n\t\t\t\t<\/div>\n\t\t\t\t<div class=\"elementor-element elementor-element-3547d39 elementor-widget elementor-widget-text-editor\" data-id=\"3547d39\" data-element_type=\"widget\" data-e-type=\"widget\" data-widget_type=\"text-editor.default\">\n\t\t\t\t<div class=\"elementor-widget-container\">\n\t\t\t\t\t\t\t\t\t<p data-start=\"141\" data-end=\"599\">Nos dedicamos a ofrecer atenci\u00f3n ortod\u00f3ncica de la m\u00e1s alta calidad para ni\u00f1os, adolescentes y adultos en Allen, TX. Nos enorgullece formar relaciones duraderas con nuestros pacientes y sus familias, ofreci\u00e9ndoles una atenci\u00f3n cercana, profesional y personalizada. Nuestro objetivo es ofrecer tratamientos avanzados para crear sonrisas saludables y radiantes en un ambiente relajado y acogedor.  <\/p><h2 data-start=\"601\" data-end=\"661\">Nuestro Compromiso con Nuestros Pacientes y sus Familias<\/h2><p data-start=\"663\" data-end=\"988\">Desde el momento en que entres a nuestra cl\u00ednica, hasta el d\u00eda en que se retire tu aparato, se sentir\u00e1 c\u00f3modo y en buenas manos. Con a\u00f1os de experiencia en ortodoncia, le garantizamos que recibir\u00e1 el mejor tratamiento y un servicio excepcional. Nos aseguramos de que cada visita sea eficiente y agradable para toda la familia.  <\/p><p data-start=\"990\" data-end=\"1382\">En Allen Ortodoncista, la  <a href=\"https:\/\/allenorthodontist.com\/orthodontist-mojdehi-barnes\/\">Dra. <\/a>  y su equipo de profesionales trabajan en conjunto para ofrecer una experiencia positiva tanto para los pacientes como para sus familias. Utilizamos t\u00e9cnicas de tratamiento de vanguardia y diagn\u00f3stico preciso, lo que nos permite ofrecer soluciones personalizadas que mejor se adapten a sus necesidades. Entre los tratamientos que ofrecemos se incluyen:  <\/p><ul data-start=\"1384\" data-end=\"1729\"><li data-start=\"1384\" data-end=\"1481\"><a href=\"https:\/\/allenorthodontist.com\/es\/tipos-de-ortodoncia\/\">Par\u00e9ntesis met\u00e1licos tradicionales<\/a><\/li><li data-start=\"1482\" data-end=\"1591\"><a href=\"https:\/\/allenorthodontist.com\/es\/tipos-de-ortodoncia\/\">Soportes transparentes<\/a><\/li><li data-start=\"1592\" data-end=\"1729\"><a href=\"https:\/\/allenorthodontist.com\/es\/invisalign\/\">Invisalign<\/a><\/li><\/ul><h3 data-start=\"1731\" data-end=\"1754\">\u00bfPor qu\u00e9 Elegirnos?<\/h3><ul data-start=\"1756\" data-end=\"2234\"><li data-start=\"1756\" data-end=\"1855\">Un ambiente c\u00e1lido, amigable y lleno de energ\u00eda, donde sonre\u00edr forma parte de nuestra rutina diaria.<\/li><li data-start=\"1856\" data-end=\"1995\"><a href=\"https:\/\/allenorthodontist.com\/es\/opciones-de-financiacion\/\">Opciones de financiaci\u00f3n<\/a> flexibles que se adaptan a tu presupuesto, porque entendemos la importancia de hacer accesible tu tratamiento.<\/li><li data-start=\"1996\" data-end=\"2104\">Horarios de atenci\u00f3n convenientes y siempre puntuales, respetando el valioso tiempo de nuestros pacientes.<\/li><li data-start=\"2105\" data-end=\"2234\">Un equipo siempre dispuesto a ayudarlo, responder a sus dudas y brindarle la mejor atenci\u00f3n posible en cada paso del tratamiento.<\/li><\/ul><h2 data-start=\"2236\" data-end=\"2269\">\u00a1Comience su Tratamiento Hoy!<\/h2><p data-start=\"2271\" data-end=\"2509\">Cuando decidas dar el siguiente paso hacia una sonrisa perfecta, <a href=\"https:\/\/allenorthodontist.com\/es\/oficina-de-allen\/\">contacta con nuestra oficina<\/a> si tienes alguna duda y <a href=\"https:\/\/allenorthodontist.com\/es\/solicitud-de-cita\/\">agende su consulta GRATUITA<\/a>. \u00a1Estamos listos para acompa\u00f1arlo en su camino hacia una sonrisa m\u00e1s saludable y atractiva! <\/p>\t\t\t\t\t\t\t\t<\/div>\n\t\t\t\t<\/div>\n\t\t\t\t\t<\/div>\n\t\t<\/div>\n\t\t\t\t\t<\/div>\n\t\t<\/section>\n\t\t\t\t<\/div>\n\t\t","protected":false},"excerpt":{"rendered":"<p>Bienvenidos a Allen Orthodontist en Allen, TX Nos dedicamos a ofrecer atenci\u00f3n ortod\u00f3ncica de la m\u00e1s alta calidad para ni\u00f1os, adolescentes y adultos en Allen, TX. Nos enorgullece formar relaciones duraderas con nuestros pacientes y sus familias, ofreci\u00e9ndoles una atenci\u00f3n cercana, profesional y personalizada. Nuestro objetivo es ofrecer tratamientos avanzados para crear sonrisas saludables y radiantes en un [&hellip;]<\/p>\n","protected":false},"author":2,"featured_media":0,"parent":0,"menu_order":67,"comment_status":"closed","ping_status":"closed","template":"","meta":{"_seopress_robots_primary_cat":"","_seopress_titles_title":"Ortodoncista Invisalign & Brackets en Allen TX","_seopress_titles_desc":"Allen Orthodontist ofrece atenci\u00f3n ortod\u00f3ncica de alta calidad para ni\u00f1os, adolescentes y adultos, con tratamiento personalizado para una sonrisa saludable.","_seopress_robots_index":"","footnotes":""},"class_list":["post-7656","page","type-page","status-publish"],"_links":{"self":[{"href":"https:\/\/allenorthodontist.com\/es\/wp-json\/wp\/v2\/pages\/7656","targetHints":{"allow":["GET"]}}],"collection":[{"href":"https:\/\/allenorthodontist.com\/es\/wp-json\/wp\/v2\/pages"}],"about":[{"href":"https:\/\/allenorthodontist.com\/es\/wp-json\/wp\/v2\/types\/page"}],"author":[{"embeddable":true,"href":"https:\/\/allenorthodontist.com\/es\/wp-json\/wp\/v2\/users\/2"}],"replies":[{"embeddable":true,"href":"https:\/\/allenorthodontist.com\/es\/wp-json\/wp\/v2\/comments?post=7656"}],"version-history":[{"count":4,"href":"https:\/\/allenorthodontist.com\/es\/wp-json\/wp\/v2\/pages\/7656\/revisions"}],"predecessor-version":[{"id":8197,"href":"https:\/\/allenorthodontist.com\/es\/wp-json\/wp\/v2\/pages\/7656\/revisions\/8197"}],"wp:attachment":[{"href":"https:\/\/allenorthodontist.com\/es\/wp-json\/wp\/v2\/media?parent=7656"}],"curies":[{"name":"wp","href":"https:\/\/api.w.org\/{rel}","templated":true}]}}