{"id":7657,"date":"2025-02-14T01:45:19","date_gmt":"2025-02-14T01:45:19","guid":{"rendered":"https:\/\/allenorthodontist.com\/visita-a-la-oficina\/"},"modified":"2025-03-26T19:52:33","modified_gmt":"2025-03-26T19:52:33","slug":"visita-a-la-oficina","status":"publish","type":"page","link":"https:\/\/allenorthodontist.com\/es\/visita-a-la-oficina\/","title":{"rendered":"Visita a la oficina"},"content":{"rendered":"\t\t<div data-elementor-type=\"wp-page\" data-elementor-id=\"7657\" class=\"elementor elementor-7657 elementor-6301\" data-elementor-post-type=\"page\">\n\t\t\t\t<div data-particle_enable=\"false\" data-particle-mobile-disabled=\"false\" class=\"elementor-element elementor-element-c65148d e-flex e-con-boxed e-con e-parent\" data-id=\"c65148d\" data-element_type=\"container\" data-e-type=\"container\">\n\t\t\t\t\t<div class=\"e-con-inner\">\n\t\t\t\t<div class=\"elementor-element elementor-element-6e1bfcf elementor-widget elementor-widget-heading\" data-id=\"6e1bfcf\" data-element_type=\"widget\" data-e-type=\"widget\" data-widget_type=\"heading.default\">\n\t\t\t\t<div class=\"elementor-widget-container\">\n\t\t\t\t\t<h1 class=\"elementor-heading-title elementor-size-default\">Bienvenido a nuestro recorrido por el consultorio de Allen Orthodontist<\/h1>\t\t\t\t<\/div>\n\t\t\t\t<\/div>\n\t\t\t\t<div class=\"elementor-element elementor-element-2086db1 elementor-widget elementor-widget-text-editor\" data-id=\"2086db1\" data-element_type=\"widget\" data-e-type=\"widget\" data-widget_type=\"text-editor.default\">\n\t\t\t\t<div class=\"elementor-widget-container\">\n\t\t\t\t\t\t\t\t\t<p>Estamos orgullosos de ofrecer un entorno moderno y acogedor a todos nuestros pacientes. Nuestras instalaciones de \u00faltima generaci\u00f3n est\u00e1n dise\u00f1adas pensando en tu comodidad y cuidados, garantizando una experiencia agradable de principio a fin. Haz un recorrido virtual por nuestra consulta y comprueba d\u00f3nde ofrecemos atenci\u00f3n ortod\u00f3ncica de m\u00e1xima calidad a pacientes de todas las edades.  <\/p>\t\t\t\t\t\t\t\t<\/div>\n\t\t\t\t<\/div>\n\t\t\t\t\t<\/div>\n\t\t\t\t<\/div>\n\t\t<div data-particle_enable=\"false\" data-particle-mobile-disabled=\"false\" class=\"elementor-element elementor-element-a9c1652 e-flex e-con-boxed e-con e-parent\" data-id=\"a9c1652\" data-element_type=\"container\" data-e-type=\"container\">\n\t\t\t\t\t<div class=\"e-con-inner\">\n\t\t\t\t<div class=\"elementor-element elementor-element-d9c9c43 elementor-widget elementor-widget-gallery\" data-id=\"d9c9c43\" data-element_type=\"widget\" data-e-type=\"widget\" data-settings=\"{&quot;gallery_layout&quot;:&quot;masonry&quot;,&quot;lazyload&quot;:&quot;yes&quot;,&quot;columns&quot;:4,&quot;columns_tablet&quot;:2,&quot;columns_mobile&quot;:1,&quot;gap&quot;:{&quot;unit&quot;:&quot;px&quot;,&quot;size&quot;:10,&quot;sizes&quot;:[]},&quot;gap_tablet&quot;:{&quot;unit&quot;:&quot;px&quot;,&quot;size&quot;:10,&quot;sizes&quot;:[]},&quot;gap_mobile&quot;:{&quot;unit&quot;:&quot;px&quot;,&quot;size&quot;:10,&quot;sizes&quot;:[]},&quot;link_to&quot;:&quot;file&quot;,&quot;overlay_background&quot;:&quot;yes&quot;,&quot;content_hover_animation&quot;:&quot;fade-in&quot;}\" data-widget_type=\"gallery.default\">\n\t\t\t\t<div class=\"elementor-widget-container\">\n\t\t\t\t\t\t\t<div class=\"elementor-gallery__container\">\n\t\t\t\t\t\t\t<a class=\"e-gallery-item elementor-gallery-item elementor-animated-content\" href=\"https:\/\/allenorthodontist.com\/wp-content\/uploads\/2025\/02\/1.-new-office-tour-photos-001-scaled.jpg\" data-elementor-open-lightbox=\"yes\" data-elementor-lightbox-slideshow=\"d9c9c43\" data-elementor-lightbox-title=\"1. NEW OFFICE TOUR PHOTOS 001\" data-e-action-hash=\"#elementor-action%3Aaction%3Dlightbox%26settings%3DeyJpZCI6Njc0NywidXJsIjoiaHR0cHM6XC9cL2FsbGVub3J0aG9kb250aXN0LmNvbVwvd3AtY29udGVudFwvdXBsb2Fkc1wvMjAyNVwvMDJcLzEuLW5ldy1vZmZpY2UtdG91ci1waG90b3MtMDAxLXNjYWxlZC5qcGciLCJzbGlkZXNob3ciOiJkOWM5YzQzIn0%3D\">\n\t\t\t\t\t<div class=\"e-gallery-image elementor-gallery-item__image\" data-thumbnail=\"https:\/\/allenorthodontist.com\/wp-content\/uploads\/2025\/02\/1.-new-office-tour-photos-001-scaled.jpg\" data-width=\"2560\" data-height=\"1657\" aria-label=\"Front Building Allen Orthodontist in Allen, TX\" role=\"img\" ><\/div>\n\t\t\t\t\t\t\t\t\t\t\t<div class=\"elementor-gallery-item__overlay\"><\/div>\n\t\t\t\t\t\t\t\t\t\t\t\t\t\t<\/a>\n\t\t\t\t\t\t\t<a class=\"e-gallery-item elementor-gallery-item elementor-animated-content\" href=\"https:\/\/allenorthodontist.com\/wp-content\/uploads\/2025\/02\/2.-new-office-tour-photos-155-scaled.jpg\" data-elementor-open-lightbox=\"yes\" data-elementor-lightbox-slideshow=\"d9c9c43\" data-elementor-lightbox-title=\"2. NEW OFFICE TOUR PHOTOS 155\" data-e-action-hash=\"#elementor-action%3Aaction%3Dlightbox%26settings%3DeyJpZCI6Njc0OSwidXJsIjoiaHR0cHM6XC9cL2FsbGVub3J0aG9kb250aXN0LmNvbVwvd3AtY29udGVudFwvdXBsb2Fkc1wvMjAyNVwvMDJcLzIuLW5ldy1vZmZpY2UtdG91ci1waG90b3MtMTU1LXNjYWxlZC5qcGciLCJzbGlkZXNob3ciOiJkOWM5YzQzIn0%3D\">\n\t\t\t\t\t<div class=\"e-gallery-image elementor-gallery-item__image\" data-thumbnail=\"https:\/\/allenorthodontist.com\/wp-content\/uploads\/2025\/02\/2.-new-office-tour-photos-155-scaled.jpg\" data-width=\"2560\" data-height=\"1790\" aria-label=\"Front Allen Orthodontist in Allen, TX\" role=\"img\" ><\/div>\n\t\t\t\t\t\t\t\t\t\t\t<div class=\"elementor-gallery-item__overlay\"><\/div>\n\t\t\t\t\t\t\t\t\t\t\t\t\t\t<\/a>\n\t\t\t\t\t\t\t<a class=\"e-gallery-item elementor-gallery-item elementor-animated-content\" href=\"https:\/\/allenorthodontist.com\/wp-content\/uploads\/2025\/02\/3.-new-office-tour-photos-094-scaled.jpg\" data-elementor-open-lightbox=\"yes\" data-elementor-lightbox-slideshow=\"d9c9c43\" data-elementor-lightbox-title=\"3. NEW OFFICE TOUR PHOTOS 094\" data-e-action-hash=\"#elementor-action%3Aaction%3Dlightbox%26settings%3DeyJpZCI6Njc1MCwidXJsIjoiaHR0cHM6XC9cL2FsbGVub3J0aG9kb250aXN0LmNvbVwvd3AtY29udGVudFwvdXBsb2Fkc1wvMjAyNVwvMDJcLzMuLW5ldy1vZmZpY2UtdG91ci1waG90b3MtMDk0LXNjYWxlZC5qcGciLCJzbGlkZXNob3ciOiJkOWM5YzQzIn0%3D\">\n\t\t\t\t\t<div class=\"e-gallery-image elementor-gallery-item__image\" data-thumbnail=\"https:\/\/allenorthodontist.com\/wp-content\/uploads\/2025\/02\/3.-new-office-tour-photos-094-scaled.jpg\" data-width=\"2560\" data-height=\"1707\" aria-label=\"Front Desk Allen Orthodontist in Allen, TX\" role=\"img\" ><\/div>\n\t\t\t\t\t\t\t\t\t\t\t<div class=\"elementor-gallery-item__overlay\"><\/div>\n\t\t\t\t\t\t\t\t\t\t\t\t\t\t<\/a>\n\t\t\t\t\t\t\t<a class=\"e-gallery-item elementor-gallery-item elementor-animated-content\" href=\"https:\/\/allenorthodontist.com\/wp-content\/uploads\/2025\/02\/4.-new-office-tour-photos-095-scaled.jpg\" data-elementor-open-lightbox=\"yes\" data-elementor-lightbox-slideshow=\"d9c9c43\" data-elementor-lightbox-title=\"4. NEW OFFICE TOUR PHOTOS 095\" data-e-action-hash=\"#elementor-action%3Aaction%3Dlightbox%26settings%3DeyJpZCI6Njc1MSwidXJsIjoiaHR0cHM6XC9cL2FsbGVub3J0aG9kb250aXN0LmNvbVwvd3AtY29udGVudFwvdXBsb2Fkc1wvMjAyNVwvMDJcLzQuLW5ldy1vZmZpY2UtdG91ci1waG90b3MtMDk1LXNjYWxlZC5qcGciLCJzbGlkZXNob3ciOiJkOWM5YzQzIn0%3D\">\n\t\t\t\t\t<div class=\"e-gallery-image elementor-gallery-item__image\" data-thumbnail=\"https:\/\/allenorthodontist.com\/wp-content\/uploads\/2025\/02\/4.-new-office-tour-photos-095-scaled.jpg\" data-width=\"2560\" data-height=\"1707\" aria-label=\"Front Desk Allen Orthodontist in Allen, TX\" role=\"img\" ><\/div>\n\t\t\t\t\t\t\t\t\t\t\t<div class=\"elementor-gallery-item__overlay\"><\/div>\n\t\t\t\t\t\t\t\t\t\t\t\t\t\t<\/a>\n\t\t\t\t\t\t\t<a class=\"e-gallery-item elementor-gallery-item elementor-animated-content\" href=\"https:\/\/allenorthodontist.com\/wp-content\/uploads\/2025\/02\/5.-new-office-photos-retakes-kym-jackson-055-scaled.jpg\" data-elementor-open-lightbox=\"yes\" data-elementor-lightbox-slideshow=\"d9c9c43\" data-elementor-lightbox-title=\"5. NEW OFFICE PHOTOS (RETAKES) KYM JACKSON 055\" data-e-action-hash=\"#elementor-action%3Aaction%3Dlightbox%26settings%3DeyJpZCI6Njc1MiwidXJsIjoiaHR0cHM6XC9cL2FsbGVub3J0aG9kb250aXN0LmNvbVwvd3AtY29udGVudFwvdXBsb2Fkc1wvMjAyNVwvMDJcLzUuLW5ldy1vZmZpY2UtcGhvdG9zLXJldGFrZXMta3ltLWphY2tzb24tMDU1LXNjYWxlZC5qcGciLCJzbGlkZXNob3ciOiJkOWM5YzQzIn0%3D\">\n\t\t\t\t\t<div class=\"e-gallery-image elementor-gallery-item__image\" data-thumbnail=\"https:\/\/allenorthodontist.com\/wp-content\/uploads\/2025\/02\/5.-new-office-photos-retakes-kym-jackson-055-scaled.jpg\" data-width=\"2560\" data-height=\"1727\" aria-label=\"Waiting Room Allen Orthodontist in Allen, TX\" role=\"img\" ><\/div>\n\t\t\t\t\t\t\t\t\t\t\t<div class=\"elementor-gallery-item__overlay\"><\/div>\n\t\t\t\t\t\t\t\t\t\t\t\t\t\t<\/a>\n\t\t\t\t\t\t\t<a class=\"e-gallery-item elementor-gallery-item elementor-animated-content\" href=\"https:\/\/allenorthodontist.com\/wp-content\/uploads\/2025\/02\/6.-new-office-tour-photos-079-scaled.jpg\" data-elementor-open-lightbox=\"yes\" data-elementor-lightbox-slideshow=\"d9c9c43\" data-elementor-lightbox-title=\"6. NEW OFFICE TOUR PHOTOS 079\" data-e-action-hash=\"#elementor-action%3Aaction%3Dlightbox%26settings%3DeyJpZCI6Njc1MywidXJsIjoiaHR0cHM6XC9cL2FsbGVub3J0aG9kb250aXN0LmNvbVwvd3AtY29udGVudFwvdXBsb2Fkc1wvMjAyNVwvMDJcLzYuLW5ldy1vZmZpY2UtdG91ci1waG90b3MtMDc5LXNjYWxlZC5qcGciLCJzbGlkZXNob3ciOiJkOWM5YzQzIn0%3D\">\n\t\t\t\t\t<div class=\"e-gallery-image elementor-gallery-item__image\" data-thumbnail=\"https:\/\/allenorthodontist.com\/wp-content\/uploads\/2025\/02\/6.-new-office-tour-photos-079-scaled.jpg\" data-width=\"2560\" data-height=\"1707\" aria-label=\"Waiting Area Allen Orthodontist in Allen, TX\" role=\"img\" ><\/div>\n\t\t\t\t\t\t\t\t\t\t\t<div class=\"elementor-gallery-item__overlay\"><\/div>\n\t\t\t\t\t\t\t\t\t\t\t\t\t\t<\/a>\n\t\t\t\t\t\t\t<a class=\"e-gallery-item elementor-gallery-item elementor-animated-content\" href=\"https:\/\/allenorthodontist.com\/wp-content\/uploads\/2025\/02\/7.-new-office-tour-photos-065-scaled.jpg\" data-elementor-open-lightbox=\"yes\" data-elementor-lightbox-slideshow=\"d9c9c43\" data-elementor-lightbox-title=\"7. NEW OFFICE TOUR PHOTOS 065\" data-e-action-hash=\"#elementor-action%3Aaction%3Dlightbox%26settings%3DeyJpZCI6Njc1NCwidXJsIjoiaHR0cHM6XC9cL2FsbGVub3J0aG9kb250aXN0LmNvbVwvd3AtY29udGVudFwvdXBsb2Fkc1wvMjAyNVwvMDJcLzcuLW5ldy1vZmZpY2UtdG91ci1waG90b3MtMDY1LXNjYWxlZC5qcGciLCJzbGlkZXNob3ciOiJkOWM5YzQzIn0%3D\">\n\t\t\t\t\t<div class=\"e-gallery-image elementor-gallery-item__image\" data-thumbnail=\"https:\/\/allenorthodontist.com\/wp-content\/uploads\/2025\/02\/7.-new-office-tour-photos-065-scaled.jpg\" data-width=\"2560\" data-height=\"1707\" aria-label=\"Front Door Allen Orthodontist in Allen, TX\" role=\"img\" ><\/div>\n\t\t\t\t\t\t\t\t\t\t\t<div class=\"elementor-gallery-item__overlay\"><\/div>\n\t\t\t\t\t\t\t\t\t\t\t\t\t\t<\/a>\n\t\t\t\t\t\t\t<a class=\"e-gallery-item elementor-gallery-item elementor-animated-content\" href=\"https:\/\/allenorthodontist.com\/wp-content\/uploads\/2025\/02\/8.-new-office-tour-photos-060-scaled.jpg\" data-elementor-open-lightbox=\"yes\" data-elementor-lightbox-slideshow=\"d9c9c43\" data-elementor-lightbox-title=\"8. NEW OFFICE TOUR PHOTOS 060\" data-e-action-hash=\"#elementor-action%3Aaction%3Dlightbox%26settings%3DeyJpZCI6Njc1NSwidXJsIjoiaHR0cHM6XC9cL2FsbGVub3J0aG9kb250aXN0LmNvbVwvd3AtY29udGVudFwvdXBsb2Fkc1wvMjAyNVwvMDJcLzguLW5ldy1vZmZpY2UtdG91ci1waG90b3MtMDYwLXNjYWxlZC5qcGciLCJzbGlkZXNob3ciOiJkOWM5YzQzIn0%3D\">\n\t\t\t\t\t<div class=\"e-gallery-image elementor-gallery-item__image\" data-thumbnail=\"https:\/\/allenorthodontist.com\/wp-content\/uploads\/2025\/02\/8.-new-office-tour-photos-060-scaled.jpg\" data-width=\"1707\" data-height=\"2560\" aria-label=\"Waiting Playroom Allen Orthodontist in Allen, TX\" role=\"img\" ><\/div>\n\t\t\t\t\t\t\t\t\t\t\t<div class=\"elementor-gallery-item__overlay\"><\/div>\n\t\t\t\t\t\t\t\t\t\t\t\t\t\t<\/a>\n\t\t\t\t\t\t\t<a class=\"e-gallery-item elementor-gallery-item elementor-animated-content\" href=\"https:\/\/allenorthodontist.com\/wp-content\/uploads\/2025\/02\/9.-new-office-tour-photos-043-scaled.jpg\" data-elementor-open-lightbox=\"yes\" data-elementor-lightbox-slideshow=\"d9c9c43\" data-elementor-lightbox-title=\"9. NEW OFFICE TOUR PHOTOS 043\" data-e-action-hash=\"#elementor-action%3Aaction%3Dlightbox%26settings%3DeyJpZCI6Njc1NiwidXJsIjoiaHR0cHM6XC9cL2FsbGVub3J0aG9kb250aXN0LmNvbVwvd3AtY29udGVudFwvdXBsb2Fkc1wvMjAyNVwvMDJcLzkuLW5ldy1vZmZpY2UtdG91ci1waG90b3MtMDQzLXNjYWxlZC5qcGciLCJzbGlkZXNob3ciOiJkOWM5YzQzIn0%3D\">\n\t\t\t\t\t<div class=\"e-gallery-image elementor-gallery-item__image\" data-thumbnail=\"https:\/\/allenorthodontist.com\/wp-content\/uploads\/2025\/02\/9.-new-office-tour-photos-043-scaled.jpg\" data-width=\"1846\" data-height=\"2560\" aria-label=\"Office Allen Orthodontist in Allen, TX\" role=\"img\" ><\/div>\n\t\t\t\t\t\t\t\t\t\t\t<div class=\"elementor-gallery-item__overlay\"><\/div>\n\t\t\t\t\t\t\t\t\t\t\t\t\t\t<\/a>\n\t\t\t\t\t\t\t<a class=\"e-gallery-item elementor-gallery-item elementor-animated-content\" href=\"https:\/\/allenorthodontist.com\/wp-content\/uploads\/2025\/02\/10.-new-office-photos-retakes-kym-jackson-065-scaled.jpg\" data-elementor-open-lightbox=\"yes\" data-elementor-lightbox-slideshow=\"d9c9c43\" data-elementor-lightbox-title=\"10. NEW OFFICE PHOTOS (RETAKES) KYM JACKSON 065\" data-e-action-hash=\"#elementor-action%3Aaction%3Dlightbox%26settings%3DeyJpZCI6Njc1NywidXJsIjoiaHR0cHM6XC9cL2FsbGVub3J0aG9kb250aXN0LmNvbVwvd3AtY29udGVudFwvdXBsb2Fkc1wvMjAyNVwvMDJcLzEwLi1uZXctb2ZmaWNlLXBob3Rvcy1yZXRha2VzLWt5bS1qYWNrc29uLTA2NS1zY2FsZWQuanBnIiwic2xpZGVzaG93IjoiZDljOWM0MyJ9\">\n\t\t\t\t\t<div class=\"e-gallery-image elementor-gallery-item__image\" data-thumbnail=\"https:\/\/allenorthodontist.com\/wp-content\/uploads\/2025\/02\/10.-new-office-photos-retakes-kym-jackson-065-scaled.jpg\" data-width=\"2560\" data-height=\"1707\" aria-label=\"Office Allen Orthodontist in Allen, TX\" role=\"img\" ><\/div>\n\t\t\t\t\t\t\t\t\t\t\t<div class=\"elementor-gallery-item__overlay\"><\/div>\n\t\t\t\t\t\t\t\t\t\t\t\t\t\t<\/a>\n\t\t\t\t\t\t\t<a class=\"e-gallery-item elementor-gallery-item elementor-animated-content\" href=\"https:\/\/allenorthodontist.com\/wp-content\/uploads\/2025\/02\/11.-new-office-tour-photos-121-scaled.jpg\" data-elementor-open-lightbox=\"yes\" data-elementor-lightbox-slideshow=\"d9c9c43\" data-elementor-lightbox-title=\"11. NEW OFFICE TOUR PHOTOS 121\" data-e-action-hash=\"#elementor-action%3Aaction%3Dlightbox%26settings%3DeyJpZCI6Njc1OCwidXJsIjoiaHR0cHM6XC9cL2FsbGVub3J0aG9kb250aXN0LmNvbVwvd3AtY29udGVudFwvdXBsb2Fkc1wvMjAyNVwvMDJcLzExLi1uZXctb2ZmaWNlLXRvdXItcGhvdG9zLTEyMS1zY2FsZWQuanBnIiwic2xpZGVzaG93IjoiZDljOWM0MyJ9\">\n\t\t\t\t\t<div class=\"e-gallery-image elementor-gallery-item__image\" data-thumbnail=\"https:\/\/allenorthodontist.com\/wp-content\/uploads\/2025\/02\/11.-new-office-tour-photos-121-scaled.jpg\" data-width=\"2560\" data-height=\"1734\" aria-label=\"Office Tour Allen Orthodontist in Allen, TX\" role=\"img\" ><\/div>\n\t\t\t\t\t\t\t\t\t\t\t<div class=\"elementor-gallery-item__overlay\"><\/div>\n\t\t\t\t\t\t\t\t\t\t\t\t\t\t<\/a>\n\t\t\t\t\t\t\t<a class=\"e-gallery-item elementor-gallery-item elementor-animated-content\" href=\"https:\/\/allenorthodontist.com\/wp-content\/uploads\/2025\/02\/12.-new-office-tour-photos-107-scaled.jpg\" data-elementor-open-lightbox=\"yes\" data-elementor-lightbox-slideshow=\"d9c9c43\" data-elementor-lightbox-title=\"12. NEW OFFICE TOUR PHOTOS 107\" data-e-action-hash=\"#elementor-action%3Aaction%3Dlightbox%26settings%3DeyJpZCI6Njc1OSwidXJsIjoiaHR0cHM6XC9cL2FsbGVub3J0aG9kb250aXN0LmNvbVwvd3AtY29udGVudFwvdXBsb2Fkc1wvMjAyNVwvMDJcLzEyLi1uZXctb2ZmaWNlLXRvdXItcGhvdG9zLTEwNy1zY2FsZWQuanBnIiwic2xpZGVzaG93IjoiZDljOWM0MyJ9\">\n\t\t\t\t\t<div class=\"e-gallery-image elementor-gallery-item__image\" data-thumbnail=\"https:\/\/allenorthodontist.com\/wp-content\/uploads\/2025\/02\/12.-new-office-tour-photos-107-scaled.jpg\" data-width=\"2560\" data-height=\"1707\" aria-label=\"Office Tour Allen Orthodontist in Allen, TX\" role=\"img\" ><\/div>\n\t\t\t\t\t\t\t\t\t\t\t<div class=\"elementor-gallery-item__overlay\"><\/div>\n\t\t\t\t\t\t\t\t\t\t\t\t\t\t<\/a>\n\t\t\t\t\t\t\t<a class=\"e-gallery-item elementor-gallery-item elementor-animated-content\" href=\"https:\/\/allenorthodontist.com\/wp-content\/uploads\/2025\/02\/13.-new-office-tour-photos-138-scaled.jpg\" data-elementor-open-lightbox=\"yes\" data-elementor-lightbox-slideshow=\"d9c9c43\" data-elementor-lightbox-title=\"13. NEW OFFICE TOUR PHOTOS 138\" data-e-action-hash=\"#elementor-action%3Aaction%3Dlightbox%26settings%3DeyJpZCI6Njc2MCwidXJsIjoiaHR0cHM6XC9cL2FsbGVub3J0aG9kb250aXN0LmNvbVwvd3AtY29udGVudFwvdXBsb2Fkc1wvMjAyNVwvMDJcLzEzLi1uZXctb2ZmaWNlLXRvdXItcGhvdG9zLTEzOC1zY2FsZWQuanBnIiwic2xpZGVzaG93IjoiZDljOWM0MyJ9\">\n\t\t\t\t\t<div class=\"e-gallery-image elementor-gallery-item__image\" data-thumbnail=\"https:\/\/allenorthodontist.com\/wp-content\/uploads\/2025\/02\/13.-new-office-tour-photos-138-scaled.jpg\" data-width=\"2560\" data-height=\"1707\" aria-label=\"Treatment Area Allen Orthodontist in Allen, TX\" role=\"img\" ><\/div>\n\t\t\t\t\t\t\t\t\t\t\t<div class=\"elementor-gallery-item__overlay\"><\/div>\n\t\t\t\t\t\t\t\t\t\t\t\t\t\t<\/a>\n\t\t\t\t\t\t\t<a class=\"e-gallery-item elementor-gallery-item elementor-animated-content\" href=\"https:\/\/allenorthodontist.com\/wp-content\/uploads\/2025\/02\/14.-new-office-tour-photos-124-scaled.jpg\" data-elementor-open-lightbox=\"yes\" data-elementor-lightbox-slideshow=\"d9c9c43\" data-elementor-lightbox-title=\"14. NEW OFFICE TOUR PHOTOS 124\" data-e-action-hash=\"#elementor-action%3Aaction%3Dlightbox%26settings%3DeyJpZCI6Njc0MiwidXJsIjoiaHR0cHM6XC9cL2FsbGVub3J0aG9kb250aXN0LmNvbVwvd3AtY29udGVudFwvdXBsb2Fkc1wvMjAyNVwvMDJcLzE0Li1uZXctb2ZmaWNlLXRvdXItcGhvdG9zLTEyNC1zY2FsZWQuanBnIiwic2xpZGVzaG93IjoiZDljOWM0MyJ9\">\n\t\t\t\t\t<div class=\"e-gallery-image elementor-gallery-item__image\" data-thumbnail=\"https:\/\/allenorthodontist.com\/wp-content\/uploads\/2025\/02\/14.-new-office-tour-photos-124-scaled.jpg\" data-width=\"2560\" data-height=\"1707\" aria-label=\"Office Allen Orthodontist in Allen, TX\" role=\"img\" ><\/div>\n\t\t\t\t\t\t\t\t\t\t\t<div class=\"elementor-gallery-item__overlay\"><\/div>\n\t\t\t\t\t\t\t\t\t\t\t\t\t\t<\/a>\n\t\t\t\t\t\t\t<a class=\"e-gallery-item elementor-gallery-item elementor-animated-content\" href=\"https:\/\/allenorthodontist.com\/wp-content\/uploads\/2025\/02\/15.-new-office-photos-retakes-kym-jackson-067-scaled.jpg\" data-elementor-open-lightbox=\"yes\" data-elementor-lightbox-slideshow=\"d9c9c43\" data-elementor-lightbox-title=\"15. NEW OFFICE PHOTOS (RETAKES) KYM JACKSON 067\" data-e-action-hash=\"#elementor-action%3Aaction%3Dlightbox%26settings%3DeyJpZCI6Njc0MywidXJsIjoiaHR0cHM6XC9cL2FsbGVub3J0aG9kb250aXN0LmNvbVwvd3AtY29udGVudFwvdXBsb2Fkc1wvMjAyNVwvMDJcLzE1Li1uZXctb2ZmaWNlLXBob3Rvcy1yZXRha2VzLWt5bS1qYWNrc29uLTA2Ny1zY2FsZWQuanBnIiwic2xpZGVzaG93IjoiZDljOWM0MyJ9\">\n\t\t\t\t\t<div class=\"e-gallery-image elementor-gallery-item__image\" data-thumbnail=\"https:\/\/allenorthodontist.com\/wp-content\/uploads\/2025\/02\/15.-new-office-photos-retakes-kym-jackson-067-scaled.jpg\" data-width=\"2560\" data-height=\"1760\" aria-label=\"Waiting Room Games Allen Orthodontist in Allen, TX\" role=\"img\" ><\/div>\n\t\t\t\t\t\t\t\t\t\t\t<div class=\"elementor-gallery-item__overlay\"><\/div>\n\t\t\t\t\t\t\t\t\t\t\t\t\t\t<\/a>\n\t\t\t\t\t\t\t<a class=\"e-gallery-item elementor-gallery-item elementor-animated-content\" href=\"https:\/\/allenorthodontist.com\/wp-content\/uploads\/2025\/02\/16.-new-office-tour-photos-031-scaled.jpg\" data-elementor-open-lightbox=\"yes\" data-elementor-lightbox-slideshow=\"d9c9c43\" data-elementor-lightbox-title=\"16. NEW OFFICE TOUR PHOTOS 031\" data-e-action-hash=\"#elementor-action%3Aaction%3Dlightbox%26settings%3DeyJpZCI6Njc0NCwidXJsIjoiaHR0cHM6XC9cL2FsbGVub3J0aG9kb250aXN0LmNvbVwvd3AtY29udGVudFwvdXBsb2Fkc1wvMjAyNVwvMDJcLzE2Li1uZXctb2ZmaWNlLXRvdXItcGhvdG9zLTAzMS1zY2FsZWQuanBnIiwic2xpZGVzaG93IjoiZDljOWM0MyJ9\">\n\t\t\t\t\t<div class=\"e-gallery-image elementor-gallery-item__image\" data-thumbnail=\"https:\/\/allenorthodontist.com\/wp-content\/uploads\/2025\/02\/16.-new-office-tour-photos-031-scaled.jpg\" data-width=\"2560\" data-height=\"1707\" aria-label=\"Waiting Room Games Allen Orthodontist in Allen, TX\" role=\"img\" ><\/div>\n\t\t\t\t\t\t\t\t\t\t\t<div class=\"elementor-gallery-item__overlay\"><\/div>\n\t\t\t\t\t\t\t\t\t\t\t\t\t\t<\/a>\n\t\t\t\t\t\t\t<a class=\"e-gallery-item elementor-gallery-item elementor-animated-content\" href=\"https:\/\/allenorthodontist.com\/wp-content\/uploads\/2025\/02\/17.-new-office-tour-photos-022-scaled.jpg\" data-elementor-open-lightbox=\"yes\" data-elementor-lightbox-slideshow=\"d9c9c43\" data-elementor-lightbox-title=\"17. NEW OFFICE TOUR PHOTOS 022\" data-e-action-hash=\"#elementor-action%3Aaction%3Dlightbox%26settings%3DeyJpZCI6Njc0NSwidXJsIjoiaHR0cHM6XC9cL2FsbGVub3J0aG9kb250aXN0LmNvbVwvd3AtY29udGVudFwvdXBsb2Fkc1wvMjAyNVwvMDJcLzE3Li1uZXctb2ZmaWNlLXRvdXItcGhvdG9zLTAyMi1zY2FsZWQuanBnIiwic2xpZGVzaG93IjoiZDljOWM0MyJ9\">\n\t\t\t\t\t<div class=\"e-gallery-image elementor-gallery-item__image\" data-thumbnail=\"https:\/\/allenorthodontist.com\/wp-content\/uploads\/2025\/02\/17.-new-office-tour-photos-022-scaled.jpg\" data-width=\"2560\" data-height=\"1741\" aria-label=\"Outside The Office Allen Orthodontist in Allen, TX\" role=\"img\" ><\/div>\n\t\t\t\t\t\t\t\t\t\t\t<div class=\"elementor-gallery-item__overlay\"><\/div>\n\t\t\t\t\t\t\t\t\t\t\t\t\t\t<\/a>\n\t\t\t\t\t\t\t<a class=\"e-gallery-item elementor-gallery-item elementor-animated-content\" href=\"https:\/\/allenorthodontist.com\/wp-content\/uploads\/2025\/02\/18.-new-office-tour-photos-026-scaled.jpg\" data-elementor-open-lightbox=\"yes\" data-elementor-lightbox-slideshow=\"d9c9c43\" data-elementor-lightbox-title=\"18. NEW OFFICE TOUR PHOTOS 026\" data-e-action-hash=\"#elementor-action%3Aaction%3Dlightbox%26settings%3DeyJpZCI6Njc0NiwidXJsIjoiaHR0cHM6XC9cL2FsbGVub3J0aG9kb250aXN0LmNvbVwvd3AtY29udGVudFwvdXBsb2Fkc1wvMjAyNVwvMDJcLzE4Li1uZXctb2ZmaWNlLXRvdXItcGhvdG9zLTAyNi1zY2FsZWQuanBnIiwic2xpZGVzaG93IjoiZDljOWM0MyJ9\">\n\t\t\t\t\t<div class=\"e-gallery-image elementor-gallery-item__image\" data-thumbnail=\"https:\/\/allenorthodontist.com\/wp-content\/uploads\/2025\/02\/18.-new-office-tour-photos-026-scaled.jpg\" data-width=\"2560\" data-height=\"1785\" aria-label=\"Allen Orthodontist in Allen, TX\" role=\"img\" ><\/div>\n\t\t\t\t\t\t\t\t\t\t\t<div class=\"elementor-gallery-item__overlay\"><\/div>\n\t\t\t\t\t\t\t\t\t\t\t\t\t\t<\/a>\n\t\t\t\t\t<\/div>\n\t\t\t\t\t<\/div>\n\t\t\t\t<\/div>\n\t\t\t\t\t<\/div>\n\t\t\t\t<\/div>\n\t\t\t\t<\/div>\n\t\t","protected":false},"excerpt":{"rendered":"<p>Bienvenido a nuestro recorrido por el consultorio de Allen Orthodontist Estamos orgullosos de ofrecer un entorno moderno y acogedor a todos nuestros pacientes. Nuestras instalaciones de \u00faltima generaci\u00f3n est\u00e1n dise\u00f1adas pensando en tu comodidad y cuidados, garantizando una experiencia agradable de principio a fin. Haz un recorrido virtual por nuestra consulta y comprueba d\u00f3nde ofrecemos atenci\u00f3n ortod\u00f3ncica de [&hellip;]<\/p>\n","protected":false},"author":2,"featured_media":0,"parent":0,"menu_order":16,"comment_status":"closed","ping_status":"closed","template":"","meta":{"_seopress_robots_primary_cat":"","_seopress_titles_title":"Tour de la oficina | Ortodoncista en Allen TX","_seopress_titles_desc":"Explora nuestra moderna y vanguardista consulta de Ortodoncia Allen, dise\u00f1ada para tu comodidad y cuidado, y haz un recorrido para ver d\u00f3nde empiezan las sonrisas bonitas.","_seopress_robots_index":"","footnotes":""},"class_list":["post-7657","page","type-page","status-publish"],"_links":{"self":[{"href":"https:\/\/allenorthodontist.com\/es\/wp-json\/wp\/v2\/pages\/7657","targetHints":{"allow":["GET"]}}],"collection":[{"href":"https:\/\/allenorthodontist.com\/es\/wp-json\/wp\/v2\/pages"}],"about":[{"href":"https:\/\/allenorthodontist.com\/es\/wp-json\/wp\/v2\/types\/page"}],"author":[{"embeddable":true,"href":"https:\/\/allenorthodontist.com\/es\/wp-json\/wp\/v2\/users\/2"}],"replies":[{"embeddable":true,"href":"https:\/\/allenorthodontist.com\/es\/wp-json\/wp\/v2\/comments?post=7657"}],"version-history":[{"count":3,"href":"https:\/\/allenorthodontist.com\/es\/wp-json\/wp\/v2\/pages\/7657\/revisions"}],"predecessor-version":[{"id":7716,"href":"https:\/\/allenorthodontist.com\/es\/wp-json\/wp\/v2\/pages\/7657\/revisions\/7716"}],"wp:attachment":[{"href":"https:\/\/allenorthodontist.com\/es\/wp-json\/wp\/v2\/media?parent=7657"}],"curies":[{"name":"wp","href":"https:\/\/api.w.org\/{rel}","templated":true}]}}