{"id":7666,"date":"2017-02-06T01:31:29","date_gmt":"2017-02-06T01:31:29","guid":{"rendered":"https:\/\/allenorthodontist.com\/preguntas-frecuentes\/"},"modified":"2025-03-26T19:52:35","modified_gmt":"2025-03-26T19:52:35","slug":"preguntas-frecuentes","status":"publish","type":"page","link":"https:\/\/allenorthodontist.com\/es\/preguntas-frecuentes\/","title":{"rendered":"PREGUNTAS FRECUENTES"},"content":{"rendered":"\t\t<div data-elementor-type=\"wp-page\" data-elementor-id=\"7666\" class=\"elementor elementor-7666 elementor-3073\" data-elementor-post-type=\"page\">\n\t\t\t\t<div data-particle_enable=\"false\" data-particle-mobile-disabled=\"false\" class=\"elementor-element elementor-element-19bb46a1 e-flex e-con-boxed e-con e-parent\" data-id=\"19bb46a1\" data-element_type=\"container\" data-e-type=\"container\">\n\t\t\t\t\t<div class=\"e-con-inner\">\n\t\t\t\t<div class=\"elementor-element elementor-element-ec943fc elementor-widget elementor-widget-heading\" data-id=\"ec943fc\" data-element_type=\"widget\" data-e-type=\"widget\" data-widget_type=\"heading.default\">\n\t\t\t\t<div class=\"elementor-widget-container\">\n\t\t\t\t\t<h1 class=\"elementor-heading-title elementor-size-default\">Preguntas frecuentes sobre ortodoncia<\/h1>\t\t\t\t<\/div>\n\t\t\t\t<\/div>\n\t\t\t\t<div class=\"elementor-element elementor-element-6295ee83 elementor-widget elementor-widget-text-editor\" data-id=\"6295ee83\" data-element_type=\"widget\" data-e-type=\"widget\" data-widget_type=\"text-editor.default\">\n\t\t\t\t<div class=\"elementor-widget-container\">\n\t\t\t\t\t\t\t\t\t<h3 data-start=\"34\" data-end=\"261\">\u00bfCobras por la visita inicial?<\/h3><p data-start=\"34\" data-end=\"261\">No, no cobramos por una consulta inicial. Como cortes\u00eda hacia ti y tu dentista de cabecera, te ofrecemos una evaluaci\u00f3n gratuita para determinar si es necesario un tratamiento de ortodoncia. <\/p><h3 data-start=\"263\" data-end=\"585\">\u00bfA qu\u00e9 edad empiezas a ver pacientes?<\/h3><p data-start=\"263\" data-end=\"585\">Normalmente empezamos a evaluar a los ni\u00f1os cuando les han salido los molares de 6 a\u00f1os y les empiezan a salir los dientes permanentes delanteros, normalmente entre los 6 y los 8 a\u00f1os. La Asociaci\u00f3n Americana de Ortodoncistas aconseja que todos los ni\u00f1os se sometan a su primera evaluaci\u00f3n ortod\u00f3ncica a los 7 a\u00f1os. <\/p><h3 data-start=\"587\" data-end=\"1017\">\u00bfPor qu\u00e9 se eval\u00faa a los ni\u00f1os a una edad tan temprana?<\/h3><p data-start=\"587\" data-end=\"1017\">Los <a href=\"https:\/\/allenorthodontist.com\/es\/ortodoncia-temprana\/\">tratamientos ortod<\/a>\u00f3ncicos tempranos no son necesariamente para un tratamiento inmediato, sino m\u00e1s bien para la observaci\u00f3n y la planificaci\u00f3n. Identificar precozmente posibles problemas ortod\u00f3ncicos nos permite controlar el crecimiento y determinar el mejor momento para intervenir. En algunos casos, el tratamiento precoz es beneficioso, pero para muchos pacientes, simplemente hacemos un seguimiento de su desarrollo y planificamos el tratamiento futuro si es necesario.  <\/p><h3 data-start=\"1019\" data-end=\"1357\">\u00bfCu\u00e1nto dura la primera cita?<\/h3><p data-start=\"1019\" data-end=\"1357\">Tu <a href=\"https:\/\/allenorthodontist.com\/es\/primera-visita\/\">primera visita<\/a> puede durar entre 60 y 90 minutos, seg\u00fan la complejidad de tu caso. Puede incluir un examen visual, una discusi\u00f3n de los hallazgos, radiograf\u00edas u otros diagn\u00f3sticos, como esc\u00e1neres digitales y fotograf\u00edas, para evaluar la posici\u00f3n actual de los dientes, los maxilares y las v\u00edas respiratorias. <\/p><h3 data-start=\"1359\" data-end=\"1639\">\u00bfAceptas pacientes trasladados de otro ortodoncista?<\/h3><p data-start=\"1359\" data-end=\"1639\">S\u00ed, ofrecemos una consulta gratuita a los pacientes trasladados. Si te trasladas desde otra ciudad, recopilaremos registros diagn\u00f3sticos actualizados para evaluar tu progreso actual y crear un plan de tratamiento para completar tu atenci\u00f3n ortod\u00f3ncica. <\/p><h3 data-start=\"1641\" data-end=\"1992\">\u00bfTratas a pacientes adultos?<\/h3><p data-start=\"1641\" data-end=\"1992\">Por supuesto. Un n\u00famero importante de nuestros pacientes son <a href=\"https:\/\/allenorthodontist.com\/es\/ortodoncia-para-adultos\/\">adultos<\/a>. De hecho, la Asociaci\u00f3n Americana de Ortodoncistas informa de que uno de cada cuatro pacientes de ortodoncia es adulto. Los avances en la tecnolog\u00eda ortod\u00f3ncica, incluidas opciones de tratamiento m\u00e1s discretas y c\u00f3modas, hacen que la ortodoncia sea m\u00e1s atractiva para los adultos.   <\/p><h3 data-start=\"1994\" data-end=\"2280\">\u00bfCu\u00e1l es la diferencia entre un ortodoncista y un dentista general?<\/h3><p data-start=\"1994\" data-end=\"2280\">Los ortodoncistas son dentistas que han recibido dos o m\u00e1s a\u00f1os adicionales de formaci\u00f3n especializada en ortodoncia. Su pr\u00e1ctica se dedica exclusivamente a la alineaci\u00f3n de los dientes y la ortopedia dentofacial. <\/p><h3 data-start=\"2282\" data-end=\"2625\">\u00bfPuedo programar todas mis citas despu\u00e9s del colegio o por la tarde?<\/h3><p data-start=\"2282\" data-end=\"2625\">Hacemos todo lo posible por adaptarnos a las agendas ocupadas; sin embargo, algunos procedimientos requieren <a href=\"https:\/\/allenorthodontist.com\/es\/solicitud-de-cita\/\">citas<\/a> m\u00e1s largas y deben programarse a media ma\u00f1ana o a primera hora de la tarde. Nos esforzamos por equilibrar nuestro horario para garantizar la disponibilidad tanto para las visitas rutinarias como para las especializadas. <\/p><h3 data-start=\"2627\" data-end=\"2870\">\u00bfOfrec\u00e9is ortodoncia de urgencia?<\/h3><p data-start=\"2627\" data-end=\"2870\">S\u00ed, ofrecemos <a href=\"https:\/\/allenorthodontist.com\/es\/atencion-de-urgencias\/\">atenci\u00f3n de urgencia<\/a> para problemas de ortodoncia. Si tienes un problema urgente, consulta nuestro sitio web para obtener informaci\u00f3n de contacto y detalles adicionales sobre el tratamiento de urgencias de ortodoncia. <\/p><h3 data-start=\"2872\" data-end=\"3116\">\u00bfOfrec\u00e9is planes de pago?<\/h3><p data-start=\"2872\" data-end=\"3116\">S\u00ed, ofrecemos<a href=\"https:\/\/allenorthodontist.com\/es\/opciones-de-financiacion\/\"> planes de pago<\/a> flexibles. Tanto si tienes seguro dental como si no, podemos organizar un plan de pago personalizado para distribuir el coste del tratamiento a lo largo del tiempo, ajust\u00e1ndonos a tu calendario de tratamiento. <\/p><h3 data-start=\"3118\" data-end=\"3383\">\u00bfC\u00f3mo gestionas los seguros?<\/h3><p data-start=\"3118\" data-end=\"3383\">Una vez que verifiquemos tu cobertura, trabajaremos directamente con tu proveedor de seguros para facturar y cobrar los pagos. Sin embargo, ten en cuenta que si tu cobertura cambia o finaliza, el paciente sigue siendo responsable de los honorarios pendientes. <\/p><h3 data-start=\"3385\" data-end=\"3509\">\u00bfAceptan tarjetas de cr\u00e9dito?<\/h3><p data-start=\"3385\" data-end=\"3509\">S\u00ed, aceptamos las principales tarjetas de cr\u00e9dito, incluidas American Express, Discover, MasterCard y Visa.<\/p><h3 data-start=\"3511\" data-end=\"3686\">\u00bfOfrec\u00e9is opciones de pago por domiciliaci\u00f3n bancaria?<\/h3><p data-start=\"3511\" data-end=\"3686\">S\u00ed, ofrecemos acuerdos de domiciliaci\u00f3n bancaria, pagos autom\u00e1ticos con tarjeta de cr\u00e9dito y opciones de pago online para mayor comodidad.<\/p><h3 data-start=\"3688\" data-end=\"3788\">\u00bfCobran intereses los planes de pago?<\/h3><p data-start=\"3688\" data-end=\"3788\">No, no cobramos intereses en nuestros planes de pago.<\/p><h3 data-start=\"3790\" data-end=\"3949\">\u00bfOfrec\u00e9is descuentos para varios miembros de la familia?<\/h3><p data-start=\"3790\" data-end=\"3949\">S\u00ed, tenemos programas y precios especiales para familias con varios pacientes en tratamiento.<\/p><h3 data-start=\"3951\" data-end=\"4225\">Si necesito medicaci\u00f3n previa para las visitas al dentista, \u00bftengo que tomarla antes de una cita de ortodoncia?<\/h3><p data-start=\"3951\" data-end=\"4225\">S\u00ed, si tu m\u00e9dico o dentista te ha recomendado premedicaci\u00f3n para procedimientos dentales, debes seguir esas pautas en algunas de tus visitas de ortodoncia. Llama a nuestra consulta para m\u00e1s detalles. <\/p><h3 data-start=\"4227\" data-end=\"4524\">\u00bfNecesito llevar retenedores despu\u00e9s de la ortodoncia?<\/h3><p data-start=\"4227\" data-end=\"4524\">S\u00ed, <a href=\"https:\/\/allenorthodontist.com\/es\/retenedores-de-ortodoncia\/\">los retenedores<\/a> son esenciales para mantener tus resultados. Normalmente se llevan a tiempo completo durante los 2 \u00f3 3 primeros meses despu\u00e9s del tratamiento, seguidos de un uso nocturno indefinido. Tu ortodoncista te dar\u00e1 instrucciones espec\u00edficas seg\u00fan tu caso.  <\/p><h3 data-start=\"4526\" data-end=\"4807\">\u00bfPor qu\u00e9 se desplazan los dientes incluso despu\u00e9s de un tratamiento de ortodoncia?<\/h3><p data-start=\"4526\" data-end=\"4807\" data-is-last-node=\"\" data-is-only-node=\"\">Los dientes se mueven de forma natural a lo largo de la vida debido al envejecimiento y a otros factores, aunque nunca hayas llevado ortodoncia. Por eso es importante llevar el retenedor siguiendo las instrucciones para conservar los resultados de la ortodoncia a largo plazo. <\/p>\t\t\t\t\t\t\t\t<\/div>\n\t\t\t\t<\/div>\n\t\t\t\t\t<\/div>\n\t\t\t\t<\/div>\n\t\t\t\t<\/div>\n\t\t","protected":false},"excerpt":{"rendered":"<p>Preguntas frecuentes sobre ortodoncia \u00bfCobras por la visita inicial? No, no cobramos por una consulta inicial. Como cortes\u00eda hacia ti y tu dentista de cabecera, te ofrecemos una evaluaci\u00f3n gratuita para determinar si es necesario un tratamiento de ortodoncia. \u00bfA qu\u00e9 edad empiezas a ver pacientes? Normalmente empezamos a evaluar a los ni\u00f1os cuando les han salido los [&hellip;]<\/p>\n","protected":false},"author":2,"featured_media":0,"parent":0,"menu_order":30,"comment_status":"closed","ping_status":"closed","template":"","meta":{"_seopress_robots_primary_cat":"","_seopress_titles_title":"Preguntas frecuentes sobre Invisalign y ortodoncia en Allen TX","_seopress_titles_desc":"El Ortodoncista de Allen responde a las preguntas comunes sobre ortodoncia, incluyendo detalles de la consulta, planes de pago y opciones de tratamiento para todas las edades, para una atenci\u00f3n experta.","_seopress_robots_index":"","footnotes":""},"class_list":["post-7666","page","type-page","status-publish"],"_links":{"self":[{"href":"https:\/\/allenorthodontist.com\/es\/wp-json\/wp\/v2\/pages\/7666","targetHints":{"allow":["GET"]}}],"collection":[{"href":"https:\/\/allenorthodontist.com\/es\/wp-json\/wp\/v2\/pages"}],"about":[{"href":"https:\/\/allenorthodontist.com\/es\/wp-json\/wp\/v2\/types\/page"}],"author":[{"embeddable":true,"href":"https:\/\/allenorthodontist.com\/es\/wp-json\/wp\/v2\/users\/2"}],"replies":[{"embeddable":true,"href":"https:\/\/allenorthodontist.com\/es\/wp-json\/wp\/v2\/comments?post=7666"}],"version-history":[{"count":3,"href":"https:\/\/allenorthodontist.com\/es\/wp-json\/wp\/v2\/pages\/7666\/revisions"}],"predecessor-version":[{"id":7860,"href":"https:\/\/allenorthodontist.com\/es\/wp-json\/wp\/v2\/pages\/7666\/revisions\/7860"}],"wp:attachment":[{"href":"https:\/\/allenorthodontist.com\/es\/wp-json\/wp\/v2\/media?parent=7666"}],"curies":[{"name":"wp","href":"https:\/\/api.w.org\/{rel}","templated":true}]}}