{"id":7668,"date":"2024-02-21T21:12:45","date_gmt":"2024-02-21T21:12:45","guid":{"rendered":"https:\/\/allenorthodontist.com\/ortodoncia-lightforce-v1\/"},"modified":"2025-03-28T01:29:48","modified_gmt":"2025-03-28T01:29:48","slug":"ortodoncia-lightforce-v1","status":"publish","type":"page","link":"https:\/\/allenorthodontist.com\/es\/ortodoncia-lightforce-v1\/","title":{"rendered":"Ortodoncia LightForce v1"},"content":{"rendered":"\t\t<div data-elementor-type=\"wp-page\" data-elementor-id=\"7668\" class=\"elementor elementor-7668\" data-elementor-post-type=\"page\">\n\t\t\t\t\t\t<section data-particle_enable=\"false\" data-particle-mobile-disabled=\"false\" class=\"elementor-section elementor-top-section elementor-element elementor-element-ddfa8bc elementor-section-boxed elementor-section-height-default elementor-section-height-default\" data-id=\"ddfa8bc\" data-element_type=\"section\" data-e-type=\"section\">\n\t\t\t\t\t\t<div class=\"elementor-container elementor-column-gap-default\">\n\t\t\t\t\t<div class=\"elementor-column elementor-col-100 elementor-top-column elementor-element elementor-element-542b273\" data-id=\"542b273\" data-element_type=\"column\" data-e-type=\"column\">\n\t\t\t<div class=\"elementor-widget-wrap elementor-element-populated\">\n\t\t\t\t\t\t<div class=\"elementor-element elementor-element-47eae94 elementor-widget elementor-widget-text-editor\" data-id=\"47eae94\" data-element_type=\"widget\" data-e-type=\"widget\" data-widget_type=\"text-editor.default\">\n\t\t\t\t<div class=\"elementor-widget-container\">\n\t\t\t\t\t\t\t\t\t<p>En  <strong>[Practice Name]<\/strong>adoptamos las nuevas tecnolog\u00edas Reconocemos que no hay dos sonrisas id\u00e9nticas y que crear un plan de tratamiento personalizado para ayudarte a conseguir tus necesidades ortod\u00f3ncicas \u00fanicas tiene un valor incre\u00edble. <\/p><p>Estamos orgullosos y entusiasmados de contar con \u00abOrtodoncia LightForce\u00bb como una de nuestras opciones de tratamiento. Desde el escaneado del diente hasta la producci\u00f3n, \u00a1LightForce es el primer sistema verdaderamente digital para ortodoncia! <\/p><h3>\u00bfQu\u00e9 son los frenos LightForce?<\/h3><p>LightForce ofrece un tratamiento tan \u00fanico como una huella dactilar. Estamos orgullosos de ofrecer esta soluci\u00f3n de vanguardia que une la moderna tecnolog\u00eda de impresi\u00f3n en 3D con la planificaci\u00f3n totalmente digital del tratamiento para proporcionarte una experiencia y unos resultados magn\u00edficos. LightForce fabrica aparatos a medida que se adaptan con precisi\u00f3n a la forma y orientaci\u00f3n \u00fanicas de tus dientes, lo que significa que se acelera el tiempo total de tratamiento y se reducen las visitas a la consulta.  <\/p>\t\t\t\t\t\t\t\t<\/div>\n\t\t\t\t<\/div>\n\t\t\t\t\t<\/div>\n\t\t<\/div>\n\t\t\t\t\t<\/div>\n\t\t<\/section>\n\t\t\t\t<section data-particle_enable=\"false\" data-particle-mobile-disabled=\"false\" class=\"elementor-section elementor-top-section elementor-element elementor-element-ea9c3c2 elementor-section-boxed elementor-section-height-default elementor-section-height-default\" data-id=\"ea9c3c2\" data-element_type=\"section\" data-e-type=\"section\">\n\t\t\t\t\t\t<div class=\"elementor-container elementor-column-gap-default\">\n\t\t\t\t\t<div class=\"elementor-column elementor-col-33 elementor-top-column elementor-element elementor-element-24359d1\" data-id=\"24359d1\" data-element_type=\"column\" data-e-type=\"column\">\n\t\t\t<div class=\"elementor-widget-wrap elementor-element-populated\">\n\t\t\t\t\t\t<div class=\"elementor-element elementor-element-46e2b0e elementor-widget elementor-widget-image\" data-id=\"46e2b0e\" data-element_type=\"widget\" data-e-type=\"widget\" data-widget_type=\"image.default\">\n\t\t\t\t<div class=\"elementor-widget-container\">\n\t\t\t\t\t\t\t\t\t\t\t\t\t\t\t<img decoding=\"async\" src=\"https:\/\/allenorthodontist.com\/wp-content\/uploads\/2024\/02\/patient-page-brackets.png\" title=\"\" alt=\"\" loading=\"lazy\" \/>\t\t\t\t\t\t\t\t\t\t\t\t\t\t\t<\/div>\n\t\t\t\t<\/div>\n\t\t\t\t\t<\/div>\n\t\t<\/div>\n\t\t\t\t<div class=\"elementor-column elementor-col-66 elementor-top-column elementor-element elementor-element-7008808\" data-id=\"7008808\" data-element_type=\"column\" data-e-type=\"column\">\n\t\t\t<div class=\"elementor-widget-wrap elementor-element-populated\">\n\t\t\t\t\t\t<div class=\"elementor-element elementor-element-d19c1dc elementor-widget elementor-widget-text-editor\" data-id=\"d19c1dc\" data-element_type=\"widget\" data-e-type=\"widget\" data-widget_type=\"text-editor.default\">\n\t\t\t\t<div class=\"elementor-widget-container\">\n\t\t\t\t\t\t\t\t\t<h3>\u00bfEn qu\u00e9 te beneficia LightForce?<\/h3><p><strong>Tiempo de tratamiento m\u00e1s corto:<\/strong> Los casos LightForce pueden terminar <strong>hasta un 40% m\u00e1s r\u00e1pido*<\/strong> que los aparatos tradicionales, lo que significa que tendr\u00e1s que esperar menos tiempo para ver tu nueva sonrisa.<\/p><p><strong>Menos visitas al ortodoncista*:<\/strong> Pasa menos tiempo en el ortodoncista y m\u00e1s viviendo tu vida.<\/p><p><strong>Ajuste m\u00e1s preciso:<\/strong> Los brackets LightForce son 100% personalizados para adaptarse a tus dientes \u00fanicos.<\/p><p><strong>Un aspecto discreto:<\/strong> Atr\u00e1s quedaron los d\u00edas de una boca llena de metal. Los brackets transparentes de cer\u00e1mica LightForce ofrecen un aspecto m\u00e1s sutil. <\/p><h6>Consigue la mejor experiencia de ortodoncia con LightForce.  <\/h6><p>*Basado<a href=\"https:\/\/lf.co\/sp\/jco-report\" target=\"_blank\" rel=\"noopener\">en datos publicados por la Revista de Ortodoncia Cl\u00ednica.<\/a><\/p><p>En definitiva, los aparatos LightForce ofrecen un ajuste personalizado para cada paciente, lo que significa menos molestias, un enderezamiento m\u00e1s eficaz y tratamientos m\u00e1s cortos. LightForce es la nueva generaci\u00f3n de enderezamiento dental: Es m\u00e1s eficaz, m\u00e1s personalizado y m\u00e1s c\u00f3modo que cualquier otra opci\u00f3n del mercado. <\/p>\t\t\t\t\t\t\t\t<\/div>\n\t\t\t\t<\/div>\n\t\t\t\t\t<\/div>\n\t\t<\/div>\n\t\t\t\t\t<\/div>\n\t\t<\/section>\n\t\t\t\t<section data-particle_enable=\"false\" data-particle-mobile-disabled=\"false\" class=\"elementor-section elementor-top-section elementor-element elementor-element-b0275e2 elementor-section-boxed elementor-section-height-default elementor-section-height-default\" data-id=\"b0275e2\" data-element_type=\"section\" data-e-type=\"section\">\n\t\t\t\t\t\t<div class=\"elementor-container elementor-column-gap-default\">\n\t\t\t\t\t<div class=\"elementor-column elementor-col-100 elementor-top-column elementor-element elementor-element-765b311\" data-id=\"765b311\" data-element_type=\"column\" data-e-type=\"column\">\n\t\t\t<div class=\"elementor-widget-wrap elementor-element-populated\">\n\t\t\t\t\t\t<div class=\"elementor-element elementor-element-49bd102 elementor-widget elementor-widget-heading\" data-id=\"49bd102\" data-element_type=\"widget\" data-e-type=\"widget\" data-widget_type=\"heading.default\">\n\t\t\t\t<div class=\"elementor-widget-container\">\n\t\t\t\t\t<h2 class=\"elementor-heading-title elementor-size-default\">C\u00f3mo funciona<\/h2>\t\t\t\t<\/div>\n\t\t\t\t<\/div>\n\t\t\t\t\t<\/div>\n\t\t<\/div>\n\t\t\t\t\t<\/div>\n\t\t<\/section>\n\t\t\t\t<section data-particle_enable=\"false\" data-particle-mobile-disabled=\"false\" class=\"elementor-section elementor-top-section elementor-element elementor-element-8d405a3 elementor-section-boxed elementor-section-height-default elementor-section-height-default\" data-id=\"8d405a3\" data-element_type=\"section\" data-e-type=\"section\">\n\t\t\t\t\t\t<div class=\"elementor-container elementor-column-gap-default\">\n\t\t\t\t\t<div class=\"elementor-column elementor-col-50 elementor-top-column elementor-element elementor-element-dbcd6a3\" data-id=\"dbcd6a3\" data-element_type=\"column\" data-e-type=\"column\">\n\t\t\t<div class=\"elementor-widget-wrap elementor-element-populated\">\n\t\t\t\t\t\t<div class=\"elementor-element elementor-element-45e882f elementor-widget elementor-widget-text-editor\" data-id=\"45e882f\" data-element_type=\"widget\" data-e-type=\"widget\" data-widget_type=\"text-editor.default\">\n\t\t\t\t<div class=\"elementor-widget-container\">\n\t\t\t\t\t\t\t\t\t<ol><li>Re\u00fanete con <strong>[Dr Full Name]<\/strong> para una evaluaci\u00f3n exhaustiva con el fin de esbozar tus necesidades particulares<\/li><li>El asistente cl\u00ednico realizar\u00e1 un escaneado digital de tus dientes y mordida. \u00a1Se acabaron los moldes pegajosos! <\/li><li><strong>[Dr Full Name]<\/strong>  utiliza el software digital LightForce para dise\u00f1ar tu plan de tratamiento personalizado.<\/li><li>Bas\u00e1ndose en tu prescripci\u00f3n personalizada de <strong>[Dr Last Name]<\/strong>LightForce dise\u00f1a e imprime en 3D tus aparatos y los env\u00eda a tu ortodoncista.<\/li><li>Comienza tu mejor experiencia con la ortodoncia, acerc\u00e1ndote un paso m\u00e1s a la sonrisa que siempre has so\u00f1ado.<\/li><\/ol>\t\t\t\t\t\t\t\t<\/div>\n\t\t\t\t<\/div>\n\t\t\t\t\t<\/div>\n\t\t<\/div>\n\t\t\t\t<div class=\"elementor-column elementor-col-50 elementor-top-column elementor-element elementor-element-b0edabc\" data-id=\"b0edabc\" data-element_type=\"column\" data-e-type=\"column\">\n\t\t\t<div class=\"elementor-widget-wrap elementor-element-populated\">\n\t\t\t\t\t\t<div class=\"elementor-element elementor-element-deacf06 elementor-widget elementor-widget-image\" data-id=\"deacf06\" data-element_type=\"widget\" data-e-type=\"widget\" data-widget_type=\"image.default\">\n\t\t\t\t<div class=\"elementor-widget-container\">\n\t\t\t\t\t\t\t\t\t\t\t\t\t\t\t<img decoding=\"async\" src=\"https:\/\/allenorthodontist.com\/wp-content\/uploads\/2024\/02\/101322-AG-LightForce-0128.jpg\" title=\"\" alt=\"\" loading=\"lazy\" \/>\t\t\t\t\t\t\t\t\t\t\t\t\t\t\t<\/div>\n\t\t\t\t<\/div>\n\t\t\t\t\t<\/div>\n\t\t<\/div>\n\t\t\t\t\t<\/div>\n\t\t<\/section>\n\t\t\t\t<\/div>\n\t\t","protected":false},"excerpt":{"rendered":"<p>En [Practice Name]adoptamos las nuevas tecnolog\u00edas Reconocemos que no hay dos sonrisas id\u00e9nticas y que crear un plan de tratamiento personalizado para ayudarte a conseguir tus necesidades ortod\u00f3ncicas \u00fanicas tiene un valor incre\u00edble. Estamos orgullosos y entusiasmados de contar con \u00abOrtodoncia LightForce\u00bb como una de nuestras opciones de tratamiento. Desde el escaneado del diente hasta la producci\u00f3n, \u00a1LightForce [&hellip;]<\/p>\n","protected":false},"author":2,"featured_media":0,"parent":0,"menu_order":88,"comment_status":"closed","ping_status":"closed","template":"","meta":{"_seopress_robots_primary_cat":"","_seopress_titles_title":"","_seopress_titles_desc":"","_seopress_robots_index":"","footnotes":""},"class_list":["post-7668","page","type-page","status-publish"],"_links":{"self":[{"href":"https:\/\/allenorthodontist.com\/es\/wp-json\/wp\/v2\/pages\/7668","targetHints":{"allow":["GET"]}}],"collection":[{"href":"https:\/\/allenorthodontist.com\/es\/wp-json\/wp\/v2\/pages"}],"about":[{"href":"https:\/\/allenorthodontist.com\/es\/wp-json\/wp\/v2\/types\/page"}],"author":[{"embeddable":true,"href":"https:\/\/allenorthodontist.com\/es\/wp-json\/wp\/v2\/users\/2"}],"replies":[{"embeddable":true,"href":"https:\/\/allenorthodontist.com\/es\/wp-json\/wp\/v2\/comments?post=7668"}],"version-history":[{"count":3,"href":"https:\/\/allenorthodontist.com\/es\/wp-json\/wp\/v2\/pages\/7668\/revisions"}],"predecessor-version":[{"id":7720,"href":"https:\/\/allenorthodontist.com\/es\/wp-json\/wp\/v2\/pages\/7668\/revisions\/7720"}],"wp:attachment":[{"href":"https:\/\/allenorthodontist.com\/es\/wp-json\/wp\/v2\/media?parent=7668"}],"curies":[{"name":"wp","href":"https:\/\/api.w.org\/{rel}","templated":true}]}}