{"id":7669,"date":"2022-06-03T15:10:45","date_gmt":"2022-06-03T15:10:45","guid":{"rendered":"https:\/\/allenorthodontist.com\/ortodoncia-airway\/"},"modified":"2025-03-26T19:52:38","modified_gmt":"2025-03-26T19:52:38","slug":"ortodoncia-airway","status":"publish","type":"page","link":"https:\/\/allenorthodontist.com\/es\/ortodoncia-airway\/","title":{"rendered":"Ortodoncia Airway"},"content":{"rendered":"\t\t<div data-elementor-type=\"wp-page\" data-elementor-id=\"7669\" class=\"elementor elementor-7669 elementor-3337\" data-elementor-post-type=\"page\">\n\t\t\t\t<div data-particle_enable=\"false\" data-particle-mobile-disabled=\"false\" class=\"elementor-element elementor-element-8840ac4 e-flex e-con-boxed e-con e-parent\" data-id=\"8840ac4\" data-element_type=\"container\" data-e-type=\"container\">\n\t\t\t\t\t<div class=\"e-con-inner\">\n\t\t\t\t<div class=\"elementor-element elementor-element-14e0f41 elementor-widget elementor-widget-heading\" data-id=\"14e0f41\" data-element_type=\"widget\" data-e-type=\"widget\" data-widget_type=\"heading.default\">\n\t\t\t\t<div class=\"elementor-widget-container\">\n\t\t\t\t\t<h1 class=\"elementor-heading-title elementor-size-default\">Ortodoncia de las v\u00edas respiratorias para una respiraci\u00f3n sana y m\u00e1s f\u00e1cil<\/h1>\t\t\t\t<\/div>\n\t\t\t\t<\/div>\n\t\t\t\t<div class=\"elementor-element elementor-element-0dd2495 elementor-widget elementor-widget-text-editor\" data-id=\"0dd2495\" data-element_type=\"widget\" data-e-type=\"widget\" data-widget_type=\"text-editor.default\">\n\t\t\t\t<div class=\"elementor-widget-container\">\n\t\t\t\t\t\t\t\t\t<div class=\"flex max-w-full flex-col flex-grow\"><div class=\"min-h-8 text-message flex w-full flex-col items-end gap-2 whitespace-normal break-words text-start [.text-message+&amp;]:mt-5\" dir=\"auto\" data-message-author-role=\"assistant\" data-message-id=\"b0828231-62ea-496c-a0f2-c6e01b90437e\" data-message-model-slug=\"gpt-4o-mini\"><div class=\"flex w-full flex-col gap-1 empty:hidden first:pt-[3px]\"><div class=\"markdown prose w-full break-words dark:prose-invert light\"><p data-start=\"40\" data-end=\"442\" data-is-last-node=\"\">La ortodoncia es algo m\u00e1s que unos dientes rectos y una bonita sonrisa: se trata de mejorar la salud general y la calidad de vida. <a href=\"https:\/\/allenorthodontist.com\/orthodontist-mojdehi-barnes\/\">La Dra. Maryam Mojdehi-Barnes<\/a> se especializa en ortodoncia de las v\u00edas respiratorias, que se centra en ampliar y mejorar las v\u00edas respiratorias para ayudar a tratar afecciones como la apnea obstructiva del sue\u00f1o (AOS) y los trastornos respiratorios del sue\u00f1o (TDS), que pueden afectar significativamente al bienestar general.<\/p><\/div><\/div><\/div><\/div><div class=\"mb-2 flex gap-3 empty:hidden -ml-2\"><div class=\"items-center justify-start rounded-xl p-1 flex\"><h2 class=\"flex items-center\"><span style=\"font-family: -apple-system, BlinkMacSystemFont, 'Segoe UI', Roboto, 'Helvetica Neue', Arial, 'Noto Sans', sans-serif, 'Apple Color Emoji', 'Segoe UI Emoji', 'Segoe UI Symbol', 'Noto Color Emoji';\">Comprender la apnea obstructiva del sue\u00f1o (AOS) y los trastornos respiratorios del sue\u00f1o (TDS)<\/span><\/h2><\/div><\/div><p data-start=\"564\" data-end=\"884\">La AOS se produce cuando los m\u00fasculos de la garganta, como la lengua y el paladar blando, se relajan temporalmente y bloquean las v\u00edas respiratorias, provocando interrupciones repetidas de la respiraci\u00f3n durante el sue\u00f1o. Estas interrupciones pueden reducir los niveles de ox\u00edgeno en sangre, desencadenar la liberaci\u00f3n de hormonas del estr\u00e9s y provocar un aumento de la frecuencia cardiaca y la tensi\u00f3n arterial. <\/p><p data-start=\"886\" data-end=\"1177\">Aunque estos episodios no te despierten del todo, pueden provocar ronquidos, ahogos o jadeos varias veces por hora a lo largo de la noche. Esto impide que el cuerpo alcance un sue\u00f1o profundo y reparador y puede provocar agotamiento cr\u00f3nico, irritabilidad, dolores de cabeza, ansiedad y otros problemas de salud. <\/p><p data-start=\"1179\" data-end=\"1439\">En los ni\u00f1os, la AOS puede contribuir a un bajo rendimiento acad\u00e9mico, problemas de comportamiento y dificultades de aprendizaje. A largo plazo, la AOS no tratada est\u00e1 relacionada con afecciones como la hipertensi\u00f3n, las enfermedades cardiovasculares, la diabetes y la supresi\u00f3n de la respuesta inmunitaria. <\/p>\t\t\t\t\t\t\t\t<\/div>\n\t\t\t\t<\/div>\n\t\t\t\t\t<\/div>\n\t\t\t\t<\/div>\n\t\t<div data-particle_enable=\"false\" data-particle-mobile-disabled=\"false\" class=\"elementor-element elementor-element-4532f1a e-grid e-con-boxed e-con e-parent\" data-id=\"4532f1a\" data-element_type=\"container\" data-e-type=\"container\">\n\t\t\t\t\t<div class=\"e-con-inner\">\n\t\t\t\t<div class=\"elementor-element elementor-element-a9c9ed9 elementor-widget elementor-widget-text-editor\" data-id=\"a9c9ed9\" data-element_type=\"widget\" data-e-type=\"widget\" data-widget_type=\"text-editor.default\">\n\t\t\t\t<div class=\"elementor-widget-container\">\n\t\t\t\t\t\t\t\t\t<h3 data-start=\"1446\" data-end=\"1481\">S\u00edntomas comunes de la AOS y el SDB<\/h3><ul data-start=\"1483\" data-end=\"1797\"><li data-start=\"1483\" data-end=\"1494\">Roncar<\/li><li data-start=\"1495\" data-end=\"1518\">Pausas en la respiraci\u00f3n<\/li><li data-start=\"1519\" data-end=\"1538\">Respiraci\u00f3n bucal<\/li><li data-start=\"1539\" data-end=\"1591\">Poca capacidad de atenci\u00f3n, hiperactividad o TDA\/TDAH<\/li><li data-start=\"1592\" data-end=\"1632\">Sue\u00f1o intranquilo o somnolencia diurna<\/li><li data-start=\"1633\" data-end=\"1680\">Resoplar, toser o ahogarse durante el sue\u00f1o<\/li><li data-start=\"1681\" data-end=\"1718\">Sudoraci\u00f3n nocturna o enuresis nocturna<\/li><li data-start=\"1719\" data-end=\"1739\">Poco aumento de peso<\/li><li data-start=\"1740\" data-end=\"1757\">Terrores del sue\u00f1o<\/li><li data-start=\"1758\" data-end=\"1797\">Dificultades de comportamiento o de aprendizaje<\/li><\/ul>\t\t\t\t\t\t\t\t<\/div>\n\t\t\t\t<\/div>\n\t\t\t\t<div class=\"elementor-element elementor-element-f319b52 elementor-widget elementor-widget-text-editor\" data-id=\"f319b52\" data-element_type=\"widget\" data-e-type=\"widget\" data-widget_type=\"text-editor.default\">\n\t\t\t\t<div class=\"elementor-widget-container\">\n\t\t\t\t\t\t\t\t\t<h3 data-start=\"1804\" data-end=\"1830\">Causas de la AOS y el SDB<\/h3><ul data-start=\"1832\" data-end=\"2037\"><li data-start=\"1832\" data-end=\"1889\"><strong data-start=\"1834\" data-end=\"1858\">Tejidos obstructivos:<\/strong> Am\u00edgdalas o adenoides agrandadas<\/li><li data-start=\"1890\" data-end=\"1988\"><strong data-start=\"1892\" data-end=\"1930\">Mand\u00edbulas estrechas o espacio lingual reducido:<\/strong> Espacio insuficiente para la lengua debido a la posici\u00f3n de la mand\u00edbula<\/li><li data-start=\"1989\" data-end=\"2037\"><strong data-start=\"1991\" data-end=\"2003\">La obesidad:<\/strong> Una causa frecuente de AOS en adultos<\/li><\/ul><h3 data-start=\"2044\" data-end=\"2082\">Opciones de tratamiento para la AOS y el SDB<\/h3><ul data-start=\"2084\" data-end=\"2371\"><li data-start=\"2084\" data-end=\"2191\"><strong data-start=\"2086\" data-end=\"2105\">Extirpaci\u00f3n de tejidos:<\/strong> Las am\u00edgdalas y adenoides agrandadas pueden extirparse para permitir una mejor respiraci\u00f3n nasal.<\/li><li data-start=\"2192\" data-end=\"2371\"><strong data-start=\"2194\" data-end=\"2226\">Ortodoncia centrada en el crecimiento:<\/strong> Las t\u00e9cnicas de expansi\u00f3n o avance mandibular pueden maximizar el potencial de crecimiento esquel\u00e9tico, aumentar el volumen de las v\u00edas respiratorias y proporcionar m\u00e1s espacio para la lengua.<\/li><\/ul>\t\t\t\t\t\t\t\t<\/div>\n\t\t\t\t<\/div>\n\t\t\t\t\t<\/div>\n\t\t\t\t<\/div>\n\t\t<div data-particle_enable=\"false\" data-particle-mobile-disabled=\"false\" class=\"elementor-element elementor-element-3640f61 e-flex e-con-boxed e-con e-parent\" data-id=\"3640f61\" data-element_type=\"container\" data-e-type=\"container\">\n\t\t\t\t\t<div class=\"e-con-inner\">\n\t\t\t\t<div class=\"elementor-element elementor-element-d2697e5 elementor-widget elementor-widget-text-editor\" data-id=\"d2697e5\" data-element_type=\"widget\" data-e-type=\"widget\" data-widget_type=\"text-editor.default\">\n\t\t\t\t<div class=\"elementor-widget-container\">\n\t\t\t\t\t\t\t\t\t<h2 data-start=\"2378\" data-end=\"2405\">Cu\u00e1ndo buscar tratamiento<\/h2><p data-start=\"2407\" data-end=\"2608\">La evaluaci\u00f3n y la intervenci\u00f3n r\u00e1pidas son esenciales. Las t\u00e9cnicas de modificaci\u00f3n del crecimiento son m\u00e1s eficaces cuando se inician alrededor de los 6 \u00f3 7 a\u00f1os, ya que ayudan a abordar los problemas de las v\u00edas respiratorias durante las etapas clave del desarrollo. <\/p><h2 data-start=\"67\" data-end=\"111\">Da el primer paso hacia una mejor salud<\/h2><div class=\"flex max-w-full flex-col flex-grow\"><div class=\"min-h-8 text-message flex w-full flex-col items-end gap-2 whitespace-normal break-words text-start [.text-message+&amp;]:mt-5\" dir=\"auto\" data-message-author-role=\"assistant\" data-message-id=\"20067ba3-e8ec-4efc-974f-00de77247f82\" data-message-model-slug=\"gpt-4o-mini\"><div class=\"flex w-full flex-col gap-1 empty:hidden first:pt-[3px]\"><div class=\"markdown prose w-full break-words dark:prose-invert light\"><p data-start=\"83\" data-end=\"433\" data-is-last-node=\"\"><a href=\"https:\/\/allenorthodontist.com\/es\/oficina-de-allen\/\">Ponte en contacto hoy mismo con nuestra consulta<\/a> de ortodoncia de las v\u00edas respiratorias y <a href=\"https:\/\/allenorthodontist.com\/es\/solicitud-de-cita\/\">programa una consulta<\/a>. Nuestro equipo se dedica a ayudarte a ti o a tu hijo a respirar mejor y vivir m\u00e1s sanos. Nos centramos en mejorar tus v\u00edas respiratorias y aumentar tu bienestar general. No esperes: \u00a1d\u00e9janos ayudarte a dormir mejor y a llevar una vida m\u00e1s sana!   <\/p><\/div><\/div><\/div><\/div>\t\t\t\t\t\t\t\t<\/div>\n\t\t\t\t<\/div>\n\t\t\t\t\t<\/div>\n\t\t\t\t<\/div>\n\t\t\t\t<\/div>\n\t\t","protected":false},"excerpt":{"rendered":"<p>Ortodoncia de las v\u00edas respiratorias para una respiraci\u00f3n sana y m\u00e1s f\u00e1cil La ortodoncia es algo m\u00e1s que unos dientes rectos y una bonita sonrisa: se trata de mejorar la salud general y la calidad de vida. La Dra. Maryam Mojdehi-Barnes se especializa en ortodoncia de las v\u00edas respiratorias, que se centra en ampliar y mejorar las v\u00edas [&hellip;]<\/p>\n","protected":false},"author":2,"featured_media":0,"parent":0,"menu_order":51,"comment_status":"closed","ping_status":"closed","template":"","meta":{"_seopress_robots_primary_cat":"","_seopress_titles_title":"Ortodoncia en Allen TX","_seopress_titles_desc":"La ortodoncia de las v\u00edas respiratorias mejora la respiraci\u00f3n, el sue\u00f1o y el bienestar general al mejorar la funci\u00f3n de las v\u00edas respiratorias y favorecer un desarrollo m\u00e1s sano de ni\u00f1os y adultos.","_seopress_robots_index":"","footnotes":""},"class_list":["post-7669","page","type-page","status-publish"],"_links":{"self":[{"href":"https:\/\/allenorthodontist.com\/es\/wp-json\/wp\/v2\/pages\/7669","targetHints":{"allow":["GET"]}}],"collection":[{"href":"https:\/\/allenorthodontist.com\/es\/wp-json\/wp\/v2\/pages"}],"about":[{"href":"https:\/\/allenorthodontist.com\/es\/wp-json\/wp\/v2\/types\/page"}],"author":[{"embeddable":true,"href":"https:\/\/allenorthodontist.com\/es\/wp-json\/wp\/v2\/users\/2"}],"replies":[{"embeddable":true,"href":"https:\/\/allenorthodontist.com\/es\/wp-json\/wp\/v2\/comments?post=7669"}],"version-history":[{"count":3,"href":"https:\/\/allenorthodontist.com\/es\/wp-json\/wp\/v2\/pages\/7669\/revisions"}],"predecessor-version":[{"id":8095,"href":"https:\/\/allenorthodontist.com\/es\/wp-json\/wp\/v2\/pages\/7669\/revisions\/8095"}],"wp:attachment":[{"href":"https:\/\/allenorthodontist.com\/es\/wp-json\/wp\/v2\/media?parent=7669"}],"curies":[{"name":"wp","href":"https:\/\/api.w.org\/{rel}","templated":true}]}}