{"id":7677,"date":"2025-02-14T01:59:28","date_gmt":"2025-02-14T01:59:28","guid":{"rendered":"https:\/\/allenorthodontist.com\/oficina-de-allen\/"},"modified":"2026-02-14T19:07:15","modified_gmt":"2026-02-14T19:07:15","slug":"oficina-de-allen","status":"publish","type":"page","link":"https:\/\/allenorthodontist.com\/es\/oficina-de-allen\/","title":{"rendered":"Oficina de Allen"},"content":{"rendered":"\t\t<div data-elementor-type=\"wp-page\" data-elementor-id=\"7677\" class=\"elementor elementor-7677 elementor-6353\" data-elementor-post-type=\"page\">\n\t\t\t\t<div data-particle_enable=\"false\" data-particle-mobile-disabled=\"false\" class=\"elementor-element elementor-element-054379a e-flex e-con-boxed e-con e-parent\" data-id=\"054379a\" data-element_type=\"container\" data-e-type=\"container\">\n\t\t\t\t\t<div class=\"e-con-inner\">\n\t\t\t\t<div class=\"elementor-element elementor-element-1f49b4a elementor-widget elementor-widget-heading\" data-id=\"1f49b4a\" data-element_type=\"widget\" data-e-type=\"widget\" data-widget_type=\"heading.default\">\n\t\t\t\t<div class=\"elementor-widget-container\">\n\t\t\t\t\t<h1 class=\"elementor-heading-title elementor-size-default\">Contacta con el Ortodoncista en Allen, TX<\/h1>\t\t\t\t<\/div>\n\t\t\t\t<\/div>\n\t\t\t\t<div class=\"elementor-element elementor-element-0bff6b5 elementor-widget elementor-widget-text-editor\" data-id=\"0bff6b5\" data-element_type=\"widget\" data-e-type=\"widget\" data-widget_type=\"text-editor.default\">\n\t\t\t\t<div class=\"elementor-widget-container\">\n\t\t\t\t\t\t\t\t\t<p data-start=\"34\" data-end=\"305\">\u00a1Programar tu consulta gratuita o iniciar una consulta virtual con el Ortodoncista Allen es f\u00e1cil! <a href=\"https:\/\/allenorthodontist.com\/orthodontist-mojdehi-barnes\/\">La Dra. Maryam Mojdehi-Barnes<\/a> evaluar\u00e1 personalmente tu sonrisa para determinar si <a href=\"https:\/\/allenorthodontist.com\/es\/tipos-de-ortodoncia\/\">los brackets<\/a> o <a href=\"https:\/\/allenorthodontist.com\/es\/invisalign\/\">Invisalign<\/a> son los adecuados para tu tratamiento de ortodoncia.<\/p><p data-start=\"307\" data-end=\"615\">Sabemos que la vida es ajetreada y respetamos tu tiempo. Por eso nuestra consulta est\u00e1 abierta de lunes a viernes para adaptarnos a tu horario. Si alguna vez tienes preguntas durante el tratamiento, no dudes en ponerte en contacto con nosotros por tel\u00e9fono, mensaje de texto o correo electr\u00f3nico. Te responderemos al siguiente d\u00eda laborable si te pones en contacto con nosotros fuera del horario de consulta.   <\/p><p data-start=\"617\" data-end=\"804\">Nuestro equipo se compromete a hacer que tu viaje ortod\u00f3ncico sea suave, c\u00f3modo y sin estr\u00e9s con <a href=\"https:\/\/allenorthodontist.com\/es\/opciones-de-financiacion\/\">planes de pago<\/a>. Desde tu <a href=\"https:\/\/allenorthodontist.com\/es\/primera-visita\/\">primera visita<\/a> hasta el resultado final, estamos aqu\u00ed para guiarte en cada paso del camino. <\/p><h5 data-start=\"806\" data-end=\"861\">\u00a1Estamos deseando ayudarte a conseguir tu mejor sonrisa!<\/h5>\t\t\t\t\t\t\t\t<\/div>\n\t\t\t\t<\/div>\n\t\t\t\t\t<\/div>\n\t\t\t\t<\/div>\n\t\t<div data-particle_enable=\"false\" data-particle-mobile-disabled=\"false\" class=\"elementor-element elementor-element-e2c3d35 e-flex e-con-boxed e-con e-parent\" data-id=\"e2c3d35\" data-element_type=\"container\" data-e-type=\"container\">\n\t\t\t\t\t<div class=\"e-con-inner\">\n\t\t<div data-particle_enable=\"false\" data-particle-mobile-disabled=\"false\" class=\"elementor-element elementor-element-ab7c6a4 e-con-full e-flex e-con e-child\" data-id=\"ab7c6a4\" data-element_type=\"container\" data-e-type=\"container\">\n\t\t\t\t<div class=\"elementor-element elementor-element-2f17e29 elementor-widget elementor-widget-button\" data-id=\"2f17e29\" data-element_type=\"widget\" data-e-type=\"widget\" data-widget_type=\"button.default\">\n\t\t\t\t<div class=\"elementor-widget-container\">\n\t\t\t\t\t\t\t\t\t<div class=\"elementor-button-wrapper\">\n\t\t\t\t\t<a class=\"elementor-button elementor-button-link elementor-size-sm\" href=\"https:\/\/allenorthodontist.com\/es\/solicitud-de-cita\/\">\n\t\t\t\t\t\t<span class=\"elementor-button-content-wrapper\">\n\t\t\t\t\t\t\t\t\t<span class=\"elementor-button-text\">Pide una cita<\/span>\n\t\t\t\t\t<\/span>\n\t\t\t\t\t<\/a>\n\t\t\t\t<\/div>\n\t\t\t\t\t\t\t\t<\/div>\n\t\t\t\t<\/div>\n\t\t\t\t<\/div>\n\t\t<div data-particle_enable=\"false\" data-particle-mobile-disabled=\"false\" class=\"elementor-element elementor-element-3b7f1c4 e-con-full e-flex e-con e-child\" data-id=\"3b7f1c4\" data-element_type=\"container\" data-e-type=\"container\">\n\t\t\t\t<div class=\"elementor-element elementor-element-43c964f elementor-widget elementor-widget-button\" data-id=\"43c964f\" data-element_type=\"widget\" data-e-type=\"widget\" data-widget_type=\"button.default\">\n\t\t\t\t<div class=\"elementor-widget-container\">\n\t\t\t\t\t\t\t\t\t<div class=\"elementor-button-wrapper\">\n\t\t\t\t\t<a class=\"elementor-button elementor-button-link elementor-size-sm\" href=\"https:\/\/allenorthodontist.com\/es\/consulta-virtual\/\">\n\t\t\t\t\t\t<span class=\"elementor-button-content-wrapper\">\n\t\t\t\t\t\t\t\t\t<span class=\"elementor-button-text\">Consulta virtual<\/span>\n\t\t\t\t\t<\/span>\n\t\t\t\t\t<\/a>\n\t\t\t\t<\/div>\n\t\t\t\t\t\t\t\t<\/div>\n\t\t\t\t<\/div>\n\t\t\t\t<\/div>\n\t\t\t\t\t<\/div>\n\t\t\t\t<\/div>\n\t\t<div data-particle_enable=\"false\" data-particle-mobile-disabled=\"false\" class=\"elementor-element elementor-element-239210a e-flex e-con-boxed e-con e-parent\" data-id=\"239210a\" data-element_type=\"container\" data-e-type=\"container\">\n\t\t\t\t\t<div class=\"e-con-inner\">\n\t\t<div data-particle_enable=\"false\" data-particle-mobile-disabled=\"false\" class=\"elementor-element elementor-element-84e8f32 e-con-full e-flex e-con e-child\" data-id=\"84e8f32\" data-element_type=\"container\" data-e-type=\"container\">\n\t\t\t\t<div class=\"elementor-element elementor-element-60b2516 elementor-widget elementor-widget-text-editor\" data-id=\"60b2516\" data-element_type=\"widget\" data-e-type=\"widget\" data-widget_type=\"text-editor.default\">\n\t\t\t\t<div class=\"elementor-widget-container\">\n\t\t\t\t\t\t\t\t\t<h3>Direcci\u00f3n:<\/h3><p>604 S Watters Rd Suite 150, Allen, TX 75013, Estados Unidos<\/p><h3>Tel\u00e9fono:<\/h3><p>(972) 390-1100<\/p><h3>Horario:<\/h3><p>Lunes-jueves: 8.00-17.00<br>Viernes: 8.00-13.00<br>S\u00e1bado-domingo: Cerrado<\/p>\t\t\t\t\t\t\t\t<\/div>\n\t\t\t\t<\/div>\n\t\t\t\t<\/div>\n\t\t<div data-particle_enable=\"false\" data-particle-mobile-disabled=\"false\" class=\"elementor-element elementor-element-7d0895b e-con-full e-flex e-con e-child\" data-id=\"7d0895b\" data-element_type=\"container\" data-e-type=\"container\">\n\t\t\t\t<div class=\"elementor-element elementor-element-085143d elementor-widget elementor-widget-heading\" data-id=\"085143d\" data-element_type=\"widget\" data-e-type=\"widget\" data-widget_type=\"heading.default\">\n\t\t\t\t<div class=\"elementor-widget-container\">\n\t\t\t\t\t<h3 class=\"elementor-heading-title elementor-size-default\">Env\u00edanos un correo electr\u00f3nico<\/h3>\t\t\t\t<\/div>\n\t\t\t\t<\/div>\n\t\t\t\t<div class=\"elementor-element elementor-element-035855a elementor-button-align-stretch elementor-widget elementor-widget-form\" data-id=\"035855a\" data-element_type=\"widget\" data-e-type=\"widget\" data-settings=\"{&quot;step_next_label&quot;:&quot;Siguiente&quot;,&quot;step_previous_label&quot;:&quot;Anterior&quot;,&quot;button_width&quot;:&quot;100&quot;,&quot;step_type&quot;:&quot;number_text&quot;,&quot;step_icon_shape&quot;:&quot;circle&quot;}\" data-widget_type=\"form.default\">\n\t\t\t\t<div class=\"elementor-widget-container\">\n\t\t\t\t\t\t\t<form class=\"elementor-form\" method=\"post\" name=\"Oficina de Allen\" aria-label=\"Oficina de Allen\">\n\t\t\t<input type=\"hidden\" name=\"post_id\" value=\"7677\"\/>\n\t\t\t<input type=\"hidden\" name=\"form_id\" value=\"035855a\"\/>\n\t\t\t<input type=\"hidden\" name=\"referer_title\" value=\"\" \/>\n\n\t\t\t\n\t\t\t<div class=\"elementor-form-fields-wrapper elementor-labels-above\">\n\t\t\t\t\t\t\t\t<div class=\"elementor-field-type-text elementor-field-group elementor-column elementor-field-group-name elementor-col-100\">\n\t\t\t\t\t\t\t\t\t\t\t\t<label for=\"form-field-name\" class=\"elementor-field-label\">\n\t\t\t\t\t\t\t\tNombre\t\t\t\t\t\t\t<\/label>\n\t\t\t\t\t\t\t\t\t\t\t\t\t\t<input size=\"1\" type=\"text\" name=\"form_fields[name]\" id=\"form-field-name\" class=\"elementor-field elementor-size-sm  elementor-field-textual\" placeholder=\"Nombre\">\n\t\t\t\t\t\t\t\t\t\t\t<\/div>\n\t\t\t\t\t\t\t\t<div class=\"elementor-field-type-date elementor-field-group elementor-column elementor-field-group-field_31cff07 elementor-col-100\">\n\t\t\t\t\t\t\t\t\t\t\t\t<label for=\"form-field-field_31cff07\" class=\"elementor-field-label\">\n\t\t\t\t\t\t\t\tFecha de nacimiento del paciente\t\t\t\t\t\t\t<\/label>\n\t\t\t\t\t\t\n\t\t<input type=\"date\" name=\"form_fields[field_31cff07]\" id=\"form-field-field_31cff07\" class=\"elementor-field elementor-size-sm  elementor-field-textual elementor-date-field\" placeholder=\"00\/00\/0000\" pattern=\"[0-9]{4}-[0-9]{2}-[0-9]{2}\">\n\t\t\t\t\t\t<\/div>\n\t\t\t\t\t\t\t\t<div class=\"elementor-field-type-email elementor-field-group elementor-column elementor-field-group-email elementor-col-100 elementor-field-required\">\n\t\t\t\t\t\t\t\t\t\t\t\t<label for=\"form-field-email\" class=\"elementor-field-label\">\n\t\t\t\t\t\t\t\tEnv\u00eda un correo electr\u00f3nico a\t\t\t\t\t\t\t<\/label>\n\t\t\t\t\t\t\t\t\t\t\t\t\t\t<input size=\"1\" type=\"email\" name=\"form_fields[email]\" id=\"form-field-email\" class=\"elementor-field elementor-size-sm  elementor-field-textual\" placeholder=\"Env\u00eda un correo electr\u00f3nico a\" required=\"required\">\n\t\t\t\t\t\t\t\t\t\t\t<\/div>\n\t\t\t\t\t\t\t\t<div class=\"elementor-field-type-textarea elementor-field-group elementor-column elementor-field-group-message elementor-col-100\">\n\t\t\t\t\t\t\t\t\t\t\t\t<label for=\"form-field-message\" class=\"elementor-field-label\">\n\t\t\t\t\t\t\t\tMensaje\t\t\t\t\t\t\t<\/label>\n\t\t\t\t\t\t<textarea class=\"elementor-field-textual elementor-field  elementor-size-sm\" name=\"form_fields[message]\" id=\"form-field-message\" rows=\"4\" placeholder=\"Mensaje\"><\/textarea>\t\t\t\t<\/div>\n\t\t\t\t\t\t\t\t<div class=\"elementor-field-group elementor-column elementor-field-type-submit elementor-col-100 e-form__buttons\">\n\t\t\t\t\t<button class=\"elementor-button elementor-size-sm\" type=\"submit\">\n\t\t\t\t\t\t<span class=\"elementor-button-content-wrapper\">\n\t\t\t\t\t\t\t\t\t\t\t\t\t\t\t\t\t\t\t\t\t\t<span class=\"elementor-button-text\">Env\u00eda<\/span>\n\t\t\t\t\t\t\t\t\t\t\t\t\t<\/span>\n\t\t\t\t\t<\/button>\n\t\t\t\t<\/div>\n\t\t\t<\/div>\n\t\t<\/form>\n\t\t\t\t\t\t<\/div>\n\t\t\t\t<\/div>\n\t\t\t\t<\/div>\n\t\t\t\t\t<\/div>\n\t\t\t\t<\/div>\n\t\t<div data-particle_enable=\"false\" data-particle-mobile-disabled=\"false\" class=\"elementor-element elementor-element-034f983 e-flex e-con-boxed e-con e-parent\" data-id=\"034f983\" data-element_type=\"container\" data-e-type=\"container\">\n\t\t\t\t\t<div class=\"e-con-inner\">\n\t\t\t\t<div class=\"elementor-element elementor-element-c2bc798 elementor-widget elementor-widget-google_maps\" data-id=\"c2bc798\" data-element_type=\"widget\" data-e-type=\"widget\" data-widget_type=\"google_maps.default\">\n\t\t\t\t<div class=\"elementor-widget-container\">\n\t\t\t\t\t\t\t<div class=\"elementor-custom-embed\">\n\t\t\t<iframe loading=\"lazy\"\n\t\t\t\t\tsrc=\"https:\/\/maps.google.com\/maps?q=Allen%20Orthodontist%20-%20Dr.%20Maryam%20Mojdehi-Barnes%2C%20604%20S%20Watters%20Rd%20Suite%20150%2C%20Allen%2C%20TX%2075013%2C%20United%20States&#038;t=m&#038;z=16&#038;output=embed&#038;iwloc=near\"\n\t\t\t\t\ttitle=\"Allen Orthodontist - Dr. Maryam Mojdehi-Barnes, 604 S Watters Rd Suite 150, Allen, TX 75013, United States\"\n\t\t\t\t\taria-label=\"Allen Orthodontist - Dr. Maryam Mojdehi-Barnes, 604 S Watters Rd Suite 150, Allen, TX 75013, United States\"\n\t\t\t><\/iframe>\n\t\t<\/div>\n\t\t\t\t\t\t<\/div>\n\t\t\t\t<\/div>\n\t\t\t\t\t<\/div>\n\t\t\t\t<\/div>\n\t\t\t\t<\/div>\n\t\t","protected":false},"excerpt":{"rendered":"<p>Contacta con el Ortodoncista en Allen, TX \u00a1Programar tu consulta gratuita o iniciar una consulta virtual con el Ortodoncista Allen es f\u00e1cil! La Dra. Maryam Mojdehi-Barnes evaluar\u00e1 personalmente tu sonrisa para determinar si los brackets o Invisalign son los adecuados para tu tratamiento de ortodoncia. Sabemos que la vida es ajetreada y respetamos tu tiempo. Por eso nuestra [&hellip;]<\/p>\n","protected":false},"author":2,"featured_media":0,"parent":0,"menu_order":59,"comment_status":"closed","ping_status":"closed","template":"","meta":{"_seopress_robots_primary_cat":"","_seopress_titles_title":"Contacta con el Ortodoncista en Allen TX","_seopress_titles_desc":"Ponte en contacto con el Ortodoncista de Allen, TX, para una consulta experta con la Dra. Maryam Mojdehi-Barnes, que ofrece atenci\u00f3n personalizada para tratamientos de ortodoncia e Invisalign.","_seopress_robots_index":"","footnotes":""},"class_list":["post-7677","page","type-page","status-publish"],"_links":{"self":[{"href":"https:\/\/allenorthodontist.com\/es\/wp-json\/wp\/v2\/pages\/7677","targetHints":{"allow":["GET"]}}],"collection":[{"href":"https:\/\/allenorthodontist.com\/es\/wp-json\/wp\/v2\/pages"}],"about":[{"href":"https:\/\/allenorthodontist.com\/es\/wp-json\/wp\/v2\/types\/page"}],"author":[{"embeddable":true,"href":"https:\/\/allenorthodontist.com\/es\/wp-json\/wp\/v2\/users\/2"}],"replies":[{"embeddable":true,"href":"https:\/\/allenorthodontist.com\/es\/wp-json\/wp\/v2\/comments?post=7677"}],"version-history":[{"count":14,"href":"https:\/\/allenorthodontist.com\/es\/wp-json\/wp\/v2\/pages\/7677\/revisions"}],"predecessor-version":[{"id":9269,"href":"https:\/\/allenorthodontist.com\/es\/wp-json\/wp\/v2\/pages\/7677\/revisions\/9269"}],"wp:attachment":[{"href":"https:\/\/allenorthodontist.com\/es\/wp-json\/wp\/v2\/media?parent=7677"}],"curies":[{"name":"wp","href":"https:\/\/api.w.org\/{rel}","templated":true}]}}