{"id":7733,"date":"2025-02-14T01:58:47","date_gmt":"2025-02-14T01:58:47","guid":{"rendered":"https:\/\/allenorthodontist.com\/alineadores-transparentes\/"},"modified":"2025-03-26T22:25:05","modified_gmt":"2025-03-26T22:25:05","slug":"alineadores-transparentes","status":"publish","type":"page","link":"https:\/\/allenorthodontist.com\/es\/alineadores-transparentes\/","title":{"rendered":"Alineadores transparentes"},"content":{"rendered":"\t\t<div data-elementor-type=\"wp-page\" data-elementor-id=\"7733\" class=\"elementor elementor-7733 elementor-6350\" data-elementor-post-type=\"page\">\n\t\t\t\t<div data-particle_enable=\"false\" data-particle-mobile-disabled=\"false\" class=\"elementor-element elementor-element-4d3f2eb e-flex e-con-boxed e-con e-parent\" data-id=\"4d3f2eb\" data-element_type=\"container\" data-e-type=\"container\">\n\t\t\t\t\t<div class=\"e-con-inner\">\n\t\t\t\t<div class=\"elementor-element elementor-element-74d3fe9 elementor-widget elementor-widget-heading\" data-id=\"74d3fe9\" data-element_type=\"widget\" data-e-type=\"widget\" data-widget_type=\"heading.default\">\n\t\t\t\t<div class=\"elementor-widget-container\">\n\t\t\t\t\t<h1 class=\"elementor-heading-title elementor-size-default\">Alineadores transparentes para un tratamiento ortod\u00f3ncico discreto<\/h1>\t\t\t\t<\/div>\n\t\t\t\t<\/div>\n\t\t<div data-particle_enable=\"false\" data-particle-mobile-disabled=\"false\" class=\"elementor-element elementor-element-4941901 e-con-full e-flex e-con e-child\" data-id=\"4941901\" data-element_type=\"container\" data-e-type=\"container\">\n\t\t\t\t<div class=\"elementor-element elementor-element-9f8dcd6 elementor-widget elementor-widget-text-editor\" data-id=\"9f8dcd6\" data-element_type=\"widget\" data-e-type=\"widget\" data-widget_type=\"text-editor.default\">\n\t\t\t\t<div class=\"elementor-widget-container\">\n\t\t\t\t\t\t\t\t\t<p data-start=\"175\" data-end=\"464\">En Allen Orthodontist, <a href=\"https:\/\/allenorthodontist.com\/orthodontist-mojdehi-barnes\/\">la Dra. Maryam Bojdehi-Barnes<\/a> se enorgullece de ofrecer los \u00faltimos avances en el tratamiento con alineadores transparentes, \u00a1incluidos los alineadores 3M Clarity! Si quieres enderezar tus dientes sin <a href=\"https:\/\/allenorthodontist.com\/es\/tipos-de-ortodoncia\/\">aparatos tradicionales<\/a>, los alineadores transparentes ofrecen una soluci\u00f3n eficaz y casi invisible.<\/p><p data-start=\"466\" data-end=\"657\">Tanto si tienes api\u00f1amiento leve como problemas de ortodoncia m\u00e1s complejos, como sobremordida o mordida cruzada, los alineadores transparentes pueden ayudarte a conseguir una sonrisa perfectamente alineada, de forma c\u00f3moda y discreta.<\/p>\t\t\t\t\t\t\t\t<\/div>\n\t\t\t\t<\/div>\n\t\t\t\t<\/div>\n\t\t<div data-particle_enable=\"false\" data-particle-mobile-disabled=\"false\" class=\"elementor-element elementor-element-4881a90 e-grid e-con-full e-con e-child\" data-id=\"4881a90\" data-element_type=\"container\" data-e-type=\"container\">\n\t\t<div data-particle_enable=\"false\" data-particle-mobile-disabled=\"false\" class=\"elementor-element elementor-element-818575d e-con-full e-flex e-con e-child\" data-id=\"818575d\" data-element_type=\"container\" data-e-type=\"container\">\n\t\t\t\t<div class=\"elementor-element elementor-element-d7be0ff elementor-widget elementor-widget-text-editor\" data-id=\"d7be0ff\" data-element_type=\"widget\" data-e-type=\"widget\" data-widget_type=\"text-editor.default\">\n\t\t\t\t<div class=\"elementor-widget-container\">\n\t\t\t\t\t\t\t\t\t<h2 data-start=\"659\" data-end=\"691\">\u00bfPor qu\u00e9 elegir alineadores transparentes en lugar de ortodoncia?<\/h2><ul data-start=\"693\" data-end=\"1285\"><li data-start=\"693\" data-end=\"855\"><strong data-start=\"695\" data-end=\"719\">Pr\u00e1cticamente invisibles:<\/strong> Hechos de pl\u00e1stico liso y transparente, los alineadores transparentes te permiten enderezar los dientes sin llamar la atenci\u00f3n sobre tu tratamiento.<\/li><li data-start=\"856\" data-end=\"1008\"><strong data-start=\"858\" data-end=\"885\">Ajuste personalizado para mayor comodidad:<\/strong> Los alineadores transparentes est\u00e1n dise\u00f1ados para ajustarse perfectamente a tus dientes y eliminar la irritaci\u00f3n que pueden causar los brackets met\u00e1licos y los alambres.<\/li><li data-start=\"1009\" data-end=\"1150\"><strong data-start=\"1011\" data-end=\"1036\">Sin restricciones alimentarias:<\/strong> Como los alineadores son extra\u00edbles, puedes disfrutar de todas tus comidas favoritas sin preocuparte por las limitaciones diet\u00e9ticas.<\/li><li data-start=\"1151\" data-end=\"1285\"><strong data-start=\"1153\" data-end=\"1174\">F\u00e1cil mantenimiento:<\/strong> El cepillado y la limpieza con hilo dental son sencillos con los alineadores transparentes: qu\u00edtatelos para mantener tu rutina de higiene bucal.<\/li><\/ul>\t\t\t\t\t\t\t\t<\/div>\n\t\t\t\t<\/div>\n\t\t\t\t<\/div>\n\t\t<div data-particle_enable=\"false\" data-particle-mobile-disabled=\"false\" class=\"elementor-element elementor-element-a4e313e e-con-full e-flex e-con e-child\" data-id=\"a4e313e\" data-element_type=\"container\" data-e-type=\"container\">\n\t\t\t\t<div class=\"elementor-element elementor-element-59e43dc elementor-widget elementor-widget-image\" data-id=\"59e43dc\" data-element_type=\"widget\" data-e-type=\"widget\" data-widget_type=\"image.default\">\n\t\t\t\t<div class=\"elementor-widget-container\">\n\t\t\t\t\t\t\t\t\t\t\t\t\t\t\t<img fetchpriority=\"high\" decoding=\"async\" width=\"1920\" height=\"1080\" src=\"https:\/\/allenorthodontist.com\/wp-content\/uploads\/2025\/03\/y68gum3nwjz4flgtsi1v_3oc1364-clarityaligners-lockup-flexcloseup1.jpg\" class=\"attachment-full size-full wp-image-8148\" alt=\"\" srcset=\"https:\/\/allenorthodontist.com\/wp-content\/uploads\/2025\/03\/y68gum3nwjz4flgtsi1v_3oc1364-clarityaligners-lockup-flexcloseup1.jpg 1920w, https:\/\/allenorthodontist.com\/wp-content\/uploads\/2025\/03\/y68gum3nwjz4flgtsi1v_3oc1364-clarityaligners-lockup-flexcloseup1-300x169.jpg 300w, https:\/\/allenorthodontist.com\/wp-content\/uploads\/2025\/03\/y68gum3nwjz4flgtsi1v_3oc1364-clarityaligners-lockup-flexcloseup1-1024x576.jpg 1024w, https:\/\/allenorthodontist.com\/wp-content\/uploads\/2025\/03\/y68gum3nwjz4flgtsi1v_3oc1364-clarityaligners-lockup-flexcloseup1-768x432.jpg 768w, https:\/\/allenorthodontist.com\/wp-content\/uploads\/2025\/03\/y68gum3nwjz4flgtsi1v_3oc1364-clarityaligners-lockup-flexcloseup1-1536x864.jpg 1536w\" sizes=\"(max-width: 1920px) 100vw, 1920px\" \/>\t\t\t\t\t\t\t\t\t\t\t\t\t\t\t<\/div>\n\t\t\t\t<\/div>\n\t\t\t\t<\/div>\n\t\t\t\t<\/div>\n\t\t<div data-particle_enable=\"false\" data-particle-mobile-disabled=\"false\" class=\"elementor-element elementor-element-7b09701 e-con-full e-grid e-con e-child\" data-id=\"7b09701\" data-element_type=\"container\" data-e-type=\"container\">\n\t\t\t\t<div class=\"elementor-element elementor-element-8e850b9 elementor-widget elementor-widget-image\" data-id=\"8e850b9\" data-element_type=\"widget\" data-e-type=\"widget\" data-widget_type=\"image.default\">\n\t\t\t\t<div class=\"elementor-widget-container\">\n\t\t\t\t\t\t\t\t\t\t\t\t\t\t\t<img decoding=\"async\" width=\"800\" height=\"520\" src=\"https:\/\/allenorthodontist.com\/wp-content\/uploads\/2025\/03\/w0lnhdkv8wbex93miv2g_3oc1364-clarityaligners-lockup-flexblack3-2-1024x666.jpg\" class=\"attachment-large size-large wp-image-8159\" alt=\"\" srcset=\"https:\/\/allenorthodontist.com\/wp-content\/uploads\/2025\/03\/w0lnhdkv8wbex93miv2g_3oc1364-clarityaligners-lockup-flexblack3-2-1024x666.jpg 1024w, https:\/\/allenorthodontist.com\/wp-content\/uploads\/2025\/03\/w0lnhdkv8wbex93miv2g_3oc1364-clarityaligners-lockup-flexblack3-2-300x195.jpg 300w, https:\/\/allenorthodontist.com\/wp-content\/uploads\/2025\/03\/w0lnhdkv8wbex93miv2g_3oc1364-clarityaligners-lockup-flexblack3-2-768x499.jpg 768w, https:\/\/allenorthodontist.com\/wp-content\/uploads\/2025\/03\/w0lnhdkv8wbex93miv2g_3oc1364-clarityaligners-lockup-flexblack3-2-1536x999.jpg 1536w, https:\/\/allenorthodontist.com\/wp-content\/uploads\/2025\/03\/w0lnhdkv8wbex93miv2g_3oc1364-clarityaligners-lockup-flexblack3-2-2048x1331.jpg 2048w\" sizes=\"(max-width: 800px) 100vw, 800px\" \/>\t\t\t\t\t\t\t\t\t\t\t\t\t\t\t<\/div>\n\t\t\t\t<\/div>\n\t\t\t\t<div class=\"elementor-element elementor-element-5c80826 elementor-widget elementor-widget-text-editor\" data-id=\"5c80826\" data-element_type=\"widget\" data-e-type=\"widget\" data-widget_type=\"text-editor.default\">\n\t\t\t\t<div class=\"elementor-widget-container\">\n\t\t\t\t\t\t\t\t\t<h2 data-start=\"1287\" data-end=\"1338\">Alineadores 3M Clarity: Precisi\u00f3n e innovaci\u00f3n<\/h2><p data-start=\"1340\" data-end=\"1606\">Estamos orgullosos de ofrecer los alineadores 3M Clarity, un nombre de confianza en tecnolog\u00eda ortod\u00f3ncica. Estos avanzados alineadores transparentes utilizan materiales de \u00faltima generaci\u00f3n y precisi\u00f3n digital para colocar tus dientes en su posici\u00f3n ideal con suavidad y eficacia. Con 3M Clarity, puedes esperar:  <\/p><ul data-start=\"1608\" data-end=\"1805\"><li data-start=\"1608\" data-end=\"1676\">Resultados predecibles y eficaces mediante la planificaci\u00f3n digital del tratamiento.<\/li><li data-start=\"1677\" data-end=\"1743\">Un ajuste c\u00f3modo dise\u00f1ado espec\u00edficamente para tu sonrisa \u00fanica.<\/li><li data-start=\"1744\" data-end=\"1805\">Una alternativa discreta y c\u00f3moda a los aparatos tradicionales.<\/li><\/ul>\t\t\t\t\t\t\t\t<\/div>\n\t\t\t\t<\/div>\n\t\t\t\t<\/div>\n\t\t<div data-particle_enable=\"false\" data-particle-mobile-disabled=\"false\" class=\"elementor-element elementor-element-28e852f e-con-full e-flex e-con e-child\" data-id=\"28e852f\" data-element_type=\"container\" data-e-type=\"container\">\n\t\t<div data-particle_enable=\"false\" data-particle-mobile-disabled=\"false\" class=\"elementor-element elementor-element-db28d0a e-grid e-con-full e-con e-child\" data-id=\"db28d0a\" data-element_type=\"container\" data-e-type=\"container\">\n\t\t<div data-particle_enable=\"false\" data-particle-mobile-disabled=\"false\" class=\"elementor-element elementor-element-2be6049 e-con-full e-flex e-con e-child\" data-id=\"2be6049\" data-element_type=\"container\" data-e-type=\"container\">\n\t\t\t\t<div class=\"elementor-element elementor-element-f7bc9e3 elementor-widget elementor-widget-heading\" data-id=\"f7bc9e3\" data-element_type=\"widget\" data-e-type=\"widget\" data-widget_type=\"heading.default\">\n\t\t\t\t<div class=\"elementor-widget-container\">\n\t\t\t\t\t<h2 class=\"elementor-heading-title elementor-size-default\">C\u00f3mo funciona el tratamiento de ortodoncia con alineadores transparentes<\/h2>\t\t\t\t<\/div>\n\t\t\t\t<\/div>\n\t\t\t\t<div class=\"elementor-element elementor-element-7aad99b elementor-position-inline-start elementor-view-default elementor-mobile-position-block-start elementor-widget elementor-widget-icon-box\" data-id=\"7aad99b\" data-element_type=\"widget\" data-e-type=\"widget\" data-widget_type=\"icon-box.default\">\n\t\t\t\t<div class=\"elementor-widget-container\">\n\t\t\t\t\t\t\t<div class=\"elementor-icon-box-wrapper\">\n\n\t\t\t\t\t\t<div class=\"elementor-icon-box-icon\">\n\t\t\t\t<span  class=\"elementor-icon\">\n\t\t\t\t<i aria-hidden=\"true\" class=\"fas fa-check\"><\/i>\t\t\t\t<\/span>\n\t\t\t<\/div>\n\t\t\t\n\t\t\t\t\t\t<div class=\"elementor-icon-box-content\">\n\n\t\t\t\t\t\t\t\t\t<h3 class=\"elementor-icon-box-title\">\n\t\t\t\t\t\t<span  >\n\t\t\t\t\t\t\tImpresiones digitales y planificaci\u00f3n del tratamiento\t\t\t\t\t\t<\/span>\n\t\t\t\t\t<\/h3>\n\t\t\t\t\n\t\t\t\t\t\t\t\t\t<p class=\"elementor-icon-box-description\">\n\t\t\t\t\t\tMediante avanzadas t\u00e9cnicas de imagen en 3D, tomamos impresiones digitales precisas de tus dientes, \u00a1sin necesidad de engorrosas masillas! La Dra. Bojdehi-Barnes trazar\u00e1 entonces tu plan de tratamiento personalizado. \t\t\t\t\t<\/p>\n\t\t\t\t\n\t\t\t<\/div>\n\t\t\t\n\t\t<\/div>\n\t\t\t\t\t\t<\/div>\n\t\t\t\t<\/div>\n\t\t\t\t<div class=\"elementor-element elementor-element-6f09bf9 elementor-position-inline-start elementor-view-default elementor-mobile-position-block-start elementor-widget elementor-widget-icon-box\" data-id=\"6f09bf9\" data-element_type=\"widget\" data-e-type=\"widget\" data-widget_type=\"icon-box.default\">\n\t\t\t\t<div class=\"elementor-widget-container\">\n\t\t\t\t\t\t\t<div class=\"elementor-icon-box-wrapper\">\n\n\t\t\t\t\t\t<div class=\"elementor-icon-box-icon\">\n\t\t\t\t<span  class=\"elementor-icon\">\n\t\t\t\t<i aria-hidden=\"true\" class=\"fas fa-check\"><\/i>\t\t\t\t<\/span>\n\t\t\t<\/div>\n\t\t\t\n\t\t\t\t\t\t<div class=\"elementor-icon-box-content\">\n\n\t\t\t\t\t\t\t\t\t<h3 class=\"elementor-icon-box-title\">\n\t\t\t\t\t\t<span  >\n\t\t\t\t\t\t\tRecepci\u00f3n de los alineadores\t\t\t\t\t\t<\/span>\n\t\t\t\t\t<\/h3>\n\t\t\t\t\n\t\t\t\t\t\t\t\t\t<p class=\"elementor-icon-box-description\">\n\t\t\t\t\t\tTu primer juego de alineadores se ajustar\u00e1 cuidadosamente para garantizar una comodidad y eficacia \u00f3ptimas.\t\t\t\t\t<\/p>\n\t\t\t\t\n\t\t\t<\/div>\n\t\t\t\n\t\t<\/div>\n\t\t\t\t\t\t<\/div>\n\t\t\t\t<\/div>\n\t\t\t\t<div class=\"elementor-element elementor-element-273af75 elementor-position-inline-start elementor-view-default elementor-mobile-position-block-start elementor-widget elementor-widget-icon-box\" data-id=\"273af75\" data-element_type=\"widget\" data-e-type=\"widget\" data-widget_type=\"icon-box.default\">\n\t\t\t\t<div class=\"elementor-widget-container\">\n\t\t\t\t\t\t\t<div class=\"elementor-icon-box-wrapper\">\n\n\t\t\t\t\t\t<div class=\"elementor-icon-box-icon\">\n\t\t\t\t<span  class=\"elementor-icon\">\n\t\t\t\t<i aria-hidden=\"true\" class=\"fas fa-check\"><\/i>\t\t\t\t<\/span>\n\t\t\t<\/div>\n\t\t\t\n\t\t\t\t\t\t<div class=\"elementor-icon-box-content\">\n\n\t\t\t\t\t\t\t\t\t<h3 class=\"elementor-icon-box-title\">\n\t\t\t\t\t\t<span  >\n\t\t\t\t\t\t\tProgresar en el tratamiento\t\t\t\t\t\t<\/span>\n\t\t\t\t\t<\/h3>\n\t\t\t\t\n\t\t\t\t\t\t\t\t\t<p class=\"elementor-icon-box-description\">\n\t\t\t\t\t\tLlevar\u00e1s cada juego de alineadores durante unas dos semanas antes de cambiar al siguiente de la serie.\nLas revisiones peri\u00f3dicas garantizan que tus dientes se est\u00e1n desplazando seg\u00fan lo previsto.\t\t\t\t\t<\/p>\n\t\t\t\t\n\t\t\t<\/div>\n\t\t\t\n\t\t<\/div>\n\t\t\t\t\t\t<\/div>\n\t\t\t\t<\/div>\n\t\t\t\t<div class=\"elementor-element elementor-element-57ac777 elementor-position-inline-start elementor-view-default elementor-mobile-position-block-start elementor-widget elementor-widget-icon-box\" data-id=\"57ac777\" data-element_type=\"widget\" data-e-type=\"widget\" data-widget_type=\"icon-box.default\">\n\t\t\t\t<div class=\"elementor-widget-container\">\n\t\t\t\t\t\t\t<div class=\"elementor-icon-box-wrapper\">\n\n\t\t\t\t\t\t<div class=\"elementor-icon-box-icon\">\n\t\t\t\t<span  class=\"elementor-icon\">\n\t\t\t\t<i aria-hidden=\"true\" class=\"fas fa-check\"><\/i>\t\t\t\t<\/span>\n\t\t\t<\/div>\n\t\t\t\n\t\t\t\t\t\t<div class=\"elementor-icon-box-content\">\n\n\t\t\t\t\t\t\t\t\t<h3 class=\"elementor-icon-box-title\">\n\t\t\t\t\t\t<span  >\n\t\t\t\t\t\t\tMantener tu nueva sonrisa\t\t\t\t\t\t<\/span>\n\t\t\t\t\t<\/h3>\n\t\t\t\t\n\t\t\t\t\t\t\t\t\t<p class=\"elementor-icon-box-description\">\n\t\t\t\t\t\tDespu\u00e9s de completar el tratamiento, llevar un retenedor es esencial para mantener tus dientes en su posici\u00f3n perfecta.\t\t\t\t\t<\/p>\n\t\t\t\t\n\t\t\t<\/div>\n\t\t\t\n\t\t<\/div>\n\t\t\t\t\t\t<\/div>\n\t\t\t\t<\/div>\n\t\t\t\t<\/div>\n\t\t<div data-particle_enable=\"false\" data-particle-mobile-disabled=\"false\" class=\"elementor-element elementor-element-1f1d473 e-con-full e-flex e-con e-child\" data-id=\"1f1d473\" data-element_type=\"container\" data-e-type=\"container\">\n\t\t\t\t<div class=\"elementor-element elementor-element-b0ab064 elementor-widget elementor-widget-image\" data-id=\"b0ab064\" data-element_type=\"widget\" data-e-type=\"widget\" data-widget_type=\"image.default\">\n\t\t\t\t<div class=\"elementor-widget-container\">\n\t\t\t\t\t\t\t\t\t\t\t\t\t\t\t<img decoding=\"async\" width=\"800\" height=\"420\" src=\"https:\/\/allenorthodontist.com\/wp-content\/uploads\/2025\/03\/ywqhbaro73b9c3nsy6hv_image_clarity-aligners-cell-phone_r2-1024x538.jpg\" class=\"attachment-large size-large wp-image-8157\" alt=\"\" srcset=\"https:\/\/allenorthodontist.com\/wp-content\/uploads\/2025\/03\/ywqhbaro73b9c3nsy6hv_image_clarity-aligners-cell-phone_r2-1024x538.jpg 1024w, https:\/\/allenorthodontist.com\/wp-content\/uploads\/2025\/03\/ywqhbaro73b9c3nsy6hv_image_clarity-aligners-cell-phone_r2-300x158.jpg 300w, https:\/\/allenorthodontist.com\/wp-content\/uploads\/2025\/03\/ywqhbaro73b9c3nsy6hv_image_clarity-aligners-cell-phone_r2-768x403.jpg 768w, https:\/\/allenorthodontist.com\/wp-content\/uploads\/2025\/03\/ywqhbaro73b9c3nsy6hv_image_clarity-aligners-cell-phone_r2.jpg 1200w\" sizes=\"(max-width: 800px) 100vw, 800px\" \/>\t\t\t\t\t\t\t\t\t\t\t\t\t\t\t<\/div>\n\t\t\t\t<\/div>\n\t\t\t\t<div class=\"elementor-element elementor-element-4f2605d elementor-widget elementor-widget-image\" data-id=\"4f2605d\" data-element_type=\"widget\" data-e-type=\"widget\" data-widget_type=\"image.default\">\n\t\t\t\t<div class=\"elementor-widget-container\">\n\t\t\t\t\t\t\t\t\t\t\t\t\t\t\t<img loading=\"lazy\" decoding=\"async\" width=\"800\" height=\"419\" src=\"https:\/\/allenorthodontist.com\/wp-content\/uploads\/2025\/03\/ocsd-ort-misc-clarity-1200x628-friends-1024x536.jpg\" class=\"attachment-large size-large wp-image-8153\" alt=\"\" srcset=\"https:\/\/allenorthodontist.com\/wp-content\/uploads\/2025\/03\/ocsd-ort-misc-clarity-1200x628-friends-1024x536.jpg 1024w, https:\/\/allenorthodontist.com\/wp-content\/uploads\/2025\/03\/ocsd-ort-misc-clarity-1200x628-friends-300x157.jpg 300w, https:\/\/allenorthodontist.com\/wp-content\/uploads\/2025\/03\/ocsd-ort-misc-clarity-1200x628-friends-768x402.jpg 768w, https:\/\/allenorthodontist.com\/wp-content\/uploads\/2025\/03\/ocsd-ort-misc-clarity-1200x628-friends.jpg 1200w\" sizes=\"(max-width: 800px) 100vw, 800px\" \/>\t\t\t\t\t\t\t\t\t\t\t\t\t\t\t<\/div>\n\t\t\t\t<\/div>\n\t\t\t\t<\/div>\n\t\t\t\t<\/div>\n\t\t\t\t<\/div>\n\t\t\t\t<div class=\"elementor-element elementor-element-78a5de3 elementor-widget elementor-widget-text-editor\" data-id=\"78a5de3\" data-element_type=\"widget\" data-e-type=\"widget\" data-widget_type=\"text-editor.default\">\n\t\t\t\t<div class=\"elementor-widget-container\">\n\t\t\t\t\t\t\t\t\t<h2 data-start=\"2571\" data-end=\"2615\">Empieza hoy tu tratamiento con el alineador transparente<\/h2><p data-start=\"2617\" data-end=\"2832\">En Allen Orthodontist <span style=\"font-family: -apple-system, BlinkMacSystemFont, 'Segoe UI', Roboto, 'Helvetica Neue', Arial, 'Noto Sans', sans-serif, 'Apple Color Emoji', 'Segoe UI Emoji', 'Segoe UI Symbol', 'Noto Color Emoji';\">nos<\/span> comprometemos a hacer que la transformaci\u00f3n de tu sonrisa sea perfecta y agradable. Ponte en contacto con nosotros hoy mismo si tienes alguna duda, <a href=\"https:\/\/allenorthodontist.com\/es\/solicitud-de-cita\/\">programa una consulta<\/a> y averigua si los alineadores 3M Clarity se adaptan bien a ti. <\/p>\t\t\t\t\t\t\t\t<\/div>\n\t\t\t\t<\/div>\n\t\t\t\t\t<\/div>\n\t\t\t\t<\/div>\n\t\t\t\t<\/div>\n\t\t","protected":false},"excerpt":{"rendered":"<p>Alineadores transparentes para un tratamiento ortod\u00f3ncico discreto En Allen Orthodontist, la Dra. Maryam Bojdehi-Barnes se enorgullece de ofrecer los \u00faltimos avances en el tratamiento con alineadores transparentes, \u00a1incluidos los alineadores 3M Clarity! Si quieres enderezar tus dientes sin aparatos tradicionales, los alineadores transparentes ofrecen una soluci\u00f3n eficaz y casi invisible. Tanto si tienes api\u00f1amiento leve como problemas de [&hellip;]<\/p>\n","protected":false},"author":2,"featured_media":0,"parent":0,"menu_order":58,"comment_status":"closed","ping_status":"closed","template":"","meta":{"_seopress_robots_primary_cat":"","_seopress_titles_title":"Alineadores transparentes personalizados en Allen TX","_seopress_titles_desc":"Allen Orthodontist ofrece alineadores transparentes, incluido 3M Clarity, para una alternativa discreta y c\u00f3moda a los aparatos, con planes de tratamiento de ortodoncia personalizados.","_seopress_robots_index":"","footnotes":""},"class_list":["post-7733","page","type-page","status-publish"],"_links":{"self":[{"href":"https:\/\/allenorthodontist.com\/es\/wp-json\/wp\/v2\/pages\/7733","targetHints":{"allow":["GET"]}}],"collection":[{"href":"https:\/\/allenorthodontist.com\/es\/wp-json\/wp\/v2\/pages"}],"about":[{"href":"https:\/\/allenorthodontist.com\/es\/wp-json\/wp\/v2\/types\/page"}],"author":[{"embeddable":true,"href":"https:\/\/allenorthodontist.com\/es\/wp-json\/wp\/v2\/users\/2"}],"replies":[{"embeddable":true,"href":"https:\/\/allenorthodontist.com\/es\/wp-json\/wp\/v2\/comments?post=7733"}],"version-history":[{"count":16,"href":"https:\/\/allenorthodontist.com\/es\/wp-json\/wp\/v2\/pages\/7733\/revisions"}],"predecessor-version":[{"id":8251,"href":"https:\/\/allenorthodontist.com\/es\/wp-json\/wp\/v2\/pages\/7733\/revisions\/8251"}],"wp:attachment":[{"href":"https:\/\/allenorthodontist.com\/es\/wp-json\/wp\/v2\/media?parent=7733"}],"curies":[{"name":"wp","href":"https:\/\/api.w.org\/{rel}","templated":true}]}}