{"id":7740,"date":"2025-02-14T01:48:12","date_gmt":"2025-02-14T01:48:12","guid":{"rendered":"https:\/\/allenorthodontist.com\/formularios-para-pacientes-nuevos\/"},"modified":"2026-02-25T13:55:45","modified_gmt":"2026-02-25T13:55:45","slug":"formularios-para-pacientes-nuevos","status":"publish","type":"page","link":"https:\/\/allenorthodontist.com\/es\/formularios-para-pacientes-nuevos\/","title":{"rendered":"Formularios para pacientes nuevos"},"content":{"rendered":"\t\t<div data-elementor-type=\"wp-page\" data-elementor-id=\"7740\" class=\"elementor elementor-7740 elementor-6312\" data-elementor-post-type=\"page\">\n\t\t\t\t<div data-particle_enable=\"false\" data-particle-mobile-disabled=\"false\" class=\"elementor-element elementor-element-e8defa7 e-flex e-con-boxed e-con e-parent\" data-id=\"e8defa7\" data-element_type=\"container\" data-e-type=\"container\">\n\t\t\t\t\t<div class=\"e-con-inner\">\n\t\t\t\t<div class=\"elementor-element elementor-element-8d75a6b elementor-widget elementor-widget-heading\" data-id=\"8d75a6b\" data-element_type=\"widget\" data-e-type=\"widget\" data-widget_type=\"heading.default\">\n\t\t\t\t<div class=\"elementor-widget-container\">\n\t\t\t\t\t<h1 class=\"elementor-heading-title elementor-size-default\">Rellena tus formularios de paciente para una visita sin problemas<\/h1>\t\t\t\t<\/div>\n\t\t\t\t<\/div>\n\t\t\t\t<div class=\"elementor-element elementor-element-a715ea6 elementor-widget elementor-widget-text-editor\" data-id=\"a715ea6\" data-element_type=\"widget\" data-e-type=\"widget\" data-widget_type=\"text-editor.default\">\n\t\t\t\t<div class=\"elementor-widget-container\">\n\t\t\t\t\t\t\t\t\t<p data-start=\"103\" data-end=\"344\">Entendemos que tu tiempo es valioso, por eso te hemos facilitado la cumplimentaci\u00f3n del registro de nuevos pacientes antes de tu <a href=\"https:\/\/allenorthodontist.com\/es\/solicitud-de-cita\/\">cita<\/a>. Para agilizar el proceso, te animamos a rellenar nuestros formularios online antes de tu <a href=\"https:\/\/allenorthodontist.com\/es\/primera-visita\/\">primera visita<\/a>. <\/p><p data-start=\"346\" data-end=\"415\">Elige una de las siguientes opciones para que podamos atenderte mejor:<\/p><h3 data-start=\"417\" data-end=\"443\">Env\u00edo de formularios online<\/h3><ul><li><a href=\"https:\/\/allenorthodontist.com\/es\/formulario-de-historial-medico-del-paciente-nuevo\/\">Formulario de informaci\u00f3n del paciente y actualizaci\u00f3n m\u00e9dica<\/a><\/li><\/ul>\t\t\t\t\t\t\t\t<\/div>\n\t\t\t\t<\/div>\n\t\t\t\t<div class=\"elementor-element elementor-element-ae1af87 elementor-widget-divider--view-line elementor-widget elementor-widget-divider\" data-id=\"ae1af87\" data-element_type=\"widget\" data-e-type=\"widget\" data-widget_type=\"divider.default\">\n\t\t\t\t<div class=\"elementor-widget-container\">\n\t\t\t\t\t\t\t<div class=\"elementor-divider\">\n\t\t\t<span class=\"elementor-divider-separator\">\n\t\t\t\t\t\t<\/span>\n\t\t<\/div>\n\t\t\t\t\t\t<\/div>\n\t\t\t\t<\/div>\n\t\t\t\t<div class=\"elementor-element elementor-element-a35b32c elementor-widget elementor-widget-text-editor\" data-id=\"a35b32c\" data-element_type=\"widget\" data-e-type=\"widget\" data-widget_type=\"text-editor.default\">\n\t\t\t\t<div class=\"elementor-widget-container\">\n\t\t\t\t\t\t\t\t\t<div><span style=\"text-align: var(--text-align); color: var( --e-global-color-text ); font-size: 1em;\">Si prefieres imprimir y rellenar los formularios, s\u00f3lo tienes que descargarlos y rellenarlos, y luego llevarlos contigo a tu cita.<\/span><\/div><h3 data-start=\"583\" data-end=\"602\">Formularios imprimibles<\/h3><ul data-start=\"603\" data-end=\"656\"><li data-start=\"603\" data-end=\"635\"><strong><a href=\"https:\/\/allenorthodontist.com\/wp-content\/uploads\/2025\/03\/new-patient-health-history-printable-form-4.pdf\" target=\"_blank\" rel=\"noopener\">Formulario de informaci\u00f3n del paciente - Imprimible<\/a><\/strong><\/li><li data-start=\"603\" data-end=\"635\"><p data-pm-slice=\"1 1 []\"><strong><a href=\"https:\/\/allenorthodontist.com\/wp-content\/uploads\/2026\/02\/notice-of-privacy-practices-updated-2026.pdf\" target=\"_blank\" rel=\"noopener\">Aviso de pr\u00e1cticas de privacidad de la HIPAA<\/a><\/strong><\/p><\/li><\/ul><h5 data-start=\"787\" data-end=\"966\">Nota importante:<\/h5><p data-start=\"787\" data-end=\"966\">Para ver los formularios imprimibles, necesitar\u00e1s <a href=\"https:\/\/get.adobe.com\/reader\/\" target=\"_blank\" rel=\"noopener\">Adobe Acrobat Reader<\/a>. Puedes descargarlo gratuitamente si no lo tienes instalado. <\/p><p data-start=\"973\" data-end=\"1117\">Nos tomamos en serio tu privacidad. Todos los formularios enviados en l\u00ednea est\u00e1n encriptados y cumplen la normativa HIPAA, lo que garantiza la seguridad de tu informaci\u00f3n personal. <\/p>\t\t\t\t\t\t\t\t<\/div>\n\t\t\t\t<\/div>\n\t\t\t\t\t<\/div>\n\t\t\t\t<\/div>\n\t\t\t\t<\/div>\n\t\t","protected":false},"excerpt":{"rendered":"<p>Rellena tus formularios de paciente para una visita sin problemas Entendemos que tu tiempo es valioso, por eso te hemos facilitado la cumplimentaci\u00f3n del registro de nuevos pacientes antes de tu cita. Para agilizar el proceso, te animamos a rellenar nuestros formularios online antes de tu primera visita. Elige una de las siguientes opciones para que podamos atenderte [&hellip;]<\/p>\n","protected":false},"author":2,"featured_media":0,"parent":0,"menu_order":21,"comment_status":"closed","ping_status":"closed","template":"","meta":{"_seopress_robots_primary_cat":"","_seopress_titles_title":"Formularios para pacientes nuevos | Ortodoncista en Allen TX","_seopress_titles_desc":"Rellena tus formularios de nuevo paciente en l\u00ednea o impr\u00edmelos antes de tu visita para que el proceso de registro de entrada sea fluido y eficaz, y todos los formularios son seguros y cumplen la HIPAA.","_seopress_robots_index":"","footnotes":""},"class_list":["post-7740","page","type-page","status-publish"],"_links":{"self":[{"href":"https:\/\/allenorthodontist.com\/es\/wp-json\/wp\/v2\/pages\/7740","targetHints":{"allow":["GET"]}}],"collection":[{"href":"https:\/\/allenorthodontist.com\/es\/wp-json\/wp\/v2\/pages"}],"about":[{"href":"https:\/\/allenorthodontist.com\/es\/wp-json\/wp\/v2\/types\/page"}],"author":[{"embeddable":true,"href":"https:\/\/allenorthodontist.com\/es\/wp-json\/wp\/v2\/users\/2"}],"replies":[{"embeddable":true,"href":"https:\/\/allenorthodontist.com\/es\/wp-json\/wp\/v2\/comments?post=7740"}],"version-history":[{"count":12,"href":"https:\/\/allenorthodontist.com\/es\/wp-json\/wp\/v2\/pages\/7740\/revisions"}],"predecessor-version":[{"id":9321,"href":"https:\/\/allenorthodontist.com\/es\/wp-json\/wp\/v2\/pages\/7740\/revisions\/9321"}],"wp:attachment":[{"href":"https:\/\/allenorthodontist.com\/es\/wp-json\/wp\/v2\/media?parent=7740"}],"curies":[{"name":"wp","href":"https:\/\/api.w.org\/{rel}","templated":true}]}}