{"id":7747,"date":"2025-02-14T01:53:36","date_gmt":"2025-02-14T01:53:36","guid":{"rendered":"https:\/\/allenorthodontist.com\/aparatos-de-ortodoncia\/"},"modified":"2025-03-26T19:52:37","modified_gmt":"2025-03-26T19:52:37","slug":"aparatos-de-ortodoncia","status":"publish","type":"page","link":"https:\/\/allenorthodontist.com\/es\/aparatos-de-ortodoncia\/","title":{"rendered":"Aparatos de ortodoncia"},"content":{"rendered":"\t\t<div data-elementor-type=\"wp-page\" data-elementor-id=\"7747\" class=\"elementor elementor-7747 elementor-6328\" data-elementor-post-type=\"page\">\n\t\t\t\t<div data-particle_enable=\"false\" data-particle-mobile-disabled=\"false\" class=\"elementor-element elementor-element-ef560d6 e-flex e-con-boxed e-con e-parent\" data-id=\"ef560d6\" data-element_type=\"container\" data-e-type=\"container\">\n\t\t\t\t\t<div class=\"e-con-inner\">\n\t\t\t\t<div class=\"elementor-element elementor-element-213d0d4 elementor-widget elementor-widget-heading\" data-id=\"213d0d4\" data-element_type=\"widget\" data-e-type=\"widget\" data-widget_type=\"heading.default\">\n\t\t\t\t<div class=\"elementor-widget-container\">\n\t\t\t\t\t<h1 class=\"elementor-heading-title elementor-size-default\">Tipos de aparatos de ortodoncia<\/h1>\t\t\t\t<\/div>\n\t\t\t\t<\/div>\n\t\t\t\t<div class=\"elementor-element elementor-element-a5d17ab elementor-widget elementor-widget-text-editor\" data-id=\"a5d17ab\" data-element_type=\"widget\" data-e-type=\"widget\" data-widget_type=\"text-editor.default\">\n\t\t\t\t<div class=\"elementor-widget-container\">\n\t\t\t\t\t\t\t\t\t<p data-start=\"213\" data-end=\"461\">Los aparatos de ortodoncia desempe\u00f1an un papel crucial en el enderezamiento de los dientes, la correcci\u00f3n de la alineaci\u00f3n mandibular y el mantenimiento de los resultados tras el tratamiento. A continuaci\u00f3n te explicamos los aparatos m\u00e1s comunes en ortodoncia, c\u00f3mo funcionan y sus cuidados esenciales. <\/p><h2 data-start=\"463\" data-end=\"510\">Retenedores: Mant\u00e9n recta tu sonrisa<\/h2><p data-start=\"512\" data-end=\"722\">Conseguir una sonrisa recta es s\u00f3lo el primer paso: \u00a1mantenerla as\u00ed requiere retenedores! Una vez retirados los aparatos o alineadores, los retenedores impiden que los dientes vuelvan a su posici\u00f3n original. <\/p><h3 data-start=\"724\" data-end=\"752\">Tipos de retenedores<\/h3><ul data-start=\"753\" data-end=\"951\"><li data-start=\"753\" data-end=\"852\">Retenedores invisibles - Se colocan el d\u00eda que te quitan los aparatos y se llevan las 24 horas del d\u00eda durante unos dos meses.<\/li><li data-start=\"853\" data-end=\"951\">Retenedores de alambre y pl\u00e1stico - Introducidos despu\u00e9s del periodo inicial, dise\u00f1ados para llevarlos por la noche.<\/li><\/ul><p data-start=\"953\" data-end=\"1045\">Consejo profesional: Para mantener los resultados de por vida, lleva los retenedores de forma constante, tal y como te han recetado.<\/p><h3 data-start=\"1047\" data-end=\"1087\">C\u00f3mo cuidar tus retenedores<\/h3><ul data-start=\"1088\" data-end=\"1458\"><li data-start=\"1088\" data-end=\"1159\">Cepilla los retenedores con un cepillo de dientes y jab\u00f3n l\u00edquido despu\u00e9s de cada comida.<\/li><li data-start=\"1160\" data-end=\"1226\">Sum\u00e9rgelos en un limpiador de retenedores una vez a la semana para eliminar la acumulaci\u00f3n.<\/li><li data-start=\"1227\" data-end=\"1290\">Gu\u00e1rdalos en el estuche suministrado: \u00a1nunca los envuelvas en servilletas!<\/li><li data-start=\"1291\" data-end=\"1350\">Mantenlas alejadas de las mascotas, ya que les encanta morderlas.<\/li><li data-start=\"1351\" data-end=\"1400\">Evita el agua caliente, ya que puede deformar el material.<\/li><li data-start=\"1401\" data-end=\"1458\">No los muerdas para colocarlos, utiliza los dedos.<\/li><\/ul><p data-start=\"1460\" data-end=\"1563\">Si tu retenedor se rompe o deja de encajar, ponte en contacto con nosotros inmediatamente para evitar movimientos dentales no deseados.<\/p><h2 data-start=\"1570\" data-end=\"1626\">Expansor Palatino: Crear m\u00e1s espacio para los dientes y la lengua<\/h2><p data-start=\"1628\" data-end=\"1841\">Un expansor palatino se utiliza para ensanchar el maxilar superior, ayudando a corregir un paladar estrecho, el api\u00f1amiento o la desalineaci\u00f3n de la mordida. Este aparato funciona mejor en ni\u00f1os en crecimiento, ya que sus maxilares son m\u00e1s adaptables. <\/p><h3 data-start=\"1843\" data-end=\"1865\">C\u00f3mo funciona<\/h3><ul data-start=\"1866\" data-end=\"2118\"><li data-start=\"1866\" data-end=\"1949\">Se utiliza una llave especial para girar el tornillo del expansor, ensanchando gradualmente la mand\u00edbula.<\/li><li data-start=\"1950\" data-end=\"2049\">Algunos pacientes experimentan un exceso de saliva y peque\u00f1os cambios en el habla, que se normalizan al cabo de una semana.<\/li><li data-start=\"2050\" data-end=\"2118\">Sigue el programa de activaci\u00f3n de tu ortodoncista para obtener los mejores resultados.<\/li><\/ul><h2 data-start=\"2125\" data-end=\"2173\">Expansor Inferior: Expansi\u00f3n del maxilar inferior<\/h2><p data-start=\"2175\" data-end=\"2332\">Un expansor inferior funciona de forma similar a un expansor palatino, pero est\u00e1 dise\u00f1ado para los dientes inferiores. Ayuda a reducir el api\u00f1amiento ensanchando suavemente el maxilar inferior. <\/p><p data-start=\"2334\" data-end=\"2369\">Consejos para el cuidado del expansor inferior:<\/p><ul data-start=\"2370\" data-end=\"2605\"><li data-start=\"2370\" data-end=\"2424\">Cep\u00edllate despu\u00e9s de cada comida y l\u00edmpiate con jab\u00f3n l\u00edquido.<\/li><li data-start=\"2425\" data-end=\"2505\">Evita el agua caliente, morder demasiado fuerte o voltear el expansor arriba y abajo.<\/li><li data-start=\"2506\" data-end=\"2547\">Gu\u00e1rdalo en su funda cuando no lo utilices.<\/li><li data-start=\"2548\" data-end=\"2605\">Si se rompe o se pierde, llama inmediatamente a nuestra oficina.<\/li><\/ul><h2 data-start=\"2995\" data-end=\"3036\">Cascos: Control del crecimiento de la mand\u00edbula<\/h2><p data-start=\"3038\" data-end=\"3159\">Los arneses ayudan a corregir las sobremordidas y las sobremordidas frenando el crecimiento del maxilar superior y permitiendo que el maxilar inferior se ponga al d\u00eda.<\/p><ul data-start=\"3161\" data-end=\"3411\"><li data-start=\"3161\" data-end=\"3238\">Suelen llevarse de 12 a 14 horas al d\u00eda en casa (no en la escuela ni al aire libre).<\/li><li data-start=\"3239\" data-end=\"3312\">Prep\u00e1rate para sentir algunas molestias al principio, pero el uso constante hace que sea m\u00e1s f\u00e1cil.<\/li><li data-start=\"3313\" data-end=\"3366\">Qu\u00edtala con cuidado, siempre quitando primero la correa.<\/li><li data-start=\"3367\" data-end=\"3411\">Trae tu casco a todas las citas.<\/li><\/ul><h2 data-start=\"3418\" data-end=\"3456\">M\u00e1scara facial: Corregir un prognatismo<\/h2><p data-start=\"3458\" data-end=\"3556\">Una mascarilla facial (arn\u00e9s de tracci\u00f3n inversa) ayuda a desplazar el maxilar superior hacia delante para corregir un prognatismo.<\/p><ul data-start=\"3558\" data-end=\"3801\"><li data-start=\"3558\" data-end=\"3614\">Sueles llevarla de 12 a 14 horas al d\u00eda (s\u00f3lo en casa).<\/li><li data-start=\"3615\" data-end=\"3679\">Ayuda a cambiar la posici\u00f3n de la mand\u00edbula para mejorar la mordida a largo plazo.<\/li><li data-start=\"3680\" data-end=\"3739\">L\u00edmpiate la cara antes de pon\u00e9rtelo para evitar irritaciones.<\/li><li data-start=\"3740\" data-end=\"3801\">Asegura siempre el aparato antes de quitar las gomas el\u00e1sticas.<\/li><\/ul><h2 data-start=\"3808\" data-end=\"3866\">Aparatos Herbst y Forsus: Correcci\u00f3n de sobregiros<\/h2><p data-start=\"3868\" data-end=\"4001\">Los aparatos Herbst y Forsus ayudan a guiar el crecimiento mandibular restringiendo el movimiento del maxilar superior y fomentando el desarrollo del maxilar inferior.<\/p><ul data-start=\"4003\" data-end=\"4209\"><li data-start=\"4003\" data-end=\"4088\">Estos aparatos permanecen en su sitio todo el tiempo y no afectan al movimiento normal de la boca.<\/li><li data-start=\"4089\" data-end=\"4147\">Evita los alimentos duros, pegajosos y masticables para prevenir da\u00f1os.<\/li><li data-start=\"4148\" data-end=\"4209\">Si haces deporte, te ofrecemos protectores bucales especiales dise\u00f1ados para funcionar con estos aparatos.<\/li><\/ul><h2 data-start=\"4216\" data-end=\"4268\">Lip Bumper: Crear espacio en el maxilar inferior<\/h2><p data-start=\"4270\" data-end=\"4363\">Un protector labial empuja los molares inferiores hacia atr\u00e1s, creando m\u00e1s espacio para la alineaci\u00f3n de los dientes.<\/p><p data-start=\"4365\" data-end=\"4381\">Consejos de cuidado:<\/p><ul data-start=\"4382\" data-end=\"4555\"><li data-start=\"4382\" data-end=\"4409\">Cep\u00edllate despu\u00e9s de cada comida.<\/li><li data-start=\"4410\" data-end=\"4448\">Gu\u00e1rdalo en su estuche cuando no lo utilices.<\/li><li data-start=\"4449\" data-end=\"4515\">Nunca lo envuelvas en servilletas (puede tirarse por accidente).<\/li><li data-start=\"4516\" data-end=\"4555\">Ponte en contacto con nosotros si se rompe o se pierde.<\/li><\/ul><h2 data-start=\"4562\" data-end=\"4622\">Mantenedor de espacio: Mantener el espacio para los dientes permanentes<\/h2><p data-start=\"4624\" data-end=\"4810\">Un mantenedor de espacio se utiliza cuando un diente de leche se pierde demasiado pronto. Evita que los dientes cercanos se desplacen hacia el espacio vac\u00edo, asegurando una alineaci\u00f3n adecuada para los dientes permanentes entrantes. <\/p><ul data-start=\"4812\" data-end=\"4915\"><li data-start=\"4812\" data-end=\"4856\">Ayuda a prevenir el api\u00f1amiento y la desalineaci\u00f3n.<\/li><li data-start=\"4857\" data-end=\"4915\">Se mantiene en su sitio hasta que los dientes permanentes salen de forma natural.<\/li><\/ul><h2 data-start=\"4922\" data-end=\"4973\">Espaciadores (Separadores): Preparaci\u00f3n para la ortodoncia<\/h2><p data-start=\"4975\" data-end=\"5099\">Los espaciadores (o separadores) son peque\u00f1os anillos el\u00e1sticos o muelles met\u00e1licos que se colocan entre los dientes para crear espacio para las bandas ortod\u00f3ncicas.<\/p><ul data-start=\"5101\" data-end=\"5302\"><li data-start=\"5101\" data-end=\"5163\">Evita los alimentos pegajosos o masticables, ya que pueden desplazar los espaciadores.<\/li><li data-start=\"5164\" data-end=\"5215\">No utilices hilo dental en la zona donde est\u00e1n colocados los espaciadores.<\/li><li data-start=\"5216\" data-end=\"5302\">Las molestias leves son normales y pueden tratarse con analg\u00e9sicos de venta sin receta.<\/li><\/ul>\t\t\t\t\t\t\t\t<\/div>\n\t\t\t\t<\/div>\n\t\t\t\t\t<\/div>\n\t\t\t\t<\/div>\n\t\t\t\t<\/div>\n\t\t","protected":false},"excerpt":{"rendered":"<p>Tipos de aparatos de ortodoncia Los aparatos de ortodoncia desempe\u00f1an un papel crucial en el enderezamiento de los dientes, la correcci\u00f3n de la alineaci\u00f3n mandibular y el mantenimiento de los resultados tras el tratamiento. A continuaci\u00f3n te explicamos los aparatos m\u00e1s comunes en ortodoncia, c\u00f3mo funcionan y sus cuidados esenciales. Retenedores: Mant\u00e9n recta tu sonrisa Conseguir una sonrisa [&hellip;]<\/p>\n","protected":false},"author":2,"featured_media":0,"parent":0,"menu_order":42,"comment_status":"closed","ping_status":"closed","template":"","meta":{"_seopress_robots_primary_cat":"","_seopress_titles_title":"Aparatos de ortodoncia en Allen TX | Ortodoncista Allen","_seopress_titles_desc":"Explora los aparatos de ortodoncia m\u00e1s comunes, como expansores, tracci\u00f3n extraoral y mantenedores de espacio, y aprende sobre su funci\u00f3n, cuidados y c\u00f3mo mejoran tu sonrisa.","_seopress_robots_index":"","footnotes":""},"class_list":["post-7747","page","type-page","status-publish"],"_links":{"self":[{"href":"https:\/\/allenorthodontist.com\/es\/wp-json\/wp\/v2\/pages\/7747","targetHints":{"allow":["GET"]}}],"collection":[{"href":"https:\/\/allenorthodontist.com\/es\/wp-json\/wp\/v2\/pages"}],"about":[{"href":"https:\/\/allenorthodontist.com\/es\/wp-json\/wp\/v2\/types\/page"}],"author":[{"embeddable":true,"href":"https:\/\/allenorthodontist.com\/es\/wp-json\/wp\/v2\/users\/2"}],"replies":[{"embeddable":true,"href":"https:\/\/allenorthodontist.com\/es\/wp-json\/wp\/v2\/comments?post=7747"}],"version-history":[{"count":1,"href":"https:\/\/allenorthodontist.com\/es\/wp-json\/wp\/v2\/pages\/7747\/revisions"}],"predecessor-version":[{"id":7749,"href":"https:\/\/allenorthodontist.com\/es\/wp-json\/wp\/v2\/pages\/7747\/revisions\/7749"}],"wp:attachment":[{"href":"https:\/\/allenorthodontist.com\/es\/wp-json\/wp\/v2\/media?parent=7747"}],"curies":[{"name":"wp","href":"https:\/\/api.w.org\/{rel}","templated":true}]}}