{"id":7751,"date":"2025-02-14T01:53:21","date_gmt":"2025-02-14T01:53:21","guid":{"rendered":"https:\/\/allenorthodontist.com\/tecnologia-avanzada\/"},"modified":"2025-03-26T19:52:37","modified_gmt":"2025-03-26T19:52:37","slug":"tecnologia-avanzada","status":"publish","type":"page","link":"https:\/\/allenorthodontist.com\/es\/tecnologia-avanzada\/","title":{"rendered":"Tecnolog\u00eda avanzada"},"content":{"rendered":"\t\t<div data-elementor-type=\"wp-page\" data-elementor-id=\"7751\" class=\"elementor elementor-7751 elementor-6326\" data-elementor-post-type=\"page\">\n\t\t\t\t\t\t<section data-particle_enable=\"false\" data-particle-mobile-disabled=\"false\" class=\"elementor-section elementor-top-section elementor-element elementor-element-2bccee54 elementor-section-boxed elementor-section-height-default elementor-section-height-default\" data-id=\"2bccee54\" data-element_type=\"section\" data-e-type=\"section\">\n\t\t\t\t\t\t<div class=\"elementor-container elementor-column-gap-default\">\n\t\t\t\t\t<div class=\"elementor-column elementor-col-100 elementor-top-column elementor-element elementor-element-773f927c\" data-id=\"773f927c\" data-element_type=\"column\" data-e-type=\"column\">\n\t\t\t<div class=\"elementor-widget-wrap elementor-element-populated\">\n\t\t\t\t\t\t<div class=\"elementor-element elementor-element-97e3a0f elementor-widget elementor-widget-heading\" data-id=\"97e3a0f\" data-element_type=\"widget\" data-e-type=\"widget\" data-widget_type=\"heading.default\">\n\t\t\t\t<div class=\"elementor-widget-container\">\n\t\t\t\t\t<h1 class=\"elementor-heading-title elementor-size-default\">Tecnolog\u00eda ortod\u00f3ncica avanzada<\/h1>\t\t\t\t<\/div>\n\t\t\t\t<\/div>\n\t\t\t\t\t<\/div>\n\t\t<\/div>\n\t\t\t\t\t<\/div>\n\t\t<\/section>\n\t\t\t\t<section data-particle_enable=\"false\" data-particle-mobile-disabled=\"false\" class=\"elementor-section elementor-top-section elementor-element elementor-element-6622a8fb elementor-section-boxed elementor-section-height-default elementor-section-height-default\" data-id=\"6622a8fb\" data-element_type=\"section\" data-e-type=\"section\">\n\t\t\t\t\t\t<div class=\"elementor-container elementor-column-gap-default\">\n\t\t\t\t\t<div class=\"elementor-column elementor-col-100 elementor-top-column elementor-element elementor-element-4e5feba8\" data-id=\"4e5feba8\" data-element_type=\"column\" data-e-type=\"column\">\n\t\t\t<div class=\"elementor-widget-wrap elementor-element-populated\">\n\t\t\t\t\t\t<div class=\"elementor-element elementor-element-e29b9c3 elementor-widget elementor-widget-text-editor\" data-id=\"e29b9c3\" data-element_type=\"widget\" data-e-type=\"widget\" data-widget_type=\"text-editor.default\">\n\t\t\t\t<div class=\"elementor-widget-container\">\n\t\t\t\t\t\t\t\t\t<p data-start=\"79\" data-end=\"633\"><span style=\"box-sizing: border-box; margin: 0px; padding: 0px;\">Allen Orthodontist se dedica a proporcionar una atenci\u00f3n de la m\u00e1xima calidad utilizando la tecnolog\u00eda ortod\u00f3ncica m\u00e1s avanzada. <a href=\"https:\/\/allenorthodontist.com\/es\/conoce-a-la-dra-mojdehi-barnes\/\">La Dra. Maryam Mojdehi-Barnes<\/a> emplea procedimientos, t\u00e9cnicas y equipos avanzados para diagnosticar r\u00e1pidamente los problemas de ortodoncia y agilizar el tratamiento. <\/span><\/p><p data-start=\"79\" data-end=\"633\"><span style=\"box-sizing: border-box; margin: 0px; padding: 0px;\">Al integrar la tecnolog\u00eda m\u00e1s avanzada en nuestra consulta, ofrecemos una atenci\u00f3n m\u00e1s precisa, c\u00f3moda y eficaz a todos nuestros pacientes. Nuestro compromiso con la innovaci\u00f3n garantiza que tu tratamiento sea eficaz y oportuno, ayud\u00e1ndote a conseguir tu mejor sonrisa. <\/span><\/p>\t\t\t\t\t\t\t\t<\/div>\n\t\t\t\t<\/div>\n\t\t\t\t\t<\/div>\n\t\t<\/div>\n\t\t\t\t\t<\/div>\n\t\t<\/section>\n\t\t\t\t<section data-particle_enable=\"false\" data-particle-mobile-disabled=\"false\" class=\"elementor-section elementor-top-section elementor-element elementor-element-e5628e elementor-section-content-middle elementor-reverse-mobile elementor-reverse-tablet elementor-section-boxed elementor-section-height-default elementor-section-height-default\" data-id=\"e5628e\" data-element_type=\"section\" data-e-type=\"section\">\n\t\t\t\t\t\t<div class=\"elementor-container elementor-column-gap-default\">\n\t\t\t\t\t<div class=\"elementor-column elementor-col-50 elementor-top-column elementor-element elementor-element-4d65a578 animated-slow elementor-invisible\" data-id=\"4d65a578\" data-element_type=\"column\" data-e-type=\"column\" data-settings=\"{&quot;background_background&quot;:&quot;classic&quot;,&quot;animation&quot;:&quot;fadeInLeft&quot;}\">\n\t\t\t<div class=\"elementor-widget-wrap elementor-element-populated\">\n\t\t\t\t\t\t<div class=\"elementor-element elementor-element-d564b88 elementor-widget elementor-widget-heading\" data-id=\"d564b88\" data-element_type=\"widget\" data-e-type=\"widget\" data-widget_type=\"heading.default\">\n\t\t\t\t<div class=\"elementor-widget-container\">\n\t\t\t\t\t<h2 class=\"elementor-heading-title elementor-size-default\">Radiograf\u00edas digitales\n<\/h2>\t\t\t\t<\/div>\n\t\t\t\t<\/div>\n\t\t\t\t<div class=\"elementor-element elementor-element-7843d936 elementor-widget elementor-widget-text-editor\" data-id=\"7843d936\" data-element_type=\"widget\" data-e-type=\"widget\" data-widget_type=\"text-editor.default\">\n\t\t\t\t<div class=\"elementor-widget-container\">\n\t\t\t\t\t\t\t\t\t<p data-pm-slice=\"1 1 []\">Utilizamos tecnolog\u00eda digital avanzada de rayos X para captar im\u00e1genes claras y precisas de tus dientes y mand\u00edbula. Este m\u00e9todo reduce la exposici\u00f3n a la radiaci\u00f3n, al tiempo que proporciona im\u00e1genes de alta resoluci\u00f3n que nos permiten diagnosticar los problemas con mayor precisi\u00f3n. Las radiograf\u00edas digitales nos ayudan a planificar el mejor tratamiento para ti, garantizando una atenci\u00f3n m\u00e1s r\u00e1pida y eficaz.  <\/p>\t\t\t\t\t\t\t\t<\/div>\n\t\t\t\t<\/div>\n\t\t\t\t\t<\/div>\n\t\t<\/div>\n\t\t\t\t<div class=\"elementor-column elementor-col-50 elementor-top-column elementor-element elementor-element-40db1791\" data-id=\"40db1791\" data-element_type=\"column\" data-e-type=\"column\" data-settings=\"{&quot;background_background&quot;:&quot;classic&quot;}\">\n\t\t\t<div class=\"elementor-widget-wrap elementor-element-populated\">\n\t\t\t\t\t\t<div class=\"elementor-element elementor-element-727cc568 elementor-widget elementor-widget-image\" data-id=\"727cc568\" data-element_type=\"widget\" data-e-type=\"widget\" data-widget_type=\"image.default\">\n\t\t\t\t<div class=\"elementor-widget-container\">\n\t\t\t\t\t\t\t\t\t\t\t\t\t\t\t<img fetchpriority=\"high\" decoding=\"async\" width=\"800\" height=\"534\" src=\"https:\/\/allenorthodontist.com\/wp-content\/uploads\/2025\/03\/digital-x-rays-1024x683.jpg\" class=\"attachment-large size-large wp-image-7360\" alt=\"Digital X-Rays Allen Orthodontist in Allen, TX\" srcset=\"https:\/\/allenorthodontist.com\/wp-content\/uploads\/2025\/03\/digital-x-rays-1024x683.jpg 1024w, https:\/\/allenorthodontist.com\/wp-content\/uploads\/2025\/03\/digital-x-rays-300x200.jpg 300w, https:\/\/allenorthodontist.com\/wp-content\/uploads\/2025\/03\/digital-x-rays-768x512.jpg 768w, https:\/\/allenorthodontist.com\/wp-content\/uploads\/2025\/03\/digital-x-rays-1536x1024.jpg 1536w, https:\/\/allenorthodontist.com\/wp-content\/uploads\/2025\/03\/digital-x-rays-2048x1365.jpg 2048w\" sizes=\"(max-width: 800px) 100vw, 800px\" \/>\t\t\t\t\t\t\t\t\t\t\t\t\t\t\t<\/div>\n\t\t\t\t<\/div>\n\t\t\t\t\t<\/div>\n\t\t<\/div>\n\t\t\t\t\t<\/div>\n\t\t<\/section>\n\t\t\t\t<section data-particle_enable=\"false\" data-particle-mobile-disabled=\"false\" class=\"elementor-section elementor-top-section elementor-element elementor-element-43f468b1 elementor-section-content-middle elementor-section-boxed elementor-section-height-default elementor-section-height-default\" data-id=\"43f468b1\" data-element_type=\"section\" data-e-type=\"section\">\n\t\t\t\t\t\t<div class=\"elementor-container elementor-column-gap-default\">\n\t\t\t\t\t<div class=\"elementor-column elementor-col-50 elementor-top-column elementor-element elementor-element-2ed1b23\" data-id=\"2ed1b23\" data-element_type=\"column\" data-e-type=\"column\">\n\t\t\t<div class=\"elementor-widget-wrap elementor-element-populated\">\n\t\t\t\t\t\t<div class=\"elementor-element elementor-element-5de1d9e1 elementor-widget elementor-widget-image\" data-id=\"5de1d9e1\" data-element_type=\"widget\" data-e-type=\"widget\" data-widget_type=\"image.default\">\n\t\t\t\t<div class=\"elementor-widget-container\">\n\t\t\t\t\t\t\t\t\t\t\t\t\t\t\t<img decoding=\"async\" width=\"400\" height=\"300\" src=\"https:\/\/allenorthodontist.com\/wp-content\/uploads\/2025\/03\/digital-impressions.jpg\" class=\"attachment-large size-large wp-image-7361\" alt=\"Digital Impressions Allen Orthodontist in Allen, TX\" srcset=\"https:\/\/allenorthodontist.com\/wp-content\/uploads\/2025\/03\/digital-impressions.jpg 400w, https:\/\/allenorthodontist.com\/wp-content\/uploads\/2025\/03\/digital-impressions-300x225.jpg 300w\" sizes=\"(max-width: 400px) 100vw, 400px\" \/>\t\t\t\t\t\t\t\t\t\t\t\t\t\t\t<\/div>\n\t\t\t\t<\/div>\n\t\t\t\t\t<\/div>\n\t\t<\/div>\n\t\t\t\t<div class=\"elementor-column elementor-col-50 elementor-top-column elementor-element elementor-element-2d6283ef animated-slow elementor-invisible\" data-id=\"2d6283ef\" data-element_type=\"column\" data-e-type=\"column\" data-settings=\"{&quot;background_background&quot;:&quot;classic&quot;,&quot;animation&quot;:&quot;fadeInRight&quot;,&quot;animation_delay&quot;:250}\">\n\t\t\t<div class=\"elementor-widget-wrap elementor-element-populated\">\n\t\t\t\t\t\t<div class=\"elementor-element elementor-element-2990edd8 elementor-widget elementor-widget-heading\" data-id=\"2990edd8\" data-element_type=\"widget\" data-e-type=\"widget\" data-widget_type=\"heading.default\">\n\t\t\t\t<div class=\"elementor-widget-container\">\n\t\t\t\t\t<h2 class=\"elementor-heading-title elementor-size-default\">Impresiones digitales\n<\/h2>\t\t\t\t<\/div>\n\t\t\t\t<\/div>\n\t\t\t\t<div class=\"elementor-element elementor-element-107eddc7 elementor-widget elementor-widget-text-editor\" data-id=\"107eddc7\" data-element_type=\"widget\" data-e-type=\"widget\" data-widget_type=\"text-editor.default\">\n\t\t\t\t<div class=\"elementor-widget-container\">\n\t\t\t\t\t\t\t\t\t<p data-pm-slice=\"1 1 []\">\u00a1Di adi\u00f3s a los inc\u00f3modos moldes! Nuestro sistema de impresi\u00f3n digital nos permite escanear con rapidez y precisi\u00f3n tus dientes en 3D. Esta avanzada tecnolog\u00eda elimina la necesidad de las inc\u00f3modas impresiones tradicionales, haciendo que tu experiencia sea m\u00e1s c\u00f3moda. Las impresiones digitales proporcionan medidas precisas para tu plan de tratamiento, mejorando tanto la precisi\u00f3n como los resultados.   <\/p>\t\t\t\t\t\t\t\t<\/div>\n\t\t\t\t<\/div>\n\t\t\t\t\t<\/div>\n\t\t<\/div>\n\t\t\t\t\t<\/div>\n\t\t<\/section>\n\t\t\t\t<section data-particle_enable=\"false\" data-particle-mobile-disabled=\"false\" class=\"elementor-section elementor-top-section elementor-element elementor-element-a2e1283 elementor-section-content-middle elementor-reverse-mobile elementor-reverse-tablet elementor-section-boxed elementor-section-height-default elementor-section-height-default\" data-id=\"a2e1283\" data-element_type=\"section\" data-e-type=\"section\">\n\t\t\t\t\t\t<div class=\"elementor-container elementor-column-gap-default\">\n\t\t\t\t\t<div class=\"elementor-column elementor-col-50 elementor-top-column elementor-element elementor-element-6d0b6ea4 animated-slow elementor-invisible\" data-id=\"6d0b6ea4\" data-element_type=\"column\" data-e-type=\"column\" data-settings=\"{&quot;background_background&quot;:&quot;classic&quot;,&quot;animation&quot;:&quot;fadeInLeft&quot;}\">\n\t\t\t<div class=\"elementor-widget-wrap elementor-element-populated\">\n\t\t\t\t\t\t<div class=\"elementor-element elementor-element-1332093c elementor-widget elementor-widget-heading\" data-id=\"1332093c\" data-element_type=\"widget\" data-e-type=\"widget\" data-widget_type=\"heading.default\">\n\t\t\t\t<div class=\"elementor-widget-container\">\n\t\t\t\t\t<h2 class=\"elementor-heading-title elementor-size-default\">Uni\u00f3n digital indirecta (IDB) de 3M\n<\/h2>\t\t\t\t<\/div>\n\t\t\t\t<\/div>\n\t\t\t\t<div class=\"elementor-element elementor-element-4a133ed elementor-widget elementor-widget-text-editor\" data-id=\"4a133ed\" data-element_type=\"widget\" data-e-type=\"widget\" data-widget_type=\"text-editor.default\">\n\t\t\t\t<div class=\"elementor-widget-container\">\n\t\t\t\t\t\t\t\t\t<p data-pm-slice=\"1 1 []\">La tecnolog\u00eda Indirect Digital Bonding (IDB) de 3M nos permite crear configuraciones ortod\u00f3ncicas altamente personalizadas. Este avanzado sistema digital planifica previamente la colocaci\u00f3n de los brackets con precisi\u00f3n, lo que reduce el tiempo de tratamiento y aumenta la comodidad general. La BID proporciona un proceso de adhesi\u00f3n m\u00e1s eficaz y preciso, garantizando los mejores resultados posibles para tu tratamiento de ortodoncia.  <\/p>\t\t\t\t\t\t\t\t<\/div>\n\t\t\t\t<\/div>\n\t\t\t\t\t<\/div>\n\t\t<\/div>\n\t\t\t\t<div class=\"elementor-column elementor-col-50 elementor-top-column elementor-element elementor-element-23c0d0a4\" data-id=\"23c0d0a4\" data-element_type=\"column\" data-e-type=\"column\" data-settings=\"{&quot;background_background&quot;:&quot;classic&quot;}\">\n\t\t\t<div class=\"elementor-widget-wrap elementor-element-populated\">\n\t\t\t\t\t\t<div class=\"elementor-element elementor-element-35640769 elementor-widget elementor-widget-image\" data-id=\"35640769\" data-element_type=\"widget\" data-e-type=\"widget\" data-widget_type=\"image.default\">\n\t\t\t\t<div class=\"elementor-widget-container\">\n\t\t\t\t\t\t\t\t\t\t\t\t\t\t\t<img decoding=\"async\" width=\"800\" height=\"534\" src=\"https:\/\/allenorthodontist.com\/wp-content\/uploads\/2025\/03\/3m-digital-bonding-tray-2-1024x684.jpg\" class=\"attachment-large size-large wp-image-7330\" alt=\"3M Digital Bonding Allen Orthodontist in Allen, TX\" srcset=\"https:\/\/allenorthodontist.com\/wp-content\/uploads\/2025\/03\/3m-digital-bonding-tray-2-1024x684.jpg 1024w, https:\/\/allenorthodontist.com\/wp-content\/uploads\/2025\/03\/3m-digital-bonding-tray-2-300x200.jpg 300w, https:\/\/allenorthodontist.com\/wp-content\/uploads\/2025\/03\/3m-digital-bonding-tray-2-768x513.jpg 768w, https:\/\/allenorthodontist.com\/wp-content\/uploads\/2025\/03\/3m-digital-bonding-tray-2-1536x1025.jpg 1536w, https:\/\/allenorthodontist.com\/wp-content\/uploads\/2025\/03\/3m-digital-bonding-tray-2-2048x1367.jpg 2048w\" sizes=\"(max-width: 800px) 100vw, 800px\" \/>\t\t\t\t\t\t\t\t\t\t\t\t\t\t\t<\/div>\n\t\t\t\t<\/div>\n\t\t\t\t\t<\/div>\n\t\t<\/div>\n\t\t\t\t\t<\/div>\n\t\t<\/section>\n\t\t\t\t<\/div>\n\t\t","protected":false},"excerpt":{"rendered":"<p>Tecnolog\u00eda ortod\u00f3ncica avanzada Allen Orthodontist se dedica a proporcionar una atenci\u00f3n de la m\u00e1xima calidad utilizando la tecnolog\u00eda ortod\u00f3ncica m\u00e1s avanzada. La Dra. Maryam Mojdehi-Barnes emplea procedimientos, t\u00e9cnicas y equipos avanzados para diagnosticar r\u00e1pidamente los problemas de ortodoncia y agilizar el tratamiento. Al integrar la tecnolog\u00eda m\u00e1s avanzada en nuestra consulta, ofrecemos una atenci\u00f3n m\u00e1s precisa, c\u00f3moda y [&hellip;]<\/p>\n","protected":false},"author":2,"featured_media":0,"parent":0,"menu_order":37,"comment_status":"closed","ping_status":"closed","template":"","meta":{"_seopress_robots_primary_cat":"","_seopress_titles_title":"Tecnolog\u00eda avanzada de ortodoncia en Allen TX","_seopress_titles_desc":"","_seopress_robots_index":"","footnotes":""},"class_list":["post-7751","page","type-page","status-publish"],"_links":{"self":[{"href":"https:\/\/allenorthodontist.com\/es\/wp-json\/wp\/v2\/pages\/7751","targetHints":{"allow":["GET"]}}],"collection":[{"href":"https:\/\/allenorthodontist.com\/es\/wp-json\/wp\/v2\/pages"}],"about":[{"href":"https:\/\/allenorthodontist.com\/es\/wp-json\/wp\/v2\/types\/page"}],"author":[{"embeddable":true,"href":"https:\/\/allenorthodontist.com\/es\/wp-json\/wp\/v2\/users\/2"}],"replies":[{"embeddable":true,"href":"https:\/\/allenorthodontist.com\/es\/wp-json\/wp\/v2\/comments?post=7751"}],"version-history":[{"count":4,"href":"https:\/\/allenorthodontist.com\/es\/wp-json\/wp\/v2\/pages\/7751\/revisions"}],"predecessor-version":[{"id":8191,"href":"https:\/\/allenorthodontist.com\/es\/wp-json\/wp\/v2\/pages\/7751\/revisions\/8191"}],"wp:attachment":[{"href":"https:\/\/allenorthodontist.com\/es\/wp-json\/wp\/v2\/media?parent=7751"}],"curies":[{"name":"wp","href":"https:\/\/api.w.org\/{rel}","templated":true}]}}