{"id":7762,"date":"2022-06-07T14:28:30","date_gmt":"2022-06-07T14:28:30","guid":{"rendered":"https:\/\/allenorthodontist.com\/invisalign-primero\/"},"modified":"2025-03-28T01:29:09","modified_gmt":"2025-03-28T01:29:09","slug":"invisalign-primero","status":"publish","type":"page","link":"https:\/\/allenorthodontist.com\/es\/invisalign-primero\/","title":{"rendered":"Invisalign Primero"},"content":{"rendered":"\t\t<div data-elementor-type=\"wp-page\" data-elementor-id=\"7762\" class=\"elementor elementor-7762\" data-elementor-post-type=\"page\">\n\t\t\t\t\t\t<section data-particle_enable=\"false\" data-particle-mobile-disabled=\"false\" class=\"elementor-section elementor-top-section elementor-element elementor-element-d3389ba elementor-section-boxed elementor-section-height-default elementor-section-height-default\" data-id=\"d3389ba\" data-element_type=\"section\" data-e-type=\"section\">\n\t\t\t\t\t\t<div class=\"elementor-container elementor-column-gap-default\">\n\t\t\t\t\t<div class=\"elementor-column elementor-col-100 elementor-top-column elementor-element elementor-element-2e137c9\" data-id=\"2e137c9\" data-element_type=\"column\" data-e-type=\"column\">\n\t\t\t<div class=\"elementor-widget-wrap elementor-element-populated\">\n\t\t\t\t\t\t<div class=\"elementor-element elementor-element-b644e89 elementor-widget elementor-widget-text-editor\" data-id=\"b644e89\" data-element_type=\"widget\" data-e-type=\"widget\" data-widget_type=\"text-editor.default\">\n\t\t\t\t<div class=\"elementor-widget-container\">\n\t\t\t\t\t\t\t\t\t<h2>\u00a1En [Practice Location] [Practice Name] convertimos sonrisas peque\u00f1as en sonrisas grandes y bonitas con Invisalign First!<\/h2><p>Invisalign First es un programa de alineadores dise\u00f1ado para ofrecer una experiencia de tratamiento positiva a los ni\u00f1os m\u00e1s peque\u00f1os que cumplen los requisitos para someterse a un tratamiento de ortodoncia. Est\u00e1 formulado para responder a las necesidades espec\u00edficas de los ni\u00f1os en edad de crecimiento: alinear sus dientes al tiempo que ampl\u00edan sus arcadas y dejan espacio para los dientes existentes y los dientes permanentes que van saliendo. Mira el v\u00eddeo para saber m\u00e1s.  <\/p>\t\t\t\t\t\t\t\t<\/div>\n\t\t\t\t<\/div>\n\t\t\t\t\t<\/div>\n\t\t<\/div>\n\t\t\t\t\t<\/div>\n\t\t<\/section>\n\t\t\t\t<section data-particle_enable=\"false\" data-particle-mobile-disabled=\"false\" class=\"elementor-section elementor-top-section elementor-element elementor-element-847105d elementor-section-boxed elementor-section-height-default elementor-section-height-default\" data-id=\"847105d\" data-element_type=\"section\" data-e-type=\"section\">\n\t\t\t\t\t\t<div class=\"elementor-container elementor-column-gap-default\">\n\t\t\t\t\t<div class=\"elementor-column elementor-col-100 elementor-top-column elementor-element elementor-element-fdb67d4\" data-id=\"fdb67d4\" data-element_type=\"column\" data-e-type=\"column\">\n\t\t\t<div class=\"elementor-widget-wrap elementor-element-populated\">\n\t\t\t\t\t\t<div class=\"elementor-element elementor-element-855815f elementor-widget elementor-widget-video\" data-id=\"855815f\" data-element_type=\"widget\" data-e-type=\"widget\" data-settings=\"{&quot;youtube_url&quot;:&quot;https:\\\/\\\/youtu.be\\\/K7aXf0SAIFk&quot;,&quot;show_image_overlay&quot;:&quot;yes&quot;,&quot;image_overlay&quot;:{&quot;url&quot;:&quot;https:\\\/\\\/allenorthodontist.com\\\/wp-content\\\/uploads\\\/2022\\\/06\\\/Invisalign-First-Video-Cover-Image.jpg&quot;,&quot;id&quot;:3387,&quot;size&quot;:&quot;&quot;,&quot;alt&quot;:&quot;&quot;,&quot;source&quot;:&quot;library&quot;},&quot;video_type&quot;:&quot;youtube&quot;,&quot;controls&quot;:&quot;yes&quot;}\" data-widget_type=\"video.default\">\n\t\t\t\t<div class=\"elementor-widget-container\">\n\t\t\t\t\t\t\t<div class=\"elementor-wrapper elementor-open-inline\">\n\t\t\t<div class=\"elementor-video\"><\/div>\t\t\t\t<div class=\"elementor-custom-embed-image-overlay\" style=\"background-image: url();\">\n\t\t\t\t\t\t\t\t\t\t\t\t\t\t<\/div>\n\t\t\t\t\t<\/div>\n\t\t\t\t\t\t<\/div>\n\t\t\t\t<\/div>\n\t\t\t\t\t<\/div>\n\t\t<\/div>\n\t\t\t\t\t<\/div>\n\t\t<\/section>\n\t\t\t\t<section data-particle_enable=\"false\" data-particle-mobile-disabled=\"false\" class=\"elementor-section elementor-top-section elementor-element elementor-element-e3b544e elementor-section-boxed elementor-section-height-default elementor-section-height-default\" data-id=\"e3b544e\" data-element_type=\"section\" data-e-type=\"section\">\n\t\t\t\t\t\t<div class=\"elementor-container elementor-column-gap-default\">\n\t\t\t\t\t<div class=\"elementor-column elementor-col-100 elementor-top-column elementor-element elementor-element-c05f386\" data-id=\"c05f386\" data-element_type=\"column\" data-e-type=\"column\">\n\t\t\t<div class=\"elementor-widget-wrap elementor-element-populated\">\n\t\t\t\t\t\t<div class=\"elementor-element elementor-element-8b4e475 elementor-widget elementor-widget-text-editor\" data-id=\"8b4e475\" data-element_type=\"widget\" data-e-type=\"widget\" data-widget_type=\"text-editor.default\">\n\t\t\t\t<div class=\"elementor-widget-container\">\n\t\t\t\t\t\t\t\t\t<h3>Un comienzo sencillo<\/h3><p>Invisalign First comienza con un simple escaneado digital. A partir de ah\u00ed, cada paso del plan de tu hijo se traza digitalmente, para que sepas exactamente qu\u00e9 esperar. Adem\u00e1s, tu seguro de ortodoncia puede cubrir hasta el 50% del coste del tratamiento.  <\/p><h3>Una experiencia m\u00e1s feliz<\/h3><p>Los alineadores removibles suponen una interrupci\u00f3n m\u00ednima de la vida de tu hijo y de los alimentos que le gustan. Adem\u00e1s, los alineadores est\u00e1n dise\u00f1ados espec\u00edficamente para adaptarse a los dientes m\u00e1s peque\u00f1os y con espacio para acomodar los dientes que est\u00e1n creciendo.   <span style=\"font-family: -apple-system, BlinkMacSystemFont, 'Segoe UI', Roboto, 'Helvetica Neue', Arial, 'Noto Sans', sans-serif, 'Apple Color Emoji', 'Segoe UI Emoji', 'Segoe UI Symbol', 'Noto Color Emoji'; font-size: 1rem; color: inherit;\">A medida que avancen en el tratamiento, ver\u00e1s c\u00f3mo se transforma su sonrisa mediante una serie de peque\u00f1os desplazamientos, dise\u00f1ados por expertos y calculados para lo poco que deben moverse los dientes.<\/span><\/p><h3>Hecho para todo tipo de sonrisas<\/h3><p>Los primeros alineadores Invisalign pueden solucionar una amplia gama de problemas de enderezamiento dental, como el api\u00f1amiento, el espaciado y las arcadas estrechas. Est\u00e1 demostrado que Invisalign y la ortodoncia con alineadores tienen el mismo \u00e9xito en el tratamiento de muchos tipos de maloclusi\u00f3n, siempre que un ortodoncista experto te gu\u00ede durante el tratamiento.   <\/p><h3>Sin restricciones alimentarias<\/h3><p>Con los alineadores transparentes Invisalign First, no hay que perderse las palomitas en el cine. Los ni\u00f1os pueden seguir comiendo lo que quieran. No hay cambios ni restricciones diet\u00e9ticas asociadas al uso de alineadores removibles.  <\/p><h3>No cambiar la rutina de higiene<\/h3><p>Los ni\u00f1os en edad de crecimiento pueden seguir cepill\u00e1ndose los dientes y utilizando el hilo dental sin problemas, manteniendo sus buenos h\u00e1bitos de higiene.<\/p><h3>Sonrisa probada - Poder de cambio<\/h3><p>Cuando tu hijo se somete al tratamiento Invisalign, est\u00e1 en buena compa\u00f1\u00eda. La tecnolog\u00eda Invisalign ha transformado m\u00e1s de 5 millones de sonrisas en todo el mundo. Ponte en contacto con    <strong>[Practice Name]<\/strong>  para una consulta gratuita para tu hijo. Nuestro equipo los evaluar\u00e1 personalmente para determinar si son candidatos a Invisalign First. <\/p>\t\t\t\t\t\t\t\t<\/div>\n\t\t\t\t<\/div>\n\t\t\t\t\t<\/div>\n\t\t<\/div>\n\t\t\t\t\t<\/div>\n\t\t<\/section>\n\t\t\t\t<\/div>\n\t\t","protected":false},"excerpt":{"rendered":"<p>\u00a1En [Practice Location] [Practice Name] convertimos sonrisas peque\u00f1as en sonrisas grandes y bonitas con Invisalign First! Invisalign First es un programa de alineadores dise\u00f1ado para ofrecer una experiencia de tratamiento positiva a los ni\u00f1os m\u00e1s peque\u00f1os que cumplen los requisitos para someterse a un tratamiento de ortodoncia. Est\u00e1 formulado para responder a las necesidades espec\u00edficas de los ni\u00f1os [&hellip;]<\/p>\n","protected":false},"author":2,"featured_media":0,"parent":0,"menu_order":86,"comment_status":"closed","ping_status":"closed","template":"","meta":{"_seopress_robots_primary_cat":"","_seopress_titles_title":"","_seopress_titles_desc":"","_seopress_robots_index":"","footnotes":""},"class_list":["post-7762","page","type-page","status-publish"],"_links":{"self":[{"href":"https:\/\/allenorthodontist.com\/es\/wp-json\/wp\/v2\/pages\/7762","targetHints":{"allow":["GET"]}}],"collection":[{"href":"https:\/\/allenorthodontist.com\/es\/wp-json\/wp\/v2\/pages"}],"about":[{"href":"https:\/\/allenorthodontist.com\/es\/wp-json\/wp\/v2\/types\/page"}],"author":[{"embeddable":true,"href":"https:\/\/allenorthodontist.com\/es\/wp-json\/wp\/v2\/users\/2"}],"replies":[{"embeddable":true,"href":"https:\/\/allenorthodontist.com\/es\/wp-json\/wp\/v2\/comments?post=7762"}],"version-history":[{"count":1,"href":"https:\/\/allenorthodontist.com\/es\/wp-json\/wp\/v2\/pages\/7762\/revisions"}],"predecessor-version":[{"id":7764,"href":"https:\/\/allenorthodontist.com\/es\/wp-json\/wp\/v2\/pages\/7762\/revisions\/7764"}],"wp:attachment":[{"href":"https:\/\/allenorthodontist.com\/es\/wp-json\/wp\/v2\/media?parent=7762"}],"curies":[{"name":"wp","href":"https:\/\/api.w.org\/{rel}","templated":true}]}}