{"id":7767,"date":"2017-02-06T10:10:37","date_gmt":"2017-02-06T10:10:37","guid":{"rendered":"https:\/\/allenorthodontist.com\/apnea-del-sueno\/"},"modified":"2025-03-28T01:29:34","modified_gmt":"2025-03-28T01:29:34","slug":"apnea-del-sueno","status":"publish","type":"page","link":"https:\/\/allenorthodontist.com\/es\/apnea-del-sueno\/","title":{"rendered":"Apnea del sue\u00f1o"},"content":{"rendered":"\t\t<div data-elementor-type=\"wp-page\" data-elementor-id=\"7767\" class=\"elementor elementor-7767\" data-elementor-post-type=\"page\">\n\t\t\t\t<div data-particle_enable=\"false\" data-particle-mobile-disabled=\"false\" class=\"elementor-element elementor-element-7b12195e e-flex e-con-boxed e-con e-parent\" data-id=\"7b12195e\" data-element_type=\"container\" data-e-type=\"container\">\n\t\t\t\t\t<div class=\"e-con-inner\">\n\t\t\t\t<div class=\"elementor-element elementor-element-37f6e929 elementor-widget elementor-widget-text-editor\" data-id=\"37f6e929\" data-element_type=\"widget\" data-e-type=\"widget\" data-widget_type=\"text-editor.default\">\n\t\t\t\t<div class=\"elementor-widget-container\">\n\t\t\t\t\t\t\t\t\t<header class=\"entry-header\"><p>La apnea del sue\u00f1o es una afecci\u00f3n en la que la respiraci\u00f3n se interrumpe repetidamente durante el sue\u00f1o, a menudo debido a obstrucciones de las v\u00edas respiratorias. Puede provocar graves problemas de salud, como fatiga, problemas cardiacos y dificultad para concentrarse. Los tratamientos de ortodoncia pueden ayudar abordando los problemas estructurales de la mand\u00edbula y las v\u00edas respiratorias, mejorando el flujo de aire y reduciendo los s\u00edntomas de la apnea del sue\u00f1o. Nuestras soluciones ortod\u00f3ncicas especializadas, como los aparatos bucales, trabajan para realinear la mand\u00edbula y abrir las v\u00edas respiratorias, proporcionando una forma no invasiva y eficaz de mejorar la respiraci\u00f3n y la calidad general del sue\u00f1o.   <\/p><h2 class=\"entry-title\">Apnea del sue\u00f1o, significa literalmente \u00absin respiraci\u00f3n\u00bb en griego. Es cuando la respiraci\u00f3n se detiene durante 10 segundos o m\u00e1s mientras duermes. <\/h2><\/header><div class=\"entry-content\"><div class=\"entry_content entry-content\"><div class=\"pad\"><h3>Signos de apnea del sue\u00f1o:  <\/h3><\/div><\/div><\/div>\t\t\t\t\t\t\t\t<\/div>\n\t\t\t\t<\/div>\n\t\t\t\t\t<\/div>\n\t\t\t\t<\/div>\n\t\t<div data-particle_enable=\"false\" data-particle-mobile-disabled=\"false\" class=\"elementor-element elementor-element-970cf27 e-grid e-con-boxed e-con e-parent\" data-id=\"970cf27\" data-element_type=\"container\" data-e-type=\"container\">\n\t\t\t\t\t<div class=\"e-con-inner\">\n\t\t\t\t<div class=\"elementor-element elementor-element-b83f6df elementor-widget elementor-widget-text-editor\" data-id=\"b83f6df\" data-element_type=\"widget\" data-e-type=\"widget\" data-widget_type=\"text-editor.default\">\n\t\t\t\t<div class=\"elementor-widget-container\">\n\t\t\t\t\t\t\t\t\t<ul><li>Ronquidos que pueden perturbar el sue\u00f1o de los dem\u00e1s.<\/li><li>Jadeo, tos o ahogo al despertar<\/li><li>Despertar con el coraz\u00f3n acelerado<\/li><li>Despertarse cansado despu\u00e9s de una noche completa de sue\u00f1o<\/li><li>Despertar con dolor de cabeza<\/li><li>Problemas de memoria o concentraci\u00f3n<\/li><\/ul>\t\t\t\t\t\t\t\t<\/div>\n\t\t\t\t<\/div>\n\t\t\t\t<div class=\"elementor-element elementor-element-fce922b elementor-widget elementor-widget-text-editor\" data-id=\"fce922b\" data-element_type=\"widget\" data-e-type=\"widget\" data-widget_type=\"text-editor.default\">\n\t\t\t\t<div class=\"elementor-widget-container\">\n\t\t\t\t\t\t\t\t\t<ul><li>Sensaci\u00f3n de mucho sue\u00f1o durante el d\u00eda<\/li><li>Dormirse sin querer<\/li><li>Sentirse irritable, malhumorado<\/li><li>Aumento de peso, incapacidad para adelgazar<\/li><li>Reflujo \u00e1cido en adultos<\/li><li>TDA\/H y\/o enuresis en ni\u00f1os<\/li><\/ul>\t\t\t\t\t\t\t\t<\/div>\n\t\t\t\t<\/div>\n\t\t\t\t\t<\/div>\n\t\t\t\t<\/div>\n\t\t<div data-particle_enable=\"false\" data-particle-mobile-disabled=\"false\" class=\"elementor-element elementor-element-16ee862 e-flex e-con-boxed e-con e-parent\" data-id=\"16ee862\" data-element_type=\"container\" data-e-type=\"container\">\n\t\t\t\t\t<div class=\"e-con-inner\">\n\t\t\t\t<div class=\"elementor-element elementor-element-1367232 elementor-widget elementor-widget-text-editor\" data-id=\"1367232\" data-element_type=\"widget\" data-e-type=\"widget\" data-widget_type=\"text-editor.default\">\n\t\t\t\t<div class=\"elementor-widget-container\">\n\t\t\t\t\t\t\t\t\t<p>Si no se trata, la apnea del sue\u00f1o aumenta la probabilidad de enfermedad o lesi\u00f3n. Se ha relacionado con la obesidad, la hipertensi\u00f3n, las enfermedades cardiovasculares, la diabetes e incluso la muerte. <\/p><p>Los problemas graves y potencialmente mortales empiezan cuando los durmientes empiezan a experimentar apneas (cuando la respiraci\u00f3n se detiene) e hipopneas (cuando la respiraci\u00f3n es superficial debido a una obstrucci\u00f3n). La respiraci\u00f3n suele bloquearse en la parte posterior de la garganta cuando la lengua y los m\u00fasculos se relajan durante el sue\u00f1o, la mand\u00edbula inferior retrocede hacia la garganta y las v\u00edas respiratorias se obstruyen. <\/p><p><img fetchpriority=\"high\" decoding=\"async\" class=\"aligncenter size-full wp-image-2714\" src=\"\/wp-content\/uploads\/2016\/06\/Sleep-Apnea.png\" alt=\"Apnea del sue\u00f1o\" width=\"600\" height=\"191\">Las apneas pueden durar de 10 segundos a un minuto o m\u00e1s y pueden producirse<strong> cientos de veces por noche<\/strong>.<\/p><p>El <strong>nivel de ox\u00edgeno del cuerpo desciende<\/strong>, lo que a su vez provoca <strong> un aumento de la tensi\u00f3n arterial<\/strong>. El coraz\u00f3n se ve obligado a<strong> latir m\u00e1s deprisa<\/strong>, lo que <strong>aumenta la frecuencia del pulso<\/strong>. El cerebro puede hacer<strong> que los brazos, las piernas o todo el cuerpo se sacudan<\/strong> en un intento de despertar al durmiente para que reanude la respiraci\u00f3n. El silencio puede terminar con un<strong> fuerte resoplido, tos o jadeo<\/strong>. Esto hace que el durmiente se despierte brevemente y empiece a respirar. Una vez dormido de nuevo, los m\u00fasculos se relajan, etc. y el proceso se repite.     <\/p>\t\t\t\t\t\t\t\t<\/div>\n\t\t\t\t<\/div>\n\t\t\t\t\t<\/div>\n\t\t\t\t<\/div>\n\t\t\t\t<\/div>\n\t\t","protected":false},"excerpt":{"rendered":"<p>La apnea del sue\u00f1o es una afecci\u00f3n en la que la respiraci\u00f3n se interrumpe repetidamente durante el sue\u00f1o, a menudo debido a obstrucciones de las v\u00edas respiratorias. Puede provocar graves problemas de salud, como fatiga, problemas cardiacos y dificultad para concentrarse. Los tratamientos de ortodoncia pueden ayudar abordando los problemas estructurales de la mand\u00edbula y las v\u00edas respiratorias, [&hellip;]<\/p>\n","protected":false},"author":2,"featured_media":0,"parent":0,"menu_order":83,"comment_status":"closed","ping_status":"closed","template":"","meta":{"_seopress_robots_primary_cat":"","_seopress_titles_title":"","_seopress_titles_desc":"","_seopress_robots_index":"","footnotes":""},"class_list":["post-7767","page","type-page","status-publish"],"_links":{"self":[{"href":"https:\/\/allenorthodontist.com\/es\/wp-json\/wp\/v2\/pages\/7767","targetHints":{"allow":["GET"]}}],"collection":[{"href":"https:\/\/allenorthodontist.com\/es\/wp-json\/wp\/v2\/pages"}],"about":[{"href":"https:\/\/allenorthodontist.com\/es\/wp-json\/wp\/v2\/types\/page"}],"author":[{"embeddable":true,"href":"https:\/\/allenorthodontist.com\/es\/wp-json\/wp\/v2\/users\/2"}],"replies":[{"embeddable":true,"href":"https:\/\/allenorthodontist.com\/es\/wp-json\/wp\/v2\/comments?post=7767"}],"version-history":[{"count":1,"href":"https:\/\/allenorthodontist.com\/es\/wp-json\/wp\/v2\/pages\/7767\/revisions"}],"predecessor-version":[{"id":7769,"href":"https:\/\/allenorthodontist.com\/es\/wp-json\/wp\/v2\/pages\/7767\/revisions\/7769"}],"wp:attachment":[{"href":"https:\/\/allenorthodontist.com\/es\/wp-json\/wp\/v2\/media?parent=7767"}],"curies":[{"name":"wp","href":"https:\/\/api.w.org\/{rel}","templated":true}]}}