{"id":7770,"date":"2017-04-28T01:33:48","date_gmt":"2017-04-28T01:33:48","guid":{"rendered":"https:\/\/allenorthodontist.com\/ortodoncia-para-adultos\/"},"modified":"2025-03-24T21:22:57","modified_gmt":"2025-03-24T21:22:57","slug":"ortodoncia-para-adultos","status":"publish","type":"page","link":"https:\/\/allenorthodontist.com\/es\/ortodoncia-para-adultos\/","title":{"rendered":"Ortodoncia para adultos"},"content":{"rendered":"\t\t<div data-elementor-type=\"wp-page\" data-elementor-id=\"7770\" class=\"elementor elementor-7770 elementor-3078\" data-elementor-post-type=\"page\">\n\t\t\t\t<div data-particle_enable=\"false\" data-particle-mobile-disabled=\"false\" class=\"elementor-element elementor-element-00a357a e-flex e-con-boxed e-con e-parent\" data-id=\"00a357a\" data-element_type=\"container\" data-e-type=\"container\">\n\t\t\t\t\t<div class=\"e-con-inner\">\n\t\t\t\t<div class=\"elementor-element elementor-element-f4fbbc3 elementor-widget elementor-widget-heading\" data-id=\"f4fbbc3\" data-element_type=\"widget\" data-e-type=\"widget\" data-widget_type=\"heading.default\">\n\t\t\t\t<div class=\"elementor-widget-container\">\n\t\t\t\t\t<h1 class=\"elementor-heading-title elementor-size-default\">Ortodoncia para adultos en Allen, TX<\/h1>\t\t\t\t<\/div>\n\t\t\t\t<\/div>\n\t\t<div data-particle_enable=\"false\" data-particle-mobile-disabled=\"false\" class=\"elementor-element elementor-element-3741185 e-grid e-con-full e-con e-child\" data-id=\"3741185\" data-element_type=\"container\" data-e-type=\"container\">\n\t\t\t\t<div class=\"elementor-element elementor-element-758e0fb elementor-widget elementor-widget-text-editor\" data-id=\"758e0fb\" data-element_type=\"widget\" data-e-type=\"widget\" data-widget_type=\"text-editor.default\">\n\t\t\t\t<div class=\"elementor-widget-container\">\n\t\t\t\t\t\t\t\t\t<p>El tratamiento de ortodoncia no es s\u00f3lo para <a href=\"https:\/\/allenorthodontist.com\/es\/ortodoncia-en-adolescentes\/\">adolescentes<\/a>. Seg\u00fan la Asociaci\u00f3n Americana de Ortodoncistas, uno de cada cinco pacientes de ortodoncia tiene m\u00e1s de 21 a\u00f1os. Muchos adultos eligen el tratamiento de ortodoncia para mejorar su salud y ganar confianza en su aspecto. En Allen Orthodontist, <a href=\"https:\/\/allenorthodontist.com\/orthodontist-mojdehi-barnes\/\">la Dra. Maryam Mojdehi-Barnes<\/a> puede ayudarte a conseguir la sonrisa que te ayude a sentirte lo mejor de ti mismo.   <\/p><h2 data-start=\"612\" data-end=\"654\">Por qu\u00e9 los adultos buscan un tratamiento de ortodoncia<\/h2><p data-start=\"655\" data-end=\"731\">Los adultos se plantean un tratamiento de ortodoncia por diversas razones, entre ellas:<\/p><ul data-start=\"733\" data-end=\"1331\"><li data-start=\"733\" data-end=\"853\"><strong data-start=\"735\" data-end=\"766\">Problemas de mordida (maloclusi\u00f3n):<\/strong> Los dientes que no encajan correctamente pueden causar molestias y provocar un desgaste desigual.<\/li><li data-start=\"854\" data-end=\"949\"><strong data-start=\"856\" data-end=\"884\">Dientes api\u00f1ados o separados:<\/strong> El api\u00f1amiento o los espacios entre los dientes pueden contribuir a la aparici\u00f3n de caries o enfermedades de las enc\u00edas.<\/li><li data-start=\"950\" data-end=\"1036\"><strong data-start=\"952\" data-end=\"977\">Dolor o presi\u00f3n<\/strong> en la mand\u00edbula: Los dientes mal alineados pueden causar dolor y presi\u00f3n en la mand\u00edbula.<\/li><li data-start=\"1037\" data-end=\"1202\"><strong data-start=\"1039\" data-end=\"1062\">Salud periodontal:<\/strong> Unas enc\u00edas sanas son esenciales para el \u00e9xito del tratamiento de ortodoncia. Cualquier signo de enfermedad de las enc\u00edas debe tratarse antes de iniciar el tratamiento. <\/li><li data-start=\"1203\" data-end=\"1331\"><strong data-start=\"1205\" data-end=\"1245\">Mejora de la salud bucodental y la confianza:<\/strong> Los dientes rectos son m\u00e1s f\u00e1ciles de limpiar y pueden mejorar tanto el aspecto como la autoestima.<\/li><\/ul>\t\t\t\t\t\t\t\t<\/div>\n\t\t\t\t<\/div>\n\t\t\t\t<div class=\"elementor-element elementor-element-d2d67bc elementor-widget elementor-widget-image\" data-id=\"d2d67bc\" data-element_type=\"widget\" data-e-type=\"widget\" data-widget_type=\"image.default\">\n\t\t\t\t<div class=\"elementor-widget-container\">\n\t\t\t\t\t\t\t\t\t\t\t\t\t\t\t<img fetchpriority=\"high\" decoding=\"async\" width=\"2560\" height=\"1706\" src=\"https:\/\/allenorthodontist.com\/wp-content\/uploads\/2025\/03\/3m-clarity-advanced-db-toolkit-4.png\" class=\"attachment-full size-full wp-image-7530\" alt=\"3M Clarity Toolkit Allen Orthodontist in Allen, TX\" srcset=\"https:\/\/allenorthodontist.com\/wp-content\/uploads\/2025\/03\/3m-clarity-advanced-db-toolkit-4.png 2560w, https:\/\/allenorthodontist.com\/wp-content\/uploads\/2025\/03\/3m-clarity-advanced-db-toolkit-4-300x200.png 300w, https:\/\/allenorthodontist.com\/wp-content\/uploads\/2025\/03\/3m-clarity-advanced-db-toolkit-4-1024x682.png 1024w, https:\/\/allenorthodontist.com\/wp-content\/uploads\/2025\/03\/3m-clarity-advanced-db-toolkit-4-768x512.png 768w, https:\/\/allenorthodontist.com\/wp-content\/uploads\/2025\/03\/3m-clarity-advanced-db-toolkit-4-1536x1024.png 1536w, https:\/\/allenorthodontist.com\/wp-content\/uploads\/2025\/03\/3m-clarity-advanced-db-toolkit-4-2048x1365.png 2048w\" sizes=\"(max-width: 2560px) 100vw, 2560px\" \/>\t\t\t\t\t\t\t\t\t\t\t\t\t\t\t<\/div>\n\t\t\t\t<\/div>\n\t\t\t\t<\/div>\n\t\t\t\t\t<\/div>\n\t\t\t\t<\/div>\n\t\t<div data-particle_enable=\"false\" data-particle-mobile-disabled=\"false\" class=\"elementor-element elementor-element-912c9d5 e-flex e-con-boxed e-con e-parent\" data-id=\"912c9d5\" data-element_type=\"container\" data-e-type=\"container\">\n\t\t\t\t\t<div class=\"e-con-inner\">\n\t\t\t\t<div class=\"elementor-element elementor-element-7110c54 elementor-widget elementor-widget-text-editor\" data-id=\"7110c54\" data-element_type=\"widget\" data-e-type=\"widget\" data-widget_type=\"text-editor.default\">\n\t\t\t\t<div class=\"elementor-widget-container\">\n\t\t\t\t\t\t\t\t\t<h2 data-start=\"1333\" data-end=\"1383\">Tipos de tratamiento de ortodoncia<\/h2><p data-start=\"1384\" data-end=\"1582\">Entendemos que los aparatos met\u00e1licos tradicionales pueden no resultar atractivos para muchos adultos. Por eso ofrecemos una serie de opciones de tratamiento modernas, discretas, c\u00f3modas y adaptadas a tus necesidades: <\/p><ul data-start=\"1584\" data-end=\"1808\"><li data-start=\"1584\" data-end=\"1662\"><strong data-start=\"1586\" data-end=\"1601\"><a href=\"https:\/\/allenorthodontist.com\/es\/invisalign\/\">Invisalign<\/a>:<\/strong> Alineadores transparentes pr\u00e1cticamente invisibles y extra\u00edbles.<\/li><li data-start=\"1663\" data-end=\"1734\"><strong data-start=\"1665\" data-end=\"1682\"><a href=\"https:\/\/allenorthodontist.com\/es\/tipos-de-ortodoncia\/\">Brackets transparentes<\/a>:<\/strong> Brackets est\u00e9ticos fabricados con materiales transl\u00facidos.<\/li><li data-start=\"1735\" data-end=\"1808\"><strong data-start=\"1737\" data-end=\"1766\"><a href=\"https:\/\/allenorthodontist.com\/es\/tipos-de-ortodoncia\/\">Brackets met\u00e1licos tradicionales<\/a>:<\/strong> Una opci\u00f3n m\u00e1s asequible y eficaz.<\/li><\/ul><p data-start=\"1810\" data-end=\"2146\">Independientemente del aparato, todos los tratamientos ortod\u00f3ncicos funcionan aplicando una fuerza suave y constante para mover los dientes y alinearlos correctamente. Como los maxilares adultos est\u00e1n completamente desarrollados, no pueden hacerse cambios estructurales como en los ni\u00f1os en crecimiento. Sin embargo, la ortodoncia puede mejorar significativamente la alineaci\u00f3n, la funci\u00f3n y la est\u00e9tica.  <\/p><h2 data-start=\"2148\" data-end=\"2203\">\u00bfPor qu\u00e9 elegir el tratamiento en la edad adulta?<\/h2><p data-start=\"169\" data-end=\"533\">La ortodoncia no es s\u00f3lo est\u00e9tica: desempe\u00f1a un papel crucial en tu salud dental general. Los dientes desalineados pueden contribuir a <a href=\"https:\/\/allenorthodontist.com\/es\/problemas-comunes-de-mordida\/\">problemas comunes de mordida<\/a>, que pueden provocar un desgaste desigual, molestias en la mand\u00edbula y dificultad para masticar. Al abordar estos problemas, el tratamiento de ortodoncia puede mejorar tanto la funci\u00f3n como el aspecto.  <\/p><ul data-start=\"2204\" data-end=\"2566\"><li data-start=\"2204\" data-end=\"2308\"><strong data-start=\"2206\" data-end=\"2226\">Dientes m\u00e1s sanos:<\/strong> Los dientes rectos son m\u00e1s f\u00e1ciles de limpiar, lo que reduce el riesgo de caries y enfermedades de las enc\u00edas.<\/li><li data-start=\"2309\" data-end=\"2446\"><strong data-start=\"2311\" data-end=\"2336\">Mayor confianza:<\/strong> Una sonrisa recta y bonita puede ayudarte a sentirte m\u00e1s seguro de ti mismo tanto en el \u00e1mbito personal como en el profesional.<\/li><li data-start=\"2447\" data-end=\"2566\"><strong data-start=\"2449\" data-end=\"2481\">Prevenci\u00f3n de problemas futuros:<\/strong> Tratar los problemas de ortodoncia ahora puede evitar problemas dentales m\u00e1s costosos en el futuro.<\/li><\/ul><h3 data-start=\"2568\" data-end=\"2602\">Mantener tus resultados<\/h3><p data-start=\"2603\" data-end=\"2882\">Una vez finalizado el tratamiento, es esencial llevar un <a href=\"https:\/\/allenorthodontist.com\/es\/retenedores-de-ortodoncia\/\">retenedor<\/a> para garantizar que tus dientes permanezcan en su nueva posici\u00f3n. Sin un retenedor, los dientes pueden desplazarse hacia atr\u00e1s con el tiempo. Te orientaremos sobre c\u00f3mo mantener los resultados para que puedas disfrutar de tu sonrisa recta durante a\u00f1os.  <\/p><h2 data-start=\"2884\" data-end=\"2952\">Programa tu consulta gratuita sobre ortodoncia para adultos<\/h2><p data-start=\"2953\" data-end=\"3192\">\u00bfListo para transformar tu sonrisa? <a href=\"https:\/\/allenorthodontist.com\/es\/oficina-de-allen\/\">Ponte en contacto con nuestra consulta<\/a> si tienes alguna duda y <a href=\"https:\/\/allenorthodontist.com\/es\/solicitud-de-cita\/\">programa una consulta gratuita<\/a>. Nos adaptaremos a tu agenda para que cada visita sea c\u00f3moda y sin estr\u00e9s. Deja que te ayudemos a conseguir la sonrisa que te mereces.  <\/p>\t\t\t\t\t\t\t\t<\/div>\n\t\t\t\t<\/div>\n\t\t\t\t\t<\/div>\n\t\t\t\t<\/div>\n\t\t\t\t<\/div>\n\t\t","protected":false},"excerpt":{"rendered":"<p>Ortodoncia para adultos en Allen, TX El tratamiento de ortodoncia no es s\u00f3lo para adolescentes. Seg\u00fan la Asociaci\u00f3n Americana de Ortodoncistas, uno de cada cinco pacientes de ortodoncia tiene m\u00e1s de 21 a\u00f1os. Muchos adultos eligen el tratamiento de ortodoncia para mejorar su salud y ganar confianza en su aspecto. En Allen Orthodontist, la Dra. Maryam Mojdehi-Barnes puede [&hellip;]<\/p>\n","protected":false},"author":2,"featured_media":0,"parent":0,"menu_order":48,"comment_status":"closed","ping_status":"closed","template":"","meta":{"_seopress_robots_primary_cat":"","_seopress_titles_title":"Ortodoncia para adultos en Allen TX | Ortodoncista en Allen","_seopress_titles_desc":"La ortodoncia para adultos ofrece tratamiento personalizado para solucionar problemas de mordida, dientes api\u00f1ados o espaciados y mejorar la salud bucal, la confianza y la est\u00e9tica a cualquier edad.","_seopress_robots_index":"","footnotes":""},"class_list":["post-7770","page","type-page","status-publish"],"_links":{"self":[{"href":"https:\/\/allenorthodontist.com\/es\/wp-json\/wp\/v2\/pages\/7770","targetHints":{"allow":["GET"]}}],"collection":[{"href":"https:\/\/allenorthodontist.com\/es\/wp-json\/wp\/v2\/pages"}],"about":[{"href":"https:\/\/allenorthodontist.com\/es\/wp-json\/wp\/v2\/types\/page"}],"author":[{"embeddable":true,"href":"https:\/\/allenorthodontist.com\/es\/wp-json\/wp\/v2\/users\/2"}],"replies":[{"embeddable":true,"href":"https:\/\/allenorthodontist.com\/es\/wp-json\/wp\/v2\/comments?post=7770"}],"version-history":[{"count":2,"href":"https:\/\/allenorthodontist.com\/es\/wp-json\/wp\/v2\/pages\/7770\/revisions"}],"predecessor-version":[{"id":8017,"href":"https:\/\/allenorthodontist.com\/es\/wp-json\/wp\/v2\/pages\/7770\/revisions\/8017"}],"wp:attachment":[{"href":"https:\/\/allenorthodontist.com\/es\/wp-json\/wp\/v2\/media?parent=7770"}],"curies":[{"name":"wp","href":"https:\/\/api.w.org\/{rel}","templated":true}]}}