{"id":7773,"date":"2025-02-23T20:49:19","date_gmt":"2025-02-23T20:49:19","guid":{"rendered":"https:\/\/allenorthodontist.com\/impresiones-dentales-digitales\/"},"modified":"2025-03-26T19:52:37","modified_gmt":"2025-03-26T19:52:37","slug":"impresiones-dentales-digitales","status":"publish","type":"page","link":"https:\/\/allenorthodontist.com\/es\/impresiones-dentales-digitales\/","title":{"rendered":"Impresiones dentales digitales"},"content":{"rendered":"\t\t<div data-elementor-type=\"wp-page\" data-elementor-id=\"7773\" class=\"elementor elementor-7773 elementor-6667\" data-elementor-post-type=\"page\">\n\t\t\t\t<div data-particle_enable=\"false\" data-particle-mobile-disabled=\"false\" class=\"elementor-element elementor-element-35fc02e e-flex e-con-boxed e-con e-parent\" data-id=\"35fc02e\" data-element_type=\"container\" data-e-type=\"container\">\n\t\t\t\t\t<div class=\"e-con-inner\">\n\t\t\t\t<div class=\"elementor-element elementor-element-9fd0f51 elementor-widget elementor-widget-heading\" data-id=\"9fd0f51\" data-element_type=\"widget\" data-e-type=\"widget\" data-widget_type=\"heading.default\">\n\t\t\t\t<div class=\"elementor-widget-container\">\n\t\t\t\t\t<h1 class=\"elementor-heading-title elementor-size-default\">Impresiones dentales digitales avanzadas<\/h1>\t\t\t\t<\/div>\n\t\t\t\t<\/div>\n\t\t\t\t<div class=\"elementor-element elementor-element-db07d0e elementor-widget elementor-widget-text-editor\" data-id=\"db07d0e\" data-element_type=\"widget\" data-e-type=\"widget\" data-widget_type=\"text-editor.default\">\n\t\t\t\t<div class=\"elementor-widget-container\">\n\t\t\t\t\t\t\t\t\t<p>Captar un modelo preciso de tus dientes es esencial en ortodoncia. Una impresi\u00f3n detallada de tu estructura dental y mordida (oclusi\u00f3n) permite un plan de tratamiento m\u00e1s eficaz. Tradicionalmente, los ortodoncistas utilizaban material de masilla para hacer estas impresiones. Sin embargo, en nuestra consulta utilizamos tecnolog\u00eda punta para mejorar tu experiencia ortod\u00f3ncica, por lo que utilizamos impresiones digitales.   <\/p>\t\t\t\t\t\t\t\t<\/div>\n\t\t\t\t<\/div>\n\t\t<div data-particle_enable=\"false\" data-particle-mobile-disabled=\"false\" class=\"elementor-element elementor-element-b9b8c7d e-grid e-con-full e-con e-child\" data-id=\"b9b8c7d\" data-element_type=\"container\" data-e-type=\"container\">\n\t\t<div data-particle_enable=\"false\" data-particle-mobile-disabled=\"false\" class=\"elementor-element elementor-element-03fb3ce e-con-full e-flex e-con e-child\" data-id=\"03fb3ce\" data-element_type=\"container\" data-e-type=\"container\">\n\t\t\t\t<div class=\"elementor-element elementor-element-56eaed2 elementor-widget elementor-widget-text-editor\" data-id=\"56eaed2\" data-element_type=\"widget\" data-e-type=\"widget\" data-widget_type=\"text-editor.default\">\n\t\t\t\t<div class=\"elementor-widget-container\">\n\t\t\t\t\t\t\t\t\t<h2 data-start=\"476\" data-end=\"511\">C\u00f3mo funcionan las impresiones digitales<\/h2><p data-start=\"512\" data-end=\"791\">Mediante una varilla de escaneado digital, capturamos im\u00e1genes precisas, generadas por ordenador, de tus dientes y tu mordida. Estas im\u00e1genes de alta resoluci\u00f3n crean un modelo tridimensional detallado de tu boca, incluidas las estructuras dentales y periodontales. Este enfoque avanzado nos permite:  <\/p><ul data-start=\"793\" data-end=\"1017\"><li data-start=\"793\" data-end=\"880\">Desarrollar un plan de tratamiento personalizado adaptado a tus necesidades y objetivos ortod\u00f3ncicos.<\/li><li data-start=\"881\" data-end=\"944\">Mostrarte una representaci\u00f3n visual de tus opciones de tratamiento.<\/li><li data-start=\"945\" data-end=\"1017\">Sigue y controla tus progresos a lo largo de tu trayectoria ortod\u00f3ncica.<\/li><\/ul><p data-start=\"1019\" data-end=\"1269\">Una vez finalizado tu plan de tratamiento, las impresiones digitales nos permiten crear cubetas de brackets personalizadas, permitiendo la colocaci\u00f3n precisa y eficaz de los brackets de una sola vez. Esto aumenta tanto la precisi\u00f3n como la eficacia general del tratamiento. <\/p>\t\t\t\t\t\t\t\t<\/div>\n\t\t\t\t<\/div>\n\t\t\t\t<\/div>\n\t\t<div data-particle_enable=\"false\" data-particle-mobile-disabled=\"false\" class=\"elementor-element elementor-element-3ffa944 e-con-full e-flex e-con e-child\" data-id=\"3ffa944\" data-element_type=\"container\" data-e-type=\"container\">\n\t\t\t\t<div class=\"elementor-element elementor-element-3e81352 elementor-widget elementor-widget-image\" data-id=\"3e81352\" data-element_type=\"widget\" data-e-type=\"widget\" data-widget_type=\"image.default\">\n\t\t\t\t<div class=\"elementor-widget-container\">\n\t\t\t\t\t\t\t\t\t\t\t\t\t\t\t<img fetchpriority=\"high\" decoding=\"async\" width=\"1920\" height=\"1080\" src=\"https:\/\/allenorthodontist.com\/wp-content\/uploads\/2025\/03\/itero-goodbyetogoop.jpg\" class=\"attachment-full size-full wp-image-8009\" alt=\"Digital Dental Impressions Allen Orthodontist in Allen, TX\" srcset=\"https:\/\/allenorthodontist.com\/wp-content\/uploads\/2025\/03\/itero-goodbyetogoop.jpg 1920w, https:\/\/allenorthodontist.com\/wp-content\/uploads\/2025\/03\/itero-goodbyetogoop-300x169.jpg 300w, https:\/\/allenorthodontist.com\/wp-content\/uploads\/2025\/03\/itero-goodbyetogoop-1024x576.jpg 1024w, https:\/\/allenorthodontist.com\/wp-content\/uploads\/2025\/03\/itero-goodbyetogoop-768x432.jpg 768w, https:\/\/allenorthodontist.com\/wp-content\/uploads\/2025\/03\/itero-goodbyetogoop-1536x864.jpg 1536w\" sizes=\"(max-width: 1920px) 100vw, 1920px\" \/>\t\t\t\t\t\t\t\t\t\t\t\t\t\t\t<\/div>\n\t\t\t\t<\/div>\n\t\t\t\t<\/div>\n\t\t\t\t<\/div>\n\t\t\t\t\t<\/div>\n\t\t\t\t<\/div>\n\t\t<div data-particle_enable=\"false\" data-particle-mobile-disabled=\"false\" class=\"elementor-element elementor-element-aedb807 e-flex e-con-boxed e-con e-parent\" data-id=\"aedb807\" data-element_type=\"container\" data-e-type=\"container\">\n\t\t\t\t\t<div class=\"e-con-inner\">\n\t\t<div data-particle_enable=\"false\" data-particle-mobile-disabled=\"false\" class=\"elementor-element elementor-element-a45c9d0 e-con-full e-flex e-con e-child\" data-id=\"a45c9d0\" data-element_type=\"container\" data-e-type=\"container\">\n\t\t\t\t<div class=\"elementor-element elementor-element-60d1561 elementor-widget elementor-widget-text-editor\" data-id=\"60d1561\" data-element_type=\"widget\" data-e-type=\"widget\" data-widget_type=\"text-editor.default\">\n\t\t\t\t<div class=\"elementor-widget-container\">\n\t\t\t\t\t\t\t\t\t<h2 data-start=\"1271\" data-end=\"1310\">Ventajas de las impresiones digitales<\/h2><p data-start=\"1311\" data-end=\"1411\">En comparaci\u00f3n con las impresiones de masilla tradicionales, las impresiones digitales ofrecen numerosas ventajas, entre ellas:<\/p><ul data-start=\"1413\" data-end=\"2041\"><li data-start=\"1413\" data-end=\"1507\"><strong data-start=\"1415\" data-end=\"1438\">Precisi\u00f3n inigualable:<\/strong> Capta el contorno exacto de tus dientes con una precisi\u00f3n superior.<\/li><li data-start=\"1508\" data-end=\"1583\"><strong data-start=\"1510\" data-end=\"1534\">Mayor eficacia:<\/strong> Reduce el tiempo de permanencia en el sill\u00f3n de tratamiento.<\/li><li data-start=\"1584\" data-end=\"1673\"><strong data-start=\"1586\" data-end=\"1606\">Mayor comodidad:<\/strong> Elimina la necesidad de masilla, evitando molestias o arcadas.<\/li><li data-start=\"1674\" data-end=\"1826\"><strong data-start=\"1676\" data-end=\"1707\">Personalizaci\u00f3n a medida:<\/strong> Permite crear planes de tratamiento digitales y cubetas a medida para una experiencia ortod\u00f3ncica m\u00e1s individualizada.<\/li><li data-start=\"1827\" data-end=\"1936\"><strong data-start=\"1829\" data-end=\"1848\">Claridad visual:<\/strong> Proporciona una imagen clara y detallada de tus dientes antes, durante y despu\u00e9s del tratamiento.<\/li><li data-start=\"1937\" data-end=\"2041\"><strong data-start=\"1939\" data-end=\"1965\">Tecnolog\u00eda innovadora:<\/strong> Utiliza im\u00e1genes de v\u00eddeo 3D avanzadas para una experiencia digital perfecta.<\/li><\/ul>\t\t\t\t\t\t\t\t<\/div>\n\t\t\t\t<\/div>\n\t\t\t\t<\/div>\n\t\t<div data-particle_enable=\"false\" data-particle-mobile-disabled=\"false\" class=\"elementor-element elementor-element-c307df1 e-con-full e-flex e-con e-child\" data-id=\"c307df1\" data-element_type=\"container\" data-e-type=\"container\">\n\t\t\t\t<div class=\"elementor-element elementor-element-46c5aaa elementor-widget elementor-widget-image\" data-id=\"46c5aaa\" data-element_type=\"widget\" data-e-type=\"widget\" data-widget_type=\"image.default\">\n\t\t\t\t<div class=\"elementor-widget-container\">\n\t\t\t\t\t\t\t\t\t\t\t\t\t\t\t<img decoding=\"async\" width=\"660\" height=\"725\" src=\"https:\/\/allenorthodontist.com\/wp-content\/uploads\/2025\/03\/itero-element-2-product-1.png\" class=\"attachment-full size-full wp-image-8003\" alt=\"iTero Digital Dental Impressions Allen Orthodontist in Allen, TX\" srcset=\"https:\/\/allenorthodontist.com\/wp-content\/uploads\/2025\/03\/itero-element-2-product-1.png 660w, https:\/\/allenorthodontist.com\/wp-content\/uploads\/2025\/03\/itero-element-2-product-1-273x300.png 273w\" sizes=\"(max-width: 660px) 100vw, 660px\" \/>\t\t\t\t\t\t\t\t\t\t\t\t\t\t\t<\/div>\n\t\t\t\t<\/div>\n\t\t\t\t<\/div>\n\t\t\t\t\t<\/div>\n\t\t\t\t<\/div>\n\t\t<div data-particle_enable=\"false\" data-particle-mobile-disabled=\"false\" class=\"elementor-element elementor-element-6474f74 e-flex e-con-boxed e-con e-parent\" data-id=\"6474f74\" data-element_type=\"container\" data-e-type=\"container\">\n\t\t\t\t\t<div class=\"e-con-inner\">\n\t\t<div data-particle_enable=\"false\" data-particle-mobile-disabled=\"false\" class=\"elementor-element elementor-element-f88d96b e-con-full e-flex e-con e-child\" data-id=\"f88d96b\" data-element_type=\"container\" data-e-type=\"container\">\n\t\t\t\t<div class=\"elementor-element elementor-element-369f755 elementor-widget elementor-widget-text-editor\" data-id=\"369f755\" data-element_type=\"widget\" data-e-type=\"widget\" data-widget_type=\"text-editor.default\">\n\t\t\t\t<div class=\"elementor-widget-container\">\n\t\t\t\t\t\t\t\t\t<h2 data-start=\"2043\" data-end=\"2075\">Impresiones digitales iTero<\/h2><p data-start=\"2076\" data-end=\"2498\">Estamos orgullosos de ofrecer impresiones dentales digitales mediante el sistema iTero\u00ae, desarrollado por Align Technology, la misma empresa que est\u00e1 detr\u00e1s de los alineadores Invisalign\u00ae. iTero sustituye a las impresiones de masilla tradicionales, eliminando las cubetas engorrosas y voluminosas y garantizando una compatibilidad perfecta con el tratamiento Invisalign. Este sistema de \u00faltima generaci\u00f3n aumenta la comodidad, mejora la precisi\u00f3n y proporciona una experiencia ortod\u00f3ncica m\u00e1s \u00e1gil.  <\/p><p data-start=\"2500\" data-end=\"2641\" data-is-last-node=\"\" data-is-only-node=\"\">Experimenta el futuro de la ortodoncia con las impresiones digitales, que ofrecen precisi\u00f3n, comodidad y eficacia para obtener los mejores resultados posibles.<\/p>\t\t\t\t\t\t\t\t<\/div>\n\t\t\t\t<\/div>\n\t\t\t\t<\/div>\n\t\t<div data-particle_enable=\"false\" data-particle-mobile-disabled=\"false\" class=\"elementor-element elementor-element-cf8cf20 e-con-full e-flex e-con e-child\" data-id=\"cf8cf20\" data-element_type=\"container\" data-e-type=\"container\">\n\t\t\t\t<div class=\"elementor-element elementor-element-99d4a87 elementor-widget elementor-widget-image\" data-id=\"99d4a87\" data-element_type=\"widget\" data-e-type=\"widget\" data-widget_type=\"image.default\">\n\t\t\t\t<div class=\"elementor-widget-container\">\n\t\t\t\t\t\t\t\t\t\t\t\t\t\t\t<img decoding=\"async\" width=\"1920\" height=\"1080\" src=\"https:\/\/allenorthodontist.com\/wp-content\/uploads\/2025\/03\/itero_element_5d_screen_capture_9_23_2021_11_43_29_am.png\" class=\"attachment-full size-full wp-image-8005\" alt=\"iTero Digital Impressions Allen Orthodontist in Allen, TX\" srcset=\"https:\/\/allenorthodontist.com\/wp-content\/uploads\/2025\/03\/itero_element_5d_screen_capture_9_23_2021_11_43_29_am.png 1920w, https:\/\/allenorthodontist.com\/wp-content\/uploads\/2025\/03\/itero_element_5d_screen_capture_9_23_2021_11_43_29_am-300x169.png 300w, https:\/\/allenorthodontist.com\/wp-content\/uploads\/2025\/03\/itero_element_5d_screen_capture_9_23_2021_11_43_29_am-1024x576.png 1024w, https:\/\/allenorthodontist.com\/wp-content\/uploads\/2025\/03\/itero_element_5d_screen_capture_9_23_2021_11_43_29_am-768x432.png 768w, https:\/\/allenorthodontist.com\/wp-content\/uploads\/2025\/03\/itero_element_5d_screen_capture_9_23_2021_11_43_29_am-1536x864.png 1536w\" sizes=\"(max-width: 1920px) 100vw, 1920px\" \/>\t\t\t\t\t\t\t\t\t\t\t\t\t\t\t<\/div>\n\t\t\t\t<\/div>\n\t\t\t\t<\/div>\n\t\t\t\t\t<\/div>\n\t\t\t\t<\/div>\n\t\t\t\t<\/div>\n\t\t","protected":false},"excerpt":{"rendered":"<p>Impresiones dentales digitales avanzadas Captar un modelo preciso de tus dientes es esencial en ortodoncia. Una impresi\u00f3n detallada de tu estructura dental y mordida (oclusi\u00f3n) permite un plan de tratamiento m\u00e1s eficaz. Tradicionalmente, los ortodoncistas utilizaban material de masilla para hacer estas impresiones. Sin embargo, en nuestra consulta utilizamos tecnolog\u00eda punta para mejorar tu experiencia ortod\u00f3ncica, por lo [&hellip;]<\/p>\n","protected":false},"author":2,"featured_media":0,"parent":0,"menu_order":39,"comment_status":"closed","ping_status":"closed","template":"","meta":{"_seopress_robots_primary_cat":"","_seopress_titles_title":"Impresiones dentales digitales en Allen TX","_seopress_titles_desc":"Experimenta las impresiones dentales digitales iTero\u00ae para un tratamiento de ortodoncia preciso, c\u00f3modo y eficaz, con resultados personalizados y precisos para tu sonrisa.","_seopress_robots_index":"","footnotes":""},"class_list":["post-7773","page","type-page","status-publish"],"_links":{"self":[{"href":"https:\/\/allenorthodontist.com\/es\/wp-json\/wp\/v2\/pages\/7773","targetHints":{"allow":["GET"]}}],"collection":[{"href":"https:\/\/allenorthodontist.com\/es\/wp-json\/wp\/v2\/pages"}],"about":[{"href":"https:\/\/allenorthodontist.com\/es\/wp-json\/wp\/v2\/types\/page"}],"author":[{"embeddable":true,"href":"https:\/\/allenorthodontist.com\/es\/wp-json\/wp\/v2\/users\/2"}],"replies":[{"embeddable":true,"href":"https:\/\/allenorthodontist.com\/es\/wp-json\/wp\/v2\/comments?post=7773"}],"version-history":[{"count":3,"href":"https:\/\/allenorthodontist.com\/es\/wp-json\/wp\/v2\/pages\/7773\/revisions"}],"predecessor-version":[{"id":8190,"href":"https:\/\/allenorthodontist.com\/es\/wp-json\/wp\/v2\/pages\/7773\/revisions\/8190"}],"wp:attachment":[{"href":"https:\/\/allenorthodontist.com\/es\/wp-json\/wp\/v2\/media?parent=7773"}],"curies":[{"name":"wp","href":"https:\/\/api.w.org\/{rel}","templated":true}]}}