{"id":7775,"date":"2022-11-23T19:22:03","date_gmt":"2022-11-23T19:22:03","guid":{"rendered":"https:\/\/allenorthodontist.com\/ortodoncia-quirurgica\/"},"modified":"2025-03-26T19:52:38","modified_gmt":"2025-03-26T19:52:38","slug":"ortodoncia-quirurgica","status":"publish","type":"page","link":"https:\/\/allenorthodontist.com\/es\/ortodoncia-quirurgica\/","title":{"rendered":"Ortodoncia quir\u00fargica"},"content":{"rendered":"\t\t<div data-elementor-type=\"wp-page\" data-elementor-id=\"7775\" class=\"elementor elementor-7775 elementor-3628\" data-elementor-post-type=\"page\">\n\t\t\t\t\t\t<section data-particle_enable=\"false\" data-particle-mobile-disabled=\"false\" class=\"elementor-section elementor-top-section elementor-element elementor-element-e0a9612 elementor-section-boxed elementor-section-height-default elementor-section-height-default\" data-id=\"e0a9612\" data-element_type=\"section\" data-e-type=\"section\">\n\t\t\t\t\t\t<div class=\"elementor-container elementor-column-gap-default\">\n\t\t\t\t\t<div class=\"elementor-column elementor-col-100 elementor-top-column elementor-element elementor-element-fc62694\" data-id=\"fc62694\" data-element_type=\"column\" data-e-type=\"column\">\n\t\t\t<div class=\"elementor-widget-wrap elementor-element-populated\">\n\t\t\t\t\t\t<div class=\"elementor-element elementor-element-67cdef0 elementor-widget elementor-widget-heading\" data-id=\"67cdef0\" data-element_type=\"widget\" data-e-type=\"widget\" data-widget_type=\"heading.default\">\n\t\t\t\t<div class=\"elementor-widget-container\">\n\t\t\t\t\t<h1 class=\"elementor-heading-title elementor-size-default\">Ortodoncia quir\u00fargica para transformar tu sonrisa<\/h1>\t\t\t\t<\/div>\n\t\t\t\t<\/div>\n\t\t\t\t<div class=\"elementor-element elementor-element-95d77a4 elementor-widget elementor-widget-text-editor\" data-id=\"95d77a4\" data-element_type=\"widget\" data-e-type=\"widget\" data-widget_type=\"text-editor.default\">\n\t\t\t\t<div class=\"elementor-widget-container\">\n\t\t\t\t\t\t\t\t\t<header class=\"entry-header\"><p data-start=\"211\" data-end=\"821\">La ortodoncia quir\u00fargica, tambi\u00e9n conocida como cirug\u00eda ortogn\u00e1tica, es un tratamiento especializado que corrige la alineaci\u00f3n de la mand\u00edbula y los trastornos de la mordida. Este procedimiento, realizado junto con el tratamiento de ortodoncia, no s\u00f3lo mejora el aspecto facial, sino que tambi\u00e9n mejora el habla, la masticaci\u00f3n y la respiraci\u00f3n. <\/p><p data-start=\"211\" data-end=\"821\">Es ideal para pacientes adultos y adolescentes con graves problemas de mordida y discrepancias esquel\u00e9ticas que han alcanzado la plena madurez f\u00edsica. En los adolescentes, puede ser necesario retrasar la cirug\u00eda ortogn\u00e1tica hasta que se complete el crecimiento. Los adultos sin crecimiento son los principales candidatos a este tratamiento, pues el crecimiento de la mand\u00edbula ya ha cesado.  <\/p><h2 data-start=\"823\" data-end=\"870\">\u00bfQui\u00e9n puede beneficiarse de la ortodoncia quir\u00fargica?<\/h2><p data-start=\"872\" data-end=\"1314\">La ortodoncia quir\u00fargica se adapta mejor a las personas con problemas graves de mordida o problemas est\u00e9ticos faciales. Este tratamiento est\u00e1 dise\u00f1ado para quienes han completado el crecimiento de la mand\u00edbula -normalmente a los 17 a\u00f1os las mujeres y a los 20 los hombres-, pero puede realizarse antes en los casos que requieran un tratamiento ortod\u00f3ncico prequir\u00fargico. En algunos casos, <a href=\"https:\/\/allenorthodontist.com\/es\/tipos-de-ortodoncia\/\">los aparatos<\/a> por s\u00ed solos pueden empeorar la mordida, por lo que es necesario recurrir a la cirug\u00eda ortogn\u00e1tica para alinear adecuadamente la mand\u00edbula y los dientes.  <\/p><h2 data-start=\"1316\" data-end=\"1351\">C\u00f3mo funciona la ortodoncia quir\u00fargica<\/h2><p data-start=\"1353\" data-end=\"1651\">La cirug\u00eda ortogn\u00e1tica consiste en colocar los maxilares en la posici\u00f3n correcta para que los dientes encajen correctamente. Un cirujano oral y maxilofacial realiza esta cirug\u00eda y la planifica junto con el ortodoncista. Seg\u00fan las necesidades del paciente, la intervenci\u00f3n puede durar varias horas.  <\/p><ul data-start=\"1653\" data-end=\"2092\"><li data-start=\"1653\" data-end=\"1796\"><strong data-start=\"1655\" data-end=\"1677\">Cirug\u00eda del maxilar inferior:<\/strong> La mand\u00edbula se separa por detr\u00e1s de los dientes, y la parte que soporta los dientes se ajusta hacia delante o hacia atr\u00e1s seg\u00fan sea necesario.<\/li><li data-start=\"1797\" data-end=\"1962\"><strong data-start=\"1799\" data-end=\"1821\">Cirug\u00eda del maxilar superior:<\/strong> El maxilar superior puede elevarse, bajarse o reposicionarse. En algunos casos, pueden a\u00f1adirse o quitarse huesos para mejorar la estabilidad y la alineaci\u00f3n. <\/li><li data-start=\"1963\" data-end=\"2092\"><strong data-start=\"1965\" data-end=\"1993\">Ajustes de los Huesos Faciales:<\/strong> Tambi\u00e9n pueden reposicionarse otros huesos faciales para garantizar una alineaci\u00f3n y unos resultados est\u00e9ticos \u00f3ptimos.<\/li><\/ul><h2 data-start=\"2094\" data-end=\"2134\">Recuperaci\u00f3n despu\u00e9s del proceso<\/h2><p data-start=\"2136\" data-end=\"2530\">La recuperaci\u00f3n comienza con un periodo inicial de unas dos a cuatro semanas, tras el cual la mayor\u00eda de los pacientes pueden reanudar sus actividades normales. La curaci\u00f3n completa suele tardar entre cuatro y ocho semanas. En el postoperatorio son frecuentes los ajustes ortod\u00f3ncicos, y los aparatos suelen retirarse entre 6 y 12 meses despu\u00e9s de la intervenci\u00f3n. Para mantener la alineaci\u00f3n corregida de los dientes, se necesitar\u00e1 un retenedor despu\u00e9s de retirar los aparatos.   <\/p><p data-start=\"2532\" data-end=\"2744\"><a href=\"https:\/\/allenorthodontist.com\/orthodontist-mojdehi-barnes\/\">La Dra. Maryam Mojdehi-Barnes<\/a> te guiar\u00e1 a trav\u00e9s de todas las opciones de tratamiento quir\u00fargico y no quir\u00fargico, proporcion\u00e1ndote informaci\u00f3n detallada sobre cada una de ellas para que puedas tomar una decisi\u00f3n informada sobre el mejor plan de tratamiento para tus necesidades.<\/p><div class=\"flex max-w-full flex-col flex-grow\"><div class=\"min-h-8 text-message flex w-full flex-col items-end gap-2 whitespace-normal break-words text-start [.text-message+&amp;]:mt-5\" dir=\"auto\" data-message-author-role=\"assistant\" data-message-id=\"d4244a4b-23a7-4287-bbcb-dcc057a4a0cf\" data-message-model-slug=\"gpt-4o-mini\"><div class=\"flex w-full flex-col gap-1 empty:hidden first:pt-[3px]\"><div class=\"markdown prose w-full break-words dark:prose-invert light\"><h2 data-start=\"40\" data-end=\"88\">Da el primer paso hacia una sonrisa segura<\/h2><p data-start=\"90\" data-end=\"408\" data-is-last-node=\"\"><a href=\"https:\/\/allenorthodontist.com\/es\/oficina-de-allen\/\">Ponte en contacto con nuestra consulta<\/a> para obtener m\u00e1s informaci\u00f3n sobre nuestro proceso de ortodoncia quir\u00fargica y <a href=\"https:\/\/allenorthodontist.com\/es\/solicitud-de-cita\/\">programar una consulta<\/a>. Nuestro equipo se dedica a ayudarte a conseguir la sonrisa sana y segura que te mereces. D\u00e9janos guiarte a trav\u00e9s del proceso y garantizar los mejores resultados posibles para tu sonrisa y tu bienestar general.  <\/p><\/div><\/div><\/div><\/div><\/header>\t\t\t\t\t\t\t\t<\/div>\n\t\t\t\t<\/div>\n\t\t\t\t\t<\/div>\n\t\t<\/div>\n\t\t\t\t\t<\/div>\n\t\t<\/section>\n\t\t\t\t<\/div>\n\t\t","protected":false},"excerpt":{"rendered":"<p>Ortodoncia quir\u00fargica para transformar tu sonrisa La ortodoncia quir\u00fargica, tambi\u00e9n conocida como cirug\u00eda ortogn\u00e1tica, es un tratamiento especializado que corrige la alineaci\u00f3n de la mand\u00edbula y los trastornos de la mordida. Este procedimiento, realizado junto con el tratamiento de ortodoncia, no s\u00f3lo mejora el aspecto facial, sino que tambi\u00e9n mejora el habla, la masticaci\u00f3n y la respiraci\u00f3n. Es [&hellip;]<\/p>\n","protected":false},"author":2,"featured_media":0,"parent":0,"menu_order":50,"comment_status":"closed","ping_status":"closed","template":"","meta":{"_seopress_robots_primary_cat":"","_seopress_titles_title":"Ortodoncia quir\u00fargica en Allen TX | Ortodoncista Allen","_seopress_titles_desc":"Transforma tu sonrisa con ortodoncia quir\u00fargica (cirug\u00eda ortogn\u00e1tica) para corregir la alineaci\u00f3n de la mand\u00edbula y los problemas de mordida y mejorar la funci\u00f3n y el aspecto.","_seopress_robots_index":"","footnotes":""},"class_list":["post-7775","page","type-page","status-publish"],"_links":{"self":[{"href":"https:\/\/allenorthodontist.com\/es\/wp-json\/wp\/v2\/pages\/7775","targetHints":{"allow":["GET"]}}],"collection":[{"href":"https:\/\/allenorthodontist.com\/es\/wp-json\/wp\/v2\/pages"}],"about":[{"href":"https:\/\/allenorthodontist.com\/es\/wp-json\/wp\/v2\/types\/page"}],"author":[{"embeddable":true,"href":"https:\/\/allenorthodontist.com\/es\/wp-json\/wp\/v2\/users\/2"}],"replies":[{"embeddable":true,"href":"https:\/\/allenorthodontist.com\/es\/wp-json\/wp\/v2\/comments?post=7775"}],"version-history":[{"count":2,"href":"https:\/\/allenorthodontist.com\/es\/wp-json\/wp\/v2\/pages\/7775\/revisions"}],"predecessor-version":[{"id":8194,"href":"https:\/\/allenorthodontist.com\/es\/wp-json\/wp\/v2\/pages\/7775\/revisions\/8194"}],"wp:attachment":[{"href":"https:\/\/allenorthodontist.com\/es\/wp-json\/wp\/v2\/media?parent=7775"}],"curies":[{"name":"wp","href":"https:\/\/api.w.org\/{rel}","templated":true}]}}