{"id":7777,"date":"2022-07-19T14:34:29","date_gmt":"2022-07-19T14:34:29","guid":{"rendered":"https:\/\/allenorthodontist.com\/ortodoncia-lightforce\/"},"modified":"2025-03-28T01:29:03","modified_gmt":"2025-03-28T01:29:03","slug":"ortodoncia-lightforce","status":"publish","type":"page","link":"https:\/\/allenorthodontist.com\/es\/ortodoncia-lightforce\/","title":{"rendered":"Ortodoncia LightForce"},"content":{"rendered":"\t\t<div data-elementor-type=\"wp-page\" data-elementor-id=\"7777\" class=\"elementor elementor-7777\" data-elementor-post-type=\"page\">\n\t\t\t\t\t\t<section data-particle_enable=\"false\" data-particle-mobile-disabled=\"false\" class=\"elementor-section elementor-top-section elementor-element elementor-element-51624a9 elementor-section-boxed elementor-section-height-default elementor-section-height-default\" data-id=\"51624a9\" data-element_type=\"section\" data-e-type=\"section\">\n\t\t\t\t\t\t<div class=\"elementor-container elementor-column-gap-default\">\n\t\t\t\t\t<div class=\"elementor-column elementor-col-100 elementor-top-column elementor-element elementor-element-e485a9b\" data-id=\"e485a9b\" data-element_type=\"column\" data-e-type=\"column\">\n\t\t\t<div class=\"elementor-widget-wrap elementor-element-populated\">\n\t\t\t\t\t\t<div class=\"elementor-element elementor-element-483eb1f elementor-widget elementor-widget-text-editor\" data-id=\"483eb1f\" data-element_type=\"widget\" data-e-type=\"widget\" data-widget_type=\"text-editor.default\">\n\t\t\t\t<div class=\"elementor-widget-container\">\n\t\t\t\t\t\t\t\t\t<p>En  <strong>[Practice Name]<\/strong>adoptamos las nuevas tecnolog\u00edas Reconocemos que no hay dos sonrisas id\u00e9nticas y que crear un plan de tratamiento personalizado para ayudarte a conseguir tus necesidades ortod\u00f3ncicas \u00fanicas tiene un valor incre\u00edble. <\/p><p>Estamos orgullosos y entusiasmados de contar con \u00abOrtodoncia LightForce\u00bb como una de nuestras opciones de tratamiento. Desde el escaneado del diente hasta la producci\u00f3n, \u00a1LightForce es el primer sistema verdaderamente digital para ortodoncia! <\/p><h2>\u00bfQu\u00e9 es la ortodoncia LightForce?<\/h2><p>Este revolucionario programa utiliza tecnolog\u00eda de impresi\u00f3n 3D que  <strong>[Dr Full Name]<\/strong>  utiliza para crear brackets a medida para los pacientes, con el fin de alcanzar los objetivos de su plan de tratamiento. Est\u00e1n dise\u00f1ados para ajustarse perfectamente a TUS dientes. <\/p><p>Los brackets y las plantillas de adhesi\u00f3n indirecta de LightForce se imprimen en 3D, para garantizar que la precisi\u00f3n de la configuraci\u00f3n digital del caso y el dise\u00f1o del bracket espec\u00edfico para el paciente se realicen plenamente en las aplicaciones reales que se colocar\u00e1n en los dientes del paciente.<\/p>\t\t\t\t\t\t\t\t<\/div>\n\t\t\t\t<\/div>\n\t\t\t\t\t<\/div>\n\t\t<\/div>\n\t\t\t\t\t<\/div>\n\t\t<\/section>\n\t\t\t\t<section data-particle_enable=\"false\" data-particle-mobile-disabled=\"false\" class=\"elementor-section elementor-top-section elementor-element elementor-element-53fe15c elementor-section-boxed elementor-section-height-default elementor-section-height-default\" data-id=\"53fe15c\" data-element_type=\"section\" data-e-type=\"section\">\n\t\t\t\t\t\t<div class=\"elementor-container elementor-column-gap-default\">\n\t\t\t\t\t<div class=\"elementor-column elementor-col-100 elementor-top-column elementor-element elementor-element-ca0daa5\" data-id=\"ca0daa5\" data-element_type=\"column\" data-e-type=\"column\">\n\t\t\t<div class=\"elementor-widget-wrap elementor-element-populated\">\n\t\t\t\t\t\t<div class=\"elementor-element elementor-element-91b569d elementor-widget elementor-widget-heading\" data-id=\"91b569d\" data-element_type=\"widget\" data-e-type=\"widget\" data-widget_type=\"heading.default\">\n\t\t\t\t<div class=\"elementor-widget-container\">\n\t\t\t\t\t<h2 class=\"elementor-heading-title elementor-size-default\">Tiempo de tratamiento un 45% m\u00e1s r\u00e1pido<\/h2>\t\t\t\t<\/div>\n\t\t\t\t<\/div>\n\t\t\t\t\t<\/div>\n\t\t<\/div>\n\t\t\t\t\t<\/div>\n\t\t<\/section>\n\t\t\t\t<section data-particle_enable=\"false\" data-particle-mobile-disabled=\"false\" class=\"elementor-section elementor-top-section elementor-element elementor-element-9c16eb8 elementor-section-boxed elementor-section-height-default elementor-section-height-default\" data-id=\"9c16eb8\" data-element_type=\"section\" data-e-type=\"section\">\n\t\t\t\t\t\t<div class=\"elementor-container elementor-column-gap-default\">\n\t\t\t\t\t<div class=\"elementor-column elementor-col-100 elementor-top-column elementor-element elementor-element-be9be09\" data-id=\"be9be09\" data-element_type=\"column\" data-e-type=\"column\">\n\t\t\t<div class=\"elementor-widget-wrap elementor-element-populated\">\n\t\t\t\t\t\t<div class=\"elementor-element elementor-element-b614246 elementor-widget elementor-widget-text-editor\" data-id=\"b614246\" data-element_type=\"widget\" data-e-type=\"widget\" data-widget_type=\"text-editor.default\">\n\t\t\t\t<div class=\"elementor-widget-container\">\n\t\t\t\t\t\t\t\t\t<h2>Soportes LightForce<\/h2><p>A diferencia de los aparatos tradicionales, que se fabrican con una forma de base fija, LightForce Orthodontics utiliza tecnolog\u00eda de impresi\u00f3n 3D de \u00faltima generaci\u00f3n para crear brackets \u00fanicos para cada paciente.<\/p><ul><li>Los brackets est\u00e1ndar tienen que compensar los desajustes entre la base del bracket y la forma del diente del paciente. Los brackets LightForce pueden adherirse con una capa de cemento uniforme. <\/li><li>Los Brackets LightForce se han dise\u00f1ado pensando en la comodidad del paciente. Los materiales y la base personalizada proporcionan la resistencia necesaria para minimizar el contacto con los tejidos blandos de las enc\u00edas y la boca del paciente. Esto evita irritaciones, problemas periodontales durante el tratamiento y molestias a largo plazo.  <\/li><\/ul>\t\t\t\t\t\t\t\t<\/div>\n\t\t\t\t<\/div>\n\t\t\t\t\t<\/div>\n\t\t<\/div>\n\t\t\t\t\t<\/div>\n\t\t<\/section>\n\t\t\t\t<section data-particle_enable=\"false\" data-particle-mobile-disabled=\"false\" class=\"elementor-section elementor-top-section elementor-element elementor-element-4f14174 elementor-section-boxed elementor-section-height-default elementor-section-height-default\" data-id=\"4f14174\" data-element_type=\"section\" data-e-type=\"section\">\n\t\t\t\t\t\t<div class=\"elementor-container elementor-column-gap-default\">\n\t\t\t\t\t<div class=\"elementor-column elementor-col-100 elementor-top-column elementor-element elementor-element-fa98242\" data-id=\"fa98242\" data-element_type=\"column\" data-e-type=\"column\">\n\t\t\t<div class=\"elementor-widget-wrap elementor-element-populated\">\n\t\t\t\t\t\t<div class=\"elementor-element elementor-element-bdc81c1 elementor-widget elementor-widget-video\" data-id=\"bdc81c1\" data-element_type=\"widget\" data-e-type=\"widget\" data-settings=\"{&quot;youtube_url&quot;:&quot;https:\\\/\\\/youtu.be\\\/E3TIZMOnXWk&quot;,&quot;show_image_overlay&quot;:&quot;yes&quot;,&quot;image_overlay&quot;:{&quot;url&quot;:&quot;https:\\\/\\\/allenorthodontist.com\\\/wp-content\\\/uploads\\\/2023\\\/03\\\/video-cover-lightforce.png&quot;,&quot;id&quot;:3761,&quot;size&quot;:&quot;&quot;,&quot;alt&quot;:&quot;&quot;,&quot;source&quot;:&quot;library&quot;},&quot;video_type&quot;:&quot;youtube&quot;,&quot;controls&quot;:&quot;yes&quot;}\" data-widget_type=\"video.default\">\n\t\t\t\t<div class=\"elementor-widget-container\">\n\t\t\t\t\t\t\t<div class=\"elementor-wrapper elementor-open-inline\">\n\t\t\t<div class=\"elementor-video\"><\/div>\t\t\t\t<div class=\"elementor-custom-embed-image-overlay\" style=\"background-image: url();\">\n\t\t\t\t\t\t\t\t\t\t\t\t\t\t<\/div>\n\t\t\t\t\t<\/div>\n\t\t\t\t\t\t<\/div>\n\t\t\t\t<\/div>\n\t\t\t\t\t<\/div>\n\t\t<\/div>\n\t\t\t\t\t<\/div>\n\t\t<\/section>\n\t\t\t\t<section data-particle_enable=\"false\" data-particle-mobile-disabled=\"false\" class=\"elementor-section elementor-top-section elementor-element elementor-element-27d119d elementor-section-boxed elementor-section-height-default elementor-section-height-default\" data-id=\"27d119d\" data-element_type=\"section\" data-e-type=\"section\">\n\t\t\t\t\t\t<div class=\"elementor-container elementor-column-gap-default\">\n\t\t\t\t\t<div class=\"elementor-column elementor-col-100 elementor-top-column elementor-element elementor-element-975fbd8\" data-id=\"975fbd8\" data-element_type=\"column\" data-e-type=\"column\">\n\t\t\t<div class=\"elementor-widget-wrap elementor-element-populated\">\n\t\t\t\t\t\t<div class=\"elementor-element elementor-element-c66faae elementor-widget elementor-widget-text-editor\" data-id=\"c66faae\" data-element_type=\"widget\" data-e-type=\"widget\" data-widget_type=\"text-editor.default\">\n\t\t\t\t<div class=\"elementor-widget-container\">\n\t\t\t\t\t\t\t\t\t<h2>Software LightForce<\/h2><p>La sencilla e intuitiva interfaz en l\u00ednea de LightForce est\u00e1 dise\u00f1ada para una planificaci\u00f3n r\u00e1pida y eficaz del tratamiento. El dise\u00f1o digital proporciona   <strong>[Dr Name]<\/strong>  con la posibilidad de realizar ajustes precisos directamente en el modelo 3D y visualizar el impacto en la eficacia del tratamiento en tiempo real.<\/p><p>Adem\u00e1s, la plataforma de LightForce permite la entrega r\u00e1pida de los aparatos personalizados del paciente, \u00a1con un plazo de entrega inferior a dos semanas! Con LightForce puedes elegir entre ortodoncia transparente o blanca. Todos los dientes ser\u00e1n de este color excepto los posteriores, por lo que tus aparatos no se notar\u00e1n tanto.  <\/p><p>LightForce Orthodontics est\u00e1 cambiando la cara de la ortodoncia. \u00a1Comprueba c\u00f3mo puede cambiar la sonrisa de tu cara! Contacta con    <strong>[Practice Name]<\/strong>  hoy.<\/p>\t\t\t\t\t\t\t\t<\/div>\n\t\t\t\t<\/div>\n\t\t\t\t\t<\/div>\n\t\t<\/div>\n\t\t\t\t\t<\/div>\n\t\t<\/section>\n\t\t\t\t<\/div>\n\t\t","protected":false},"excerpt":{"rendered":"<p>En [Practice Name]adoptamos las nuevas tecnolog\u00edas Reconocemos que no hay dos sonrisas id\u00e9nticas y que crear un plan de tratamiento personalizado para ayudarte a conseguir tus necesidades ortod\u00f3ncicas \u00fanicas tiene un valor incre\u00edble. Estamos orgullosos y entusiasmados de contar con \u00abOrtodoncia LightForce\u00bb como una de nuestras opciones de tratamiento. Desde el escaneado del diente hasta la producci\u00f3n, \u00a1LightForce [&hellip;]<\/p>\n","protected":false},"author":2,"featured_media":0,"parent":0,"menu_order":82,"comment_status":"closed","ping_status":"closed","template":"","meta":{"_seopress_robots_primary_cat":"","_seopress_titles_title":"","_seopress_titles_desc":"","_seopress_robots_index":"","footnotes":""},"class_list":["post-7777","page","type-page","status-publish"],"_links":{"self":[{"href":"https:\/\/allenorthodontist.com\/es\/wp-json\/wp\/v2\/pages\/7777","targetHints":{"allow":["GET"]}}],"collection":[{"href":"https:\/\/allenorthodontist.com\/es\/wp-json\/wp\/v2\/pages"}],"about":[{"href":"https:\/\/allenorthodontist.com\/es\/wp-json\/wp\/v2\/types\/page"}],"author":[{"embeddable":true,"href":"https:\/\/allenorthodontist.com\/es\/wp-json\/wp\/v2\/users\/2"}],"replies":[{"embeddable":true,"href":"https:\/\/allenorthodontist.com\/es\/wp-json\/wp\/v2\/comments?post=7777"}],"version-history":[{"count":1,"href":"https:\/\/allenorthodontist.com\/es\/wp-json\/wp\/v2\/pages\/7777\/revisions"}],"predecessor-version":[{"id":7778,"href":"https:\/\/allenorthodontist.com\/es\/wp-json\/wp\/v2\/pages\/7777\/revisions\/7778"}],"wp:attachment":[{"href":"https:\/\/allenorthodontist.com\/es\/wp-json\/wp\/v2\/media?parent=7777"}],"curies":[{"name":"wp","href":"https:\/\/api.w.org\/{rel}","templated":true}]}}