{"id":7779,"date":"2022-05-26T14:12:58","date_gmt":"2022-05-26T14:12:58","guid":{"rendered":"https:\/\/allenorthodontist.com\/ortodoncia-en-adolescentes\/"},"modified":"2025-03-26T19:52:38","modified_gmt":"2025-03-26T19:52:38","slug":"ortodoncia-en-adolescentes","status":"publish","type":"page","link":"https:\/\/allenorthodontist.com\/es\/ortodoncia-en-adolescentes\/","title":{"rendered":"Ortodoncia en adolescentes"},"content":{"rendered":"\t\t<div data-elementor-type=\"wp-page\" data-elementor-id=\"7779\" class=\"elementor elementor-7779 elementor-3316\" data-elementor-post-type=\"page\">\n\t\t\t\t\t\t<section data-particle_enable=\"false\" data-particle-mobile-disabled=\"false\" class=\"elementor-section elementor-top-section elementor-element elementor-element-0f6ae11 elementor-section-boxed elementor-section-height-default elementor-section-height-default\" data-id=\"0f6ae11\" data-element_type=\"section\" data-e-type=\"section\">\n\t\t\t\t\t\t<div class=\"elementor-container elementor-column-gap-default\">\n\t\t\t\t\t<div class=\"elementor-column elementor-col-100 elementor-top-column elementor-element elementor-element-c8eb12a\" data-id=\"c8eb12a\" data-element_type=\"column\" data-e-type=\"column\">\n\t\t\t<div class=\"elementor-widget-wrap elementor-element-populated\">\n\t\t\t\t\t\t<div class=\"elementor-element elementor-element-30003bd elementor-widget elementor-widget-heading\" data-id=\"30003bd\" data-element_type=\"widget\" data-e-type=\"widget\" data-widget_type=\"heading.default\">\n\t\t\t\t<div class=\"elementor-widget-container\">\n\t\t\t\t\t<h1 class=\"elementor-heading-title elementor-size-default\">Tratamiento de Ortodoncia para Adolescentes en Allen, TX<\/h1>\t\t\t\t<\/div>\n\t\t\t\t<\/div>\n\t\t\t\t\t<\/div>\n\t\t<\/div>\n\t\t\t\t\t<\/div>\n\t\t<\/section>\n\t\t<div data-particle_enable=\"false\" data-particle-mobile-disabled=\"false\" class=\"elementor-element elementor-element-3065619 e-flex e-con-boxed e-con e-parent\" data-id=\"3065619\" data-element_type=\"container\" data-e-type=\"container\">\n\t\t\t\t\t<div class=\"e-con-inner\">\n\t\t<div data-particle_enable=\"false\" data-particle-mobile-disabled=\"false\" class=\"elementor-element elementor-element-97efe0a e-con-full e-flex e-con e-child\" data-id=\"97efe0a\" data-element_type=\"container\" data-e-type=\"container\">\n\t\t\t\t<div class=\"elementor-element elementor-element-3105067 elementor-widget elementor-widget-text-editor\" data-id=\"3105067\" data-element_type=\"widget\" data-e-type=\"widget\" data-widget_type=\"text-editor.default\">\n\t\t\t\t<div class=\"elementor-widget-container\">\n\t\t\t\t\t\t\t\t\t<p data-start=\"468\" data-end=\"522\">La adolescencia es el momento m\u00e1s habitual e ideal para iniciar un tratamiento de ortodoncia. Alrededor de los 12 a\u00f1os, ya han erupcionado la mayor\u00eda de los dientes permanentes, por lo que es m\u00e1s f\u00e1cil detectar y tratar problemas como dientes torcidos, problemas de espaciado y desalineaci\u00f3n de la mordida. Dado que estos problemas rara vez se resuelven por s\u00ed solos, el tratamiento de ortodoncia puede conducir a una sonrisa m\u00e1s sana y segura.  <\/p>\t\t\t\t\t\t\t\t<\/div>\n\t\t\t\t<\/div>\n\t\t\t\t<\/div>\n\t\t<div data-particle_enable=\"false\" data-particle-mobile-disabled=\"false\" class=\"elementor-element elementor-element-809b16c e-con-full e-flex e-con e-child\" data-id=\"809b16c\" data-element_type=\"container\" data-e-type=\"container\">\n\t\t\t\t<div class=\"elementor-element elementor-element-d504228 elementor-widget elementor-widget-image\" data-id=\"d504228\" data-element_type=\"widget\" data-e-type=\"widget\" data-widget_type=\"image.default\">\n\t\t\t\t<div class=\"elementor-widget-container\">\n\t\t\t\t\t\t\t\t\t\t\t\t\t\t\t<img fetchpriority=\"high\" decoding=\"async\" width=\"314\" height=\"210\" src=\"https:\/\/allenorthodontist.com\/wp-content\/uploads\/2025\/03\/teen-smiling.jpg\" class=\"attachment-2048x2048 size-2048x2048 wp-image-7400\" alt=\"Teen Orthodontic Treatment Allen Orthodontist in Allen, TX\" srcset=\"https:\/\/allenorthodontist.com\/wp-content\/uploads\/2025\/03\/teen-smiling.jpg 314w, https:\/\/allenorthodontist.com\/wp-content\/uploads\/2025\/03\/teen-smiling-300x201.jpg 300w\" sizes=\"(max-width: 314px) 100vw, 314px\" \/>\t\t\t\t\t\t\t\t\t\t\t\t\t\t\t<\/div>\n\t\t\t\t<\/div>\n\t\t\t\t<\/div>\n\t\t\t\t\t<\/div>\n\t\t\t\t<\/div>\n\t\t<div data-particle_enable=\"false\" data-particle-mobile-disabled=\"false\" class=\"elementor-element elementor-element-753a043 e-flex e-con-boxed e-con e-parent\" data-id=\"753a043\" data-element_type=\"container\" data-e-type=\"container\">\n\t\t\t\t\t<div class=\"e-con-inner\">\n\t\t\t\t<div class=\"elementor-element elementor-element-7cdb422 elementor-widget elementor-widget-text-editor\" data-id=\"7cdb422\" data-element_type=\"widget\" data-e-type=\"widget\" data-widget_type=\"text-editor.default\">\n\t\t\t\t<div class=\"elementor-widget-container\">\n\t\t\t\t\t\t\t\t\t<h2 data-start=\"468\" data-end=\"522\">\u00bfPor qu\u00e9 la fase adolescente es ideal para la ortodoncia?<\/h2><p data-start=\"524\" data-end=\"602\">Hay varios factores que hacen que la adolescencia sea el momento perfecto para empezar la ortodoncia:<\/p><ul data-start=\"604\" data-end=\"1259\"><li data-start=\"604\" data-end=\"751\"><strong data-start=\"606\" data-end=\"623\">Apoyo de los compa\u00f1eros:<\/strong> Muchos adolescentes tienen amigos que tambi\u00e9n se someten a un tratamiento de ortodoncia o Invisalign, lo que hace que el proceso parezca m\u00e1s normal y aceptado.<\/li><li data-start=\"752\" data-end=\"909\"><strong data-start=\"754\" data-end=\"780\">Tiempo de tratamiento m\u00e1s r\u00e1pido:<\/strong> El elevado metabolismo de un adolescente puede ayudar a acelerar el movimiento de los dientes, reduciendo potencialmente la duraci\u00f3n total del tratamiento.<\/li><li data-start=\"910\" data-end=\"1082\"><strong data-start=\"912\" data-end=\"945\">Los dientes permanentes est\u00e1n en su sitio:<\/strong> La mayor\u00eda de los adolescentes tienen todos sus dientes adultos, lo que permite a los ortodoncistas corregir eficazmente la desalineaci\u00f3n antes de que se desarrollen completamente sus mand\u00edbulas.<\/li><li data-start=\"1083\" data-end=\"1259\"><strong data-start=\"1085\" data-end=\"1107\">Mejor cumplimiento:<\/strong> Los adolescentes tienden a adaptarse bien al tratamiento, siguiendo las pautas de uso de los alineadores Invisalign, los el\u00e1sticos y los retenedores para conseguir los mejores resultados.<\/li><\/ul><h2 data-start=\"1261\" data-end=\"1298\">Diferentes opciones de tratamiento ortod\u00f3ncico<\/h2><p data-start=\"1300\" data-end=\"1408\">Ofrecemos m\u00faltiples opciones de ortodoncia que se adaptan al estilo de vida de tu hijo adolescente, entre ellas:<\/p><ul data-start=\"1410\" data-end=\"1805\"><li data-start=\"1410\" data-end=\"1525\"><strong data-start=\"1412\" data-end=\"1435\"><a href=\"https:\/\/allenorthodontist.com\/es\/tipos-de-ortodoncia\/\">Ortodoncia tradicional<\/a>:<\/strong> Una soluci\u00f3n fiable y eficaz para corregir problemas de ortodoncia de moderados a graves.<\/li><li data-start=\"1526\" data-end=\"1641\"><strong data-start=\"1528\" data-end=\"1545\"><a href=\"https:\/\/allenorthodontist.com\/es\/tipos-de-ortodoncia\/\">Aparatos transparentes<\/a>:<\/strong> Una alternativa m\u00e1s discreta con brackets del color del diente para un aspecto menos perceptible.<\/li><li data-start=\"1642\" data-end=\"1805\"><strong data-start=\"1644\" data-end=\"1669\"><a href=\"https:\/\/allenorthodontist.com\/es\/invisalign\/\">Invisalign para adolescentes<\/a>:<\/strong> Una opci\u00f3n casi invisible que utiliza <strong data-start=\"1702\" data-end=\"1731\">alineadores transparentes personalizados<\/strong>, perfecta para adolescentes activos que prefieren una alternativa removible a los aparatos de ortodoncia.<\/li><\/ul><h2 data-start=\"1807\" data-end=\"1866\">Qu\u00e9 esperar durante la primera visita de tu hijo adolescente<\/h2><p data-start=\"1868\" data-end=\"2006\">En Allen Orthodontist, ofrecemos una<strong>consulta<\/strong> inicial GRATUITA para evaluar las necesidades de ortodoncia de tu hijo adolescente. Durante esta visita: <\/p><ul><li data-start=\"2008\" data-end=\"2197\">Eval\u00faa sus dientes y la alineaci\u00f3n de su mand\u00edbula.<\/li><li data-start=\"2008\" data-end=\"2197\">Determina el mejor momento para iniciar el tratamiento.<\/li><li data-start=\"2008\" data-end=\"2197\">Discute las opciones de tratamiento personalizado.<\/li><li data-start=\"2008\" data-end=\"2197\">Proporciona una estimaci\u00f3n del <a href=\"https:\/\/allenorthodontist.com\/es\/opciones-de-financiacion\/\">coste del tratamiento<\/a> y el calendario.<\/li><\/ul><h2 data-start=\"2199\" data-end=\"2255\">\u00a1Programa hoy la evaluaci\u00f3n ortod\u00f3ncica de tu hijo adolescente!<\/h2><p data-start=\"2257\" data-end=\"2558\" data-is-last-node=\"\" data-is-only-node=\"\">Regala a tu hijo adolescente una sonrisa sana y segura para toda la vida. <a href=\"https:\/\/allenorthodontist.com\/es\/oficina-de-allen\/\">Ponte en contacto con nuestra consulta<\/a> si tienes alguna duda y <a href=\"https:\/\/allenorthodontist.com\/es\/solicitud-de-cita\/\">programa una consulta gratuita<\/a> con <a href=\"https:\/\/allenorthodontist.com\/orthodontist-mojdehi-barnes\/\">la Dra. Maryam Mojdehi-Barnes<\/a>. Estamos aqu\u00ed para hacer que la experiencia de tu hijo adolescente con la ortodoncia o Invisalign sea c\u00f3moda, positiva y eficaz. <\/p>\t\t\t\t\t\t\t\t<\/div>\n\t\t\t\t<\/div>\n\t\t\t\t\t<\/div>\n\t\t\t\t<\/div>\n\t\t\t\t<\/div>\n\t\t","protected":false},"excerpt":{"rendered":"<p>Tratamiento de Ortodoncia para Adolescentes en Allen, TX La adolescencia es el momento m\u00e1s habitual e ideal para iniciar un tratamiento de ortodoncia. Alrededor de los 12 a\u00f1os, ya han erupcionado la mayor\u00eda de los dientes permanentes, por lo que es m\u00e1s f\u00e1cil detectar y tratar problemas como dientes torcidos, problemas de espaciado y desalineaci\u00f3n de la mordida. [&hellip;]<\/p>\n","protected":false},"author":2,"featured_media":0,"parent":0,"menu_order":46,"comment_status":"closed","ping_status":"closed","template":"","meta":{"_seopress_robots_primary_cat":"","_seopress_titles_title":"Tratamiento de ortodoncia para adolescentes en Allen TX","_seopress_titles_desc":"El tratamiento de ortodoncia para adolescentes ayuda a tratar los dientes torcidos, la desalineaci\u00f3n de la mordida y los problemas de espaciado para conseguir una sonrisa m\u00e1s sana y segura con resultados duraderos.","_seopress_robots_index":"","footnotes":""},"class_list":["post-7779","page","type-page","status-publish"],"_links":{"self":[{"href":"https:\/\/allenorthodontist.com\/es\/wp-json\/wp\/v2\/pages\/7779","targetHints":{"allow":["GET"]}}],"collection":[{"href":"https:\/\/allenorthodontist.com\/es\/wp-json\/wp\/v2\/pages"}],"about":[{"href":"https:\/\/allenorthodontist.com\/es\/wp-json\/wp\/v2\/types\/page"}],"author":[{"embeddable":true,"href":"https:\/\/allenorthodontist.com\/es\/wp-json\/wp\/v2\/users\/2"}],"replies":[{"embeddable":true,"href":"https:\/\/allenorthodontist.com\/es\/wp-json\/wp\/v2\/comments?post=7779"}],"version-history":[{"count":6,"href":"https:\/\/allenorthodontist.com\/es\/wp-json\/wp\/v2\/pages\/7779\/revisions"}],"predecessor-version":[{"id":8193,"href":"https:\/\/allenorthodontist.com\/es\/wp-json\/wp\/v2\/pages\/7779\/revisions\/8193"}],"wp:attachment":[{"href":"https:\/\/allenorthodontist.com\/es\/wp-json\/wp\/v2\/media?parent=7779"}],"curies":[{"name":"wp","href":"https:\/\/api.w.org\/{rel}","templated":true}]}}