{"id":7781,"date":"2017-02-06T01:34:28","date_gmt":"2017-02-06T01:34:28","guid":{"rendered":"https:\/\/allenorthodontist.com\/tipos-de-ortodoncia\/"},"modified":"2025-03-26T22:07:25","modified_gmt":"2025-03-26T22:07:25","slug":"tipos-de-ortodoncia","status":"publish","type":"page","link":"https:\/\/allenorthodontist.com\/es\/tipos-de-ortodoncia\/","title":{"rendered":"Tipos de ortodoncia"},"content":{"rendered":"\t\t<div data-elementor-type=\"wp-page\" data-elementor-id=\"7781\" class=\"elementor elementor-7781 elementor-3074\" data-elementor-post-type=\"page\">\n\t\t\t\t\t\t<section data-particle_enable=\"false\" data-particle-mobile-disabled=\"false\" class=\"elementor-section elementor-top-section elementor-element elementor-element-212dc0f3 elementor-section-boxed elementor-section-height-default elementor-section-height-default\" data-id=\"212dc0f3\" data-element_type=\"section\" data-e-type=\"section\">\n\t\t\t\t\t\t<div class=\"elementor-container elementor-column-gap-default\">\n\t\t\t\t\t<div class=\"elementor-column elementor-col-100 elementor-top-column elementor-element elementor-element-324d6bf2\" data-id=\"324d6bf2\" data-element_type=\"column\" data-e-type=\"column\">\n\t\t\t<div class=\"elementor-widget-wrap elementor-element-populated\">\n\t\t\t\t\t\t<div class=\"elementor-element elementor-element-2efee9e elementor-widget elementor-widget-heading\" data-id=\"2efee9e\" data-element_type=\"widget\" data-e-type=\"widget\" data-widget_type=\"heading.default\">\n\t\t\t\t<div class=\"elementor-widget-container\">\n\t\t\t\t\t<h1 class=\"elementor-heading-title elementor-size-default\">Tipos de ortodoncia en Allen, TX<\/h1>\t\t\t\t<\/div>\n\t\t\t\t<\/div>\n\t\t\t\t<div class=\"elementor-element elementor-element-6d9f97b0 elementor-widget elementor-widget-text-editor\" data-id=\"6d9f97b0\" data-element_type=\"widget\" data-e-type=\"widget\" data-widget_type=\"text-editor.default\">\n\t\t\t\t<div class=\"elementor-widget-container\">\n\t\t\t\t\t\t\t\t\t<p data-start=\"61\" data-end=\"687\">Allen Orthodontist se compromete a ofrecer una amplia gama de soluciones ortod\u00f3ncicas dise\u00f1adas para ayudarte a conseguir una sonrisa m\u00e1s sana y bella. Gracias a los \u00faltimos avances en tecnolog\u00eda ortod\u00f3ncica, ahora ofrecemos distintos tipos de aparatos para adaptarnos a las necesidades \u00fanicas de cada paciente.<\/p><p data-start=\"61\" data-end=\"687\">Nuestro objetivo es asegurarnos de que te sientas seguro durante todo el tratamiento, con una atenci\u00f3n personalizada adaptada a tus necesidades espec\u00edficas. <a href=\"https:\/\/allenorthodontist.com\/orthodontist-mojdehi-barnes\/\">La Dra. Maryam Mojdehi-Barnes<\/a> y el <a href=\"https:\/\/allenorthodontist.com\/es\/nuestro-equipo\/\">equipo<\/a> se toman el tiempo necesario para comprender tus objetivos, ayud\u00e1ndote a tomar decisiones informadas para tu sonrisa. Independientemente de tu edad o de lo que te preocupe de tu sonrisa, estamos aqu\u00ed para apoyarte en cada paso del camino.<\/p>\t\t\t\t\t\t\t\t<\/div>\n\t\t\t\t<\/div>\n\t\t\t\t\t<\/div>\n\t\t<\/div>\n\t\t\t\t\t<\/div>\n\t\t<\/section>\n\t\t\t\t<section data-particle_enable=\"false\" data-particle-mobile-disabled=\"false\" class=\"elementor-section elementor-top-section elementor-element elementor-element-2da03223 elementor-section-boxed elementor-section-height-default elementor-section-height-default\" data-id=\"2da03223\" data-element_type=\"section\" data-e-type=\"section\">\n\t\t\t\t\t\t<div class=\"elementor-container elementor-column-gap-default\">\n\t\t\t\t\t<div class=\"elementor-column elementor-col-50 elementor-top-column elementor-element elementor-element-3c2b9163\" data-id=\"3c2b9163\" data-element_type=\"column\" data-e-type=\"column\">\n\t\t\t<div class=\"elementor-widget-wrap elementor-element-populated\">\n\t\t\t\t\t\t<div class=\"elementor-element elementor-element-39b8c732 elementor-cta--skin-classic elementor-animated-content elementor-bg-transform elementor-bg-transform-zoom-in elementor-widget elementor-widget-call-to-action\" data-id=\"39b8c732\" data-element_type=\"widget\" data-e-type=\"widget\" data-widget_type=\"call-to-action.default\">\n\t\t\t\t<div class=\"elementor-widget-container\">\n\t\t\t\t\t\t\t<div class=\"elementor-cta\">\n\t\t\t\t\t<div class=\"elementor-cta__bg-wrapper\">\n\t\t\t\t<div class=\"elementor-cta__bg elementor-bg\" style=\"background-image: url(https:\/\/allenorthodontist.com\/wp-content\/uploads\/2025\/02\/types-of-braces-metal-braces.jpg);\" role=\"img\" aria-label=\"Metal Braces Allen Orthodontist in Allen, TX\"><\/div>\n\t\t\t\t<div class=\"elementor-cta__bg-overlay\"><\/div>\n\t\t\t<\/div>\n\t\t\t\t\t\t\t<div class=\"elementor-cta__content\">\n\t\t\t\t\n\t\t\t\t\t\t\t\t\t<h2 class=\"elementor-cta__title elementor-cta__content-item elementor-content-item\">\n\t\t\t\t\t\tBrackets met\u00e1licos tradicionales\t\t\t\t\t<\/h2>\n\t\t\t\t\n\t\t\t\t\t\t\t\t\t<div class=\"elementor-cta__description elementor-cta__content-item elementor-content-item\">\n\t\t\t\t\t\tLos aparatos met\u00e1licos tradicionales son una soluci\u00f3n de ortodoncia fiable y eficaz. Construidas con aleaciones met\u00e1licas de alta calidad, son m\u00e1s peque\u00f1as, c\u00f3modas y resistentes que nunca. Adem\u00e1s de su durabilidad, los pacientes pueden personalizar sus aparatos con el\u00e1sticos de colores, lo que los convierte en una forma divertida y personalizada de mejorar la experiencia ortod\u00f3ncica al tiempo que consiguen una bonita sonrisa.\n\n\t\t\t\t\t<\/div>\n\t\t\t\t\n\t\t\t\t\t\t\t<\/div>\n\t\t\t\t\t\t<\/div>\n\t\t\t\t\t\t<\/div>\n\t\t\t\t<\/div>\n\t\t\t\t\t<\/div>\n\t\t<\/div>\n\t\t\t\t<div class=\"elementor-column elementor-col-50 elementor-top-column elementor-element elementor-element-265f431\" data-id=\"265f431\" data-element_type=\"column\" data-e-type=\"column\">\n\t\t\t<div class=\"elementor-widget-wrap elementor-element-populated\">\n\t\t\t\t\t\t<div class=\"elementor-element elementor-element-57cd7e9b elementor-cta--skin-classic elementor-animated-content elementor-bg-transform elementor-bg-transform-zoom-in elementor-widget elementor-widget-call-to-action\" data-id=\"57cd7e9b\" data-element_type=\"widget\" data-e-type=\"widget\" data-widget_type=\"call-to-action.default\">\n\t\t\t\t<div class=\"elementor-widget-container\">\n\t\t\t\t\t\t\t<div class=\"elementor-cta\">\n\t\t\t\t\t<div class=\"elementor-cta__bg-wrapper\">\n\t\t\t\t<div class=\"elementor-cta__bg elementor-bg\" style=\"background-image: url(https:\/\/allenorthodontist.com\/wp-content\/uploads\/2025\/02\/types-of-braces-ceramic-braces.jpg);\" role=\"img\" aria-label=\"Ceramic Braces Allen Orthodontist in Allen, TX\"><\/div>\n\t\t\t\t<div class=\"elementor-cta__bg-overlay\"><\/div>\n\t\t\t<\/div>\n\t\t\t\t\t\t\t<div class=\"elementor-cta__content\">\n\t\t\t\t\n\t\t\t\t\t\t\t\t\t<h2 class=\"elementor-cta__title elementor-cta__content-item elementor-content-item\">\n\t\t\t\t\t\tBrackets cer\u00e1micos transparentes\t\t\t\t\t<\/h2>\n\t\t\t\t\n\t\t\t\t\t\t\t\t\t<div class=\"elementor-cta__description elementor-cta__content-item elementor-content-item\">\n\t\t\t\t\t\tLos aparatos cer\u00e1micos transparentes son una alternativa discreta para quienes desean enderezar sus dientes manteniendo un aspecto m\u00e1s sutil. Con brackets y alambres del color del diente, se funden a la perfecci\u00f3n con tus dientes naturales, lo que los convierte en una opci\u00f3n excelente para las personas que desean un tratamiento eficaz sin llamar la atenci\u00f3n sobre sus aparatos. Los brackets cer\u00e1micos ofrecen una mezcla de est\u00e9tica y rendimiento para tu sonrisa.\n\n\t\t\t\t\t<\/div>\n\t\t\t\t\n\t\t\t\t\t\t\t<\/div>\n\t\t\t\t\t\t<\/div>\n\t\t\t\t\t\t<\/div>\n\t\t\t\t<\/div>\n\t\t\t\t\t<\/div>\n\t\t<\/div>\n\t\t\t\t\t<\/div>\n\t\t<\/section>\n\t\t\t\t<section data-particle_enable=\"false\" data-particle-mobile-disabled=\"false\" class=\"elementor-section elementor-top-section elementor-element elementor-element-3f10e238 elementor-section-boxed elementor-section-height-default elementor-section-height-default\" data-id=\"3f10e238\" data-element_type=\"section\" data-e-type=\"section\">\n\t\t\t\t\t\t<div class=\"elementor-container elementor-column-gap-default\">\n\t\t\t\t\t<div class=\"elementor-column elementor-col-50 elementor-top-column elementor-element elementor-element-5ca76160\" data-id=\"5ca76160\" data-element_type=\"column\" data-e-type=\"column\">\n\t\t\t<div class=\"elementor-widget-wrap elementor-element-populated\">\n\t\t\t\t\t\t<div class=\"elementor-element elementor-element-5552327c elementor-cta--skin-classic elementor-animated-content elementor-bg-transform elementor-bg-transform-zoom-in elementor-widget elementor-widget-call-to-action\" data-id=\"5552327c\" data-element_type=\"widget\" data-e-type=\"widget\" data-widget_type=\"call-to-action.default\">\n\t\t\t\t<div class=\"elementor-widget-container\">\n\t\t\t\t\t\t\t<div class=\"elementor-cta\">\n\t\t\t\t\t<div class=\"elementor-cta__bg-wrapper\">\n\t\t\t\t<div class=\"elementor-cta__bg elementor-bg\" style=\"background-image: url(https:\/\/allenorthodontist.com\/wp-content\/uploads\/2025\/02\/types-of-braces-clear-aligners-2.jpg);\" role=\"img\" aria-label=\"Invisalign Clear Aligners Allen Orthodontist in Allen, TX\"><\/div>\n\t\t\t\t<div class=\"elementor-cta__bg-overlay\"><\/div>\n\t\t\t<\/div>\n\t\t\t\t\t\t\t<div class=\"elementor-cta__content\">\n\t\t\t\t\n\t\t\t\t\t\t\t\t\t<h2 class=\"elementor-cta__title elementor-cta__content-item elementor-content-item\">\n\t\t\t\t\t\tAlineadores transparentes Invisalign\t\t\t\t\t<\/h2>\n\t\t\t\t\n\t\t\t\t\t\t\t\t\t<div class=\"elementor-cta__description elementor-cta__content-item elementor-content-item\">\n\t\t\t\t\t\tInvisalign utiliza una serie de alineadores transparentes y extra\u00edbles para enderezar tus dientes sin necesidad de aparatos tradicionales. Estos alineadores son pr\u00e1cticamente invisibles, por lo que ofrecen una opci\u00f3n de tratamiento discreta y c\u00f3moda. Los alineadores pueden quitarse al comer, beber o cepillarse los dientes, lo que proporciona flexibilidad y comodidad durante todo el tratamiento. Adem\u00e1s, al no tener componentes met\u00e1licos, Invisalign reduce el riesgo de irritaci\u00f3n o abrasiones en la boca.\n\n\t\t\t\t\t<\/div>\n\t\t\t\t\n\t\t\t\t\t\t\t\t\t<div class=\"elementor-cta__button-wrapper elementor-cta__content-item elementor-content-item \">\n\t\t\t\t\t<a class=\"elementor-cta__button elementor-button elementor-size-xs\" href=\"https:\/\/allenorthodontist.com\/es\/invisalign\/\">\n\t\t\t\t\t\tM\u00e1s sobre Invisalign\t\t\t\t\t<\/a>\n\t\t\t\t\t<\/div>\n\t\t\t\t\t\t\t<\/div>\n\t\t\t\t\t\t<\/div>\n\t\t\t\t\t\t<\/div>\n\t\t\t\t<\/div>\n\t\t\t\t\t<\/div>\n\t\t<\/div>\n\t\t\t\t<div class=\"elementor-column elementor-col-50 elementor-top-column elementor-element elementor-element-74085b4\" data-id=\"74085b4\" data-element_type=\"column\" data-e-type=\"column\">\n\t\t\t<div class=\"elementor-widget-wrap\">\n\t\t\t\t\t\t\t<\/div>\n\t\t<\/div>\n\t\t\t\t\t<\/div>\n\t\t<\/section>\n\t\t\t\t<\/div>\n\t\t","protected":false},"excerpt":{"rendered":"<p>Tipos de ortodoncia en Allen, TX Allen Orthodontist se compromete a ofrecer una amplia gama de soluciones ortod\u00f3ncicas dise\u00f1adas para ayudarte a conseguir una sonrisa m\u00e1s sana y bella. Gracias a los \u00faltimos avances en tecnolog\u00eda ortod\u00f3ncica, ahora ofrecemos distintos tipos de aparatos para adaptarnos a las necesidades \u00fanicas de cada paciente. Nuestro objetivo es asegurarnos de que [&hellip;]<\/p>\n","protected":false},"author":2,"featured_media":0,"parent":0,"menu_order":32,"comment_status":"closed","ping_status":"closed","template":"","meta":{"_seopress_robots_primary_cat":"","_seopress_titles_title":"Tipos de ortodoncia en Allen TX | Ortodoncista Allen","_seopress_titles_desc":"El Ortodoncista Allen ofrece distintos tipos de ortodoncia para ayudarte a conseguir una sonrisa m\u00e1s sana y bonita con una atenci\u00f3n personalizada y adaptada a tus necesidades.","_seopress_robots_index":"","footnotes":""},"class_list":["post-7781","page","type-page","status-publish"],"_links":{"self":[{"href":"https:\/\/allenorthodontist.com\/es\/wp-json\/wp\/v2\/pages\/7781","targetHints":{"allow":["GET"]}}],"collection":[{"href":"https:\/\/allenorthodontist.com\/es\/wp-json\/wp\/v2\/pages"}],"about":[{"href":"https:\/\/allenorthodontist.com\/es\/wp-json\/wp\/v2\/types\/page"}],"author":[{"embeddable":true,"href":"https:\/\/allenorthodontist.com\/es\/wp-json\/wp\/v2\/users\/2"}],"replies":[{"embeddable":true,"href":"https:\/\/allenorthodontist.com\/es\/wp-json\/wp\/v2\/comments?post=7781"}],"version-history":[{"count":3,"href":"https:\/\/allenorthodontist.com\/es\/wp-json\/wp\/v2\/pages\/7781\/revisions"}],"predecessor-version":[{"id":8236,"href":"https:\/\/allenorthodontist.com\/es\/wp-json\/wp\/v2\/pages\/7781\/revisions\/8236"}],"wp:attachment":[{"href":"https:\/\/allenorthodontist.com\/es\/wp-json\/wp\/v2\/media?parent=7781"}],"curies":[{"name":"wp","href":"https:\/\/api.w.org\/{rel}","templated":true}]}}